{"id":3611,"date":"2021-07-08T08:35:49","date_gmt":"2021-07-08T08:35:49","guid":{"rendered":"https:\/\/www.epass24.com\/omprovning\/begar-omprovning\/"},"modified":"2025-06-02T14:40:11","modified_gmt":"2025-06-02T14:40:11","slug":"begar-omprovning","status":"publish","type":"page","link":"https:\/\/epass24.com\/sv\/omprovning\/begar-omprovning\/","title":{"rendered":"Beg\u00e4r ompr\u00f6vning"},"content":{"rendered":"\t\t<div data-elementor-type=\"wp-page\" data-elementor-id=\"3611\" class=\"elementor elementor-3611 elementor-3565\">\n\t\t\t\t\t\t\t\t\t<section class=\"elementor-section elementor-top-section elementor-element elementor-element-68e50377 elementor-section-content-middle elementor-section-boxed elementor-section-height-default elementor-section-height-default\" data-id=\"68e50377\" data-element_type=\"section\" id=\"hero\" data-settings=\"{&quot;background_background&quot;:&quot;classic&quot;}\">\n\t\t\t\t\t\t<div class=\"elementor-container elementor-column-gap-default\">\n\t\t\t\t\t<div class=\"elementor-column elementor-col-100 elementor-top-column elementor-element elementor-element-26b419cd hero-wrapper\" data-id=\"26b419cd\" data-element_type=\"column\">\n\t\t\t<div class=\"elementor-widget-wrap elementor-element-populated\">\n\t\t\t\t\t\t\t\t<div class=\"elementor-element elementor-element-1f759e8b elementor-widget elementor-widget-heading\" data-id=\"1f759e8b\" data-element_type=\"widget\" data-widget_type=\"heading.default\">\n\t\t\t\t<div class=\"elementor-widget-container\">\n\t\t\t<h1 class=\"elementor-heading-title elementor-size-default\">Beg\u00e4r ompr\u00f6vning <br><small>hos Skatteverket eller Transportstyrelsen<\/small><\/h1>\t\t<\/div>\n\t\t\t\t<\/div>\n\t\t\t\t\t<\/div>\n\t\t<\/div>\n\t\t\t\t\t\t\t<\/div>\n\t\t<\/section>\n\t\t\t\t<section class=\"elementor-section elementor-top-section elementor-element elementor-element-d6b775d elementor-section-boxed elementor-section-height-default elementor-section-height-default\" data-id=\"d6b775d\" data-element_type=\"section\" data-settings=\"{&quot;background_background&quot;:&quot;classic&quot;}\">\n\t\t\t\t\t\t<div class=\"elementor-container elementor-column-gap-default\">\n\t\t\t\t\t<div class=\"elementor-column elementor-col-100 elementor-top-column elementor-element elementor-element-1877fe90\" data-id=\"1877fe90\" data-element_type=\"column\">\n\t\t\t<div class=\"elementor-widget-wrap elementor-element-populated\">\n\t\t\t\t\t\t\t\t<section class=\"elementor-section elementor-inner-section elementor-element elementor-element-6d057dd3 entry-content elementor-section-boxed elementor-section-height-default elementor-section-height-default\" data-id=\"6d057dd3\" data-element_type=\"section\" data-settings=\"{&quot;background_background&quot;:&quot;classic&quot;}\">\n\t\t\t\t\t\t<div class=\"elementor-container elementor-column-gap-default\">\n\t\t\t\t\t<div class=\"elementor-column elementor-col-100 elementor-inner-column elementor-element elementor-element-44469099\" data-id=\"44469099\" data-element_type=\"column\">\n\t\t\t<div class=\"elementor-widget-wrap elementor-element-populated\">\n\t\t\t\t\t\t\t\t<div class=\"elementor-element elementor-element-72253ba6 elementor-widget elementor-widget-text-editor\" data-id=\"72253ba6\" data-element_type=\"widget\" data-widget_type=\"text-editor.default\">\n\t\t\t\t<div class=\"elementor-widget-container\">\n\t\t\t\t\t\t\t<p>Om du tror att du felaktigt har mottagit ett beslut om Tr\u00e4ngselskatt eller Infrastrukturavgift har du r\u00e4tt till ompr\u00f6vning.<\/p>\n\t\t\t\t\t\t<\/div>\n\t\t\t\t<\/div>\n\t\t\t\t<div class=\"elementor-element elementor-element-72baad28 elementor-widget elementor-widget-text-editor\" data-id=\"72baad28\" data-element_type=\"widget\" data-widget_type=\"text-editor.default\">\n\t\t\t\t<div class=\"elementor-widget-container\">\n\t\t\t\t\t\t\t<p>F\u00f6r tr\u00e4ngselskatter i Stockholm och G\u00f6teborg<\/p>\n<p><a class=\"styled-text\" href=\"https:\/\/transportstyrelsen.se\/en\/road\/road-tolls\/Congestion-taxes-in-Stockholm-and-Goteborg\/\" target=\"_blank\" rel=\"noopener\">Vanliga fr\u00e5gor och svar (l\u00e4s innan du beg\u00e4r ompr\u00f6vning).<\/a><\/p>\n<p><a class=\"styled-text\" href=\"https:\/\/skatteverket.se\/servicelankar\/otherlanguages\/inenglishengelska\/individualsandemployees\/congestiontax\/requestareconsiderationofcongestiontaxoradditionalfee\" target=\"_blank\" rel=\"noopener\">Beg\u00e4r ompr\u00f6vning av beslut om tr\u00e4ngselskatt direkt hos Skatteverket.<\/a><\/p>\n\t\t\t\t\t\t<\/div>\n\t\t\t\t<\/div>\n\t\t\t\t<div class=\"elementor-element elementor-element-47bbfd63 elementor-widget elementor-widget-text-editor\" data-id=\"47bbfd63\" data-element_type=\"widget\" data-widget_type=\"text-editor.default\">\n\t\t\t\t<div class=\"elementor-widget-container\">\n\t\t\t\t\t\t\t<p class=\"styled-text\">F\u00f6r infrastrukturavgifter (broavgifter) i Motala, Skuru och Sundsvall.<\/p>\n<p><a class=\"styled-text\" href=\"https:\/\/www.transportstyrelsen.se\/en\/road\/vehicles\/taxes-and-fees\/road-tolls\/infrastructure-charges\/frequently-asked-questions-about-infrastructure-charge\/appeal\/\" target=\"_blank\" rel=\"noopener\">Vanliga fr\u00e5gor och svar (l\u00e4s innan du beg\u00e4r ompr\u00f6vning).<\/a><\/p>\n<p><a class=\"styled-text\" href=\"https:\/\/www.transportstyrelsen.se\/en\/road\/vehicles\/taxes-and-fees\/road-tolls\/infrastructure-charges\/appeal\/\" target=\"_blank\" rel=\"noopener\">Beg\u00e4r ompr\u00f6vning hos av beslut om infrastrukturavgift direkt hos Transportstyrelsen. <\/a><\/p>\n\t\t\t\t\t\t<\/div>\n\t\t\t\t<\/div>\n\t\t\t\t\t<\/div>\n\t\t<\/div>\n\t\t\t\t\t\t\t<\/div>\n\t\t<\/section>\n\t\t\t\t\t<\/div>\n\t\t<\/div>\n\t\t\t\t\t\t\t<\/div>\n\t\t<\/section>\n\t\t\t\t\t\t\t<\/div>\n\t\t","protected":false},"excerpt":{"rendered":"<p>Beg\u00e4r ompr\u00f6vning hos Skatteverket eller Transportstyrelsen Om du tror att du felaktigt har mottagit ett beslut om Tr\u00e4ngselskatt eller Infrastrukturavgift har du r\u00e4tt till ompr\u00f6vning. F\u00f6r tr\u00e4ngselskatter i Stockholm och G\u00f6teborg Vanliga fr\u00e5gor och svar (l\u00e4s innan du beg\u00e4r ompr\u00f6vning). Beg\u00e4r ompr\u00f6vning av beslut om tr\u00e4ngselskatt direkt hos Skatteverket. F\u00f6r infrastrukturavgifter (broavgifter) i Motala, Skuru [&hellip;]<\/p>\n","protected":false},"author":4,"featured_media":0,"parent":3609,"menu_order":0,"comment_status":"closed","ping_status":"closed","template":"","meta":{"inline_featured_image":false},"acf":[],"_links":{"self":[{"href":"https:\/\/epass24.com\/sv\/wp-json\/wp\/v2\/pages\/3611"}],"collection":[{"href":"https:\/\/epass24.com\/sv\/wp-json\/wp\/v2\/pages"}],"about":[{"href":"https:\/\/epass24.com\/sv\/wp-json\/wp\/v2\/types\/page"}],"author":[{"embeddable":true,"href":"https:\/\/epass24.com\/sv\/wp-json\/wp\/v2\/users\/4"}],"replies":[{"embeddable":true,"href":"https:\/\/epass24.com\/sv\/wp-json\/wp\/v2\/comments?post=3611"}],"version-history":[{"count":16,"href":"https:\/\/epass24.com\/sv\/wp-json\/wp\/v2\/pages\/3611\/revisions"}],"predecessor-version":[{"id":7028,"href":"https:\/\/epass24.com\/sv\/wp-json\/wp\/v2\/pages\/3611\/revisions\/7028"}],"up":[{"embeddable":true,"href":"https:\/\/epass24.com\/sv\/wp-json\/wp\/v2\/pages\/3609"}],"wp:attachment":[{"href":"https:\/\/epass24.com\/sv\/wp-json\/wp\/v2\/media?parent=3611"}],"curies":[{"name":"wp","href":"https:\/\/api.w.org\/{rel}","templated":true}]}}