{"id":3609,"date":"2021-07-08T08:15:44","date_gmt":"2021-07-08T08:15:44","guid":{"rendered":"https:\/\/www.epass24.com\/omprovning\/"},"modified":"2022-09-19T15:31:01","modified_gmt":"2022-09-19T15:31:01","slug":"omprovning","status":"publish","type":"page","link":"https:\/\/epass24.com\/sv\/omprovning\/","title":{"rendered":"Ompr\u00f6vning"},"content":{"rendered":"\t\t<div data-elementor-type=\"wp-page\" data-elementor-id=\"3609\" class=\"elementor elementor-3609 elementor-3447\">\n\t\t\t\t\t\t\t\t\t<section class=\"elementor-section elementor-top-section elementor-element elementor-element-5f957791 elementor-section-content-middle elementor-section-boxed elementor-section-height-default elementor-section-height-default\" data-id=\"5f957791\" data-element_type=\"section\" id=\"hero\" data-settings=\"{&quot;background_background&quot;:&quot;classic&quot;}\">\n\t\t\t\t\t\t<div class=\"elementor-container elementor-column-gap-default\">\n\t\t\t\t\t<div class=\"elementor-column elementor-col-100 elementor-top-column elementor-element elementor-element-6fc5cf25 hero-wrapper\" data-id=\"6fc5cf25\" data-element_type=\"column\">\n\t\t\t<div class=\"elementor-widget-wrap elementor-element-populated\">\n\t\t\t\t\t\t\t\t<div class=\"elementor-element elementor-element-4d27bcbf elementor-widget elementor-widget-heading\" data-id=\"4d27bcbf\" data-element_type=\"widget\" data-widget_type=\"heading.default\">\n\t\t\t\t<div class=\"elementor-widget-container\">\n\t\t\t<h1 class=\"elementor-heading-title elementor-size-default\">Beg\u00e4r ompr\u00f6vning och manuell kontroll<\/h1>\t\t<\/div>\n\t\t\t\t<\/div>\n\t\t\t\t\t<\/div>\n\t\t<\/div>\n\t\t\t\t\t\t\t<\/div>\n\t\t<\/section>\n\t\t\t\t<section class=\"elementor-section elementor-top-section elementor-element elementor-element-6eb94052 elementor-section-boxed elementor-section-height-default elementor-section-height-default\" data-id=\"6eb94052\" data-element_type=\"section\" data-settings=\"{&quot;background_background&quot;:&quot;classic&quot;}\">\n\t\t\t\t\t\t<div class=\"elementor-container elementor-column-gap-default\">\n\t\t\t\t\t<div class=\"elementor-column elementor-col-50 elementor-top-column elementor-element elementor-element-43d57e2 inner\" data-id=\"43d57e2\" data-element_type=\"column\">\n\t\t\t<div class=\"elementor-widget-wrap elementor-element-populated\">\n\t\t\t\t\t\t\t\t<div class=\"elementor-element elementor-element-294094e3 elementor-widget elementor-widget-heading\" data-id=\"294094e3\" data-element_type=\"widget\" data-widget_type=\"heading.default\">\n\t\t\t\t<div class=\"elementor-widget-container\">\n\t\t\t<h2 class=\"elementor-heading-title elementor-size-xl\">Svenska v\u00e4gavgifter<\/h2>\t\t<\/div>\n\t\t\t\t<\/div>\n\t\t\t\t<div class=\"elementor-element elementor-element-5f7419a7 elementor-widget elementor-widget-text-editor\" data-id=\"5f7419a7\" data-element_type=\"widget\" data-widget_type=\"text-editor.default\">\n\t\t\t\t<div class=\"elementor-widget-container\">\n\t\t\t\t\t\t\t<p>Om du har mottagit v\u00e4gavgift f\u00f6r <strong>v\u00e4ganv\u00e4ndning i Sverige<\/strong> och anser att dessa \u00e4r felaktiga.<\/p>\n\t\t\t\t\t\t<\/div>\n\t\t\t\t<\/div>\n\t\t\t\t<div class=\"elementor-element elementor-element-7a3813b bottom elementor-widget elementor-widget-text-editor\" data-id=\"7a3813b\" data-element_type=\"widget\" data-widget_type=\"text-editor.default\">\n\t\t\t\t<div class=\"elementor-widget-container\">\n\t\t\t\t\t\t\t<p><a class=\"btn btn-primary\" title=\"Klicka h\u00e4r\" href=\"https:\/\/www.epass24.com\/sv\/omprovning\/begar-omprovning\/\" data-wplink-edit=\"true\">Klicka h\u00e4r<\/a><\/p>\n\t\t\t\t\t\t<\/div>\n\t\t\t\t<\/div>\n\t\t\t\t\t<\/div>\n\t\t<\/div>\n\t\t\t\t<div class=\"elementor-column elementor-col-50 elementor-top-column elementor-element elementor-element-1a5df1c inner\" data-id=\"1a5df1c\" data-element_type=\"column\">\n\t\t\t<div class=\"elementor-widget-wrap elementor-element-populated\">\n\t\t\t\t\t\t\t\t<div class=\"elementor-element elementor-element-306f2c41 elementor-widget elementor-widget-heading\" data-id=\"306f2c41\" data-element_type=\"widget\" data-widget_type=\"heading.default\">\n\t\t\t\t<div class=\"elementor-widget-container\">\n\t\t\t<h2 class=\"elementor-heading-title elementor-size-xl\">Norska v\u00e4gavgifter<\/h2>\t\t<\/div>\n\t\t\t\t<\/div>\n\t\t\t\t<div class=\"elementor-element elementor-element-2543ce1 elementor-widget elementor-widget-text-editor\" data-id=\"2543ce1\" data-element_type=\"widget\" data-widget_type=\"text-editor.default\">\n\t\t\t\t<div class=\"elementor-widget-container\">\n\t\t\t\t\t\t\t<p>Om du har mottagit v\u00e4gavgift f\u00f6r <strong>v\u00e4ganv\u00e4ndning i Norge <\/strong>och anser att dessa \u00e4r felaktiga.<\/p>\n\t\t\t\t\t\t<\/div>\n\t\t\t\t<\/div>\n\t\t\t\t<div class=\"elementor-element elementor-element-3471a913 bottom elementor-widget elementor-widget-text-editor\" data-id=\"3471a913\" data-element_type=\"widget\" data-widget_type=\"text-editor.default\">\n\t\t\t\t<div class=\"elementor-widget-container\">\n\t\t\t\t\t\t\t<p><a class=\"btn btn-primary\" title=\"Klicka h\u00e4r\" href=\"https:\/\/account.epass24.com\/sv\/rep\/step1\" target=\"_blank\" rel=\"nofollow noopener noreferrer\">Klicka h\u00e4r<\/a><\/p>\n\t\t\t\t\t\t<\/div>\n\t\t\t\t<\/div>\n\t\t\t\t\t<\/div>\n\t\t<\/div>\n\t\t\t\t\t\t\t<\/div>\n\t\t<\/section>\n\t\t\t\t<section class=\"elementor-section elementor-top-section elementor-element elementor-element-a60543c elementor-section-boxed elementor-section-height-default elementor-section-height-default\" data-id=\"a60543c\" data-element_type=\"section\" data-settings=\"{&quot;background_background&quot;:&quot;classic&quot;}\">\n\t\t\t\t\t\t<div class=\"elementor-container elementor-column-gap-default\">\n\t\t\t\t\t<div class=\"elementor-column elementor-col-50 elementor-top-column elementor-element elementor-element-bbf51d4 inner\" data-id=\"bbf51d4\" data-element_type=\"column\">\n\t\t\t<div class=\"elementor-widget-wrap elementor-element-populated\">\n\t\t\t\t\t\t\t\t<div class=\"elementor-element elementor-element-769ef8a elementor-widget elementor-widget-heading\" data-id=\"769ef8a\" data-element_type=\"widget\" data-widget_type=\"heading.default\">\n\t\t\t\t<div class=\"elementor-widget-container\">\n\t\t\t<h2 class=\"elementor-heading-title elementor-size-xl\">Franska v\u00e4gavgifter<\/h2>\t\t<\/div>\n\t\t\t\t<\/div>\n\t\t\t\t<div class=\"elementor-element elementor-element-70066b6 elementor-widget elementor-widget-text-editor\" data-id=\"70066b6\" data-element_type=\"widget\" data-widget_type=\"text-editor.default\">\n\t\t\t\t<div class=\"elementor-widget-container\">\n\t\t\t\t\t\t\t<p>Om du har mottagit v\u00e4gavgift f\u00f6r <strong>v\u00e4ganv\u00e4ndning i Frankrike<\/strong> och anser att dessa \u00e4r felaktiga.<\/p>\n\t\t\t\t\t\t<\/div>\n\t\t\t\t<\/div>\n\t\t\t\t<div class=\"elementor-element elementor-element-cbe1785 bottom elementor-widget elementor-widget-text-editor\" data-id=\"cbe1785\" data-element_type=\"widget\" data-widget_type=\"text-editor.default\">\n\t\t\t\t<div class=\"elementor-widget-container\">\n\t\t\t\t\t\t\t<p><a class=\"btn btn-primary\" title=\"Read More\" href=\"https:\/\/account.epass24.com\/sv\/rep\/step1\">Klicka h\u00e4r<\/a><\/p>\n\t\t\t\t\t\t<\/div>\n\t\t\t\t<\/div>\n\t\t\t\t\t<\/div>\n\t\t<\/div>\n\t\t\t\t<div class=\"elementor-column elementor-col-50 elementor-top-column elementor-element elementor-element-4c7b282 inner\" data-id=\"4c7b282\" data-element_type=\"column\">\n\t\t\t<div class=\"elementor-widget-wrap elementor-element-populated\">\n\t\t\t\t\t\t\t\t<div class=\"elementor-element elementor-element-7d88f16 elementor-widget elementor-widget-heading\" data-id=\"7d88f16\" data-element_type=\"widget\" data-widget_type=\"heading.default\">\n\t\t\t\t<div class=\"elementor-widget-container\">\n\t\t\t<h2 class=\"elementor-heading-title elementor-size-xl\">Portugisiska v\u00e4gavgifter<\/h2>\t\t<\/div>\n\t\t\t\t<\/div>\n\t\t\t\t<div class=\"elementor-element elementor-element-42d5b40 elementor-widget elementor-widget-text-editor\" data-id=\"42d5b40\" data-element_type=\"widget\" data-widget_type=\"text-editor.default\">\n\t\t\t\t<div class=\"elementor-widget-container\">\n\t\t\t\t\t\t\t<p>Om du har mottagit v\u00e4gavgift f\u00f6r <strong>v\u00e4ganv\u00e4ndning i Portugal<\/strong> och anser att dessa \u00e4r felaktiga.<\/p>\n\t\t\t\t\t\t<\/div>\n\t\t\t\t<\/div>\n\t\t\t\t<div class=\"elementor-element elementor-element-7f85022 bottom elementor-widget elementor-widget-text-editor\" data-id=\"7f85022\" data-element_type=\"widget\" data-widget_type=\"text-editor.default\">\n\t\t\t\t<div class=\"elementor-widget-container\">\n\t\t\t\t\t\t\t<p><a class=\"btn btn-primary\" title=\"Read More\" href=\"https:\/\/account.epass24.com\/sv\/rep\/step1\" target=\"_blank\" rel=\"nofollow noopener noreferrer\">Klicka h\u00e4r<\/a><\/p>\n\t\t\t\t\t\t<\/div>\n\t\t\t\t<\/div>\n\t\t\t\t\t<\/div>\n\t\t<\/div>\n\t\t\t\t\t\t\t<\/div>\n\t\t<\/section>\n\t\t\t\t\t\t\t<\/div>\n\t\t","protected":false},"excerpt":{"rendered":"<p>Beg\u00e4r ompr\u00f6vning och manuell kontroll Svenska v\u00e4gavgifter Om du har mottagit v\u00e4gavgift f\u00f6r v\u00e4ganv\u00e4ndning i Sverige och anser att dessa \u00e4r felaktiga. Klicka h\u00e4r Norska v\u00e4gavgifter Om du har mottagit v\u00e4gavgift f\u00f6r v\u00e4ganv\u00e4ndning i Norge och anser att dessa \u00e4r felaktiga. Klicka h\u00e4r Franska v\u00e4gavgifter Om du har mottagit v\u00e4gavgift f\u00f6r v\u00e4ganv\u00e4ndning i Frankrike och [&hellip;]<\/p>\n","protected":false},"author":4,"featured_media":0,"parent":0,"menu_order":0,"comment_status":"closed","ping_status":"closed","template":"","meta":{"inline_featured_image":false},"acf":[],"_links":{"self":[{"href":"https:\/\/epass24.com\/sv\/wp-json\/wp\/v2\/pages\/3609"}],"collection":[{"href":"https:\/\/epass24.com\/sv\/wp-json\/wp\/v2\/pages"}],"about":[{"href":"https:\/\/epass24.com\/sv\/wp-json\/wp\/v2\/types\/page"}],"author":[{"embeddable":true,"href":"https:\/\/epass24.com\/sv\/wp-json\/wp\/v2\/users\/4"}],"replies":[{"embeddable":true,"href":"https:\/\/epass24.com\/sv\/wp-json\/wp\/v2\/comments?post=3609"}],"version-history":[{"count":10,"href":"https:\/\/epass24.com\/sv\/wp-json\/wp\/v2\/pages\/3609\/revisions"}],"predecessor-version":[{"id":5128,"href":"https:\/\/epass24.com\/sv\/wp-json\/wp\/v2\/pages\/3609\/revisions\/5128"}],"wp:attachment":[{"href":"https:\/\/epass24.com\/sv\/wp-json\/wp\/v2\/media?parent=3609"}],"curies":[{"name":"wp","href":"https:\/\/api.w.org\/{rel}","templated":true}]}}