{"id":2319,"date":"2021-04-15T12:28:42","date_gmt":"2021-04-15T12:28:42","guid":{"rendered":"http:\/\/epass24.uncleserj.com\/vagoperatorerna\/"},"modified":"2023-11-06T09:30:47","modified_gmt":"2023-11-06T09:30:47","slug":"operatorer","status":"publish","type":"page","link":"https:\/\/epass24.com\/sv\/operatorer\/","title":{"rendered":"OPERAT\u00d6RER"},"content":{"rendered":"\t\t<div data-elementor-type=\"wp-page\" data-elementor-id=\"2319\" class=\"elementor elementor-2319 elementor-605\">\n\t\t\t\t\t\t\t\t\t<section class=\"elementor-section elementor-top-section elementor-element elementor-element-117baab8 elementor-section-content-middle elementor-section-boxed elementor-section-height-default elementor-section-height-default\" data-id=\"117baab8\" data-element_type=\"section\" id=\"hero\" data-settings=\"{&quot;background_background&quot;:&quot;classic&quot;}\">\n\t\t\t\t\t\t<div class=\"elementor-container elementor-column-gap-default\">\n\t\t\t\t\t<div class=\"elementor-column elementor-col-100 elementor-top-column elementor-element elementor-element-1c8d4f4f hero-wrapper\" data-id=\"1c8d4f4f\" data-element_type=\"column\">\n\t\t\t<div class=\"elementor-widget-wrap elementor-element-populated\">\n\t\t\t\t\t\t\t\t<div class=\"elementor-element elementor-element-2e153ed elementor-widget elementor-widget-heading\" data-id=\"2e153ed\" data-element_type=\"widget\" data-widget_type=\"heading.default\">\n\t\t\t\t<div class=\"elementor-widget-container\">\n\t\t\t<h1 class=\"elementor-heading-title elementor-size-xl\">Epass24 verkar p\u00e5 uppdrag av privata och offentliga v\u00e4goperat\u00f6rer<\/h1>\t\t<\/div>\n\t\t\t\t<\/div>\n\t\t\t\t<div class=\"elementor-element elementor-element-983eb2d elementor-widget elementor-widget-text-editor\" data-id=\"983eb2d\" data-element_type=\"widget\" data-widget_type=\"text-editor.default\">\n\t\t\t\t<div class=\"elementor-widget-container\">\n\t\t\t\t\t\t\t\t\t\t\t\t\t<\/div>\n\t\t\t\t<\/div>\n\t\t\t\t\t<\/div>\n\t\t<\/div>\n\t\t\t\t\t\t\t<\/div>\n\t\t<\/section>\n\t\t\t\t<section class=\"elementor-section elementor-top-section elementor-element elementor-element-2d3a8ad4 elementor-section-boxed elementor-section-height-default elementor-section-height-default\" data-id=\"2d3a8ad4\" data-element_type=\"section\" data-settings=\"{&quot;background_background&quot;:&quot;classic&quot;}\">\n\t\t\t\t\t\t<div class=\"elementor-container elementor-column-gap-default\">\n\t\t\t\t\t<div class=\"elementor-column elementor-col-100 elementor-top-column elementor-element elementor-element-61c804d8\" data-id=\"61c804d8\" data-element_type=\"column\">\n\t\t\t<div class=\"elementor-widget-wrap elementor-element-populated\">\n\t\t\t\t\t\t\t\t<section class=\"elementor-section elementor-inner-section elementor-element elementor-element-1c6a2fac entry-content elementor-section-content-middle elementor-section-boxed elementor-section-height-default elementor-section-height-default\" data-id=\"1c6a2fac\" data-element_type=\"section\" data-settings=\"{&quot;background_background&quot;:&quot;classic&quot;}\">\n\t\t\t\t\t\t<div class=\"elementor-container elementor-column-gap-default\">\n\t\t\t\t\t<div class=\"elementor-column elementor-col-50 elementor-inner-column elementor-element elementor-element-125cbe0d\" data-id=\"125cbe0d\" data-element_type=\"column\">\n\t\t\t<div class=\"elementor-widget-wrap elementor-element-populated\">\n\t\t\t\t\t\t\t\t<div class=\"elementor-element elementor-element-759b6c9 elementor-widget elementor-widget-heading\" data-id=\"759b6c9\" data-element_type=\"widget\" data-widget_type=\"heading.default\">\n\t\t\t\t<div class=\"elementor-widget-container\">\n\t\t\t<h2 class=\"elementor-heading-title elementor-size-large\">Anslutna operat\u00f6rer<\/h2>\t\t<\/div>\n\t\t\t\t<\/div>\n\t\t\t\t<div class=\"elementor-element elementor-element-8824335 elementor-widget elementor-widget-text-editor\" data-id=\"8824335\" data-element_type=\"widget\" data-widget_type=\"text-editor.default\">\n\t\t\t\t<div class=\"elementor-widget-container\">\n\t\t\t\t\t\t\t<p><b>Sverige <\/b>&#8211; Transportstyrelsen \u00e4r en statlig myndighet som ansvarar f\u00f6r det svenska v\u00e4gn\u00e4tet. Som fordons\u00e4gare \u00e4r man skyldig att betala tr\u00e4ngselskatt i Stockholm och G\u00f6teborg samt infrastrukturavgift i Skuru, Motala och Sundsvall.<\/p>\n<p><b>Norge <\/b>&#8211;\u00a0V\u00e4gtullsystemet i Norge \u00e4r uppdelat i fem regioner med en enskilt ansvarig v\u00e4goperat\u00f6r (Bompengeselskap) i respektive region; Fjellinjen, Ferde, Vegamot, Vegfinans and Bompengeselskap Nord. Dessa bolag verkar p\u00e5 uppdrag av Statens Vegvesen (norsk statlig myndighet som ansvarar f\u00f6r v\u00e4gn\u00e4tet i Norge).<br \/>\n<span style=\"color: var( --e-global-color-secondary );\"><br \/>\nF\u00e4rjef\u00f6rbindelser i Norge trafikeras av f\u00e4rjeoperat\u00f6rer (autopassferje.no). Ocks\u00e5 dessa bolag verkar p\u00e5 uppdrag av Statens Vegvesen.<\/span><\/p>\n<p><b style=\"color: var( --e-global-color-secondary );\">Danmark <\/b><span style=\"color: var( --e-global-color-secondary );\">&#8211;\u00a0A\/S Storeb\u00e6lt opererar den 18 km l\u00e5nga bron \u00f6ver Stora B\u00e4lt.\u00a0<\/span><span style=\"color: var( --e-global-color-secondary );\">Fjordforbindelsen Frederikssund ansvarar f\u00f6r broavgifter \u00f6ver Roskilde Fjord via Crown Princess Marys Bro.\u00a0<\/span><\/p>\n<p><b>Frankrike <\/b>&#8211; SANEF, Soci\u00e9t\u00e9 des Autoroutes du Nord et de l\u2019Est de la France driver motorv\u00e4gar i Norra och \u00d6stra Frankrike p\u00e5 uppdrag av den franska staten. Totalt ansvarar SANEF f\u00f6r 1743 km motorv\u00e4g.<\/p>\n<p><b>Portugal <\/b>&#8211; Ascendi driftar sex avgiftsbelagda v\u00e4gstr\u00e4ckor p\u00e5 totalt 672 km p\u00e5 uppdrag av den portugisiska staten.<\/p>\n<p>Samtliga de organisationer som beskrivs h\u00e4r anv\u00e4nder Epass24 f\u00f6r att hantera v\u00e4gavgifter utf\u00e4rdade p\u00e5 i huvudsak fordon registrerade utomlands.<\/p>\n<p>I Sverige och Norge ansvarar Epass24 ocks\u00e5 f\u00f6r att underl\u00e4tta betalning av v\u00e4gavgifter genom att erbjuda fordons\u00e4gare konton med automatisk betalning.<\/p>\n<p>F\u00f6r mer information om respektive v\u00e4goperat\u00f6r klicka p\u00e5 respektive operat\u00f6rs logga.<\/p>\n<div><\/div>\n\t\t\t\t\t\t<\/div>\n\t\t\t\t<\/div>\n\t\t\t\t\t<\/div>\n\t\t<\/div>\n\t\t\t\t<div class=\"elementor-column elementor-col-50 elementor-inner-column elementor-element elementor-element-c0fe468\" data-id=\"c0fe468\" data-element_type=\"column\">\n\t\t\t<div class=\"elementor-widget-wrap elementor-element-populated\">\n\t\t\t\t\t\t\t\t<div class=\"elementor-element elementor-element-094c087 elementor-widget elementor-widget-shortcode\" data-id=\"094c087\" data-element_type=\"widget\" data-widget_type=\"shortcode.default\">\n\t\t\t\t<div class=\"elementor-widget-container\">\n\t\t\t\t\t<div class=\"elementor-shortcode\">\t<div class=\"operators row no-gutters align-items-center\">\r\n\t\t\t<div class=\"col-md-6\">\r\n\t\t\t<a class=\"operator\" href=\"https:\/\/autopassferje.no\" target=\"_blank\" rel=\"nofollow noreferrer noopener\" title=\"AutoPASS for ferje\">\r\n\t\t\t\t<img src=\"\/wp-content\/uploads\/autopass.svg\" alt=\"AutoPASS for ferje\">\r\n\t\t\t<\/a>\r\n\t\t<\/div>\r\n    \t\t<div class=\"col-md-6\">\r\n\t\t\t<a class=\"operator\" href=\"https:\/\/en.vegfinans.no\/\" target=\"_blank\" rel=\"nofollow noreferrer noopener\" title=\"Vegfinans\">\r\n\t\t\t\t<img src=\"\/wp-content\/uploads\/Vegfinans.png\" alt=\"Vegfinans\">\r\n\t\t\t<\/a>\r\n\t\t<\/div>\r\n    \t\t<div class=\"col-md-6\">\r\n\t\t\t<a class=\"operator\" href=\"https:\/\/www.vegamot.no\/\" target=\"_blank\" rel=\"nofollow noreferrer noopener\" title=\"Vegamot\">\r\n\t\t\t\t<img src=\"\/wp-content\/uploads\/Vegamot.png\" alt=\"Vegamot\">\r\n\t\t\t<\/a>\r\n\t\t<\/div>\r\n    \t\t<div class=\"col-md-6\">\r\n\t\t\t<a class=\"operator\" href=\"https:\/\/transportstyrelsen.se\" target=\"_blank\" rel=\"nofollow noreferrer noopener\" title=\"Transportstyrelsen\">\r\n\t\t\t\t<img src=\"\/wp-content\/uploads\/Transportstyrelsen-300x67.png\" alt=\"Transportstyrelsen\">\r\n\t\t\t<\/a>\r\n\t\t<\/div>\r\n    \t\t<div class=\"col-md-6\">\r\n\t\t\t<a class=\"operator\" href=\"https:\/\/sundogbaelt.dk\/\" target=\"_blank\" rel=\"nofollow noreferrer noopener\" title=\"Sund Baelt\">\r\n\t\t\t\t<img src=\"\/wp-content\/uploads\/Sund-Baelt.png\" alt=\"Sund Baelt\">\r\n\t\t\t<\/a>\r\n\t\t<\/div>\r\n    \t\t<div class=\"col-md-6\">\r\n\t\t\t<a class=\"operator\" href=\"https:\/\/storebaelt.dk\/\" target=\"_blank\" rel=\"nofollow noreferrer noopener\" title=\"Storebaelt\">\r\n\t\t\t\t<img src=\"\/wp-content\/uploads\/Storebaelt-300x76.png\" alt=\"Storebaelt\">\r\n\t\t\t<\/a>\r\n\t\t<\/div>\r\n    \t\t<div class=\"col-md-6\">\r\n\t\t\t<a class=\"operator\" href=\"https:\/\/www.fjellinjen.no\/\" target=\"_blank\" rel=\"nofollow noreferrer noopener\" title=\"Fjellinjen\">\r\n\t\t\t\t<img src=\"\/wp-content\/uploads\/Fjellinjen-300x124.jpg\" alt=\"Fjellinjen\">\r\n\t\t\t<\/a>\r\n\t\t<\/div>\r\n    \t\t<div class=\"col-md-6\">\r\n\t\t\t<a class=\"operator\" href=\"https:\/\/ferde.no\/\" target=\"_blank\" rel=\"nofollow noreferrer noopener\" title=\"Ferde\">\r\n\t\t\t\t<img src=\"\/wp-content\/uploads\/FerdeLogo.svg\" alt=\"Ferde\">\r\n\t\t\t<\/a>\r\n\t\t<\/div>\r\n    \t\t<div class=\"col-md-6\">\r\n\t\t\t<a class=\"operator\" href=\"https:\/\/bomveinord.no\/\" target=\"_blank\" rel=\"nofollow noreferrer noopener\" title=\"Bompengeselskap Nord\">\r\n\t\t\t\t<img src=\"\/wp-content\/uploads\/Nord-300x126.png\" alt=\"Bompengeselskap Nord\">\r\n\t\t\t<\/a>\r\n\t\t<\/div>\r\n    \t\t<div class=\"col-md-6\">\r\n\t\t\t<a class=\"operator\" href=\"https:\/\/www.ascendi.pt\/\" target=\"_blank\" rel=\"nofollow noreferrer noopener\" title=\"Ascendi\">\r\n\t\t\t\t<img src=\"\/wp-content\/uploads\/Ascendi.png\" alt=\"Ascendi\">\r\n\t\t\t<\/a>\r\n\t\t<\/div>\r\n    \t<\/div>\r\n\t<\/div>\n\t\t\t\t<\/div>\n\t\t\t\t<\/div>\n\t\t\t\t\t<\/div>\n\t\t<\/div>\n\t\t\t\t\t\t\t<\/div>\n\t\t<\/section>\n\t\t\t\t\t<\/div>\n\t\t<\/div>\n\t\t\t\t\t\t\t<\/div>\n\t\t<\/section>\n\t\t\t\t\t\t\t<\/div>\n\t\t","protected":false},"excerpt":{"rendered":"<p>Epass24 verkar p\u00e5 uppdrag av privata och offentliga v\u00e4goperat\u00f6rer Anslutna operat\u00f6rer Sverige &#8211; Transportstyrelsen \u00e4r en statlig myndighet som ansvarar f\u00f6r det svenska v\u00e4gn\u00e4tet. Som fordons\u00e4gare \u00e4r man skyldig att betala tr\u00e4ngselskatt i Stockholm och G\u00f6teborg samt infrastrukturavgift i Skuru, Motala och Sundsvall. Norge &#8211;\u00a0V\u00e4gtullsystemet i Norge \u00e4r uppdelat i fem regioner med en enskilt [&hellip;]<\/p>\n","protected":false},"author":1,"featured_media":0,"parent":0,"menu_order":0,"comment_status":"closed","ping_status":"closed","template":"","meta":{"inline_featured_image":false},"acf":[],"_links":{"self":[{"href":"https:\/\/epass24.com\/sv\/wp-json\/wp\/v2\/pages\/2319"}],"collection":[{"href":"https:\/\/epass24.com\/sv\/wp-json\/wp\/v2\/pages"}],"about":[{"href":"https:\/\/epass24.com\/sv\/wp-json\/wp\/v2\/types\/page"}],"author":[{"embeddable":true,"href":"https:\/\/epass24.com\/sv\/wp-json\/wp\/v2\/users\/1"}],"replies":[{"embeddable":true,"href":"https:\/\/epass24.com\/sv\/wp-json\/wp\/v2\/comments?post=2319"}],"version-history":[{"count":19,"href":"https:\/\/epass24.com\/sv\/wp-json\/wp\/v2\/pages\/2319\/revisions"}],"predecessor-version":[{"id":6863,"href":"https:\/\/epass24.com\/sv\/wp-json\/wp\/v2\/pages\/2319\/revisions\/6863"}],"wp:attachment":[{"href":"https:\/\/epass24.com\/sv\/wp-json\/wp\/v2\/media?parent=2319"}],"curies":[{"name":"wp","href":"https:\/\/api.w.org\/{rel}","templated":true}]}}