{"id":2742,"date":"2021-04-29T08:03:58","date_gmt":"2021-04-29T08:03:58","guid":{"rendered":"http:\/\/epass24.uncleserj.com\/plata-automata\/"},"modified":"2024-06-24T13:31:35","modified_gmt":"2024-06-24T13:31:35","slug":"plata-automata","status":"publish","type":"page","link":"https:\/\/epass24.com\/ro\/plata-automata\/","title":{"rendered":"Plata automat\u0103"},"content":{"rendered":"\t\t<div data-elementor-type=\"wp-page\" data-elementor-id=\"2742\" class=\"elementor elementor-2742 elementor-491\">\n\t\t\t\t\t\t\t\t\t<section class=\"elementor-section elementor-top-section elementor-element elementor-element-e2902d8 elementor-section-content-middle elementor-section-boxed elementor-section-height-default elementor-section-height-default\" data-id=\"e2902d8\" data-element_type=\"section\" id=\"hero\" data-settings=\"{&quot;background_background&quot;:&quot;classic&quot;}\">\n\t\t\t\t\t\t<div class=\"elementor-container elementor-column-gap-default\">\n\t\t\t\t\t<div class=\"elementor-column elementor-col-100 elementor-top-column elementor-element elementor-element-6d569b3d hero-wrapper\" data-id=\"6d569b3d\" data-element_type=\"column\">\n\t\t\t<div class=\"elementor-widget-wrap elementor-element-populated\">\n\t\t\t\t\t\t\t\t<div class=\"elementor-element elementor-element-58295d1b elementor-widget elementor-widget-heading\" data-id=\"58295d1b\" data-element_type=\"widget\" data-widget_type=\"heading.default\">\n\t\t\t\t<div class=\"elementor-widget-container\">\n\t\t\t<h1 class=\"elementor-heading-title elementor-size-xl\">Pl\u0103ti\u0163i taxele dvs. rutiere cu Epass24<\/h1>\t\t<\/div>\n\t\t\t\t<\/div>\n\t\t\t\t\t<\/div>\n\t\t<\/div>\n\t\t\t\t\t\t\t<\/div>\n\t\t<\/section>\n\t\t\t\t<section class=\"elementor-section elementor-top-section elementor-element elementor-element-9c013ac elementor-section-content-middle elementor-section-boxed elementor-section-height-default elementor-section-height-default\" data-id=\"9c013ac\" data-element_type=\"section\" data-settings=\"{&quot;background_background&quot;:&quot;classic&quot;}\">\n\t\t\t\t\t\t<div class=\"elementor-container elementor-column-gap-default\">\n\t\t\t\t\t<div class=\"elementor-column elementor-col-100 elementor-top-column elementor-element elementor-element-529c879\" data-id=\"529c879\" data-element_type=\"column\">\n\t\t\t<div class=\"elementor-widget-wrap elementor-element-populated\">\n\t\t\t\t\t\t\t\t<section class=\"elementor-section elementor-inner-section elementor-element elementor-element-9953b1f entry-content elementor-section-content-middle elementor-section-boxed elementor-section-height-default elementor-section-height-default\" data-id=\"9953b1f\" data-element_type=\"section\" data-settings=\"{&quot;background_background&quot;:&quot;classic&quot;}\">\n\t\t\t\t\t\t<div class=\"elementor-container elementor-column-gap-default\">\n\t\t\t\t\t<div class=\"elementor-column elementor-col-50 elementor-inner-column elementor-element elementor-element-4cb041a\" data-id=\"4cb041a\" data-element_type=\"column\">\n\t\t\t<div class=\"elementor-widget-wrap elementor-element-populated\">\n\t\t\t\t\t\t\t\t<div class=\"elementor-element elementor-element-76a1e55 elementor-widget elementor-widget-heading\" data-id=\"76a1e55\" data-element_type=\"widget\" data-widget_type=\"heading.default\">\n\t\t\t\t<div class=\"elementor-widget-container\">\n\t\t\t<h2 class=\"elementor-heading-title elementor-size-default\">Taxe rutiere \u00een Suedia &amp; Norvegia<\/h2>\t\t<\/div>\n\t\t\t\t<\/div>\n\t\t\t\t<div class=\"elementor-element elementor-element-5704159 elementor-widget elementor-widget-text-editor\" data-id=\"5704159\" data-element_type=\"widget\" data-widget_type=\"text-editor.default\">\n\t\t\t\t<div class=\"elementor-widget-container\">\n\t\t\t\t\t\t\t<p>In Suedia \u015fi Norvegia toate vehiculele, inclusiv vehiculele \u00eenmatriculate \u00een str\u0103in\u0103tate, trebuie s\u0103 pl\u0103teasc\u0103 taxe rutiere. Sistemul folose\u015fte camere ANPR (Automatic Number Plate Recognition [Recunoa\u015fterea automat\u0103 a num\u0103rului de \u00eenmatriculare]) care asigur\u0103 detectarea \u015fi \u00eenregistrarea complet\u0103 \u015fi absolut automat\u0103 a vehiculelor care trec prin sta\u0163iile de taxare rutier\u0103.<\/p>\n<p>Epass24 a fost selectat de to\u0163i operatorii de taxare rutier\u0103 din Suedia \u015fi Norvegia pentru a facilita plata cu u\u015furin\u0163\u0103 a acestor taxe rutiere.<br \/><span style=\"color: var( --e-global-color-secondary );\"><br \/>Dac\u0103 vehiculul dvs. este \u00eenmatriculat \u00een Suedia, v\u0103 pute\u0163i pl\u0103ti taxele rutiere norvegiene prin contul dvs. Epass24. Dac\u0103 vehiculul dvs. este \u00eenmatriculat \u00een Norvegia, v\u0103 pute\u0163i pl\u0103ti taxele rutiere suedeze prin contul dvs. Epass24. Proprietarii tuturor celorlalte vehicule \u00ee\u015fi pot pl\u0103ti taxele rutiere automat folosind un cont Epass24.<\/span><\/p>\n<p>Un cont Epass24 v\u0103 va permite s\u0103 verifica\u0163i dac\u0103 pl\u0103ti\u0163i taxele rutiere corecte \u015fi v\u0103 asigur\u0103 c\u0103 acestea sunt pl\u0103tite la timp. Acest lucru v\u0103 ajut\u0103 s\u0103 evita\u0163i orice taxe suplimentare pentru plata cu \u00eent\u00e2rziere.<\/p>\n<p>Mai multe vehicule pot fi \u00eenregistrate \u00eentr-un cont Epass24 \u015fi taxele rutiere pentru toate vehiculele pot fi vizualizate online.<\/p>\n<p>Conturile Epass24 sunt gratuite \u015fi pl\u0103ti\u0163i doar taxele dvs. rutiere.<\/p>\n\t\t\t\t\t\t<\/div>\n\t\t\t\t<\/div>\n\t\t\t\t<div class=\"elementor-element elementor-element-211076e elementor-widget elementor-widget-text-editor\" data-id=\"211076e\" data-element_type=\"widget\" data-widget_type=\"text-editor.default\">\n\t\t\t\t<div class=\"elementor-widget-container\">\n\t\t\t\t\t\t\t<p><a class=\"btn btn-primary\" href=\"https:\/\/account.epass24.com\/ro\/create\/step1\" target=\"_blank\" rel=\"noopener\">Crea\u0163i un cont<\/a><\/p>\n\t\t\t\t\t\t<\/div>\n\t\t\t\t<\/div>\n\t\t\t\t\t<\/div>\n\t\t<\/div>\n\t\t\t\t<div class=\"elementor-column elementor-col-50 elementor-inner-column elementor-element elementor-element-af7b5bd\" data-id=\"af7b5bd\" data-element_type=\"column\" data-settings=\"{&quot;background_background&quot;:&quot;classic&quot;}\">\n\t\t\t<div class=\"elementor-widget-wrap elementor-element-populated\">\n\t\t\t\t\t\t\t\t<div class=\"elementor-element elementor-element-9001d68 elementor-widget elementor-widget-text-editor\" data-id=\"9001d68\" data-element_type=\"widget\" data-widget_type=\"text-editor.default\">\n\t\t\t\t<div class=\"elementor-widget-container\">\n\t\t\t\t\t\t\t<figure>\n<p><i>\u201dGuvernul suedez aplic\u0103 o tax\u0103 pentru plata cu \u00eent\u00e2rziere \u00een valoare de 500 SEK oricui nu reu\u015fe\u015fte s\u0103 pl\u0103teasc\u0103 \u00een termenul limit\u0103.<\/i><\/p>\n<p><i> <\/i><\/p>\n<p><i>Cu contul meu Epass24 \u00eemi pl\u0103tesc \u00eentotdeauna taxele de aglomerare la timp. Mul\u0163umesc Epass!&#8221;<\/i><\/p><figcaption class=\"blockquote-footer\">Maximilian Herrmann, Dusselsdorf<\/figcaption><\/figure>\n\t\t\t\t\t\t<\/div>\n\t\t\t\t<\/div>\n\t\t\t\t<div class=\"elementor-element elementor-element-1f186f6 elementor-widget elementor-widget-text-editor\" data-id=\"1f186f6\" data-element_type=\"widget\" data-widget_type=\"text-editor.default\">\n\t\t\t\t<div class=\"elementor-widget-container\">\n\t\t\t\t\t\t\t<figure>\n<p><i>\u201dAm fost \u00eentr-o vacan\u0163\u0103 minunat\u0103 \u00een Norvegia \u015fi am condus prin Suedia.<br \/>&nbsp;<br \/>\u00cen timpul c\u0103l\u0103toriei m-am \u00eenregistrat la Epass24 \u015fi at\u00e2t taxele rutiere suedeze, c\u00e2t \u015fi cele norvegiene au fost deduse automat din creditul meu.<\/p>\n<p>Serviciul este foarte pl\u0103cut, f\u0103r\u0103 oprire la sta\u0163iile de taxare cu care suntem obi\u015fnui\u0163i \u00een Italia&#8221;&nbsp;<\/i><\/p><figcaption class=\"blockquote-footer\">Michaela Ponzio, Milano<\/figcaption><\/figure>\n\t\t\t\t\t\t<\/div>\n\t\t\t\t<\/div>\n\t\t\t\t\t<\/div>\n\t\t<\/div>\n\t\t\t\t\t\t\t<\/div>\n\t\t<\/section>\n\t\t\t\t\t<\/div>\n\t\t<\/div>\n\t\t\t\t\t\t\t<\/div>\n\t\t<\/section>\n\t\t\t\t<section class=\"elementor-section elementor-top-section elementor-element elementor-element-cecc4f2 has-padding elementor-section-content-middle elementor-section-boxed elementor-section-height-default elementor-section-height-default\" data-id=\"cecc4f2\" data-element_type=\"section\" data-settings=\"{&quot;background_background&quot;:&quot;classic&quot;}\">\n\t\t\t\t\t\t<div class=\"elementor-container elementor-column-gap-default\">\n\t\t\t\t\t<div class=\"elementor-column elementor-col-50 elementor-top-column elementor-element elementor-element-1ce27260 min-height border-top-left-radius\" data-id=\"1ce27260\" data-element_type=\"column\" data-settings=\"{&quot;background_background&quot;:&quot;classic&quot;}\">\n\t\t\t<div class=\"elementor-widget-wrap\">\n\t\t\t\t\t\t\t\t\t<\/div>\n\t\t<\/div>\n\t\t\t\t<div class=\"elementor-column elementor-col-50 elementor-top-column elementor-element elementor-element-2060727e border-top-right-radius\" data-id=\"2060727e\" data-element_type=\"column\" data-settings=\"{&quot;background_background&quot;:&quot;classic&quot;}\">\n\t\t\t<div class=\"elementor-widget-wrap elementor-element-populated\">\n\t\t\t\t\t\t\t\t<div class=\"elementor-element elementor-element-164788cb elementor-widget elementor-widget-heading\" data-id=\"164788cb\" data-element_type=\"widget\" data-widget_type=\"heading.default\">\n\t\t\t\t<div class=\"elementor-widget-container\">\n\t\t\t<h3 class=\"elementor-heading-title elementor-size-xl\">Taxe de utilizator de drum<\/h3>\t\t<\/div>\n\t\t\t\t<\/div>\n\t\t\t\t<div class=\"elementor-element elementor-element-6f624989 part elementor-widget elementor-widget-text-editor\" data-id=\"6f624989\" data-element_type=\"widget\" data-widget_type=\"text-editor.default\">\n\t\t\t\t<div class=\"elementor-widget-container\">\n\t\t\t\t\t\t\t<p>Taxele de utilizator de drum sunt utilizate pentru a \u00eembun\u0103t\u0103\u0163i infrastructura, s\u0103n\u0103tatea public\u0103 \u015fi mediul.<\/p>\n\t\t\t\t\t\t<\/div>\n\t\t\t\t<\/div>\n\t\t\t\t<div class=\"elementor-element elementor-element-410c1ab5 bottom elementor-widget elementor-widget-text-editor\" data-id=\"410c1ab5\" data-element_type=\"widget\" data-widget_type=\"text-editor.default\">\n\t\t\t\t<div class=\"elementor-widget-container\">\n\t\t\t\t\t\t\t<p><a class=\"btn btn-primary\" title=\"Citi\u0163i mai multe\" href=\"https:\/\/www.epass24.com\/ro\/taxe-de-utilizator-de-drum\/\">Citi\u0163i mai multe<\/a><\/p>\n\t\t\t\t\t\t<\/div>\n\t\t\t\t<\/div>\n\t\t\t\t\t<\/div>\n\t\t<\/div>\n\t\t\t\t\t\t\t<\/div>\n\t\t<\/section>\n\t\t\t\t<section class=\"elementor-section elementor-top-section elementor-element elementor-element-5af6a7ea has-padding elementor-section-content-middle elementor-section-boxed elementor-section-height-default elementor-section-height-default\" data-id=\"5af6a7ea\" data-element_type=\"section\" data-settings=\"{&quot;background_background&quot;:&quot;classic&quot;}\">\n\t\t\t\t\t\t<div class=\"elementor-container elementor-column-gap-default\">\n\t\t\t\t\t<div class=\"elementor-column elementor-col-50 elementor-top-column elementor-element elementor-element-69a07202 border-bottom-left-radius\" data-id=\"69a07202\" data-element_type=\"column\" data-settings=\"{&quot;background_background&quot;:&quot;classic&quot;}\">\n\t\t\t<div class=\"elementor-widget-wrap elementor-element-populated\">\n\t\t\t\t\t\t\t\t<div class=\"elementor-element elementor-element-45c6c1ee elementor-widget elementor-widget-heading\" data-id=\"45c6c1ee\" data-element_type=\"widget\" data-widget_type=\"heading.default\">\n\t\t\t\t<div class=\"elementor-widget-container\">\n\t\t\t<h3 class=\"elementor-heading-title elementor-size-large\">Operatori de taxare rutier\u0103<\/h3>\t\t<\/div>\n\t\t\t\t<\/div>\n\t\t\t\t<div class=\"elementor-element elementor-element-49136d06 part elementor-widget elementor-widget-text-editor\" data-id=\"49136d06\" data-element_type=\"widget\" data-widget_type=\"text-editor.default\">\n\t\t\t\t<div class=\"elementor-widget-container\">\n\t\t\t\t\t\t\t<p>Taxele de utilizator de drum au fost implementate \u00een majoritatea \u0163\u0103rilor europene \u015fi sunt gestionate de operatorii na\u0163ionali de taxare rutier\u0103.<\/p>\n\t\t\t\t\t\t<\/div>\n\t\t\t\t<\/div>\n\t\t\t\t<div class=\"elementor-element elementor-element-5aaa0691 bottom elementor-widget elementor-widget-text-editor\" data-id=\"5aaa0691\" data-element_type=\"widget\" data-widget_type=\"text-editor.default\">\n\t\t\t\t<div class=\"elementor-widget-container\">\n\t\t\t\t\t\t\t<p><a class=\"btn btn-primary\" title=\"Citi\u0163i mai multe\" href=\"https:\/\/www.epass24.com\/ro\/the-toll-operators\/\">Citi\u0163i mai multe<\/a><\/p>\n\t\t\t\t\t\t<\/div>\n\t\t\t\t<\/div>\n\t\t\t\t\t<\/div>\n\t\t<\/div>\n\t\t\t\t<div class=\"elementor-column elementor-col-50 elementor-top-column elementor-element elementor-element-16706438 order min-height border-bottom-right-radius\" data-id=\"16706438\" data-element_type=\"column\" data-settings=\"{&quot;background_background&quot;:&quot;classic&quot;}\">\n\t\t\t<div class=\"elementor-widget-wrap\">\n\t\t\t\t\t\t\t\t\t<\/div>\n\t\t<\/div>\n\t\t\t\t\t\t\t<\/div>\n\t\t<\/section>\n\t\t\t\t\t\t\t<\/div>\n\t\t","protected":false},"excerpt":{"rendered":"<p>Pl\u0103ti\u0163i taxele dvs. rutiere cu Epass24 Taxe rutiere \u00een Suedia &amp; Norvegia In Suedia \u015fi Norvegia toate vehiculele, inclusiv vehiculele \u00eenmatriculate \u00een str\u0103in\u0103tate, trebuie s\u0103 pl\u0103teasc\u0103 taxe rutiere. Sistemul folose\u015fte camere ANPR (Automatic Number Plate Recognition [Recunoa\u015fterea automat\u0103 a num\u0103rului de \u00eenmatriculare]) care asigur\u0103 detectarea \u015fi \u00eenregistrarea complet\u0103 \u015fi absolut automat\u0103 a vehiculelor care trec [&hellip;]<\/p>\n","protected":false},"author":1,"featured_media":0,"parent":0,"menu_order":0,"comment_status":"closed","ping_status":"closed","template":"","meta":{"inline_featured_image":false},"acf":[],"_links":{"self":[{"href":"https:\/\/epass24.com\/ro\/wp-json\/wp\/v2\/pages\/2742"}],"collection":[{"href":"https:\/\/epass24.com\/ro\/wp-json\/wp\/v2\/pages"}],"about":[{"href":"https:\/\/epass24.com\/ro\/wp-json\/wp\/v2\/types\/page"}],"author":[{"embeddable":true,"href":"https:\/\/epass24.com\/ro\/wp-json\/wp\/v2\/users\/1"}],"replies":[{"embeddable":true,"href":"https:\/\/epass24.com\/ro\/wp-json\/wp\/v2\/comments?post=2742"}],"version-history":[{"count":6,"href":"https:\/\/epass24.com\/ro\/wp-json\/wp\/v2\/pages\/2742\/revisions"}],"predecessor-version":[{"id":6942,"href":"https:\/\/epass24.com\/ro\/wp-json\/wp\/v2\/pages\/2742\/revisions\/6942"}],"wp:attachment":[{"href":"https:\/\/epass24.com\/ro\/wp-json\/wp\/v2\/media?parent=2742"}],"curies":[{"name":"wp","href":"https:\/\/api.w.org\/{rel}","templated":true}]}}