{"id":2732,"date":"2021-04-29T07:43:08","date_gmt":"2021-04-29T07:43:08","guid":{"rendered":"http:\/\/epass24.uncleserj.com\/the-toll-operators\/"},"modified":"2023-11-06T09:29:46","modified_gmt":"2023-11-06T09:29:46","slug":"the-toll-operators","status":"publish","type":"page","link":"https:\/\/epass24.com\/ro\/the-toll-operators\/","title":{"rendered":"Operatori De Taxare Rutier\u0103"},"content":{"rendered":"\t\t<div data-elementor-type=\"wp-page\" data-elementor-id=\"2732\" class=\"elementor elementor-2732 elementor-605\">\n\t\t\t\t\t\t\t\t\t<section class=\"elementor-section elementor-top-section elementor-element elementor-element-117baab8 elementor-section-content-middle elementor-section-boxed elementor-section-height-default elementor-section-height-default\" data-id=\"117baab8\" data-element_type=\"section\" id=\"hero\" data-settings=\"{&quot;background_background&quot;:&quot;classic&quot;}\">\n\t\t\t\t\t\t<div class=\"elementor-container elementor-column-gap-default\">\n\t\t\t\t\t<div class=\"elementor-column elementor-col-100 elementor-top-column elementor-element elementor-element-1c8d4f4f hero-wrapper\" data-id=\"1c8d4f4f\" data-element_type=\"column\">\n\t\t\t<div class=\"elementor-widget-wrap elementor-element-populated\">\n\t\t\t\t\t\t\t\t<div class=\"elementor-element elementor-element-2e153ed elementor-widget elementor-widget-heading\" data-id=\"2e153ed\" data-element_type=\"widget\" data-widget_type=\"heading.default\">\n\t\t\t\t<div class=\"elementor-widget-container\">\n\t\t\t<h1 class=\"elementor-heading-title elementor-size-xl\">Desemnat de operatorii de taxare rutier\u0103<\/h1>\t\t<\/div>\n\t\t\t\t<\/div>\n\t\t\t\t<div class=\"elementor-element elementor-element-983eb2d elementor-widget elementor-widget-text-editor\" data-id=\"983eb2d\" data-element_type=\"widget\" data-widget_type=\"text-editor.default\">\n\t\t\t\t<div class=\"elementor-widget-container\">\n\t\t\t\t\t\t\t\t\t\t\t\t\t<\/div>\n\t\t\t\t<\/div>\n\t\t\t\t\t<\/div>\n\t\t<\/div>\n\t\t\t\t\t\t\t<\/div>\n\t\t<\/section>\n\t\t\t\t<section class=\"elementor-section elementor-top-section elementor-element elementor-element-2d3a8ad4 elementor-section-boxed elementor-section-height-default elementor-section-height-default\" data-id=\"2d3a8ad4\" data-element_type=\"section\" data-settings=\"{&quot;background_background&quot;:&quot;classic&quot;}\">\n\t\t\t\t\t\t<div class=\"elementor-container elementor-column-gap-default\">\n\t\t\t\t\t<div class=\"elementor-column elementor-col-100 elementor-top-column elementor-element elementor-element-61c804d8\" data-id=\"61c804d8\" data-element_type=\"column\">\n\t\t\t<div class=\"elementor-widget-wrap elementor-element-populated\">\n\t\t\t\t\t\t\t\t<section class=\"elementor-section elementor-inner-section elementor-element elementor-element-1c6a2fac entry-content elementor-section-content-middle elementor-section-boxed elementor-section-height-default elementor-section-height-default\" data-id=\"1c6a2fac\" data-element_type=\"section\" data-settings=\"{&quot;background_background&quot;:&quot;classic&quot;}\">\n\t\t\t\t\t\t<div class=\"elementor-container elementor-column-gap-default\">\n\t\t\t\t\t<div class=\"elementor-column elementor-col-50 elementor-inner-column elementor-element elementor-element-125cbe0d\" data-id=\"125cbe0d\" data-element_type=\"column\">\n\t\t\t<div class=\"elementor-widget-wrap elementor-element-populated\">\n\t\t\t\t\t\t\t\t<div class=\"elementor-element elementor-element-759b6c9 elementor-widget elementor-widget-heading\" data-id=\"759b6c9\" data-element_type=\"widget\" data-widget_type=\"heading.default\">\n\t\t\t\t<div class=\"elementor-widget-container\">\n\t\t\t<h2 class=\"elementor-heading-title elementor-size-large\">Operatori de taxare rutier\u0103 europeni conecta\u0163i<\/h2>\t\t<\/div>\n\t\t\t\t<\/div>\n\t\t\t\t<div class=\"elementor-element elementor-element-8824335 elementor-widget elementor-widget-text-editor\" data-id=\"8824335\" data-element_type=\"widget\" data-widget_type=\"text-editor.default\">\n\t\t\t\t<div class=\"elementor-widget-container\">\n\t\t\t\t\t\t\t<p><b>Suedia <\/b>&#8211; Agen\u0163ia Suedez\u0103 de Transport este organiza\u0163ia guvernamental\u0103 responsabil\u0103 de sistemul suedez de taxare rutier\u0103. Taxele de aglomerare sunt emise \u00een Stockholm \u015fi Gothenburg \u015fi tarifele de trecere a podurilor se percep \u00een Skuru, Motala \u015fi Sundsvall.<\/p>\n<p><b>Norvegia <\/b>&#8211; Sistemul de taxare rutier\u0103 \u00een Norvegia este \u00eemp\u0103r\u0163it \u00een cinci regiuni cu operatori individuali de taxare rutier\u0103: Fjellinjen, Ferde, Vegamot, Vegfinans \u015fi Bompengeselskap Nord. Ace\u015ftia ac\u0163ioneaz\u0103 sub controlul \u015fi supravegherea Administra\u0163iei Norvegiene a Drumurilor Publice (Statens Vegvesen).<br \/>\n<span style=\"color: var( --e-global-color-secondary );\"><br \/>\nConexiunile de feribot (autopassferje.no) sunt operate de o serie de companii na\u0163ionale de feriboturi, sub concesiune de la Administra\u0163ia Norvegian\u0103 a Drumurilor Publice (Statens Vegvesen).<\/span><\/p>\n<p><b style=\"color: var( --e-global-color-secondary );\">Danemarca <\/b><span style=\"color: var( --e-global-color-secondary );\">&#8211;\u00a0A\/S Storeb\u00e6lt opereaz\u0103 podul lung de 18 km peste Marea Centur\u0103 (Storeb\u00e6lt) care face leg\u0103tura \u00eentre p\u0103r\u0163ile de est \u015fi de vest ale Danemarcei. \u00a0<\/span><span style=\"color: var( --e-global-color-secondary );\">Fjordforbindelsen Frederikssund este responsabil de gestionarea taxelor de trecere a podului peste autostrada care traverseaz\u0103 fiordul Roskilde Fjord prin Podul Prin\u0163esei Mo\u015ftenitoare Maria. \u00a0<\/span><\/p>\n<p><b>Fran\u0163a <\/b>&#8211; SANEF, Soci\u00e9t\u00e9 des Autoroutes du Nord et de l\u2019Est de la France opereaz\u0103 autostr\u0103zile \u00een nordul \u015fi estul Fran\u0163ei ca urmare a concesiunilor date de guvernul francez. Re\u0163eaua sa are o lungime de 1743 km.<\/p>\n<p><b>Portugalia <\/b>&#8211; Ascendi are \u015fase concesiuni rutiere portugheze \u015fi opereaz\u0103 672 km de autostr\u0103zi \u00een toat\u0103 \u0163ara.<\/p>\n<p>Toate aceste organiza\u0163ii au desemnat Epass24 s\u0103 se ocupe de taxele rutiere emise \u00een principal vehiculelor \u00eenmatriculate \u00een str\u0103in\u0103tate.<\/p>\n<p>\u00cen Suedia \u015fi Norvegia, Epass24 ofer\u0103, de asemenea, o solu\u0163ie de plat\u0103 automat\u0103 pentru taxarea utilizatorilor rutieri.<\/p>\n<p>Pentru detalii suplimentare despre fiecare operator prezentat, vizita\u0163i portalurile site-urilor web respective.<\/p>\n<div><\/div>\n\t\t\t\t\t\t<\/div>\n\t\t\t\t<\/div>\n\t\t\t\t\t<\/div>\n\t\t<\/div>\n\t\t\t\t<div class=\"elementor-column elementor-col-50 elementor-inner-column elementor-element elementor-element-c0fe468\" data-id=\"c0fe468\" data-element_type=\"column\">\n\t\t\t<div class=\"elementor-widget-wrap elementor-element-populated\">\n\t\t\t\t\t\t\t\t<div class=\"elementor-element elementor-element-094c087 elementor-widget elementor-widget-shortcode\" data-id=\"094c087\" data-element_type=\"widget\" data-widget_type=\"shortcode.default\">\n\t\t\t\t<div class=\"elementor-widget-container\">\n\t\t\t\t\t<div class=\"elementor-shortcode\">\t<div class=\"operators row no-gutters align-items-center\">\r\n\t\t\t<div class=\"col-md-6\">\r\n\t\t\t<a class=\"operator\" href=\"https:\/\/autopassferje.no\" target=\"_blank\" rel=\"nofollow noreferrer noopener\" title=\"AutoPASS for ferje\">\r\n\t\t\t\t<img src=\"\/wp-content\/uploads\/autopass.svg\" alt=\"AutoPASS for ferje\">\r\n\t\t\t<\/a>\r\n\t\t<\/div>\r\n    \t\t<div class=\"col-md-6\">\r\n\t\t\t<a class=\"operator\" href=\"https:\/\/en.vegfinans.no\/\" target=\"_blank\" rel=\"nofollow noreferrer noopener\" title=\"Vegfinans\">\r\n\t\t\t\t<img src=\"\/wp-content\/uploads\/Vegfinans.png\" alt=\"Vegfinans\">\r\n\t\t\t<\/a>\r\n\t\t<\/div>\r\n    \t\t<div class=\"col-md-6\">\r\n\t\t\t<a class=\"operator\" href=\"https:\/\/www.vegamot.no\/\" target=\"_blank\" rel=\"nofollow noreferrer noopener\" title=\"Vegamot\">\r\n\t\t\t\t<img src=\"\/wp-content\/uploads\/Vegamot.png\" alt=\"Vegamot\">\r\n\t\t\t<\/a>\r\n\t\t<\/div>\r\n    \t\t<div class=\"col-md-6\">\r\n\t\t\t<a class=\"operator\" href=\"https:\/\/transportstyrelsen.se\" target=\"_blank\" rel=\"nofollow noreferrer noopener\" title=\"Transportstyrelsen\">\r\n\t\t\t\t<img src=\"\/wp-content\/uploads\/Transportstyrelsen-300x67.png\" alt=\"Transportstyrelsen\">\r\n\t\t\t<\/a>\r\n\t\t<\/div>\r\n    \t\t<div class=\"col-md-6\">\r\n\t\t\t<a class=\"operator\" href=\"https:\/\/sundogbaelt.dk\/\" target=\"_blank\" rel=\"nofollow noreferrer noopener\" title=\"Sund Baelt\">\r\n\t\t\t\t<img src=\"\/wp-content\/uploads\/Sund-Baelt.png\" alt=\"Sund Baelt\">\r\n\t\t\t<\/a>\r\n\t\t<\/div>\r\n    \t\t<div class=\"col-md-6\">\r\n\t\t\t<a class=\"operator\" href=\"https:\/\/storebaelt.dk\/\" target=\"_blank\" rel=\"nofollow noreferrer noopener\" title=\"Storebaelt\">\r\n\t\t\t\t<img src=\"\/wp-content\/uploads\/Storebaelt-300x76.png\" alt=\"Storebaelt\">\r\n\t\t\t<\/a>\r\n\t\t<\/div>\r\n    \t\t<div class=\"col-md-6\">\r\n\t\t\t<a class=\"operator\" href=\"https:\/\/www.fjellinjen.no\/\" target=\"_blank\" rel=\"nofollow noreferrer noopener\" title=\"Fjellinjen\">\r\n\t\t\t\t<img src=\"\/wp-content\/uploads\/Fjellinjen-300x124.jpg\" alt=\"Fjellinjen\">\r\n\t\t\t<\/a>\r\n\t\t<\/div>\r\n    \t\t<div class=\"col-md-6\">\r\n\t\t\t<a class=\"operator\" href=\"https:\/\/ferde.no\/\" target=\"_blank\" rel=\"nofollow noreferrer noopener\" title=\"Ferde\">\r\n\t\t\t\t<img src=\"\/wp-content\/uploads\/FerdeLogo.svg\" alt=\"Ferde\">\r\n\t\t\t<\/a>\r\n\t\t<\/div>\r\n    \t\t<div class=\"col-md-6\">\r\n\t\t\t<a class=\"operator\" href=\"https:\/\/bomveinord.no\/\" target=\"_blank\" rel=\"nofollow noreferrer noopener\" title=\"Bompengeselskap Nord\">\r\n\t\t\t\t<img src=\"\/wp-content\/uploads\/Nord-300x126.png\" alt=\"Bompengeselskap Nord\">\r\n\t\t\t<\/a>\r\n\t\t<\/div>\r\n    \t\t<div class=\"col-md-6\">\r\n\t\t\t<a class=\"operator\" href=\"https:\/\/www.ascendi.pt\/\" target=\"_blank\" rel=\"nofollow noreferrer noopener\" title=\"Ascendi\">\r\n\t\t\t\t<img src=\"\/wp-content\/uploads\/Ascendi.png\" alt=\"Ascendi\">\r\n\t\t\t<\/a>\r\n\t\t<\/div>\r\n    \t<\/div>\r\n\t<\/div>\n\t\t\t\t<\/div>\n\t\t\t\t<\/div>\n\t\t\t\t\t<\/div>\n\t\t<\/div>\n\t\t\t\t\t\t\t<\/div>\n\t\t<\/section>\n\t\t\t\t\t<\/div>\n\t\t<\/div>\n\t\t\t\t\t\t\t<\/div>\n\t\t<\/section>\n\t\t\t\t\t\t\t<\/div>\n\t\t","protected":false},"excerpt":{"rendered":"<p>Desemnat de operatorii de taxare rutier\u0103 Operatori de taxare rutier\u0103 europeni conecta\u0163i Suedia &#8211; Agen\u0163ia Suedez\u0103 de Transport este organiza\u0163ia guvernamental\u0103 responsabil\u0103 de sistemul suedez de taxare rutier\u0103. Taxele de aglomerare sunt emise \u00een Stockholm \u015fi Gothenburg \u015fi tarifele de trecere a podurilor se percep \u00een Skuru, Motala \u015fi Sundsvall. Norvegia &#8211; Sistemul de taxare [&hellip;]<\/p>\n","protected":false},"author":1,"featured_media":0,"parent":0,"menu_order":0,"comment_status":"closed","ping_status":"closed","template":"","meta":{"inline_featured_image":false},"acf":[],"_links":{"self":[{"href":"https:\/\/epass24.com\/ro\/wp-json\/wp\/v2\/pages\/2732"}],"collection":[{"href":"https:\/\/epass24.com\/ro\/wp-json\/wp\/v2\/pages"}],"about":[{"href":"https:\/\/epass24.com\/ro\/wp-json\/wp\/v2\/types\/page"}],"author":[{"embeddable":true,"href":"https:\/\/epass24.com\/ro\/wp-json\/wp\/v2\/users\/1"}],"replies":[{"embeddable":true,"href":"https:\/\/epass24.com\/ro\/wp-json\/wp\/v2\/comments?post=2732"}],"version-history":[{"count":9,"href":"https:\/\/epass24.com\/ro\/wp-json\/wp\/v2\/pages\/2732\/revisions"}],"predecessor-version":[{"id":6861,"href":"https:\/\/epass24.com\/ro\/wp-json\/wp\/v2\/pages\/2732\/revisions\/6861"}],"wp:attachment":[{"href":"https:\/\/epass24.com\/ro\/wp-json\/wp\/v2\/media?parent=2732"}],"curies":[{"name":"wp","href":"https:\/\/api.w.org\/{rel}","templated":true}]}}