{"id":2728,"date":"2021-04-29T07:36:41","date_gmt":"2021-04-29T07:36:41","guid":{"rendered":"http:\/\/epass24.uncleserj.com\/despre\/"},"modified":"2022-10-17T16:00:29","modified_gmt":"2022-10-17T16:00:29","slug":"despre","status":"publish","type":"page","link":"https:\/\/epass24.com\/ro\/despre\/","title":{"rendered":"Despre"},"content":{"rendered":"\t\t<div data-elementor-type=\"wp-page\" data-elementor-id=\"2728\" class=\"elementor elementor-2728 elementor-597\">\n\t\t\t\t\t\t\t\t\t<section class=\"elementor-section elementor-top-section elementor-element elementor-element-1323e51b elementor-section-content-middle elementor-section-boxed elementor-section-height-default elementor-section-height-default\" data-id=\"1323e51b\" data-element_type=\"section\" id=\"hero\" data-settings=\"{&quot;background_background&quot;:&quot;classic&quot;}\">\n\t\t\t\t\t\t<div class=\"elementor-container elementor-column-gap-default\">\n\t\t\t\t\t<div class=\"elementor-column elementor-col-100 elementor-top-column elementor-element elementor-element-76238f3f hero-wrapper\" data-id=\"76238f3f\" data-element_type=\"column\">\n\t\t\t<div class=\"elementor-widget-wrap elementor-element-populated\">\n\t\t\t\t\t\t\t\t<div class=\"elementor-element elementor-element-c191445 elementor-widget elementor-widget-heading\" data-id=\"c191445\" data-element_type=\"widget\" data-widget_type=\"heading.default\">\n\t\t\t\t<div class=\"elementor-widget-container\">\n\t\t\t<h1 class=\"elementor-heading-title elementor-size-xl\">O societate suedez\u0103 de tehnologie<\/h1>\t\t<\/div>\n\t\t\t\t<\/div>\n\t\t\t\t\t<\/div>\n\t\t<\/div>\n\t\t\t\t\t\t\t<\/div>\n\t\t<\/section>\n\t\t\t\t<section class=\"elementor-section elementor-top-section elementor-element elementor-element-47658c1 elementor-section-boxed elementor-section-height-default elementor-section-height-default\" data-id=\"47658c1\" data-element_type=\"section\" data-settings=\"{&quot;background_background&quot;:&quot;classic&quot;}\">\n\t\t\t\t\t\t<div class=\"elementor-container elementor-column-gap-default\">\n\t\t\t\t\t<div class=\"elementor-column elementor-col-100 elementor-top-column elementor-element elementor-element-5fe55265\" data-id=\"5fe55265\" data-element_type=\"column\">\n\t\t\t<div class=\"elementor-widget-wrap elementor-element-populated\">\n\t\t\t\t\t\t\t\t<section class=\"elementor-section elementor-inner-section elementor-element elementor-element-62ab8fdb entry-content elementor-section-boxed elementor-section-height-default elementor-section-height-default\" data-id=\"62ab8fdb\" data-element_type=\"section\" data-settings=\"{&quot;background_background&quot;:&quot;classic&quot;}\">\n\t\t\t\t\t\t<div class=\"elementor-container elementor-column-gap-default\">\n\t\t\t\t\t<div class=\"elementor-column elementor-col-50 elementor-inner-column elementor-element elementor-element-1907f94f\" data-id=\"1907f94f\" data-element_type=\"column\">\n\t\t\t<div class=\"elementor-widget-wrap elementor-element-populated\">\n\t\t\t\t\t\t\t\t<div class=\"elementor-element elementor-element-b9dff67 elementor-widget elementor-widget-text-editor\" data-id=\"b9dff67\" data-element_type=\"widget\" data-widget_type=\"text-editor.default\">\n\t\t\t\t<div class=\"elementor-widget-container\">\n\t\t\t\t\t\t\t<blockquote><p><b>Despre Epass24<\/b><\/p><\/blockquote>\n<p>Epass24 a fost lansat \u00een 2015 \u00een str\u00e2ns\u0103 cooperare cu Agen\u0163ia Suedez\u0103 de Transport (operator na\u0163ional suedez de taxare rutier\u0103). Scopul a fost de a facilita plata taxelor rutiere suedeze suportate de proprietarii de vehicule din alte \u0163\u0103ri.<\/p>\n<p>Ast\u0103zi, platforma este \u00eemp\u0103rt\u0103\u015fit\u0103 cu al\u0163i operatori \u015fi gestioneaz\u0103 toate tipurile de taxe de utilizator de drum.<\/p>\n<p>Peste 400 000 de vehicule sunt \u00eenregistrate pentru pl\u0103\u0163i automate \u015fi ne ocup\u0103m de peste 24 milioane de taxe rutiere \u00een fiecare an.<\/p>\n<p>Sistemul este certificat \u00een conformitate cu ISO 9001 \u015fi ISO 27001 \u015fi este pe deplin conform cu orice legisla\u0163ie relevant\u0103 cum ar fi Regulamentul general privind protec\u0163ia datelor 2016\/679 (\u201cGDPR\u201d).<\/p>\n<p>Epass24 este de\u0163inut \u015fi operat de ParkTrade Europe AB. Pentru mai multe informa\u0163ii, v\u0103 rug\u0103m s\u0103 vizita\u0163i www.parktrade.com.<\/p>\n<p>Epass24<br \/>\n<span style=\"color: var( --e-global-color-text );\">ParkTrade Europe AB<br \/>\n<\/span><span style=\"color: var( --e-global-color-text );\">Sturegatan 16<br \/>\n<\/span><span style=\"color: var( --e-global-color-text );\">114 36 Stockholm<br \/>\n<\/span><span style=\"color: var( --e-global-color-text );\">Suedia<\/span><\/p>\n<p>ParkTrade Europe AB este o societate suedez\u0103 \u2013 num\u0103rul organiza\u0163iei 5566730551<\/p>\n<p>&nbsp;<\/p>\n\t\t\t\t\t\t<\/div>\n\t\t\t\t<\/div>\n\t\t\t\t\t<\/div>\n\t\t<\/div>\n\t\t\t\t<div class=\"elementor-column elementor-col-50 elementor-inner-column elementor-element elementor-element-bca3b9a\" data-id=\"bca3b9a\" data-element_type=\"column\">\n\t\t\t<div class=\"elementor-widget-wrap elementor-element-populated\">\n\t\t\t\t\t\t\t\t<div class=\"elementor-element elementor-element-3b092aa elementor-widget elementor-widget-heading\" data-id=\"3b092aa\" data-element_type=\"widget\" data-widget_type=\"heading.default\">\n\t\t\t\t<div class=\"elementor-widget-container\">\n\t\t\t<h5 class=\"elementor-heading-title elementor-size-default\">Peste 400 000 de vehicule sunt deja conectate<\/h5>\t\t<\/div>\n\t\t\t\t<\/div>\n\t\t\t\t<div class=\"elementor-element elementor-element-48af9ad elementor-widget elementor-widget-shortcode\" data-id=\"48af9ad\" data-element_type=\"widget\" data-widget_type=\"shortcode.default\">\n\t\t\t\t<div class=\"elementor-widget-container\">\n\t\t\t\t\t<div class=\"elementor-shortcode\">\t<div id=\"animation_container\" style=\"background-color:rgba(255, 255, 255, 1.00); width:530px; height:610px;max-width:100%;margin: 0 auto;transform: translateX(30px);\">\r\n\t\t<canvas id=\"canvas\" width=\"530\" height=\"610\" style=\"position: absolute; display: block; background-color:rgba(255, 255, 255, 1.00);max-width:100%\"><\/canvas>\r\n\t\t<div id=\"dom_overlay_container\" style=\"pointer-events:none; overflow:hidden; width:530px; height:610px; position: absolute; left: 0px; top: 0px; display: block;max-width:100%\">\r\n\t\t<\/div>\r\n\t<\/div>\r\n    <\/div>\n\t\t\t\t<\/div>\n\t\t\t\t<\/div>\n\t\t\t\t\t<\/div>\n\t\t<\/div>\n\t\t\t\t\t\t\t<\/div>\n\t\t<\/section>\n\t\t\t\t\t<\/div>\n\t\t<\/div>\n\t\t\t\t\t\t\t<\/div>\n\t\t<\/section>\n\t\t\t\t\t\t\t<\/div>\n\t\t","protected":false},"excerpt":{"rendered":"<p>O societate suedez\u0103 de tehnologie Despre Epass24 Epass24 a fost lansat \u00een 2015 \u00een str\u00e2ns\u0103 cooperare cu Agen\u0163ia Suedez\u0103 de Transport (operator na\u0163ional suedez de taxare rutier\u0103). Scopul a fost de a facilita plata taxelor rutiere suedeze suportate de proprietarii de vehicule din alte \u0163\u0103ri. Ast\u0103zi, platforma este \u00eemp\u0103rt\u0103\u015fit\u0103 cu al\u0163i operatori \u015fi gestioneaz\u0103 toate [&hellip;]<\/p>\n","protected":false},"author":1,"featured_media":0,"parent":0,"menu_order":0,"comment_status":"closed","ping_status":"closed","template":"","meta":{"inline_featured_image":false},"acf":[],"_links":{"self":[{"href":"https:\/\/epass24.com\/ro\/wp-json\/wp\/v2\/pages\/2728"}],"collection":[{"href":"https:\/\/epass24.com\/ro\/wp-json\/wp\/v2\/pages"}],"about":[{"href":"https:\/\/epass24.com\/ro\/wp-json\/wp\/v2\/types\/page"}],"author":[{"embeddable":true,"href":"https:\/\/epass24.com\/ro\/wp-json\/wp\/v2\/users\/1"}],"replies":[{"embeddable":true,"href":"https:\/\/epass24.com\/ro\/wp-json\/wp\/v2\/comments?post=2728"}],"version-history":[{"count":2,"href":"https:\/\/epass24.com\/ro\/wp-json\/wp\/v2\/pages\/2728\/revisions"}],"predecessor-version":[{"id":5200,"href":"https:\/\/epass24.com\/ro\/wp-json\/wp\/v2\/pages\/2728\/revisions\/5200"}],"wp:attachment":[{"href":"https:\/\/epass24.com\/ro\/wp-json\/wp\/v2\/media?parent=2728"}],"curies":[{"name":"wp","href":"https:\/\/api.w.org\/{rel}","templated":true}]}}