{"id":5028,"date":"2022-09-15T10:05:57","date_gmt":"2022-09-15T10:05:57","guid":{"rendered":"https:\/\/www.epass24.com\/recurso\/"},"modified":"2022-09-19T15:47:05","modified_gmt":"2022-09-19T15:47:05","slug":"recurso","status":"publish","type":"page","link":"https:\/\/epass24.com\/pt-pt\/recurso\/","title":{"rendered":"Recurso"},"content":{"rendered":"\t\t<div data-elementor-type=\"wp-page\" data-elementor-id=\"5028\" class=\"elementor elementor-5028 elementor-3447\">\n\t\t\t\t\t\t\t\t\t<section class=\"elementor-section elementor-top-section elementor-element elementor-element-5f957791 elementor-section-content-middle elementor-section-boxed elementor-section-height-default elementor-section-height-default\" data-id=\"5f957791\" data-element_type=\"section\" id=\"hero\" data-settings=\"{&quot;background_background&quot;:&quot;classic&quot;}\">\n\t\t\t\t\t\t<div class=\"elementor-container elementor-column-gap-default\">\n\t\t\t\t\t<div class=\"elementor-column elementor-col-100 elementor-top-column elementor-element elementor-element-6fc5cf25 hero-wrapper\" data-id=\"6fc5cf25\" data-element_type=\"column\">\n\t\t\t<div class=\"elementor-widget-wrap elementor-element-populated\">\n\t\t\t\t\t\t\t\t<div class=\"elementor-element elementor-element-4d27bcbf elementor-widget elementor-widget-heading\" data-id=\"4d27bcbf\" data-element_type=\"widget\" data-widget_type=\"heading.default\">\n\t\t\t\t<div class=\"elementor-widget-container\">\n\t\t\t<h1 class=\"elementor-heading-title elementor-size-default\">Desafie sua cobran\u00e7a on-line<\/h1>\t\t<\/div>\n\t\t\t\t<\/div>\n\t\t\t\t\t<\/div>\n\t\t<\/div>\n\t\t\t\t\t\t\t<\/div>\n\t\t<\/section>\n\t\t\t\t<section class=\"elementor-section elementor-top-section elementor-element elementor-element-6eb94052 elementor-section-boxed elementor-section-height-default elementor-section-height-default\" data-id=\"6eb94052\" data-element_type=\"section\" data-settings=\"{&quot;background_background&quot;:&quot;classic&quot;}\">\n\t\t\t\t\t\t<div class=\"elementor-container elementor-column-gap-default\">\n\t\t\t\t\t<div class=\"elementor-column elementor-col-50 elementor-top-column elementor-element elementor-element-43d57e2 inner\" data-id=\"43d57e2\" data-element_type=\"column\">\n\t\t\t<div class=\"elementor-widget-wrap elementor-element-populated\">\n\t\t\t\t\t\t\t\t<div class=\"elementor-element elementor-element-294094e3 elementor-widget elementor-widget-heading\" data-id=\"294094e3\" data-element_type=\"widget\" data-widget_type=\"heading.default\">\n\t\t\t\t<div class=\"elementor-widget-container\">\n\t\t\t<h2 class=\"elementor-heading-title elementor-size-xl\">Portagens rodovi\u00e1rias suecas<\/h2>\t\t<\/div>\n\t\t\t\t<\/div>\n\t\t\t\t<div class=\"elementor-element elementor-element-5f7419a7 elementor-widget elementor-widget-text-editor\" data-id=\"5f7419a7\" data-element_type=\"widget\" data-widget_type=\"text-editor.default\">\n\t\t\t\t<div class=\"elementor-widget-container\">\n\t\t\t\t\t\t\t<p>Se voc\u00ea recebeu cobran\u00e7as de passagens de <strong>uso rodovi\u00e1rio na Su\u00e9cia<\/strong> e acredita que elas foram emitidas incorretamente.<\/p>\n\t\t\t\t\t\t<\/div>\n\t\t\t\t<\/div>\n\t\t\t\t<div class=\"elementor-element elementor-element-7a3813b bottom elementor-widget elementor-widget-text-editor\" data-id=\"7a3813b\" data-element_type=\"widget\" data-widget_type=\"text-editor.default\">\n\t\t\t\t<div class=\"elementor-widget-container\">\n\t\t\t\t\t\t\t<p><a class=\"btn btn-primary\" title=\"Mais informa\u00e7\u00e3o\" href=\"https:\/\/www.epass24.com\/pt-pt\/recurso\/recurso-online\/\" data-wplink-edit=\"true\">Clique aqui<\/a><\/p>\n\t\t\t\t\t\t<\/div>\n\t\t\t\t<\/div>\n\t\t\t\t\t<\/div>\n\t\t<\/div>\n\t\t\t\t<div class=\"elementor-column elementor-col-50 elementor-top-column elementor-element elementor-element-1a5df1c inner\" data-id=\"1a5df1c\" data-element_type=\"column\">\n\t\t\t<div class=\"elementor-widget-wrap elementor-element-populated\">\n\t\t\t\t\t\t\t\t<div class=\"elementor-element elementor-element-306f2c41 elementor-widget elementor-widget-heading\" data-id=\"306f2c41\" data-element_type=\"widget\" data-widget_type=\"heading.default\">\n\t\t\t\t<div class=\"elementor-widget-container\">\n\t\t\t<h2 class=\"elementor-heading-title elementor-size-xl\">Portagens rodovi\u00e1rias norueguesas<\/h2>\t\t<\/div>\n\t\t\t\t<\/div>\n\t\t\t\t<div class=\"elementor-element elementor-element-2543ce1 elementor-widget elementor-widget-text-editor\" data-id=\"2543ce1\" data-element_type=\"widget\" data-widget_type=\"text-editor.default\">\n\t\t\t\t<div class=\"elementor-widget-container\">\n\t\t\t\t\t\t\t<p>Se voc\u00ea recebeu cobran\u00e7as de passagens de <strong>uso rodovi\u00e1rio na Noruega <\/strong> e acredita que elas foram emitidas incorretamente.<\/p>\n\t\t\t\t\t\t<\/div>\n\t\t\t\t<\/div>\n\t\t\t\t<div class=\"elementor-element elementor-element-3471a913 bottom elementor-widget elementor-widget-text-editor\" data-id=\"3471a913\" data-element_type=\"widget\" data-widget_type=\"text-editor.default\">\n\t\t\t\t<div class=\"elementor-widget-container\">\n\t\t\t\t\t\t\t<p><a class=\"btn btn-primary\" title=\"Mais informa\u00e7\u00e3o\" href=\"https:\/\/account.epass24.com\/pt\/rep\/step1\" target=\"_blank\" rel=\"nofollow noopener noreferrer\">Clique aqui<\/a><\/p>\n\t\t\t\t\t\t<\/div>\n\t\t\t\t<\/div>\n\t\t\t\t\t<\/div>\n\t\t<\/div>\n\t\t\t\t\t\t\t<\/div>\n\t\t<\/section>\n\t\t\t\t<section class=\"elementor-section elementor-top-section elementor-element elementor-element-a60543c elementor-section-boxed elementor-section-height-default elementor-section-height-default\" data-id=\"a60543c\" data-element_type=\"section\" data-settings=\"{&quot;background_background&quot;:&quot;classic&quot;}\">\n\t\t\t\t\t\t<div class=\"elementor-container elementor-column-gap-default\">\n\t\t\t\t\t<div class=\"elementor-column elementor-col-50 elementor-top-column elementor-element elementor-element-bbf51d4 inner\" data-id=\"bbf51d4\" data-element_type=\"column\">\n\t\t\t<div class=\"elementor-widget-wrap elementor-element-populated\">\n\t\t\t\t\t\t\t\t<div class=\"elementor-element elementor-element-769ef8a elementor-widget elementor-widget-heading\" data-id=\"769ef8a\" data-element_type=\"widget\" data-widget_type=\"heading.default\">\n\t\t\t\t<div class=\"elementor-widget-container\">\n\t\t\t<h2 class=\"elementor-heading-title elementor-size-xl\">Portagens rodovi\u00e1rias francesas<\/h2>\t\t<\/div>\n\t\t\t\t<\/div>\n\t\t\t\t<div class=\"elementor-element elementor-element-70066b6 elementor-widget elementor-widget-text-editor\" data-id=\"70066b6\" data-element_type=\"widget\" data-widget_type=\"text-editor.default\">\n\t\t\t\t<div class=\"elementor-widget-container\">\n\t\t\t\t\t\t\t<p>Se voc\u00ea recebeu cobran\u00e7as de passagens de <strong>road uso rodovi\u00e1rio na Fran\u00e7a<\/strong> e acredita que elas foram emitidas incorretamente.<\/p>\n\t\t\t\t\t\t<\/div>\n\t\t\t\t<\/div>\n\t\t\t\t<div class=\"elementor-element elementor-element-cbe1785 bottom elementor-widget elementor-widget-text-editor\" data-id=\"cbe1785\" data-element_type=\"widget\" data-widget_type=\"text-editor.default\">\n\t\t\t\t<div class=\"elementor-widget-container\">\n\t\t\t\t\t\t\t<p><a class=\"btn btn-primary\" title=\"Mais informa\u00e7\u00e3o\" href=\"https:\/\/account.epass24.com\/pt\/rep\/step1\">Clique aqui<\/a><\/p>\n\t\t\t\t\t\t<\/div>\n\t\t\t\t<\/div>\n\t\t\t\t\t<\/div>\n\t\t<\/div>\n\t\t\t\t<div class=\"elementor-column elementor-col-50 elementor-top-column elementor-element elementor-element-4c7b282 inner\" data-id=\"4c7b282\" data-element_type=\"column\">\n\t\t\t<div class=\"elementor-widget-wrap elementor-element-populated\">\n\t\t\t\t\t\t\t\t<div class=\"elementor-element elementor-element-7d88f16 elementor-widget elementor-widget-heading\" data-id=\"7d88f16\" data-element_type=\"widget\" data-widget_type=\"heading.default\">\n\t\t\t\t<div class=\"elementor-widget-container\">\n\t\t\t<h2 class=\"elementor-heading-title elementor-size-xl\">Portagens portuguesas<\/h2>\t\t<\/div>\n\t\t\t\t<\/div>\n\t\t\t\t<div class=\"elementor-element elementor-element-42d5b40 elementor-widget elementor-widget-text-editor\" data-id=\"42d5b40\" data-element_type=\"widget\" data-widget_type=\"text-editor.default\">\n\t\t\t\t<div class=\"elementor-widget-container\">\n\t\t\t\t\t\t\t<p>Se recebeu portagens de circula\u00e7\u00e3o <strong>rodovi\u00e1ria em Portugal <\/strong>e acredita que foram emitidas incorretamente.<\/p>\n\t\t\t\t\t\t<\/div>\n\t\t\t\t<\/div>\n\t\t\t\t<div class=\"elementor-element elementor-element-7f85022 bottom elementor-widget elementor-widget-text-editor\" data-id=\"7f85022\" data-element_type=\"widget\" data-widget_type=\"text-editor.default\">\n\t\t\t\t<div class=\"elementor-widget-container\">\n\t\t\t\t\t\t\t<p><a class=\"btn btn-primary\" title=\"Mais informa\u00e7\u00e3o\" href=\"https:\/\/account.epass24.com\/pt\/rep\/step1\" target=\"_blank\" rel=\"nofollow noopener noreferrer\">Clique aqui<\/a><\/p>\n\t\t\t\t\t\t<\/div>\n\t\t\t\t<\/div>\n\t\t\t\t\t<\/div>\n\t\t<\/div>\n\t\t\t\t\t\t\t<\/div>\n\t\t<\/section>\n\t\t\t\t\t\t\t<\/div>\n\t\t","protected":false},"excerpt":{"rendered":"<p>Desafie sua cobran\u00e7a on-line Portagens rodovi\u00e1rias suecas Se voc\u00ea recebeu cobran\u00e7as de passagens de uso rodovi\u00e1rio na Su\u00e9cia e acredita que elas foram emitidas incorretamente. Clique aqui Portagens rodovi\u00e1rias norueguesas Se voc\u00ea recebeu cobran\u00e7as de passagens de uso rodovi\u00e1rio na Noruega e acredita que elas foram emitidas incorretamente. Clique aqui Portagens rodovi\u00e1rias francesas Se voc\u00ea [&hellip;]<\/p>\n","protected":false},"author":4,"featured_media":0,"parent":0,"menu_order":0,"comment_status":"closed","ping_status":"closed","template":"","meta":{"inline_featured_image":false},"acf":[],"_links":{"self":[{"href":"https:\/\/epass24.com\/pt-pt\/wp-json\/wp\/v2\/pages\/5028"}],"collection":[{"href":"https:\/\/epass24.com\/pt-pt\/wp-json\/wp\/v2\/pages"}],"about":[{"href":"https:\/\/epass24.com\/pt-pt\/wp-json\/wp\/v2\/types\/page"}],"author":[{"embeddable":true,"href":"https:\/\/epass24.com\/pt-pt\/wp-json\/wp\/v2\/users\/4"}],"replies":[{"embeddable":true,"href":"https:\/\/epass24.com\/pt-pt\/wp-json\/wp\/v2\/comments?post=5028"}],"version-history":[{"count":9,"href":"https:\/\/epass24.com\/pt-pt\/wp-json\/wp\/v2\/pages\/5028\/revisions"}],"predecessor-version":[{"id":5154,"href":"https:\/\/epass24.com\/pt-pt\/wp-json\/wp\/v2\/pages\/5028\/revisions\/5154"}],"wp:attachment":[{"href":"https:\/\/epass24.com\/pt-pt\/wp-json\/wp\/v2\/media?parent=5028"}],"curies":[{"name":"wp","href":"https:\/\/api.w.org\/{rel}","templated":true}]}}