{"id":2626,"date":"2021-04-28T08:48:08","date_gmt":"2021-04-28T08:48:08","guid":{"rendered":"http:\/\/epass24.uncleserj.com\/customer-support\/"},"modified":"2022-09-19T14:34:57","modified_gmt":"2022-09-19T14:34:57","slug":"customer-support","status":"publish","type":"page","link":"https:\/\/epass24.com\/pt-pt\/customer-support\/","title":{"rendered":"Suporte Ao Cliente"},"content":{"rendered":"\t\t<div data-elementor-type=\"wp-page\" data-elementor-id=\"2626\" class=\"elementor elementor-2626 elementor-618\">\n\t\t\t\t\t\t\t\t\t<section class=\"elementor-section elementor-top-section elementor-element elementor-element-66aaa548 elementor-section-content-middle elementor-section-boxed elementor-section-height-default elementor-section-height-default\" data-id=\"66aaa548\" data-element_type=\"section\" id=\"hero\" data-settings=\"{&quot;background_background&quot;:&quot;classic&quot;}\">\n\t\t\t\t\t\t<div class=\"elementor-container elementor-column-gap-default\">\n\t\t\t\t\t<div class=\"elementor-column elementor-col-100 elementor-top-column elementor-element elementor-element-7ca94152 hero-wrapper\" data-id=\"7ca94152\" data-element_type=\"column\">\n\t\t\t<div class=\"elementor-widget-wrap elementor-element-populated\">\n\t\t\t\t\t\t\t\t<div class=\"elementor-element elementor-element-4619b79 elementor-widget elementor-widget-heading\" data-id=\"4619b79\" data-element_type=\"widget\" data-widget_type=\"heading.default\">\n\t\t\t\t<div class=\"elementor-widget-container\">\n\t\t\t<h1 class=\"elementor-heading-title elementor-size-xl\">Bem-vindo \u00e0 nossa p\u00e1gina de suporte ao cliente, em que podemos ajudar?<\/h1>\t\t<\/div>\n\t\t\t\t<\/div>\n\t\t\t\t\t<\/div>\n\t\t<\/div>\n\t\t\t\t\t\t\t<\/div>\n\t\t<\/section>\n\t\t\t\t<section class=\"elementor-section elementor-top-section elementor-element elementor-element-5e2a19b8 elementor-section-boxed elementor-section-height-default elementor-section-height-default\" data-id=\"5e2a19b8\" data-element_type=\"section\" data-settings=\"{&quot;background_background&quot;:&quot;classic&quot;}\">\n\t\t\t\t\t\t<div class=\"elementor-container elementor-column-gap-default\">\n\t\t\t\t\t<div class=\"elementor-column elementor-col-50 elementor-top-column elementor-element elementor-element-e4dab77 inner\" data-id=\"e4dab77\" data-element_type=\"column\">\n\t\t\t<div class=\"elementor-widget-wrap elementor-element-populated\">\n\t\t\t\t\t\t\t\t<div class=\"elementor-element elementor-element-7e57681a elementor-widget elementor-widget-heading\" data-id=\"7e57681a\" data-element_type=\"widget\" data-widget_type=\"heading.default\">\n\t\t\t\t<div class=\"elementor-widget-container\">\n\t\t\t<h2 class=\"elementor-heading-title elementor-size-large\">Detalhes sobre a taxa de portagem?<\/h2>\t\t<\/div>\n\t\t\t\t<\/div>\n\t\t\t\t<div class=\"elementor-element elementor-element-1b61642d elementor-widget elementor-widget-text-editor\" data-id=\"1b61642d\" data-element_type=\"widget\" data-widget_type=\"text-editor.default\">\n\t\t\t\t<div class=\"elementor-widget-container\">\n\t\t\t\t\t\t\t<p><span style=\"color: var( --e-global-color-secondary );\">Como o sistema \u00e9 totalmente automatizado, podem ocorrer erros  pela camera na detec\u00e7\u00e3o de imagens.<\/p>\n<p><\/span><\/p>\n<p>Se voc\u00ea recebeu uma fatura de cobran\u00e7a de uma portagem relacionada a uma viagem que voc\u00ea n\u00e3o fez, pode solicitar uma revis\u00e3o. As passagens ser\u00e3o ent\u00e3o verificadas com as fotos que nos foram disponibizadas.<\/p>\n\t\t\t\t\t\t<\/div>\n\t\t\t\t<\/div>\n\t\t\t\t<div class=\"elementor-element elementor-element-167ee89 bottom elementor-widget elementor-widget-text-editor\" data-id=\"167ee89\" data-element_type=\"widget\" data-widget_type=\"text-editor.default\">\n\t\t\t\t<div class=\"elementor-widget-container\">\n\t\t\t\t\t\t\t<p><a class=\"btn btn-primary\" title=\"Solicite uma revis\u00e3o \" href=\"https:\/\/www.epass24.com\/pt-pt\/recurso\/\" data-wplink-edit=\"true\">Solicitar uma revis\u00e3o<\/a><\/p>\n\t\t\t\t\t\t<\/div>\n\t\t\t\t<\/div>\n\t\t\t\t\t<\/div>\n\t\t<\/div>\n\t\t\t\t<div class=\"elementor-column elementor-col-50 elementor-top-column elementor-element elementor-element-1c8a9eed inner\" data-id=\"1c8a9eed\" data-element_type=\"column\">\n\t\t\t<div class=\"elementor-widget-wrap elementor-element-populated\">\n\t\t\t\t\t\t\t\t<div class=\"elementor-element elementor-element-224670dd elementor-widget elementor-widget-heading\" data-id=\"224670dd\" data-element_type=\"widget\" data-widget_type=\"heading.default\">\n\t\t\t\t<div class=\"elementor-widget-container\">\n\t\t\t<h2 class=\"elementor-heading-title elementor-size-large\">N\u00e3o se trata do meu ve\u00edculo<\/h2>\t\t<\/div>\n\t\t\t\t<\/div>\n\t\t\t\t<div class=\"elementor-element elementor-element-12ca1e9e elementor-widget elementor-widget-text-editor\" data-id=\"12ca1e9e\" data-element_type=\"widget\" data-widget_type=\"text-editor.default\">\n\t\t\t\t<div class=\"elementor-widget-container\">\n\t\t\t\t\t\t\t<p>Talvez voc\u00ea n\u00e3o fosse o propriet\u00e1rio do ve\u00edculo na altura da passagem?<\/p>\n<p>O Epass24 obt\u00e9m automaticamente os detalhes do propriet\u00e1rio do ve\u00edculo do registro nacional de ve\u00edculos. Por vezes, o registro n\u00e3o \u00e9 totalmente atualizado e iremos tratar o caso manualmente.<\/p>\n\t\t\t\t\t\t<\/div>\n\t\t\t\t<\/div>\n\t\t\t\t<div class=\"elementor-element elementor-element-d930991 bottom elementor-widget elementor-widget-text-editor\" data-id=\"d930991\" data-element_type=\"widget\" data-widget_type=\"text-editor.default\">\n\t\t\t\t<div class=\"elementor-widget-container\">\n\t\t\t\t\t\t\t<p><a class=\"btn btn-primary\" title=\"Forne\u00e7a detalhes do propriet\u00e1rio do ve\u00edculo\" href=\"https:\/\/www.epass24.com\/pt-pt\/recurso\/\">Solicitar uma revis\u00e3o<\/a><\/p>\n\t\t\t\t\t\t<\/div>\n\t\t\t\t<\/div>\n\t\t\t\t\t<\/div>\n\t\t<\/div>\n\t\t\t\t\t\t\t<\/div>\n\t\t<\/section>\n\t\t\t\t<section class=\"elementor-section elementor-top-section elementor-element elementor-element-5e9b67c2 has-padding elementor-section-content-middle elementor-section-boxed elementor-section-height-default elementor-section-height-default\" data-id=\"5e9b67c2\" data-element_type=\"section\" data-settings=\"{&quot;background_background&quot;:&quot;classic&quot;}\">\n\t\t\t\t\t\t<div class=\"elementor-container elementor-column-gap-default\">\n\t\t\t\t\t<div class=\"elementor-column elementor-col-50 elementor-top-column elementor-element elementor-element-6c778942 min-height border-top-left-radius\" data-id=\"6c778942\" data-element_type=\"column\" data-settings=\"{&quot;background_background&quot;:&quot;classic&quot;}\">\n\t\t\t<div class=\"elementor-widget-wrap elementor-element-populated\">\n\t\t\t\t\t\t\t\t<div class=\"elementor-element elementor-element-7d10b57 overlinkfull elementor-widget elementor-widget-html\" data-id=\"7d10b57\" data-element_type=\"widget\" data-widget_type=\"html.default\">\n\t\t\t\t<div class=\"elementor-widget-container\">\n\t\t\t<a href=\"https:\/\/www.epass24.com\/pt-pt\/debt-collection\/\"><\/a>\t\t<\/div>\n\t\t\t\t<\/div>\n\t\t\t\t\t<\/div>\n\t\t<\/div>\n\t\t\t\t<div class=\"elementor-column elementor-col-50 elementor-top-column elementor-element elementor-element-1725b0b5 border-top-right-radius\" data-id=\"1725b0b5\" data-element_type=\"column\" data-settings=\"{&quot;background_background&quot;:&quot;classic&quot;}\">\n\t\t\t<div class=\"elementor-widget-wrap elementor-element-populated\">\n\t\t\t\t\t\t\t\t<div class=\"elementor-element elementor-element-2e697547 overlink elementor-widget elementor-widget-heading\" data-id=\"2e697547\" data-element_type=\"widget\" data-widget_type=\"heading.default\">\n\t\t\t\t<div class=\"elementor-widget-container\">\n\t\t\t<h3 class=\"elementor-heading-title elementor-size-xl\"><a href=\"https:\/\/www.epass24.com\/pt-pt\/debt-collection\/\">Nossa abordagem para a cobran\u00e7a de d\u00edvidas<\/a><\/h3>\t\t<\/div>\n\t\t\t\t<\/div>\n\t\t\t\t\t<\/div>\n\t\t<\/div>\n\t\t\t\t\t\t\t<\/div>\n\t\t<\/section>\n\t\t\t\t<section class=\"elementor-section elementor-top-section elementor-element elementor-element-6e8a4d09 has-padding elementor-section-content-middle elementor-section-boxed elementor-section-height-default elementor-section-height-default\" data-id=\"6e8a4d09\" data-element_type=\"section\" data-settings=\"{&quot;background_background&quot;:&quot;classic&quot;}\">\n\t\t\t\t\t\t<div class=\"elementor-container elementor-column-gap-default\">\n\t\t\t\t\t<div class=\"elementor-column elementor-col-50 elementor-top-column elementor-element elementor-element-54506f64 border-bottom-left-radius\" data-id=\"54506f64\" data-element_type=\"column\" data-settings=\"{&quot;background_background&quot;:&quot;classic&quot;}\">\n\t\t\t<div class=\"elementor-widget-wrap elementor-element-populated\">\n\t\t\t\t\t\t\t\t<div class=\"elementor-element elementor-element-2ca92c4c overlink elementor-widget elementor-widget-heading\" data-id=\"2ca92c4c\" data-element_type=\"widget\" data-widget_type=\"heading.default\">\n\t\t\t\t<div class=\"elementor-widget-container\">\n\t\t\t<h3 class=\"elementor-heading-title elementor-size-xl\"><a href=\"https:\/\/www.epass24.com\/pt-pt\/handling-of-personal-data\/\">Como lidamos com seus dados pessoais<\/a><\/h3>\t\t<\/div>\n\t\t\t\t<\/div>\n\t\t\t\t\t<\/div>\n\t\t<\/div>\n\t\t\t\t<div class=\"elementor-column elementor-col-50 elementor-top-column elementor-element elementor-element-783563c8 order min-height border-bottom-right-radius\" data-id=\"783563c8\" data-element_type=\"column\" data-settings=\"{&quot;background_background&quot;:&quot;classic&quot;}\">\n\t\t\t<div class=\"elementor-widget-wrap elementor-element-populated\">\n\t\t\t\t\t\t\t\t<div class=\"elementor-element elementor-element-5f5c76f overlinkfull elementor-widget elementor-widget-html\" data-id=\"5f5c76f\" data-element_type=\"widget\" data-widget_type=\"html.default\">\n\t\t\t\t<div class=\"elementor-widget-container\">\n\t\t\t<a href=\"https:\/\/www.epass24.com\/pt-pt\/handling-of-personal-data\/\"><\/a>\t\t<\/div>\n\t\t\t\t<\/div>\n\t\t\t\t\t<\/div>\n\t\t<\/div>\n\t\t\t\t\t\t\t<\/div>\n\t\t<\/section>\n\t\t\t\t<section class=\"elementor-section elementor-top-section elementor-element elementor-element-3695199 elementor-section-boxed elementor-section-height-default elementor-section-height-default\" data-id=\"3695199\" data-element_type=\"section\" data-settings=\"{&quot;background_background&quot;:&quot;classic&quot;}\">\n\t\t\t\t\t\t<div class=\"elementor-container elementor-column-gap-default\">\n\t\t\t\t\t<div class=\"elementor-column elementor-col-50 elementor-top-column elementor-element elementor-element-c6190b1 inner\" data-id=\"c6190b1\" data-element_type=\"column\">\n\t\t\t<div class=\"elementor-widget-wrap elementor-element-populated\">\n\t\t\t\t\t\t\t\t<div class=\"elementor-element elementor-element-3eb0e59 elementor-widget elementor-widget-heading\" data-id=\"3eb0e59\" data-element_type=\"widget\" data-widget_type=\"heading.default\">\n\t\t\t\t<div class=\"elementor-widget-container\">\n\t\t\t<h2 class=\"elementor-heading-title elementor-size-large\">Voc\u00ea ainda acha que a cobran\u00e7a de ped\u00e1gio foi detectada e registrada incorretamente?<\/h2>\t\t<\/div>\n\t\t\t\t<\/div>\n\t\t\t\t<div class=\"elementor-element elementor-element-e885b92 mb-0 elementor-widget elementor-widget-text-editor\" data-id=\"e885b92\" data-element_type=\"widget\" data-widget_type=\"text-editor.default\">\n\t\t\t\t<div class=\"elementor-widget-container\">\n\t\t\t\t\t\t\t\t\t\t\t\t\t<\/div>\n\t\t\t\t<\/div>\n\t\t\t\t<div class=\"elementor-element elementor-element-263b0f7 bottom elementor-widget elementor-widget-text-editor\" data-id=\"263b0f7\" data-element_type=\"widget\" data-widget_type=\"text-editor.default\">\n\t\t\t\t<div class=\"elementor-widget-container\">\n\t\t\t\t\t\t\t<p><a class=\"btn btn-primary\" href=\"https:\/\/www.epass24.com\/pt-pt\/recurso\/\"><strong>Solicitar uma revis\u00e3o<\/strong><\/a><\/p>\n\t\t\t\t\t\t<\/div>\n\t\t\t\t<\/div>\n\t\t\t\t\t<\/div>\n\t\t<\/div>\n\t\t\t\t<div class=\"elementor-column elementor-col-50 elementor-top-column elementor-element elementor-element-8ca24ce inner\" data-id=\"8ca24ce\" data-element_type=\"column\">\n\t\t\t<div class=\"elementor-widget-wrap elementor-element-populated\">\n\t\t\t\t\t\t\t\t<div class=\"elementor-element elementor-element-0075f70 elementor-widget elementor-widget-heading\" data-id=\"0075f70\" data-element_type=\"widget\" data-widget_type=\"heading.default\">\n\t\t\t\t<div class=\"elementor-widget-container\">\n\t\t\t<h2 class=\"elementor-heading-title elementor-size-large\">Suporte ao cliente<\/h2>\t\t<\/div>\n\t\t\t\t<\/div>\n\t\t\t\t<div class=\"elementor-element elementor-element-7ea3dca elementor-widget elementor-widget-text-editor\" data-id=\"7ea3dca\" data-element_type=\"widget\" data-widget_type=\"text-editor.default\">\n\t\t\t\t<div class=\"elementor-widget-container\">\n\t\t\t\t\t\t\t<div class=\"d-md-flex justify-content-between\">\n<div class=\"flex-grow-1\">\n<p class=\"d-flex justify-content-between\" style=\"max-width: 350px;\">Segunda \u2013 Quinta <strong>09:00 &#8211; 17:00<\/strong><\/p>\n<p class=\"d-flex justify-content-between\" style=\"max-width: 350px;\">Sexta<strong>09:00-16:00<\/strong><\/p>\n<p class=\"d-flex justify-content-between\" style=\"max-width: 350px;\">S\u00e1bado e Domingo<strong>Fechado<\/strong><\/p>\n<p class=\"d-flex justify-content-between\" style=\"max-width: 350px;\">Feriado<strong>Fechado<\/strong><\/p>\n<\/div>\n<div class=\"flex-grow-1 text-md-center\">\n<h5 class=\"mb-0\"><a style=\"color: var(--e-global-color-primary);\" href=\"+46844680000\n\"><strong>+46 (0) 8 44 68 00 00<\/p>\n<p><\/strong><\/a><\/h5>\n<h5 class=\"mb-3\"><a style=\"color: var(--e-global-color-primary);\" href=\"mailto:pt@epass24.com\"><strong>pt@epass24.com<\/strong><\/a><\/h5>\n<\/div>\n<\/div>\n\t\t\t\t\t\t<\/div>\n\t\t\t\t<\/div>\n\t\t\t\t\t<\/div>\n\t\t<\/div>\n\t\t\t\t\t\t\t<\/div>\n\t\t<\/section>\n\t\t\t\t\t\t\t<\/div>\n\t\t","protected":false},"excerpt":{"rendered":"<p>Bem-vindo \u00e0 nossa p\u00e1gina de suporte ao cliente, em que podemos ajudar? Detalhes sobre a taxa de portagem? Como o sistema \u00e9 totalmente automatizado, podem ocorrer erros pela camera na detec\u00e7\u00e3o de imagens. Se voc\u00ea recebeu uma fatura de cobran\u00e7a de uma portagem relacionada a uma viagem que voc\u00ea n\u00e3o fez, pode solicitar uma revis\u00e3o. [&hellip;]<\/p>\n","protected":false},"author":1,"featured_media":0,"parent":0,"menu_order":0,"comment_status":"closed","ping_status":"closed","template":"","meta":{"inline_featured_image":false},"acf":[],"_links":{"self":[{"href":"https:\/\/epass24.com\/pt-pt\/wp-json\/wp\/v2\/pages\/2626"}],"collection":[{"href":"https:\/\/epass24.com\/pt-pt\/wp-json\/wp\/v2\/pages"}],"about":[{"href":"https:\/\/epass24.com\/pt-pt\/wp-json\/wp\/v2\/types\/page"}],"author":[{"embeddable":true,"href":"https:\/\/epass24.com\/pt-pt\/wp-json\/wp\/v2\/users\/1"}],"replies":[{"embeddable":true,"href":"https:\/\/epass24.com\/pt-pt\/wp-json\/wp\/v2\/comments?post=2626"}],"version-history":[{"count":13,"href":"https:\/\/epass24.com\/pt-pt\/wp-json\/wp\/v2\/pages\/2626\/revisions"}],"predecessor-version":[{"id":5090,"href":"https:\/\/epass24.com\/pt-pt\/wp-json\/wp\/v2\/pages\/2626\/revisions\/5090"}],"wp:attachment":[{"href":"https:\/\/epass24.com\/pt-pt\/wp-json\/wp\/v2\/media?parent=2626"}],"curies":[{"name":"wp","href":"https:\/\/api.w.org\/{rel}","templated":true}]}}