{"id":2622,"date":"2021-04-28T08:37:51","date_gmt":"2021-04-28T08:37:51","guid":{"rendered":"http:\/\/epass24.uncleserj.com\/taxa-rodoviaria\/"},"modified":"2021-04-28T13:16:01","modified_gmt":"2021-04-28T13:16:01","slug":"taxa-rodoviaria","status":"publish","type":"page","link":"https:\/\/epass24.com\/pt-pt\/taxa-rodoviaria\/","title":{"rendered":"Taxa rodovi\u00e1ria"},"content":{"rendered":"\t\t<div data-elementor-type=\"wp-page\" data-elementor-id=\"2622\" class=\"elementor elementor-2622 elementor-754\">\n\t\t\t\t\t\t\t\t\t<section class=\"elementor-section elementor-top-section elementor-element elementor-element-28c921dc elementor-section-content-middle elementor-section-boxed elementor-section-height-default elementor-section-height-default\" data-id=\"28c921dc\" data-element_type=\"section\" id=\"hero\" data-settings=\"{&quot;background_background&quot;:&quot;classic&quot;}\">\n\t\t\t\t\t\t<div class=\"elementor-container elementor-column-gap-default\">\n\t\t\t\t\t<div class=\"elementor-column elementor-col-100 elementor-top-column elementor-element elementor-element-67173fed hero-wrapper\" data-id=\"67173fed\" data-element_type=\"column\">\n\t\t\t<div class=\"elementor-widget-wrap elementor-element-populated\">\n\t\t\t\t\t\t\t\t<div class=\"elementor-element elementor-element-4ed96da elementor-widget elementor-widget-heading\" data-id=\"4ed96da\" data-element_type=\"widget\" data-widget_type=\"heading.default\">\n\t\t\t\t<div class=\"elementor-widget-container\">\n\t\t\t<h1 class=\"elementor-heading-title elementor-size-default\">Infraestruturas, sa\u00fade p\u00fablica e o ambiente.<\/h1>\t\t<\/div>\n\t\t\t\t<\/div>\n\t\t\t\t<div class=\"elementor-element elementor-element-e795277 elementor-widget elementor-widget-text-editor\" data-id=\"e795277\" data-element_type=\"widget\" data-widget_type=\"text-editor.default\">\n\t\t\t\t<div class=\"elementor-widget-container\">\n\t\t\t\t\t\t\t\t\t\t\t\t\t<\/div>\n\t\t\t\t<\/div>\n\t\t\t\t\t<\/div>\n\t\t<\/div>\n\t\t\t\t\t\t\t<\/div>\n\t\t<\/section>\n\t\t\t\t<section class=\"elementor-section elementor-top-section elementor-element elementor-element-3b2d26c8 elementor-section-boxed elementor-section-height-default elementor-section-height-default\" data-id=\"3b2d26c8\" data-element_type=\"section\" data-settings=\"{&quot;background_background&quot;:&quot;classic&quot;}\">\n\t\t\t\t\t\t<div class=\"elementor-container elementor-column-gap-default\">\n\t\t\t\t\t<div class=\"elementor-column elementor-col-100 elementor-top-column elementor-element elementor-element-718039d3\" data-id=\"718039d3\" data-element_type=\"column\">\n\t\t\t<div class=\"elementor-widget-wrap elementor-element-populated\">\n\t\t\t\t\t\t\t\t<section class=\"elementor-section elementor-inner-section elementor-element elementor-element-750eaf80 entry-content elementor-section-content-top elementor-section-boxed elementor-section-height-default elementor-section-height-default\" data-id=\"750eaf80\" data-element_type=\"section\" data-settings=\"{&quot;background_background&quot;:&quot;classic&quot;}\">\n\t\t\t\t\t\t<div class=\"elementor-container elementor-column-gap-default\">\n\t\t\t\t\t<div class=\"elementor-column elementor-col-50 elementor-inner-column elementor-element elementor-element-8f8ecd0 road\" data-id=\"8f8ecd0\" data-element_type=\"column\">\n\t\t\t<div class=\"elementor-widget-wrap elementor-element-populated\">\n\t\t\t\t\t\t\t\t<div class=\"elementor-element elementor-element-1bacc71 elementor-widget elementor-widget-heading\" data-id=\"1bacc71\" data-element_type=\"widget\" data-widget_type=\"heading.default\">\n\t\t\t\t<div class=\"elementor-widget-container\">\n\t\t\t<h2 class=\"elementor-heading-title elementor-size-default\">Porque as taxas rodovi\u00e1rias?<\/h2>\t\t<\/div>\n\t\t\t\t<\/div>\n\t\t\t\t<div class=\"elementor-element elementor-element-759a5a8 elementor-widget elementor-widget-text-editor\" data-id=\"759a5a8\" data-element_type=\"widget\" data-widget_type=\"text-editor.default\">\n\t\t\t\t<div class=\"elementor-widget-container\">\n\t\t\t\t\t\t\t<p><span style=\"color: var( --e-global-color-secondary );\">O principal objetivo da cobran\u00e7a de taxas rodovi\u00e1rias \u00e9 para que os governos locais possam continuar a construir e manter estradas, pontes e auto.estradas de alta qualidade.\u00a0<br \/><\/span><span style=\"color: var( --e-global-color-secondary );\"><br \/>Alguns encargos, como taxas de congestionamento e encargos vinculados a zonas de baixa emiss\u00e3o, tamb\u00e9m s\u00e3o usados para reduzir a polui\u00e7\u00e3o em \u00e1reas espec\u00edficas para melhorar a qualidade do ar. O objetivo \u00e9 melhorar a sa\u00fade p\u00fablica e melhorar o meio ambiente.<br \/><\/span><span style=\"color: var( --e-global-color-secondary );\"><br \/>Todos os encargos rodovi\u00e1rios administrados pelo Epass24 s\u00e3o emitidos por c\u00e2meras ANPR (Automatic Number Plate Recognition). Todas as tarifas de ped\u00e1gio s\u00e3o registradas automaticamente e faturadas posteriormente.<br \/><\/span><span style=\"color: var( --e-global-color-secondary );\"><br \/>As taxas de utiliza\u00e7\u00e3o das estradas n\u00e3o s\u00e3o bem-vistas por todos, mas \u00e9 importante considerar que s\u00e3o implementadas para tornar a vida melhor para a sociedade como um todo.<\/span><\/p>\n<p>\u00a0<\/p>\n\t\t\t\t\t\t<\/div>\n\t\t\t\t<\/div>\n\t\t\t\t<div class=\"elementor-element elementor-element-9910f75 elementor-widget elementor-widget-text-editor\" data-id=\"9910f75\" data-element_type=\"widget\" data-widget_type=\"text-editor.default\">\n\t\t\t\t<div class=\"elementor-widget-container\">\n\t\t\t\t\t\t\t<ul>\n<li><i class=\"fas fa-chevron-right\"><\/i>Taxa de congestionamento<\/li>\n<li><i class=\"fas fa-chevron-right\"><\/i>Taxa de infrastructura <\/li>\n<li><i class=\"fas fa-chevron-right\"><\/i>Portagens de auto estrada<\/li>\n<li><i class=\"fas fa-chevron-right\"><\/i>Portagens de ponte<\/li>\n<li><i class=\"fas fa-chevron-right\"><\/i>Zonas de Baixa Emiss\u00e3o<\/li>\n<li><i class=\"fas fa-chevron-right\"><\/i>Vignetta <\/li>\n<li><i class=\"fas fa-chevron-right\"><\/i>Passagens de Ferryboat<\/li>\n<\/ul>\n<p><img loading=\"lazy\" class=\"size-medium wp-image-156 alignright\" src=\"https:\/\/www.epass24.com\/wp-content\/uploads\/part-2-300x200.jpg\" alt=\"\" width=\"250\" height=\"250\" \/><\/p>\n\t\t\t\t\t\t<\/div>\n\t\t\t\t<\/div>\n\t\t\t\t\t<\/div>\n\t\t<\/div>\n\t\t\t\t<div class=\"elementor-column elementor-col-50 elementor-inner-column elementor-element elementor-element-4ce275b\" data-id=\"4ce275b\" data-element_type=\"column\">\n\t\t\t<div class=\"elementor-widget-wrap elementor-element-populated\">\n\t\t\t\t\t\t\t\t<div class=\"elementor-element elementor-element-d3d3bce elementor-widget elementor-widget-image\" data-id=\"d3d3bce\" data-element_type=\"widget\" data-widget_type=\"image.default\">\n\t\t\t\t<div class=\"elementor-widget-container\">\n\t\t\t\t\t\t\t\t\t\t\t\t\t\t\t<img width=\"2500\" height=\"1820\" src=\"\/wp-content\/uploads\/road-1.svg\" class=\"attachment-full size-full wp-image-1583\" alt=\"\" loading=\"lazy\" \/>\t\t\t\t\t\t\t\t\t\t\t\t\t\t\t<\/div>\n\t\t\t\t<\/div>\n\t\t\t\t\t<\/div>\n\t\t<\/div>\n\t\t\t\t\t\t\t<\/div>\n\t\t<\/section>\n\t\t\t\t\t<\/div>\n\t\t<\/div>\n\t\t\t\t\t\t\t<\/div>\n\t\t<\/section>\n\t\t\t\t\t\t\t<\/div>\n\t\t","protected":false},"excerpt":{"rendered":"<p>Infraestruturas, sa\u00fade p\u00fablica e o ambiente. Porque as taxas rodovi\u00e1rias? O principal objetivo da cobran\u00e7a de taxas rodovi\u00e1rias \u00e9 para que os governos locais possam continuar a construir e manter estradas, pontes e auto.estradas de alta qualidade.\u00a0 Alguns encargos, como taxas de congestionamento e encargos vinculados a zonas de baixa emiss\u00e3o, tamb\u00e9m s\u00e3o usados para [&hellip;]<\/p>\n","protected":false},"author":1,"featured_media":0,"parent":0,"menu_order":0,"comment_status":"closed","ping_status":"closed","template":"","meta":{"inline_featured_image":false},"acf":[],"_links":{"self":[{"href":"https:\/\/epass24.com\/pt-pt\/wp-json\/wp\/v2\/pages\/2622"}],"collection":[{"href":"https:\/\/epass24.com\/pt-pt\/wp-json\/wp\/v2\/pages"}],"about":[{"href":"https:\/\/epass24.com\/pt-pt\/wp-json\/wp\/v2\/types\/page"}],"author":[{"embeddable":true,"href":"https:\/\/epass24.com\/pt-pt\/wp-json\/wp\/v2\/users\/1"}],"replies":[{"embeddable":true,"href":"https:\/\/epass24.com\/pt-pt\/wp-json\/wp\/v2\/comments?post=2622"}],"version-history":[{"count":1,"href":"https:\/\/epass24.com\/pt-pt\/wp-json\/wp\/v2\/pages\/2622\/revisions"}],"predecessor-version":[{"id":2623,"href":"https:\/\/epass24.com\/pt-pt\/wp-json\/wp\/v2\/pages\/2622\/revisions\/2623"}],"wp:attachment":[{"href":"https:\/\/epass24.com\/pt-pt\/wp-json\/wp\/v2\/media?parent=2622"}],"curies":[{"name":"wp","href":"https:\/\/api.w.org\/{rel}","templated":true}]}}