{"id":3635,"date":"2021-07-11T13:47:00","date_gmt":"2021-07-11T13:47:00","guid":{"rendered":"https:\/\/www.epass24.com\/appeal\/appeal-online\/"},"modified":"2025-06-02T14:38:44","modified_gmt":"2025-06-02T14:38:44","slug":"appeal-online","status":"publish","type":"page","link":"https:\/\/epass24.com\/pl\/appeal\/appeal-online\/","title":{"rendered":"Appeal Online"},"content":{"rendered":"\t\t<div data-elementor-type=\"wp-page\" data-elementor-id=\"3635\" class=\"elementor elementor-3635 elementor-3565\">\n\t\t\t\t\t\t\t\t\t<section class=\"elementor-section elementor-top-section elementor-element elementor-element-68e50377 elementor-section-content-middle elementor-section-boxed elementor-section-height-default elementor-section-height-default\" data-id=\"68e50377\" data-element_type=\"section\" id=\"hero\" data-settings=\"{&quot;background_background&quot;:&quot;classic&quot;}\">\n\t\t\t\t\t\t<div class=\"elementor-container elementor-column-gap-default\">\n\t\t\t\t\t<div class=\"elementor-column elementor-col-100 elementor-top-column elementor-element elementor-element-26b419cd hero-wrapper\" data-id=\"26b419cd\" data-element_type=\"column\">\n\t\t\t<div class=\"elementor-widget-wrap elementor-element-populated\">\n\t\t\t\t\t\t\t\t<div class=\"elementor-element elementor-element-1f759e8b elementor-widget elementor-widget-heading\" data-id=\"1f759e8b\" data-element_type=\"widget\" data-widget_type=\"heading.default\">\n\t\t\t\t<div class=\"elementor-widget-container\">\n\t\t\t<h1 class=\"elementor-heading-title elementor-size-default\">Odwo\u0142anie online<br><small>do Szwedzkiego Urz\u0119du Skarbowego lub Agencji Transportowej<\/small><\/h1>\t\t<\/div>\n\t\t\t\t<\/div>\n\t\t\t\t\t<\/div>\n\t\t<\/div>\n\t\t\t\t\t\t\t<\/div>\n\t\t<\/section>\n\t\t\t\t<section class=\"elementor-section elementor-top-section elementor-element elementor-element-d6b775d elementor-section-boxed elementor-section-height-default elementor-section-height-default\" data-id=\"d6b775d\" data-element_type=\"section\" data-settings=\"{&quot;background_background&quot;:&quot;classic&quot;}\">\n\t\t\t\t\t\t<div class=\"elementor-container elementor-column-gap-default\">\n\t\t\t\t\t<div class=\"elementor-column elementor-col-100 elementor-top-column elementor-element elementor-element-1877fe90\" data-id=\"1877fe90\" data-element_type=\"column\">\n\t\t\t<div class=\"elementor-widget-wrap elementor-element-populated\">\n\t\t\t\t\t\t\t\t<section class=\"elementor-section elementor-inner-section elementor-element elementor-element-6d057dd3 entry-content elementor-section-boxed elementor-section-height-default elementor-section-height-default\" data-id=\"6d057dd3\" data-element_type=\"section\" data-settings=\"{&quot;background_background&quot;:&quot;classic&quot;}\">\n\t\t\t\t\t\t<div class=\"elementor-container elementor-column-gap-default\">\n\t\t\t\t\t<div class=\"elementor-column elementor-col-100 elementor-inner-column elementor-element elementor-element-44469099\" data-id=\"44469099\" data-element_type=\"column\">\n\t\t\t<div class=\"elementor-widget-wrap elementor-element-populated\">\n\t\t\t\t\t\t\t\t<div class=\"elementor-element elementor-element-72253ba6 elementor-widget elementor-widget-text-editor\" data-id=\"72253ba6\" data-element_type=\"widget\" data-widget_type=\"text-editor.default\">\n\t\t\t\t<div class=\"elementor-widget-container\">\n\t\t\t\t\t\t\t<p>Je\u017celi uwa\u017casz, \u017ce decyzja w sprawie podatku od ruchu samochodowego lub decyzja w sprawie op\u0142aty za korzystanie z infrastruktury s\u0105 nieprawid\u0142owe, mo\u017cesz si\u0119 od nich odwo\u0142a\u0107.<\/p>\n\t\t\t\t\t\t<\/div>\n\t\t\t\t<\/div>\n\t\t\t\t<div class=\"elementor-element elementor-element-72baad28 elementor-widget elementor-widget-text-editor\" data-id=\"72baad28\" data-element_type=\"widget\" data-widget_type=\"text-editor.default\">\n\t\t\t\t<div class=\"elementor-widget-container\">\n\t\t\t\t\t\t\t<p>Podatki od ruchu samochodowego w Sztokholmie i G\u00f6teborgu.<\/p>\n<p><a class=\"styled-text\" href=\"https:\/\/transportstyrelsen.se\/en\/road\/road-tolls\/Congestion-taxes-in-Stockholm-and-Goteborg\/\" target=\"_blank\" rel=\"noopener\">Najcz\u0119\u015bciej zadawane pytania dotycz\u0105ce podatku od ruchu samochodowego (przeczytaj przed wniesieniem odwo\u0142ania).<\/p>\n<p><a class=\"styled-text\" href=\"https:\/\/skatteverket.se\/servicelankar\/otherlanguages\/inenglishengelska\/individualsandemployees\/congestiontax\/requestareconsiderationofcongestiontaxoradditionalfee\" target=\"_blank\" rel=\"noopener\">Odwo\u0142ania od podatku od ruchu samochodowego mo\u017cna sk\u0142ada\u0107 w Szwedzkim Urz\u0119dzie Skarbowym.<\/a><\/p>\n\t\t\t\t\t\t<\/div>\n\t\t\t\t<\/div>\n\t\t\t\t<div class=\"elementor-element elementor-element-47bbfd63 elementor-widget elementor-widget-text-editor\" data-id=\"47bbfd63\" data-element_type=\"widget\" data-widget_type=\"text-editor.default\">\n\t\t\t\t<div class=\"elementor-widget-container\">\n\t\t\t\t\t\t\t<p class=\"styled-text\">Op\u0142aty za korzystanie z infrastruktury (op\u0142aty za przejazd mostem) w Motala, Skuru i Sundsvall.<\/p>\n<p><a class=\"styled-text\" href=\"https:\/\/transportstyrelsen.se\/en\/road\/road-tolls\/Infrastructure-charges\/\" target=\"_blank\" rel=\"noopener\">Najcz\u0119\u015bciej zadawane pytania dotycz\u0105ce op\u0142at za korzystanie z infrastruktury (przeczytaj przed wniesieniem odwo\u0142ania).<\/a><\/p>\n<p><a class=\"styled-text\" href=\"https:\/\/www.transportstyrelsen.se\/en\/road\/vehicles\/taxes-and-fees\/road-tolls\/infrastructure-charges\/appeal\/\" target=\"_blank\" rel=\"noopener\">Odwo\u0142ania od op\u0142at za korzystanie z infrastruktury mo\u017cna sk\u0142ada\u0107 do Szwedzkiej Agencji Transportowej.<\/a><\/p>\n\t\t\t\t\t\t<\/div>\n\t\t\t\t<\/div>\n\t\t\t\t\t<\/div>\n\t\t<\/div>\n\t\t\t\t\t\t\t<\/div>\n\t\t<\/section>\n\t\t\t\t\t<\/div>\n\t\t<\/div>\n\t\t\t\t\t\t\t<\/div>\n\t\t<\/section>\n\t\t\t\t\t\t\t<\/div>\n\t\t","protected":false},"excerpt":{"rendered":"<p>Odwo\u0142anie onlinedo Szwedzkiego Urz\u0119du Skarbowego lub Agencji Transportowej Je\u017celi uwa\u017casz, \u017ce decyzja w sprawie podatku od ruchu samochodowego lub decyzja w sprawie op\u0142aty za korzystanie z infrastruktury s\u0105 nieprawid\u0142owe, mo\u017cesz si\u0119 od nich odwo\u0142a\u0107. Podatki od ruchu samochodowego w Sztokholmie i G\u00f6teborgu. Najcz\u0119\u015bciej zadawane pytania dotycz\u0105ce podatku od ruchu samochodowego (przeczytaj przed wniesieniem odwo\u0142ania). Odwo\u0142ania [&hellip;]<\/p>\n","protected":false},"author":4,"featured_media":0,"parent":3633,"menu_order":0,"comment_status":"closed","ping_status":"closed","template":"","meta":{"inline_featured_image":false},"acf":[],"_links":{"self":[{"href":"https:\/\/epass24.com\/pl\/wp-json\/wp\/v2\/pages\/3635"}],"collection":[{"href":"https:\/\/epass24.com\/pl\/wp-json\/wp\/v2\/pages"}],"about":[{"href":"https:\/\/epass24.com\/pl\/wp-json\/wp\/v2\/types\/page"}],"author":[{"embeddable":true,"href":"https:\/\/epass24.com\/pl\/wp-json\/wp\/v2\/users\/4"}],"replies":[{"embeddable":true,"href":"https:\/\/epass24.com\/pl\/wp-json\/wp\/v2\/comments?post=3635"}],"version-history":[{"count":9,"href":"https:\/\/epass24.com\/pl\/wp-json\/wp\/v2\/pages\/3635\/revisions"}],"predecessor-version":[{"id":7024,"href":"https:\/\/epass24.com\/pl\/wp-json\/wp\/v2\/pages\/3635\/revisions\/7024"}],"up":[{"embeddable":true,"href":"https:\/\/epass24.com\/pl\/wp-json\/wp\/v2\/pages\/3633"}],"wp:attachment":[{"href":"https:\/\/epass24.com\/pl\/wp-json\/wp\/v2\/media?parent=3635"}],"curies":[{"name":"wp","href":"https:\/\/api.w.org\/{rel}","templated":true}]}}