{"id":2789,"date":"2021-04-29T12:48:53","date_gmt":"2021-04-29T12:48:53","guid":{"rendered":"http:\/\/epass24.uncleserj.com\/debt-collection\/"},"modified":"2021-05-01T10:30:25","modified_gmt":"2021-05-01T10:30:25","slug":"debt-collection","status":"publish","type":"page","link":"https:\/\/epass24.com\/no\/debt-collection\/","title":{"rendered":"Debt Collection"},"content":{"rendered":"\t\t<div data-elementor-type=\"wp-page\" data-elementor-id=\"2789\" class=\"elementor elementor-2789 elementor-869\">\n\t\t\t\t\t\t\t\t\t<section class=\"elementor-section elementor-top-section elementor-element elementor-element-38b7d139 elementor-section-content-middle elementor-section-boxed elementor-section-height-default elementor-section-height-default\" data-id=\"38b7d139\" data-element_type=\"section\" id=\"hero\" data-settings=\"{&quot;background_background&quot;:&quot;classic&quot;}\">\n\t\t\t\t\t\t<div class=\"elementor-container elementor-column-gap-default\">\n\t\t\t\t\t<div class=\"elementor-column elementor-col-100 elementor-top-column elementor-element elementor-element-761cd94f hero-wrapper\" data-id=\"761cd94f\" data-element_type=\"column\">\n\t\t\t<div class=\"elementor-widget-wrap elementor-element-populated\">\n\t\t\t\t\t\t\t\t<div class=\"elementor-element elementor-element-7b26849d elementor-widget elementor-widget-heading\" data-id=\"7b26849d\" data-element_type=\"widget\" data-widget_type=\"heading.default\">\n\t\t\t\t<div class=\"elementor-widget-container\">\n\t\t\t<h1 class=\"elementor-heading-title elementor-size-default\">Likebehandling av alle som kj\u00f8rer p\u00e5 veiene <\/h1>\t\t<\/div>\n\t\t\t\t<\/div>\n\t\t\t\t\t<\/div>\n\t\t<\/div>\n\t\t\t\t\t\t\t<\/div>\n\t\t<\/section>\n\t\t\t\t<section class=\"elementor-section elementor-top-section elementor-element elementor-element-76db789a elementor-section-boxed elementor-section-height-default elementor-section-height-default\" data-id=\"76db789a\" data-element_type=\"section\" data-settings=\"{&quot;background_background&quot;:&quot;classic&quot;}\">\n\t\t\t\t\t\t<div class=\"elementor-container elementor-column-gap-default\">\n\t\t\t\t\t<div class=\"elementor-column elementor-col-100 elementor-top-column elementor-element elementor-element-5be0f583\" data-id=\"5be0f583\" data-element_type=\"column\">\n\t\t\t<div class=\"elementor-widget-wrap elementor-element-populated\">\n\t\t\t\t\t\t\t\t<section class=\"elementor-section elementor-inner-section elementor-element elementor-element-41a0c53 entry-content elementor-section-boxed elementor-section-height-default elementor-section-height-default\" data-id=\"41a0c53\" data-element_type=\"section\" data-settings=\"{&quot;background_background&quot;:&quot;classic&quot;}\">\n\t\t\t\t\t\t<div class=\"elementor-container elementor-column-gap-default\">\n\t\t\t\t\t<div class=\"elementor-column elementor-col-50 elementor-inner-column elementor-element elementor-element-732d823c\" data-id=\"732d823c\" data-element_type=\"column\">\n\t\t\t<div class=\"elementor-widget-wrap elementor-element-populated\">\n\t\t\t\t\t\t\t\t<div class=\"elementor-element elementor-element-73fc0214 elementor-widget elementor-widget-heading\" data-id=\"73fc0214\" data-element_type=\"widget\" data-widget_type=\"heading.default\">\n\t\t\t\t<div class=\"elementor-widget-container\">\n\t\t\t<h2 class=\"elementor-heading-title elementor-size-default\">P\u00e5minnelser og inkasso<\/h2>\t\t<\/div>\n\t\t\t\t<\/div>\n\t\t\t\t<div class=\"elementor-element elementor-element-b132dcd elementor-widget elementor-widget-text-editor\" data-id=\"b132dcd\" data-element_type=\"widget\" data-widget_type=\"text-editor.default\">\n\t\t\t\t<div class=\"elementor-widget-container\">\n\t\t\t\t\t\t\t<p>Tanken bak bompengeordningen er at den som bruker veien, broen eller tunnelen ogs\u00e5 skal betale for bruken.<\/p>\n<p>Nesten alle er enige i dette prinsippet, og de aller fleste betaler for sin bruk. Men dessverre er det ogs\u00e5 noen f\u00e5 som lar v\u00e6re.<\/p>\n<p>Det er rettferdig overfor alle de som betaler bompenger at vi tar i bruk inkasso overfor de som til tross for fakturaer og purringer velger \u00e5 la v\u00e6re \u00e5 betale.<\/p>\n<p>Dersom en avgift ikke blir betalt, kan kravet bli sendt til inkasso i det landet eier av kj\u00f8ret\u00f8yet er bosatt.<\/p>\n<p>Den endelige kostnaden for den som ikke betaler sine avgifter i tide kan derfor \u00f8ke kraftig. Vennligst merk at om en sak har g\u00e5tt til inkasso, s\u00e5 m\u00e5 man som kj\u00f8ret\u00f8yets eier betale sin avgift direkte til inkassobyr\u00e5et. <\/p>\n<p>Epass24 har samarbeid med inkassobyr\u00e5er i alla europeiske land. Om du har mottatt et inkassokrav fra en av v\u00e5re partnere og har sp\u00f8rsm\u00e5l om dette, skal du kontakte byr\u00e5et direkte.<\/p>\n\t\t\t\t\t\t<\/div>\n\t\t\t\t<\/div>\n\t\t\t\t\t<\/div>\n\t\t<\/div>\n\t\t\t\t<div class=\"elementor-column elementor-col-50 elementor-inner-column elementor-element elementor-element-34760ff\" data-id=\"34760ff\" data-element_type=\"column\">\n\t\t\t<div class=\"elementor-widget-wrap elementor-element-populated\">\n\t\t\t\t\t\t\t\t<div class=\"elementor-element elementor-element-022cf7f elementor-widget elementor-widget-image\" data-id=\"022cf7f\" data-element_type=\"widget\" data-widget_type=\"image.default\">\n\t\t\t\t<div class=\"elementor-widget-container\">\n\t\t\t\t\t\t\t\t\t\t\t\t\t\t\t<img width=\"868\" height=\"748\" src=\"\/wp-content\/uploads\/map.png\" class=\"attachment-large size-large wp-image-1949\" alt=\"\" loading=\"lazy\" srcset=\"\/wp-content\/uploads\/map.png 868w, \/wp-content\/uploads\/map-300x259.png 300w, \/wp-content\/uploads\/map-768x662.png 768w\" sizes=\"(max-width: 868px) 100vw, 868px\" \/>\t\t\t\t\t\t\t\t\t\t\t\t\t\t\t<\/div>\n\t\t\t\t<\/div>\n\t\t\t\t\t<\/div>\n\t\t<\/div>\n\t\t\t\t\t\t\t<\/div>\n\t\t<\/section>\n\t\t\t\t\t<\/div>\n\t\t<\/div>\n\t\t\t\t\t\t\t<\/div>\n\t\t<\/section>\n\t\t\t\t\t\t\t<\/div>\n\t\t","protected":false},"excerpt":{"rendered":"<p>Likebehandling av alle som kj\u00f8rer p\u00e5 veiene P\u00e5minnelser og inkasso Tanken bak bompengeordningen er at den som bruker veien, broen eller tunnelen ogs\u00e5 skal betale for bruken. Nesten alle er enige i dette prinsippet, og de aller fleste betaler for sin bruk. Men dessverre er det ogs\u00e5 noen f\u00e5 som lar v\u00e6re. Det er rettferdig [&hellip;]<\/p>\n","protected":false},"author":1,"featured_media":0,"parent":0,"menu_order":0,"comment_status":"closed","ping_status":"closed","template":"","meta":{"inline_featured_image":false},"acf":[],"_links":{"self":[{"href":"https:\/\/epass24.com\/no\/wp-json\/wp\/v2\/pages\/2789"}],"collection":[{"href":"https:\/\/epass24.com\/no\/wp-json\/wp\/v2\/pages"}],"about":[{"href":"https:\/\/epass24.com\/no\/wp-json\/wp\/v2\/types\/page"}],"author":[{"embeddable":true,"href":"https:\/\/epass24.com\/no\/wp-json\/wp\/v2\/users\/1"}],"replies":[{"embeddable":true,"href":"https:\/\/epass24.com\/no\/wp-json\/wp\/v2\/comments?post=2789"}],"version-history":[{"count":2,"href":"https:\/\/epass24.com\/no\/wp-json\/wp\/v2\/pages\/2789\/revisions"}],"predecessor-version":[{"id":3246,"href":"https:\/\/epass24.com\/no\/wp-json\/wp\/v2\/pages\/2789\/revisions\/3246"}],"wp:attachment":[{"href":"https:\/\/epass24.com\/no\/wp-json\/wp\/v2\/media?parent=2789"}],"curies":[{"name":"wp","href":"https:\/\/api.w.org\/{rel}","templated":true}]}}