{"id":2780,"date":"2021-04-29T12:38:10","date_gmt":"2021-04-29T12:38:10","guid":{"rendered":"http:\/\/epass24.uncleserj.com\/bompenger\/"},"modified":"2021-04-29T12:38:11","modified_gmt":"2021-04-29T12:38:11","slug":"bompenger","status":"publish","type":"page","link":"https:\/\/epass24.com\/no\/bompenger\/","title":{"rendered":"Bompenger"},"content":{"rendered":"\t\t<div data-elementor-type=\"wp-page\" data-elementor-id=\"2780\" class=\"elementor elementor-2780 elementor-754\">\n\t\t\t\t\t\t\t\t\t<section class=\"elementor-section elementor-top-section elementor-element elementor-element-28c921dc elementor-section-content-middle elementor-section-boxed elementor-section-height-default elementor-section-height-default\" data-id=\"28c921dc\" data-element_type=\"section\" id=\"hero\" data-settings=\"{&quot;background_background&quot;:&quot;classic&quot;}\">\n\t\t\t\t\t\t<div class=\"elementor-container elementor-column-gap-default\">\n\t\t\t\t\t<div class=\"elementor-column elementor-col-100 elementor-top-column elementor-element elementor-element-67173fed hero-wrapper\" data-id=\"67173fed\" data-element_type=\"column\">\n\t\t\t<div class=\"elementor-widget-wrap elementor-element-populated\">\n\t\t\t\t\t\t\t\t<div class=\"elementor-element elementor-element-4ed96da elementor-widget elementor-widget-heading\" data-id=\"4ed96da\" data-element_type=\"widget\" data-widget_type=\"heading.default\">\n\t\t\t\t<div class=\"elementor-widget-container\">\n\t\t\t<h1 class=\"elementor-heading-title elementor-size-default\">Infrastruktur, v\u00e5r helse og milj\u00f8et<\/h1>\t\t<\/div>\n\t\t\t\t<\/div>\n\t\t\t\t<div class=\"elementor-element elementor-element-e795277 elementor-widget elementor-widget-text-editor\" data-id=\"e795277\" data-element_type=\"widget\" data-widget_type=\"text-editor.default\">\n\t\t\t\t<div class=\"elementor-widget-container\">\n\t\t\t\t\t\t\t\t\t\t\t\t\t<\/div>\n\t\t\t\t<\/div>\n\t\t\t\t\t<\/div>\n\t\t<\/div>\n\t\t\t\t\t\t\t<\/div>\n\t\t<\/section>\n\t\t\t\t<section class=\"elementor-section elementor-top-section elementor-element elementor-element-3b2d26c8 elementor-section-boxed elementor-section-height-default elementor-section-height-default\" data-id=\"3b2d26c8\" data-element_type=\"section\" data-settings=\"{&quot;background_background&quot;:&quot;classic&quot;}\">\n\t\t\t\t\t\t<div class=\"elementor-container elementor-column-gap-default\">\n\t\t\t\t\t<div class=\"elementor-column elementor-col-100 elementor-top-column elementor-element elementor-element-718039d3\" data-id=\"718039d3\" data-element_type=\"column\">\n\t\t\t<div class=\"elementor-widget-wrap elementor-element-populated\">\n\t\t\t\t\t\t\t\t<section class=\"elementor-section elementor-inner-section elementor-element elementor-element-750eaf80 entry-content elementor-section-content-top elementor-section-boxed elementor-section-height-default elementor-section-height-default\" data-id=\"750eaf80\" data-element_type=\"section\" data-settings=\"{&quot;background_background&quot;:&quot;classic&quot;}\">\n\t\t\t\t\t\t<div class=\"elementor-container elementor-column-gap-default\">\n\t\t\t\t\t<div class=\"elementor-column elementor-col-50 elementor-inner-column elementor-element elementor-element-8f8ecd0 road\" data-id=\"8f8ecd0\" data-element_type=\"column\">\n\t\t\t<div class=\"elementor-widget-wrap elementor-element-populated\">\n\t\t\t\t\t\t\t\t<div class=\"elementor-element elementor-element-1bacc71 elementor-widget elementor-widget-heading\" data-id=\"1bacc71\" data-element_type=\"widget\" data-widget_type=\"heading.default\">\n\t\t\t\t<div class=\"elementor-widget-container\">\n\t\t\t<h2 class=\"elementor-heading-title elementor-size-default\">Hvorfor har vi bompenger?<\/h2>\t\t<\/div>\n\t\t\t\t<\/div>\n\t\t\t\t<div class=\"elementor-element elementor-element-759a5a8 elementor-widget elementor-widget-text-editor\" data-id=\"759a5a8\" data-element_type=\"widget\" data-widget_type=\"text-editor.default\">\n\t\t\t\t<div class=\"elementor-widget-container\">\n\t\t\t\t\t\t\t<p><span style=\"color: var( --e-global-color-secondary );\">Bompenger benyttes til \u00e5 finansiere bygging og utbedring av infrastruktur som veier, broer og tunneler. <br \/><\/span><span style=\"color: var( --e-global-color-secondary );\"><br \/>Enkelte avgifter, som rushtidsavgifter og avgifter i milj\u00f8soner. er innf\u00f8rt for \u00e5 minske biltrafikk og k\u00f8dannelse, og redusere forurensningen til luften. \u00a0<br \/><\/span><span style=\"color: var( --e-global-color-secondary );\"><br \/>Alle veiavgifter som h\u00e5ndteres av Epass24 baseres p\u00e5 ANPR-systemer (Automatic Number Plate Recognition). Dette er systemer der kj\u00f8ret\u00f8yet registreres automatisk av et kamera n\u00e5r det passerer gjennom en bomstasjon. Avgiften faktureres bileier i etterkant. <br \/><\/span><span style=\"color: var( --e-global-color-secondary );\"><br \/>Alle er ikke tilhengere av bompenger, men det er viktig \u00e5 huske at form\u00e5let med disse avgiftene er \u00e5 forbedre livet til alle innbyggerne og samfunnet som helhet.<\/span><\/p>\n<p>\u00a0<\/p>\n\t\t\t\t\t\t<\/div>\n\t\t\t\t<\/div>\n\t\t\t\t<div class=\"elementor-element elementor-element-9910f75 elementor-widget elementor-widget-text-editor\" data-id=\"9910f75\" data-element_type=\"widget\" data-widget_type=\"text-editor.default\">\n\t\t\t\t<div class=\"elementor-widget-container\">\n\t\t\t\t\t\t\t<ul>\n<li><i class=\"fas fa-chevron-right\"><\/i>Rushtidsavgifter<\/li>\n<li><i class=\"fas fa-chevron-right\"><\/i>Infrastrukturavgifter<\/li>\n<li><i class=\"fas fa-chevron-right\"><\/i>Veiavgifter<\/li>\n<li><i class=\"fas fa-chevron-right\"><\/i>Broavgifter<\/li>\n<li><i class=\"fas fa-chevron-right\"><\/i>Milj\u00f8soner<\/li>\n<li><i class=\"fas fa-chevron-right\"><\/i>Kilometerskatt<\/li>\n<li><i class=\"fas fa-chevron-right\"><\/i>Fergeturer<\/li>\n<\/ul>\n<p><img loading=\"lazy\" class=\"size-medium wp-image-156 alignright\" src=\"https:\/\/www.epass24.com\/wp-content\/uploads\/part-2-300x200.jpg\" alt=\"\" width=\"250\" height=\"250\" \/><\/p>\n\t\t\t\t\t\t<\/div>\n\t\t\t\t<\/div>\n\t\t\t\t\t<\/div>\n\t\t<\/div>\n\t\t\t\t<div class=\"elementor-column elementor-col-50 elementor-inner-column elementor-element elementor-element-4ce275b\" data-id=\"4ce275b\" data-element_type=\"column\">\n\t\t\t<div class=\"elementor-widget-wrap elementor-element-populated\">\n\t\t\t\t\t\t\t\t<div class=\"elementor-element elementor-element-d3d3bce elementor-widget elementor-widget-image\" data-id=\"d3d3bce\" data-element_type=\"widget\" data-widget_type=\"image.default\">\n\t\t\t\t<div class=\"elementor-widget-container\">\n\t\t\t\t\t\t\t\t\t\t\t\t\t\t\t<img width=\"2500\" height=\"1820\" src=\"\/wp-content\/uploads\/road-1.svg\" class=\"attachment-full size-full wp-image-1583\" alt=\"\" loading=\"lazy\" \/>\t\t\t\t\t\t\t\t\t\t\t\t\t\t\t<\/div>\n\t\t\t\t<\/div>\n\t\t\t\t\t<\/div>\n\t\t<\/div>\n\t\t\t\t\t\t\t<\/div>\n\t\t<\/section>\n\t\t\t\t\t<\/div>\n\t\t<\/div>\n\t\t\t\t\t\t\t<\/div>\n\t\t<\/section>\n\t\t\t\t\t\t\t<\/div>\n\t\t","protected":false},"excerpt":{"rendered":"<p>Infrastruktur, v\u00e5r helse og milj\u00f8et Hvorfor har vi bompenger? Bompenger benyttes til \u00e5 finansiere bygging og utbedring av infrastruktur som veier, broer og tunneler. Enkelte avgifter, som rushtidsavgifter og avgifter i milj\u00f8soner. er innf\u00f8rt for \u00e5 minske biltrafikk og k\u00f8dannelse, og redusere forurensningen til luften. \u00a0 Alle veiavgifter som h\u00e5ndteres av Epass24 baseres p\u00e5 ANPR-systemer [&hellip;]<\/p>\n","protected":false},"author":1,"featured_media":0,"parent":0,"menu_order":0,"comment_status":"closed","ping_status":"closed","template":"","meta":{"inline_featured_image":false},"acf":[],"_links":{"self":[{"href":"https:\/\/epass24.com\/no\/wp-json\/wp\/v2\/pages\/2780"}],"collection":[{"href":"https:\/\/epass24.com\/no\/wp-json\/wp\/v2\/pages"}],"about":[{"href":"https:\/\/epass24.com\/no\/wp-json\/wp\/v2\/types\/page"}],"author":[{"embeddable":true,"href":"https:\/\/epass24.com\/no\/wp-json\/wp\/v2\/users\/1"}],"replies":[{"embeddable":true,"href":"https:\/\/epass24.com\/no\/wp-json\/wp\/v2\/comments?post=2780"}],"version-history":[{"count":1,"href":"https:\/\/epass24.com\/no\/wp-json\/wp\/v2\/pages\/2780\/revisions"}],"predecessor-version":[{"id":2781,"href":"https:\/\/epass24.com\/no\/wp-json\/wp\/v2\/pages\/2780\/revisions\/2781"}],"wp:attachment":[{"href":"https:\/\/epass24.com\/no\/wp-json\/wp\/v2\/media?parent=2780"}],"curies":[{"name":"wp","href":"https:\/\/api.w.org\/{rel}","templated":true}]}}