{"id":3653,"date":"2021-07-11T20:40:24","date_gmt":"2021-07-11T20:40:24","guid":{"rendered":"https:\/\/www.epass24.com\/appeal\/"},"modified":"2022-09-19T15:43:11","modified_gmt":"2022-09-19T15:43:11","slug":"appeal","status":"publish","type":"page","link":"https:\/\/epass24.com\/lv\/appeal\/","title":{"rendered":"Appeal"},"content":{"rendered":"\t\t<div data-elementor-type=\"wp-page\" data-elementor-id=\"3653\" class=\"elementor elementor-3653 elementor-3447\">\n\t\t\t\t\t\t\t\t\t<section class=\"elementor-section elementor-top-section elementor-element elementor-element-5f957791 elementor-section-content-middle elementor-section-boxed elementor-section-height-default elementor-section-height-default\" data-id=\"5f957791\" data-element_type=\"section\" id=\"hero\" data-settings=\"{&quot;background_background&quot;:&quot;classic&quot;}\">\n\t\t\t\t\t\t<div class=\"elementor-container elementor-column-gap-default\">\n\t\t\t\t\t<div class=\"elementor-column elementor-col-100 elementor-top-column elementor-element elementor-element-6fc5cf25 hero-wrapper\" data-id=\"6fc5cf25\" data-element_type=\"column\">\n\t\t\t<div class=\"elementor-widget-wrap elementor-element-populated\">\n\t\t\t\t\t\t\t\t<div class=\"elementor-element elementor-element-4d27bcbf elementor-widget elementor-widget-heading\" data-id=\"4d27bcbf\" data-element_type=\"widget\" data-widget_type=\"heading.default\">\n\t\t\t\t<div class=\"elementor-widget-container\">\n\t\t\t<h1 class=\"elementor-heading-title elementor-size-default\">Apstr\u012bdiet savu ce\u013ca lietot\u0101ja maksu<\/h1>\t\t<\/div>\n\t\t\t\t<\/div>\n\t\t\t\t\t<\/div>\n\t\t<\/div>\n\t\t\t\t\t\t\t<\/div>\n\t\t<\/section>\n\t\t\t\t<section class=\"elementor-section elementor-top-section elementor-element elementor-element-6eb94052 elementor-section-boxed elementor-section-height-default elementor-section-height-default\" data-id=\"6eb94052\" data-element_type=\"section\" data-settings=\"{&quot;background_background&quot;:&quot;classic&quot;}\">\n\t\t\t\t\t\t<div class=\"elementor-container elementor-column-gap-default\">\n\t\t\t\t\t<div class=\"elementor-column elementor-col-50 elementor-top-column elementor-element elementor-element-43d57e2 inner\" data-id=\"43d57e2\" data-element_type=\"column\">\n\t\t\t<div class=\"elementor-widget-wrap elementor-element-populated\">\n\t\t\t\t\t\t\t\t<div class=\"elementor-element elementor-element-294094e3 elementor-widget elementor-widget-heading\" data-id=\"294094e3\" data-element_type=\"widget\" data-widget_type=\"heading.default\">\n\t\t\t\t<div class=\"elementor-widget-container\">\n\t\t\t<h2 class=\"elementor-heading-title elementor-size-xl\">Zviedrijas ce\u013ca lietot\u0101ju maksas<\/h2>\t\t<\/div>\n\t\t\t\t<\/div>\n\t\t\t\t<div class=\"elementor-element elementor-element-5f7419a7 elementor-widget elementor-widget-text-editor\" data-id=\"5f7419a7\" data-element_type=\"widget\" data-widget_type=\"text-editor.default\">\n\t\t\t\t<div class=\"elementor-widget-container\">\n\t\t\t\t\t\t\t<p>Ja jums ir piem\u0113rota maksa par ce\u013ca lieto\u0161anu  <strong>Zviedrij\u0101 <\/strong> un j\u016bs uzskat\u0101t, ka tas ir nepareizi.<\/p>\n\t\t\t\t\t\t<\/div>\n\t\t\t\t<\/div>\n\t\t\t\t<div class=\"elementor-element elementor-element-7a3813b bottom elementor-widget elementor-widget-text-editor\" data-id=\"7a3813b\" data-element_type=\"widget\" data-widget_type=\"text-editor.default\">\n\t\t\t\t<div class=\"elementor-widget-container\">\n\t\t\t\t\t\t\t<p><a class=\"btn btn-primary\" title=\"Noklik\u0161\u0137iniet \u0161eit\" href=\"https:\/\/www.epass24.com\/lv\/appeal\/appeal-online\/\" data-wplink-edit=\"true\">Noklik\u0161\u0137iniet \u0161eit<\/a><\/p>\n\t\t\t\t\t\t<\/div>\n\t\t\t\t<\/div>\n\t\t\t\t\t<\/div>\n\t\t<\/div>\n\t\t\t\t<div class=\"elementor-column elementor-col-50 elementor-top-column elementor-element elementor-element-1a5df1c inner\" data-id=\"1a5df1c\" data-element_type=\"column\">\n\t\t\t<div class=\"elementor-widget-wrap elementor-element-populated\">\n\t\t\t\t\t\t\t\t<div class=\"elementor-element elementor-element-306f2c41 elementor-widget elementor-widget-heading\" data-id=\"306f2c41\" data-element_type=\"widget\" data-widget_type=\"heading.default\">\n\t\t\t\t<div class=\"elementor-widget-container\">\n\t\t\t<h2 class=\"elementor-heading-title elementor-size-xl\">Norv\u0113\u0123ijas ce\u013cu maksas<\/h2>\t\t<\/div>\n\t\t\t\t<\/div>\n\t\t\t\t<div class=\"elementor-element elementor-element-2543ce1 elementor-widget elementor-widget-text-editor\" data-id=\"2543ce1\" data-element_type=\"widget\" data-widget_type=\"text-editor.default\">\n\t\t\t\t<div class=\"elementor-widget-container\">\n\t\t\t\t\t\t\t<p>Ja jums ir piem\u0113rota maksa par ce\u013ca lieto\u0161anu <strong>Norv\u0113\u0123ij\u0101 <\/strong> un j\u016bs uzskat\u0101t, ka tas ir nepareizi.<\/p>\n\t\t\t\t\t\t<\/div>\n\t\t\t\t<\/div>\n\t\t\t\t<div class=\"elementor-element elementor-element-3471a913 bottom elementor-widget elementor-widget-text-editor\" data-id=\"3471a913\" data-element_type=\"widget\" data-widget_type=\"text-editor.default\">\n\t\t\t\t<div class=\"elementor-widget-container\">\n\t\t\t\t\t\t\t<p><a class=\"btn btn-primary\" title=\"Noklik\u0161\u0137iniet \u0161eit\" href=\"https:\/\/account.epass24.com\/lv\/rep\/step1\" target=\"_blank\" rel=\"nofollow noopener noreferrer\">Noklik\u0161\u0137iniet \u0161eit<\/a><\/p>\n\t\t\t\t\t\t<\/div>\n\t\t\t\t<\/div>\n\t\t\t\t\t<\/div>\n\t\t<\/div>\n\t\t\t\t\t\t\t<\/div>\n\t\t<\/section>\n\t\t\t\t<section class=\"elementor-section elementor-top-section elementor-element elementor-element-a60543c elementor-section-boxed elementor-section-height-default elementor-section-height-default\" data-id=\"a60543c\" data-element_type=\"section\" data-settings=\"{&quot;background_background&quot;:&quot;classic&quot;}\">\n\t\t\t\t\t\t<div class=\"elementor-container elementor-column-gap-default\">\n\t\t\t\t\t<div class=\"elementor-column elementor-col-50 elementor-top-column elementor-element elementor-element-bbf51d4 inner\" data-id=\"bbf51d4\" data-element_type=\"column\">\n\t\t\t<div class=\"elementor-widget-wrap elementor-element-populated\">\n\t\t\t\t\t\t\t\t<div class=\"elementor-element elementor-element-769ef8a elementor-widget elementor-widget-heading\" data-id=\"769ef8a\" data-element_type=\"widget\" data-widget_type=\"heading.default\">\n\t\t\t\t<div class=\"elementor-widget-container\">\n\t\t\t<h2 class=\"elementor-heading-title elementor-size-xl\">Francijas ce\u013cu maksas<\/h2>\t\t<\/div>\n\t\t\t\t<\/div>\n\t\t\t\t<div class=\"elementor-element elementor-element-70066b6 elementor-widget elementor-widget-text-editor\" data-id=\"70066b6\" data-element_type=\"widget\" data-widget_type=\"text-editor.default\">\n\t\t\t\t<div class=\"elementor-widget-container\">\n\t\t\t\t\t\t\t<p>Ja jums ir piem\u0113rota maksa par ce\u013ca lieto\u0161anu <strong>Francija  <\/strong> un j\u016bs uzskat\u0101t, ka tas ir nepareizi.<\/p>\n\t\t\t\t\t\t<\/div>\n\t\t\t\t<\/div>\n\t\t\t\t<div class=\"elementor-element elementor-element-cbe1785 bottom elementor-widget elementor-widget-text-editor\" data-id=\"cbe1785\" data-element_type=\"widget\" data-widget_type=\"text-editor.default\">\n\t\t\t\t<div class=\"elementor-widget-container\">\n\t\t\t\t\t\t\t<p><a class=\"btn btn-primary\" title=\"Read More\" href=\"https:\/\/account.epass24.com\/lv\/rep\/step1\">Noklik\u0161\u0137iniet \u0161eit<\/a><\/p>\n\t\t\t\t\t\t<\/div>\n\t\t\t\t<\/div>\n\t\t\t\t\t<\/div>\n\t\t<\/div>\n\t\t\t\t<div class=\"elementor-column elementor-col-50 elementor-top-column elementor-element elementor-element-4c7b282 inner\" data-id=\"4c7b282\" data-element_type=\"column\">\n\t\t\t<div class=\"elementor-widget-wrap elementor-element-populated\">\n\t\t\t\t\t\t\t\t<div class=\"elementor-element elementor-element-7d88f16 elementor-widget elementor-widget-heading\" data-id=\"7d88f16\" data-element_type=\"widget\" data-widget_type=\"heading.default\">\n\t\t\t\t<div class=\"elementor-widget-container\">\n\t\t\t<h2 class=\"elementor-heading-title elementor-size-xl\">Portug\u0101les ce\u013cu maksas<\/h2>\t\t<\/div>\n\t\t\t\t<\/div>\n\t\t\t\t<div class=\"elementor-element elementor-element-42d5b40 elementor-widget elementor-widget-text-editor\" data-id=\"42d5b40\" data-element_type=\"widget\" data-widget_type=\"text-editor.default\">\n\t\t\t\t<div class=\"elementor-widget-container\">\n\t\t\t\t\t\t\t<p>Ja jums ir piem\u0113rota maksa par ce\u013ca lieto\u0161anu <strong>Portug\u0101le <\/strong> un j\u016bs uzskat\u0101t, ka tas ir nepareizi.<\/p>\n\t\t\t\t\t\t<\/div>\n\t\t\t\t<\/div>\n\t\t\t\t<div class=\"elementor-element elementor-element-7f85022 bottom elementor-widget elementor-widget-text-editor\" data-id=\"7f85022\" data-element_type=\"widget\" data-widget_type=\"text-editor.default\">\n\t\t\t\t<div class=\"elementor-widget-container\">\n\t\t\t\t\t\t\t<p><a class=\"btn btn-primary\" title=\"Read More\" href=\"https:\/\/account.epass24.com\/lv\/rep\/step1\" target=\"_blank\" rel=\"nofollow noopener noreferrer\">Noklik\u0161\u0137iniet \u0161eit<\/a><\/p>\n\t\t\t\t\t\t<\/div>\n\t\t\t\t<\/div>\n\t\t\t\t\t<\/div>\n\t\t<\/div>\n\t\t\t\t\t\t\t<\/div>\n\t\t<\/section>\n\t\t\t\t\t\t\t<\/div>\n\t\t","protected":false},"excerpt":{"rendered":"<p>Apstr\u012bdiet savu ce\u013ca lietot\u0101ja maksu Zviedrijas ce\u013ca lietot\u0101ju maksas Ja jums ir piem\u0113rota maksa par ce\u013ca lieto\u0161anu Zviedrij\u0101 un j\u016bs uzskat\u0101t, ka tas ir nepareizi. Noklik\u0161\u0137iniet \u0161eit Norv\u0113\u0123ijas ce\u013cu maksas Ja jums ir piem\u0113rota maksa par ce\u013ca lieto\u0161anu Norv\u0113\u0123ij\u0101 un j\u016bs uzskat\u0101t, ka tas ir nepareizi. Noklik\u0161\u0137iniet \u0161eit Francijas ce\u013cu maksas Ja jums ir piem\u0113rota [&hellip;]<\/p>\n","protected":false},"author":4,"featured_media":0,"parent":0,"menu_order":0,"comment_status":"closed","ping_status":"closed","template":"","meta":{"inline_featured_image":false},"acf":[],"_links":{"self":[{"href":"https:\/\/epass24.com\/lv\/wp-json\/wp\/v2\/pages\/3653"}],"collection":[{"href":"https:\/\/epass24.com\/lv\/wp-json\/wp\/v2\/pages"}],"about":[{"href":"https:\/\/epass24.com\/lv\/wp-json\/wp\/v2\/types\/page"}],"author":[{"embeddable":true,"href":"https:\/\/epass24.com\/lv\/wp-json\/wp\/v2\/users\/4"}],"replies":[{"embeddable":true,"href":"https:\/\/epass24.com\/lv\/wp-json\/wp\/v2\/comments?post=3653"}],"version-history":[{"count":6,"href":"https:\/\/epass24.com\/lv\/wp-json\/wp\/v2\/pages\/3653\/revisions"}],"predecessor-version":[{"id":5146,"href":"https:\/\/epass24.com\/lv\/wp-json\/wp\/v2\/pages\/3653\/revisions\/5146"}],"wp:attachment":[{"href":"https:\/\/epass24.com\/lv\/wp-json\/wp\/v2\/media?parent=3653"}],"curies":[{"name":"wp","href":"https:\/\/api.w.org\/{rel}","templated":true}]}}