{"id":2611,"date":"2021-04-27T10:49:53","date_gmt":"2021-04-27T10:49:53","guid":{"rendered":"http:\/\/epass24.uncleserj.com\/automatiskais-maksajums\/"},"modified":"2024-06-24T13:28:55","modified_gmt":"2024-06-24T13:28:55","slug":"automatiskais-maksajums","status":"publish","type":"page","link":"https:\/\/epass24.com\/lv\/automatiskais-maksajums\/","title":{"rendered":"Autom\u0101tiskais maks\u0101jums"},"content":{"rendered":"\t\t<div data-elementor-type=\"wp-page\" data-elementor-id=\"2611\" class=\"elementor elementor-2611 elementor-491\">\n\t\t\t\t\t\t\t\t\t<section class=\"elementor-section elementor-top-section elementor-element elementor-element-e2902d8 elementor-section-content-middle elementor-section-boxed elementor-section-height-default elementor-section-height-default\" data-id=\"e2902d8\" data-element_type=\"section\" id=\"hero\" data-settings=\"{&quot;background_background&quot;:&quot;classic&quot;}\">\n\t\t\t\t\t\t<div class=\"elementor-container elementor-column-gap-default\">\n\t\t\t\t\t<div class=\"elementor-column elementor-col-100 elementor-top-column elementor-element elementor-element-6d569b3d hero-wrapper\" data-id=\"6d569b3d\" data-element_type=\"column\">\n\t\t\t<div class=\"elementor-widget-wrap elementor-element-populated\">\n\t\t\t\t\t\t\t\t<div class=\"elementor-element elementor-element-58295d1b elementor-widget elementor-widget-heading\" data-id=\"58295d1b\" data-element_type=\"widget\" data-widget_type=\"heading.default\">\n\t\t\t\t<div class=\"elementor-widget-container\">\n\t\t\t<h1 class=\"elementor-heading-title elementor-size-xl\">Apmaks\u0101jiet ce\u013ca nodevas ar Epass24<\/h1>\t\t<\/div>\n\t\t\t\t<\/div>\n\t\t\t\t\t<\/div>\n\t\t<\/div>\n\t\t\t\t\t\t\t<\/div>\n\t\t<\/section>\n\t\t\t\t<section class=\"elementor-section elementor-top-section elementor-element elementor-element-9c013ac elementor-section-content-middle elementor-section-boxed elementor-section-height-default elementor-section-height-default\" data-id=\"9c013ac\" data-element_type=\"section\" data-settings=\"{&quot;background_background&quot;:&quot;classic&quot;}\">\n\t\t\t\t\t\t<div class=\"elementor-container elementor-column-gap-default\">\n\t\t\t\t\t<div class=\"elementor-column elementor-col-100 elementor-top-column elementor-element elementor-element-529c879\" data-id=\"529c879\" data-element_type=\"column\">\n\t\t\t<div class=\"elementor-widget-wrap elementor-element-populated\">\n\t\t\t\t\t\t\t\t<section class=\"elementor-section elementor-inner-section elementor-element elementor-element-9953b1f entry-content elementor-section-content-middle elementor-section-boxed elementor-section-height-default elementor-section-height-default\" data-id=\"9953b1f\" data-element_type=\"section\" data-settings=\"{&quot;background_background&quot;:&quot;classic&quot;}\">\n\t\t\t\t\t\t<div class=\"elementor-container elementor-column-gap-default\">\n\t\t\t\t\t<div class=\"elementor-column elementor-col-50 elementor-inner-column elementor-element elementor-element-4cb041a\" data-id=\"4cb041a\" data-element_type=\"column\">\n\t\t\t<div class=\"elementor-widget-wrap elementor-element-populated\">\n\t\t\t\t\t\t\t\t<div class=\"elementor-element elementor-element-76a1e55 elementor-widget elementor-widget-heading\" data-id=\"76a1e55\" data-element_type=\"widget\" data-widget_type=\"heading.default\">\n\t\t\t\t<div class=\"elementor-widget-container\">\n\t\t\t<h2 class=\"elementor-heading-title elementor-size-default\">Ce\u013ca nodevas Zviedrij\u0101 un Norv\u0113\u0123ij\u0101<\/h2>\t\t<\/div>\n\t\t\t\t<\/div>\n\t\t\t\t<div class=\"elementor-element elementor-element-5704159 elementor-widget elementor-widget-text-editor\" data-id=\"5704159\" data-element_type=\"widget\" data-widget_type=\"text-editor.default\">\n\t\t\t\t<div class=\"elementor-widget-container\">\n\t\t\t\t\t\t\t<p>Zviedrij\u0101 un Norv\u0113\u0123ij\u0101 par visiem transportl\u012bdzek\u013ciem, tostarp \u0101rzem\u0113s re\u0123istr\u0113tajiem, ir j\u0101maks\u0101 ce\u013cu nodevas. Sist\u0113ma izmanto ANPR (Autom\u0101tiska numura z\u012bmes atpaz\u012b\u0161ana) kameras, kas nodro\u0161ina \u0101tru un piln\u012bgi autom\u0101tisku noteik\u0161anu un re\u0123istr\u0101ciju transportl\u012bdzek\u013ciem, kuri izbrauc cauri nodevu iekas\u0113\u0161anas stacij\u0101m.<br \/><span style=\"color: var( --e-global-color-secondary );\"><br \/>Lai veicin\u0101tu \u0161o ce\u013ca nodevu apmaksu, visi ce\u013ca nodevu operatori Zviedrij\u0101 un Norv\u0113\u0123ij\u0101 ir izv\u0113l\u0113ju\u0161ies Epass24.<\/span><\/p>\n<p>Ja j\u016bsu transportl\u012bdzeklis ir re\u0123istr\u0113ts Zviedrij\u0101, varat apmaks\u0101t Norv\u0113\u0123ijas ce\u013cu nodevas, izmantojot Epass24 kontu. Ja j\u016bsu transportl\u012bdzeklis ir re\u0123istr\u0113ts Norv\u0113\u0123ij\u0101, varat apmaks\u0101t Zviedrijas ce\u013cu nodevas, izmantojot Epass24 kontu. Visu citu transportl\u012bdzek\u013cu \u012bpa\u0161nieki var samaks\u0101t nodevas autom\u0101tiski, izmantojot Epass24 kontu.<\/p>\n<p>Epass24 konts \u013cauj p\u0101rbaud\u012bt, vai j\u016bs maks\u0101jat pareiz\u0101s ce\u013cu nodevas, un nodro\u0161ina to savlaic\u012bgu samaksu, lai izvair\u012btos no vis\u0101m nokav\u0113ta maks\u0101juma papildmaks\u0101m.<\/p>\n<p>Epass24 kont\u0101 var re\u0123istr\u0113t vair\u0101kus transportl\u012bdzek\u013cus, un nodevu maksas visiem transportl\u012bdzek\u013ciem var skat\u012bt tie\u0161saist\u0113.<\/p>\n<\/p>\n<p>Epass24 konti ir bezmaksas, un jums ir j\u0101maks\u0101 tikai ce\u013cu nodevas.<\/p>\n\t\t\t\t\t\t<\/div>\n\t\t\t\t<\/div>\n\t\t\t\t<div class=\"elementor-element elementor-element-211076e elementor-widget elementor-widget-text-editor\" data-id=\"211076e\" data-element_type=\"widget\" data-widget_type=\"text-editor.default\">\n\t\t\t\t<div class=\"elementor-widget-container\">\n\t\t\t\t\t\t\t<p><a class=\"btn btn-primary\" href=\"https:\/\/account.epass24.com\/lv\/create\/step1\" target=\"_blank\" rel=\"noopener\">Re\u0123istr\u0113t kontu<\/a><\/p>\n\t\t\t\t\t\t<\/div>\n\t\t\t\t<\/div>\n\t\t\t\t\t<\/div>\n\t\t<\/div>\n\t\t\t\t<div class=\"elementor-column elementor-col-50 elementor-inner-column elementor-element elementor-element-af7b5bd\" data-id=\"af7b5bd\" data-element_type=\"column\" data-settings=\"{&quot;background_background&quot;:&quot;classic&quot;}\">\n\t\t\t<div class=\"elementor-widget-wrap elementor-element-populated\">\n\t\t\t\t\t\t\t\t<div class=\"elementor-element elementor-element-9001d68 elementor-widget elementor-widget-text-editor\" data-id=\"9001d68\" data-element_type=\"widget\" data-widget_type=\"text-editor.default\">\n\t\t\t\t<div class=\"elementor-widget-container\">\n\t\t\t\t\t\t\t<figure>\n<p><i>Zviedrijas vald\u012bba piem\u0113ro 500 SEK kav\u0113juma maksu ikvienam, kur\u0161 nesamaks\u0101 laik\u0101.<\/i><\/p>\n<p><i> <\/i><\/p>\n<p><i>Ar Epass24 kontu es vienm\u0113r laik\u0101 samaks\u0101ju ce\u013cu nodok\u013cus. Paldies, Epass!\u201d<\/i><\/p><figcaption class=\"blockquote-footer\">Maximilian Herrmann, Dusselsdorf<\/figcaption><\/figure>\n\t\t\t\t\t\t<\/div>\n\t\t\t\t<\/div>\n\t\t\t\t<div class=\"elementor-element elementor-element-1f186f6 elementor-widget elementor-widget-text-editor\" data-id=\"1f186f6\" data-element_type=\"widget\" data-widget_type=\"text-editor.default\">\n\t\t\t\t<div class=\"elementor-widget-container\">\n\t\t\t\t\t\t\t<figure>\n<p><i>\u201cBiju br\u012bni\u0161\u0137\u012bg\u0101 atva\u013cin\u0101jum\u0101 Norv\u0113\u0123ij\u0101 un braucu cauri Zviedrijai.<br \/>&nbsp;<br \/>Ce\u013cojuma laik\u0101 es re\u0123istr\u0113jos ar Epass24 un gan Zviedrijas, gan Norv\u0113\u0123ijas ce\u013cu nodok\u013ci tika autom\u0101tiski samaks\u0101ti no manas kred\u012btkartes.<\/p>\n<p>\u013boti \u0101trs pakalpojums, neapst\u0101joties maksas stacij\u0101s, k\u0101 esam pieradu\u0161i It\u0101lij\u0101.\u201d&#8221;&nbsp;<\/i><\/p><figcaption class=\"blockquote-footer\">Michaela Ponzio, Milano<\/figcaption><\/figure>\n\t\t\t\t\t\t<\/div>\n\t\t\t\t<\/div>\n\t\t\t\t\t<\/div>\n\t\t<\/div>\n\t\t\t\t\t\t\t<\/div>\n\t\t<\/section>\n\t\t\t\t\t<\/div>\n\t\t<\/div>\n\t\t\t\t\t\t\t<\/div>\n\t\t<\/section>\n\t\t\t\t<section class=\"elementor-section elementor-top-section elementor-element elementor-element-cecc4f2 has-padding elementor-section-content-middle elementor-section-boxed elementor-section-height-default elementor-section-height-default\" data-id=\"cecc4f2\" data-element_type=\"section\" data-settings=\"{&quot;background_background&quot;:&quot;classic&quot;}\">\n\t\t\t\t\t\t<div class=\"elementor-container elementor-column-gap-default\">\n\t\t\t\t\t<div class=\"elementor-column elementor-col-50 elementor-top-column elementor-element elementor-element-1ce27260 min-height border-top-left-radius\" data-id=\"1ce27260\" data-element_type=\"column\" data-settings=\"{&quot;background_background&quot;:&quot;classic&quot;}\">\n\t\t\t<div class=\"elementor-widget-wrap\">\n\t\t\t\t\t\t\t\t\t<\/div>\n\t\t<\/div>\n\t\t\t\t<div class=\"elementor-column elementor-col-50 elementor-top-column elementor-element elementor-element-2060727e border-top-right-radius\" data-id=\"2060727e\" data-element_type=\"column\" data-settings=\"{&quot;background_background&quot;:&quot;classic&quot;}\">\n\t\t\t<div class=\"elementor-widget-wrap elementor-element-populated\">\n\t\t\t\t\t\t\t\t<div class=\"elementor-element elementor-element-164788cb elementor-widget elementor-widget-heading\" data-id=\"164788cb\" data-element_type=\"widget\" data-widget_type=\"heading.default\">\n\t\t\t\t<div class=\"elementor-widget-container\">\n\t\t\t<h3 class=\"elementor-heading-title elementor-size-xl\">Ce\u013ca lietot\u0101ju maksas<\/h3>\t\t<\/div>\n\t\t\t\t<\/div>\n\t\t\t\t<div class=\"elementor-element elementor-element-6f624989 part elementor-widget elementor-widget-text-editor\" data-id=\"6f624989\" data-element_type=\"widget\" data-widget_type=\"text-editor.default\">\n\t\t\t\t<div class=\"elementor-widget-container\">\n\t\t\t\t\t\t\t<p>Ce\u013ca lietot\u0101ju maksas izmanto, lai uzlabotu infrastrukt\u016bru, sabiedr\u012bbas vesel\u012bbu un vidi.<\/p>\n\t\t\t\t\t\t<\/div>\n\t\t\t\t<\/div>\n\t\t\t\t<div class=\"elementor-element elementor-element-410c1ab5 bottom elementor-widget elementor-widget-text-editor\" data-id=\"410c1ab5\" data-element_type=\"widget\" data-widget_type=\"text-editor.default\">\n\t\t\t\t<div class=\"elementor-widget-container\">\n\t\t\t\t\t\t\t<p><a class=\"btn btn-primary\" title=\"Las\u012bt vair\u0101k\" href=\"https:\/\/www.epass24.com\/lv\/cela-lietotaju-maksu\/\">Las\u012bt vair\u0101k<\/a><\/p>\n\t\t\t\t\t\t<\/div>\n\t\t\t\t<\/div>\n\t\t\t\t\t<\/div>\n\t\t<\/div>\n\t\t\t\t\t\t\t<\/div>\n\t\t<\/section>\n\t\t\t\t<section class=\"elementor-section elementor-top-section elementor-element elementor-element-5af6a7ea has-padding elementor-section-content-middle elementor-section-boxed elementor-section-height-default elementor-section-height-default\" data-id=\"5af6a7ea\" data-element_type=\"section\" data-settings=\"{&quot;background_background&quot;:&quot;classic&quot;}\">\n\t\t\t\t\t\t<div class=\"elementor-container elementor-column-gap-default\">\n\t\t\t\t\t<div class=\"elementor-column elementor-col-50 elementor-top-column elementor-element elementor-element-69a07202 border-bottom-left-radius\" data-id=\"69a07202\" data-element_type=\"column\" data-settings=\"{&quot;background_background&quot;:&quot;classic&quot;}\">\n\t\t\t<div class=\"elementor-widget-wrap elementor-element-populated\">\n\t\t\t\t\t\t\t\t<div class=\"elementor-element elementor-element-45c6c1ee elementor-widget elementor-widget-heading\" data-id=\"45c6c1ee\" data-element_type=\"widget\" data-widget_type=\"heading.default\">\n\t\t\t\t<div class=\"elementor-widget-container\">\n\t\t\t<h3 class=\"elementor-heading-title elementor-size-large\">Ce\u013ca nodevu operatori<\/h3>\t\t<\/div>\n\t\t\t\t<\/div>\n\t\t\t\t<div class=\"elementor-element elementor-element-49136d06 part elementor-widget elementor-widget-text-editor\" data-id=\"49136d06\" data-element_type=\"widget\" data-widget_type=\"text-editor.default\">\n\t\t\t\t<div class=\"elementor-widget-container\">\n\t\t\t\t\t\t\t<p>Ce\u013cu lietot\u0101ju maksas ir ieviestas liel\u0101kaj\u0101 da\u013c\u0101 Eiropas valstu, un t\u0101s p\u0101rvalda valstu ce\u013ca nodevu operatori.<\/p>\n\t\t\t\t\t\t<\/div>\n\t\t\t\t<\/div>\n\t\t\t\t<div class=\"elementor-element elementor-element-5aaa0691 bottom elementor-widget elementor-widget-text-editor\" data-id=\"5aaa0691\" data-element_type=\"widget\" data-widget_type=\"text-editor.default\">\n\t\t\t\t<div class=\"elementor-widget-container\">\n\t\t\t\t\t\t\t<p><a class=\"btn btn-primary\" title=\"Las\u012bt vair\u0101k\" href=\"https:\/\/www.epass24.com\/lv\/cela-nodevu-operatoru\/\">Las\u012bt vair\u0101k<\/a><\/p>\n\t\t\t\t\t\t<\/div>\n\t\t\t\t<\/div>\n\t\t\t\t\t<\/div>\n\t\t<\/div>\n\t\t\t\t<div class=\"elementor-column elementor-col-50 elementor-top-column elementor-element elementor-element-16706438 order min-height border-bottom-right-radius\" data-id=\"16706438\" data-element_type=\"column\" data-settings=\"{&quot;background_background&quot;:&quot;classic&quot;}\">\n\t\t\t<div class=\"elementor-widget-wrap\">\n\t\t\t\t\t\t\t\t\t<\/div>\n\t\t<\/div>\n\t\t\t\t\t\t\t<\/div>\n\t\t<\/section>\n\t\t\t\t\t\t\t<\/div>\n\t\t","protected":false},"excerpt":{"rendered":"<p>Apmaks\u0101jiet ce\u013ca nodevas ar Epass24 Ce\u013ca nodevas Zviedrij\u0101 un Norv\u0113\u0123ij\u0101 Zviedrij\u0101 un Norv\u0113\u0123ij\u0101 par visiem transportl\u012bdzek\u013ciem, tostarp \u0101rzem\u0113s re\u0123istr\u0113tajiem, ir j\u0101maks\u0101 ce\u013cu nodevas. Sist\u0113ma izmanto ANPR (Autom\u0101tiska numura z\u012bmes atpaz\u012b\u0161ana) kameras, kas nodro\u0161ina \u0101tru un piln\u012bgi autom\u0101tisku noteik\u0161anu un re\u0123istr\u0101ciju transportl\u012bdzek\u013ciem, kuri izbrauc cauri nodevu iekas\u0113\u0161anas stacij\u0101m. Lai veicin\u0101tu \u0161o ce\u013ca nodevu apmaksu, visi ce\u013ca [&hellip;]<\/p>\n","protected":false},"author":1,"featured_media":0,"parent":0,"menu_order":0,"comment_status":"closed","ping_status":"closed","template":"","meta":{"inline_featured_image":false},"acf":[],"_links":{"self":[{"href":"https:\/\/epass24.com\/lv\/wp-json\/wp\/v2\/pages\/2611"}],"collection":[{"href":"https:\/\/epass24.com\/lv\/wp-json\/wp\/v2\/pages"}],"about":[{"href":"https:\/\/epass24.com\/lv\/wp-json\/wp\/v2\/types\/page"}],"author":[{"embeddable":true,"href":"https:\/\/epass24.com\/lv\/wp-json\/wp\/v2\/users\/1"}],"replies":[{"embeddable":true,"href":"https:\/\/epass24.com\/lv\/wp-json\/wp\/v2\/comments?post=2611"}],"version-history":[{"count":6,"href":"https:\/\/epass24.com\/lv\/wp-json\/wp\/v2\/pages\/2611\/revisions"}],"predecessor-version":[{"id":6930,"href":"https:\/\/epass24.com\/lv\/wp-json\/wp\/v2\/pages\/2611\/revisions\/6930"}],"wp:attachment":[{"href":"https:\/\/epass24.com\/lv\/wp-json\/wp\/v2\/media?parent=2611"}],"curies":[{"name":"wp","href":"https:\/\/api.w.org\/{rel}","templated":true}]}}