{"id":2507,"date":"2021-04-22T12:29:17","date_gmt":"2021-04-22T12:29:17","guid":{"rendered":"http:\/\/epass24.uncleserj.com\/cela-lietotaju-maksu\/"},"modified":"2021-04-28T13:16:48","modified_gmt":"2021-04-28T13:16:48","slug":"cela-lietotaju-maksu","status":"publish","type":"page","link":"https:\/\/epass24.com\/lv\/cela-lietotaju-maksu\/","title":{"rendered":"Ce\u013ca lietot\u0101ju maksu"},"content":{"rendered":"\t\t<div data-elementor-type=\"wp-page\" data-elementor-id=\"2507\" class=\"elementor elementor-2507 elementor-754\">\n\t\t\t\t\t\t\t\t\t<section class=\"elementor-section elementor-top-section elementor-element elementor-element-28c921dc elementor-section-content-middle elementor-section-boxed elementor-section-height-default elementor-section-height-default\" data-id=\"28c921dc\" data-element_type=\"section\" id=\"hero\" data-settings=\"{&quot;background_background&quot;:&quot;classic&quot;}\">\n\t\t\t\t\t\t<div class=\"elementor-container elementor-column-gap-default\">\n\t\t\t\t\t<div class=\"elementor-column elementor-col-100 elementor-top-column elementor-element elementor-element-67173fed hero-wrapper\" data-id=\"67173fed\" data-element_type=\"column\">\n\t\t\t<div class=\"elementor-widget-wrap elementor-element-populated\">\n\t\t\t\t\t\t\t\t<div class=\"elementor-element elementor-element-4ed96da elementor-widget elementor-widget-heading\" data-id=\"4ed96da\" data-element_type=\"widget\" data-widget_type=\"heading.default\">\n\t\t\t\t<div class=\"elementor-widget-container\">\n\t\t\t<h1 class=\"elementor-heading-title elementor-size-default\">Infrastrukt\u016bra, sabiedr\u012bbas vesel\u012bba un vide<\/h1>\t\t<\/div>\n\t\t\t\t<\/div>\n\t\t\t\t<div class=\"elementor-element elementor-element-e795277 elementor-widget elementor-widget-text-editor\" data-id=\"e795277\" data-element_type=\"widget\" data-widget_type=\"text-editor.default\">\n\t\t\t\t<div class=\"elementor-widget-container\">\n\t\t\t\t\t\t\t\t\t\t\t\t\t<\/div>\n\t\t\t\t<\/div>\n\t\t\t\t\t<\/div>\n\t\t<\/div>\n\t\t\t\t\t\t\t<\/div>\n\t\t<\/section>\n\t\t\t\t<section class=\"elementor-section elementor-top-section elementor-element elementor-element-3b2d26c8 elementor-section-boxed elementor-section-height-default elementor-section-height-default\" data-id=\"3b2d26c8\" data-element_type=\"section\" data-settings=\"{&quot;background_background&quot;:&quot;classic&quot;}\">\n\t\t\t\t\t\t<div class=\"elementor-container elementor-column-gap-default\">\n\t\t\t\t\t<div class=\"elementor-column elementor-col-100 elementor-top-column elementor-element elementor-element-718039d3\" data-id=\"718039d3\" data-element_type=\"column\">\n\t\t\t<div class=\"elementor-widget-wrap elementor-element-populated\">\n\t\t\t\t\t\t\t\t<section class=\"elementor-section elementor-inner-section elementor-element elementor-element-750eaf80 entry-content elementor-section-content-top elementor-section-boxed elementor-section-height-default elementor-section-height-default\" data-id=\"750eaf80\" data-element_type=\"section\" data-settings=\"{&quot;background_background&quot;:&quot;classic&quot;}\">\n\t\t\t\t\t\t<div class=\"elementor-container elementor-column-gap-default\">\n\t\t\t\t\t<div class=\"elementor-column elementor-col-50 elementor-inner-column elementor-element elementor-element-8f8ecd0 road\" data-id=\"8f8ecd0\" data-element_type=\"column\">\n\t\t\t<div class=\"elementor-widget-wrap elementor-element-populated\">\n\t\t\t\t\t\t\t\t<div class=\"elementor-element elementor-element-1bacc71 elementor-widget elementor-widget-heading\" data-id=\"1bacc71\" data-element_type=\"widget\" data-widget_type=\"heading.default\">\n\t\t\t\t<div class=\"elementor-widget-container\">\n\t\t\t<h2 class=\"elementor-heading-title elementor-size-default\">K\u0101p\u0113c vajadz\u012bga ce\u013ca lietot\u0101ja maksa?<\/h2>\t\t<\/div>\n\t\t\t\t<\/div>\n\t\t\t\t<div class=\"elementor-element elementor-element-759a5a8 elementor-widget elementor-widget-text-editor\" data-id=\"759a5a8\" data-element_type=\"widget\" data-widget_type=\"text-editor.default\">\n\t\t\t\t<div class=\"elementor-widget-container\">\n\t\t\t\t\t\t\t<p><span style=\"color: var( --e-global-color-secondary );\">Ce\u013cu lietot\u0101ju maksu galvenais m\u0113r\u0137is ir to iekas\u0113\u0161ana no autovad\u012bt\u0101jiem par ce\u013cu un infrastrukt\u016bras lieto\u0161anu, lai pa\u0161vald\u012bbas var\u0113tu turpin\u0101t b\u016bv\u0113t un uztur\u0113t augstas kvalit\u0101tes ce\u013cus, tiltus un \u0161osejas.\u00a0<br \/><\/span><span style=\"color: var( --e-global-color-secondary );\"><br \/>Turkl\u0101t da\u017eus maks\u0101jumus, piem\u0113ram, sastr\u0113gumu nodok\u013cu un maksas saist\u012bb\u0101 ar zemu izme\u0161u zon\u0101m, izmanto, lai samazin\u0101tu pies\u0101r\u0146ojumu noteikt\u0101s teritorij\u0101s, uzlabojot gaisa kvalit\u0101ti. M\u0113r\u0137is ir uzlabot sabiedr\u012bbas vesel\u012bbu un vidi. <br \/><\/span><span style=\"color: var( --e-global-color-secondary );\"><br \/>Vis\u0101m ce\u013cu lietot\u0101ju maks\u0101m, kuras apstr\u0101d\u0101 Epass24, tiek izmantotas ANPR (autom\u0101tisk\u0101s numura z\u012bmes atpaz\u012b\u0161anas) kameras. Visas ce\u013cu nodevas tiek re\u0123istr\u0113tas autom\u0101tiski, un p\u0113c tam tiek izrakst\u012bti r\u0113\u0137ini.<br \/><\/span><span style=\"color: var( --e-global-color-secondary );\"><br \/>Ne visi atzin\u012bgi v\u0113rt\u0113 ce\u013cu lietot\u0101ju maksas, tom\u0113r ir svar\u012bgi r\u0113\u0137in\u0101ties, ka t\u0101s tiek ieviestas, lai kopum\u0101 uzlabotu sabiedr\u012bbas dz\u012bvi.<\/span><\/p>\n<p>\u00a0<\/p>\n\t\t\t\t\t\t<\/div>\n\t\t\t\t<\/div>\n\t\t\t\t<div class=\"elementor-element elementor-element-9910f75 elementor-widget elementor-widget-text-editor\" data-id=\"9910f75\" data-element_type=\"widget\" data-widget_type=\"text-editor.default\">\n\t\t\t\t<div class=\"elementor-widget-container\">\n\t\t\t\t\t\t\t<ul>\n<li><i class=\"fas fa-chevron-right\"><\/i>Sastr\u0113gumu nodok\u013ci<\/li>\n<li><i class=\"fas fa-chevron-right\"><\/i>Infrastrukt\u016bras maksas<\/li>\n<li><i class=\"fas fa-chevron-right\"><\/i>Ce\u013cu nodevas<\/li>\n<li><i class=\"fas fa-chevron-right\"><\/i>Tiltu nodevas<\/li>\n<li><i class=\"fas fa-chevron-right\"><\/i>Zemas emisijas zonas<\/li>\n<li><i class=\"fas fa-chevron-right\"><\/i>Vinjete (ce\u013ca nodoklis)<\/li>\n<li><i class=\"fas fa-chevron-right\"><\/i>Brauciens ar pr\u0101mi<\/li>\n<\/ul>\n<p><img loading=\"lazy\" class=\"size-medium wp-image-156 alignright\" src=\"https:\/\/www.epass24.com\/wp-content\/uploads\/part-2-300x200.jpg\" alt=\"\" width=\"250\" height=\"250\" \/><\/p>\n\t\t\t\t\t\t<\/div>\n\t\t\t\t<\/div>\n\t\t\t\t\t<\/div>\n\t\t<\/div>\n\t\t\t\t<div class=\"elementor-column elementor-col-50 elementor-inner-column elementor-element elementor-element-4ce275b\" data-id=\"4ce275b\" data-element_type=\"column\">\n\t\t\t<div class=\"elementor-widget-wrap elementor-element-populated\">\n\t\t\t\t\t\t\t\t<div class=\"elementor-element elementor-element-d3d3bce elementor-widget elementor-widget-image\" data-id=\"d3d3bce\" data-element_type=\"widget\" data-widget_type=\"image.default\">\n\t\t\t\t<div class=\"elementor-widget-container\">\n\t\t\t\t\t\t\t\t\t\t\t\t\t\t\t<img width=\"2500\" height=\"1820\" src=\"\/wp-content\/uploads\/road-1.svg\" class=\"attachment-full size-full wp-image-1583\" alt=\"\" loading=\"lazy\" \/>\t\t\t\t\t\t\t\t\t\t\t\t\t\t\t<\/div>\n\t\t\t\t<\/div>\n\t\t\t\t\t<\/div>\n\t\t<\/div>\n\t\t\t\t\t\t\t<\/div>\n\t\t<\/section>\n\t\t\t\t\t<\/div>\n\t\t<\/div>\n\t\t\t\t\t\t\t<\/div>\n\t\t<\/section>\n\t\t\t\t\t\t\t<\/div>\n\t\t","protected":false},"excerpt":{"rendered":"<p>Infrastrukt\u016bra, sabiedr\u012bbas vesel\u012bba un vide K\u0101p\u0113c vajadz\u012bga ce\u013ca lietot\u0101ja maksa? Ce\u013cu lietot\u0101ju maksu galvenais m\u0113r\u0137is ir to iekas\u0113\u0161ana no autovad\u012bt\u0101jiem par ce\u013cu un infrastrukt\u016bras lieto\u0161anu, lai pa\u0161vald\u012bbas var\u0113tu turpin\u0101t b\u016bv\u0113t un uztur\u0113t augstas kvalit\u0101tes ce\u013cus, tiltus un \u0161osejas.\u00a0 Turkl\u0101t da\u017eus maks\u0101jumus, piem\u0113ram, sastr\u0113gumu nodok\u013cu un maksas saist\u012bb\u0101 ar zemu izme\u0161u zon\u0101m, izmanto, lai samazin\u0101tu pies\u0101r\u0146ojumu [&hellip;]<\/p>\n","protected":false},"author":1,"featured_media":0,"parent":0,"menu_order":0,"comment_status":"closed","ping_status":"closed","template":"","meta":{"inline_featured_image":false},"acf":[],"_links":{"self":[{"href":"https:\/\/epass24.com\/lv\/wp-json\/wp\/v2\/pages\/2507"}],"collection":[{"href":"https:\/\/epass24.com\/lv\/wp-json\/wp\/v2\/pages"}],"about":[{"href":"https:\/\/epass24.com\/lv\/wp-json\/wp\/v2\/types\/page"}],"author":[{"embeddable":true,"href":"https:\/\/epass24.com\/lv\/wp-json\/wp\/v2\/users\/1"}],"replies":[{"embeddable":true,"href":"https:\/\/epass24.com\/lv\/wp-json\/wp\/v2\/comments?post=2507"}],"version-history":[{"count":1,"href":"https:\/\/epass24.com\/lv\/wp-json\/wp\/v2\/pages\/2507\/revisions"}],"predecessor-version":[{"id":2508,"href":"https:\/\/epass24.com\/lv\/wp-json\/wp\/v2\/pages\/2507\/revisions\/2508"}],"wp:attachment":[{"href":"https:\/\/epass24.com\/lv\/wp-json\/wp\/v2\/media?parent=2507"}],"curies":[{"name":"wp","href":"https:\/\/api.w.org\/{rel}","templated":true}]}}