{"id":2505,"date":"2021-04-22T12:23:50","date_gmt":"2021-04-22T12:23:50","guid":{"rendered":"http:\/\/epass24.uncleserj.com\/par\/"},"modified":"2022-10-17T15:57:46","modified_gmt":"2022-10-17T15:57:46","slug":"par","status":"publish","type":"page","link":"https:\/\/epass24.com\/lv\/par\/","title":{"rendered":"Par"},"content":{"rendered":"\t\t<div data-elementor-type=\"wp-page\" data-elementor-id=\"2505\" class=\"elementor elementor-2505 elementor-597\">\n\t\t\t\t\t\t\t\t\t<section class=\"elementor-section elementor-top-section elementor-element elementor-element-1323e51b elementor-section-content-middle elementor-section-boxed elementor-section-height-default elementor-section-height-default\" data-id=\"1323e51b\" data-element_type=\"section\" id=\"hero\" data-settings=\"{&quot;background_background&quot;:&quot;classic&quot;}\">\n\t\t\t\t\t\t<div class=\"elementor-container elementor-column-gap-default\">\n\t\t\t\t\t<div class=\"elementor-column elementor-col-100 elementor-top-column elementor-element elementor-element-76238f3f hero-wrapper\" data-id=\"76238f3f\" data-element_type=\"column\">\n\t\t\t<div class=\"elementor-widget-wrap elementor-element-populated\">\n\t\t\t\t\t\t\t\t<div class=\"elementor-element elementor-element-c191445 elementor-widget elementor-widget-heading\" data-id=\"c191445\" data-element_type=\"widget\" data-widget_type=\"heading.default\">\n\t\t\t\t<div class=\"elementor-widget-container\">\n\t\t\t<h1 class=\"elementor-heading-title elementor-size-xl\">Zviedrij\u0101 b\u0101z\u0113ts tehnolo\u0123iju uz\u0146\u0113mums<\/h1>\t\t<\/div>\n\t\t\t\t<\/div>\n\t\t\t\t\t<\/div>\n\t\t<\/div>\n\t\t\t\t\t\t\t<\/div>\n\t\t<\/section>\n\t\t\t\t<section class=\"elementor-section elementor-top-section elementor-element elementor-element-47658c1 elementor-section-boxed elementor-section-height-default elementor-section-height-default\" data-id=\"47658c1\" data-element_type=\"section\" data-settings=\"{&quot;background_background&quot;:&quot;classic&quot;}\">\n\t\t\t\t\t\t<div class=\"elementor-container elementor-column-gap-default\">\n\t\t\t\t\t<div class=\"elementor-column elementor-col-100 elementor-top-column elementor-element elementor-element-5fe55265\" data-id=\"5fe55265\" data-element_type=\"column\">\n\t\t\t<div class=\"elementor-widget-wrap elementor-element-populated\">\n\t\t\t\t\t\t\t\t<section class=\"elementor-section elementor-inner-section elementor-element elementor-element-62ab8fdb entry-content elementor-section-boxed elementor-section-height-default elementor-section-height-default\" data-id=\"62ab8fdb\" data-element_type=\"section\" data-settings=\"{&quot;background_background&quot;:&quot;classic&quot;}\">\n\t\t\t\t\t\t<div class=\"elementor-container elementor-column-gap-default\">\n\t\t\t\t\t<div class=\"elementor-column elementor-col-50 elementor-inner-column elementor-element elementor-element-1907f94f\" data-id=\"1907f94f\" data-element_type=\"column\">\n\t\t\t<div class=\"elementor-widget-wrap elementor-element-populated\">\n\t\t\t\t\t\t\t\t<div class=\"elementor-element elementor-element-b9dff67 elementor-widget elementor-widget-text-editor\" data-id=\"b9dff67\" data-element_type=\"widget\" data-widget_type=\"text-editor.default\">\n\t\t\t\t<div class=\"elementor-widget-container\">\n\t\t\t\t\t\t\t<blockquote><p><b>Par Epass24<\/b><\/p><\/blockquote>\n<p>Epass24 darb\u012bbu uzs\u0101ka 2015. gad\u0101 cie\u0161\u0101 sadarb\u012bb\u0101 ar Zviedrijas Transporta a\u0123ent\u016bru (Zviedrijas valsts ce\u013ca nodevu operatoru) ar m\u0113r\u0137i atvieglot Zviedrijas ce\u013cu lietot\u0101ju nodevu apmaksu transportl\u012bdzek\u013cu \u012bpa\u0161niekiem no cit\u0101m valst\u012bm.<\/p>\n<p>Pa\u0161laik platforma tiek koplietota ar citiem operatoriem, un t\u0101 apstr\u0101d\u0101 visu veidu ce\u013cu lietot\u0101ju maksas.<\/p>\n<p>Autom\u0101tiskiem maks\u0101jumiem ir re\u0123istr\u0113ti vair\u0101k nek\u0101 400 000 transportl\u012bdzek\u013cu, un m\u0113s katru gadu apkalpojam vair\u0101k nek\u0101 24 miljonus nodevu maks\u0101jumu.<\/p>\n<p>Sist\u0113ma ir sertific\u0113ta saska\u0146\u0101 ar ISO 9001 un ISO 27001 un piln\u012bb\u0101 atbilst visiem attiec\u012bgajiem ties\u012bbu aktiem, piem\u0113ram, Visp\u0101r\u0113jai datu aizsardz\u012bbas regulai 2016\/679 (\u201cVDAR\u201d).<\/p>\n<p>Epass24 \u012bpa\u0161nieks un p\u0101rvald\u012bt\u0101js ir ParkTrade Europe AB. Lai ieg\u016btu pla\u0161\u0101ku inform\u0101ciju, l\u016bdzu, apmekl\u0113jiet www.parktrade.com.<\/p>\n<p>Epass24<br \/>\n<span style=\"color: var( --e-global-color-text );\">ParkTrade Europe AB<br \/>\n<\/span><span style=\"color: var( --e-global-color-text );\">Sturegatan 16<br \/>\n<\/span><span style=\"color: var( --e-global-color-text );\">114 36 Stockholm<br \/>\n<\/span><span style=\"color: var( --e-global-color-text );\">Zviedrija<\/span><\/p>\n<p>ParkTrade Europe AB ir Zviedrijas uz\u0146\u0113mums \u2014 organiz\u0101cijas numurs 5566730551<\/p>\n<p>&nbsp;<\/p>\n\t\t\t\t\t\t<\/div>\n\t\t\t\t<\/div>\n\t\t\t\t\t<\/div>\n\t\t<\/div>\n\t\t\t\t<div class=\"elementor-column elementor-col-50 elementor-inner-column elementor-element elementor-element-bca3b9a\" data-id=\"bca3b9a\" data-element_type=\"column\">\n\t\t\t<div class=\"elementor-widget-wrap elementor-element-populated\">\n\t\t\t\t\t\t\t\t<div class=\"elementor-element elementor-element-3b092aa elementor-widget elementor-widget-heading\" data-id=\"3b092aa\" data-element_type=\"widget\" data-widget_type=\"heading.default\">\n\t\t\t\t<div class=\"elementor-widget-container\">\n\t\t\t<h5 class=\"elementor-heading-title elementor-size-default\">+400 000 transportl\u012bdzek\u013cu jau ir pievienoti<\/h5>\t\t<\/div>\n\t\t\t\t<\/div>\n\t\t\t\t<div class=\"elementor-element elementor-element-48af9ad elementor-widget elementor-widget-shortcode\" data-id=\"48af9ad\" data-element_type=\"widget\" data-widget_type=\"shortcode.default\">\n\t\t\t\t<div class=\"elementor-widget-container\">\n\t\t\t\t\t<div class=\"elementor-shortcode\">\t<div id=\"animation_container\" style=\"background-color:rgba(255, 255, 255, 1.00); width:530px; height:610px;max-width:100%;margin: 0 auto;transform: translateX(30px);\">\r\n\t\t<canvas id=\"canvas\" width=\"530\" height=\"610\" style=\"position: absolute; display: block; background-color:rgba(255, 255, 255, 1.00);max-width:100%\"><\/canvas>\r\n\t\t<div id=\"dom_overlay_container\" style=\"pointer-events:none; overflow:hidden; width:530px; height:610px; position: absolute; left: 0px; top: 0px; display: block;max-width:100%\">\r\n\t\t<\/div>\r\n\t<\/div>\r\n    <\/div>\n\t\t\t\t<\/div>\n\t\t\t\t<\/div>\n\t\t\t\t\t<\/div>\n\t\t<\/div>\n\t\t\t\t\t\t\t<\/div>\n\t\t<\/section>\n\t\t\t\t\t<\/div>\n\t\t<\/div>\n\t\t\t\t\t\t\t<\/div>\n\t\t<\/section>\n\t\t\t\t\t\t\t<\/div>\n\t\t","protected":false},"excerpt":{"rendered":"<p>Zviedrij\u0101 b\u0101z\u0113ts tehnolo\u0123iju uz\u0146\u0113mums Par Epass24 Epass24 darb\u012bbu uzs\u0101ka 2015. gad\u0101 cie\u0161\u0101 sadarb\u012bb\u0101 ar Zviedrijas Transporta a\u0123ent\u016bru (Zviedrijas valsts ce\u013ca nodevu operatoru) ar m\u0113r\u0137i atvieglot Zviedrijas ce\u013cu lietot\u0101ju nodevu apmaksu transportl\u012bdzek\u013cu \u012bpa\u0161niekiem no cit\u0101m valst\u012bm. Pa\u0161laik platforma tiek koplietota ar citiem operatoriem, un t\u0101 apstr\u0101d\u0101 visu veidu ce\u013cu lietot\u0101ju maksas. Autom\u0101tiskiem maks\u0101jumiem ir re\u0123istr\u0113ti vair\u0101k [&hellip;]<\/p>\n","protected":false},"author":1,"featured_media":0,"parent":0,"menu_order":0,"comment_status":"closed","ping_status":"closed","template":"","meta":{"inline_featured_image":false},"acf":[],"_links":{"self":[{"href":"https:\/\/epass24.com\/lv\/wp-json\/wp\/v2\/pages\/2505"}],"collection":[{"href":"https:\/\/epass24.com\/lv\/wp-json\/wp\/v2\/pages"}],"about":[{"href":"https:\/\/epass24.com\/lv\/wp-json\/wp\/v2\/types\/page"}],"author":[{"embeddable":true,"href":"https:\/\/epass24.com\/lv\/wp-json\/wp\/v2\/users\/1"}],"replies":[{"embeddable":true,"href":"https:\/\/epass24.com\/lv\/wp-json\/wp\/v2\/comments?post=2505"}],"version-history":[{"count":2,"href":"https:\/\/epass24.com\/lv\/wp-json\/wp\/v2\/pages\/2505\/revisions"}],"predecessor-version":[{"id":5195,"href":"https:\/\/epass24.com\/lv\/wp-json\/wp\/v2\/pages\/2505\/revisions\/5195"}],"wp:attachment":[{"href":"https:\/\/epass24.com\/lv\/wp-json\/wp\/v2\/media?parent=2505"}],"curies":[{"name":"wp","href":"https:\/\/api.w.org\/{rel}","templated":true}]}}