{"id":3651,"date":"2021-07-11T20:30:04","date_gmt":"2021-07-11T20:30:04","guid":{"rendered":"https:\/\/www.epass24.com\/appeal\/appeal-online\/"},"modified":"2025-06-02T14:36:47","modified_gmt":"2025-06-02T14:36:47","slug":"appeal-online","status":"publish","type":"page","link":"https:\/\/epass24.com\/lt\/appeal\/appeal-online\/","title":{"rendered":"Appeal Online"},"content":{"rendered":"\t\t<div data-elementor-type=\"wp-page\" data-elementor-id=\"3651\" class=\"elementor elementor-3651 elementor-3565\">\n\t\t\t\t\t\t\t\t\t<section class=\"elementor-section elementor-top-section elementor-element elementor-element-68e50377 elementor-section-content-middle elementor-section-boxed elementor-section-height-default elementor-section-height-default\" data-id=\"68e50377\" data-element_type=\"section\" id=\"hero\" data-settings=\"{&quot;background_background&quot;:&quot;classic&quot;}\">\n\t\t\t\t\t\t<div class=\"elementor-container elementor-column-gap-default\">\n\t\t\t\t\t<div class=\"elementor-column elementor-col-100 elementor-top-column elementor-element elementor-element-26b419cd hero-wrapper\" data-id=\"26b419cd\" data-element_type=\"column\">\n\t\t\t<div class=\"elementor-widget-wrap elementor-element-populated\">\n\t\t\t\t\t\t\t\t<div class=\"elementor-element elementor-element-1f759e8b elementor-widget elementor-widget-heading\" data-id=\"1f759e8b\" data-element_type=\"widget\" data-widget_type=\"heading.default\">\n\t\t\t\t<div class=\"elementor-widget-container\">\n\t\t\t<h1 class=\"elementor-heading-title elementor-size-default\">Apsk\u0173skite internetu<br><small>\u0160vedijos mokes\u010di\u0173 agent\u016brai arba Transporto agent\u016brai<\/small><\/h1>\t\t<\/div>\n\t\t\t\t<\/div>\n\t\t\t\t\t<\/div>\n\t\t<\/div>\n\t\t\t\t\t\t\t<\/div>\n\t\t<\/section>\n\t\t\t\t<section class=\"elementor-section elementor-top-section elementor-element elementor-element-d6b775d elementor-section-boxed elementor-section-height-default elementor-section-height-default\" data-id=\"d6b775d\" data-element_type=\"section\" data-settings=\"{&quot;background_background&quot;:&quot;classic&quot;}\">\n\t\t\t\t\t\t<div class=\"elementor-container elementor-column-gap-default\">\n\t\t\t\t\t<div class=\"elementor-column elementor-col-100 elementor-top-column elementor-element elementor-element-1877fe90\" data-id=\"1877fe90\" data-element_type=\"column\">\n\t\t\t<div class=\"elementor-widget-wrap elementor-element-populated\">\n\t\t\t\t\t\t\t\t<section class=\"elementor-section elementor-inner-section elementor-element elementor-element-6d057dd3 entry-content elementor-section-boxed elementor-section-height-default elementor-section-height-default\" data-id=\"6d057dd3\" data-element_type=\"section\" data-settings=\"{&quot;background_background&quot;:&quot;classic&quot;}\">\n\t\t\t\t\t\t<div class=\"elementor-container elementor-column-gap-default\">\n\t\t\t\t\t<div class=\"elementor-column elementor-col-100 elementor-inner-column elementor-element elementor-element-44469099\" data-id=\"44469099\" data-element_type=\"column\">\n\t\t\t<div class=\"elementor-widget-wrap elementor-element-populated\">\n\t\t\t\t\t\t\t\t<div class=\"elementor-element elementor-element-72253ba6 elementor-widget elementor-widget-text-editor\" data-id=\"72253ba6\" data-element_type=\"widget\" data-widget_type=\"text-editor.default\">\n\t\t\t\t<div class=\"elementor-widget-container\">\n\t\t\t\t\t\t\t<p>Jei manote, kad sprendimas d\u0117l gr\u016bs\u010di\u0173 ar infrastrukt\u016bros mokes\u010dio yra neteisingas, galite j\u012f apsk\u0173sti.<\/p>\n\t\t\t\t\t\t<\/div>\n\t\t\t\t<\/div>\n\t\t\t\t<div class=\"elementor-element elementor-element-72baad28 elementor-widget elementor-widget-text-editor\" data-id=\"72baad28\" data-element_type=\"widget\" data-widget_type=\"text-editor.default\">\n\t\t\t\t<div class=\"elementor-widget-container\">\n\t\t\t\t\t\t\t<p>D\u0117l perkrovos mokes\u010di\u0173 Stokholme ir Geteborge.<\/p>\n<p><a class=\"styled-text\" href=\"https:\/\/transportstyrelsen.se\/en\/road\/road-tolls\/Congestion-taxes-in-Stockholm-and-Goteborg\/\" target=\"_blank\" rel=\"noopener\">Da\u017enai u\u017eduodami klausimai apie gr\u016bs\u010di\u0173 mokest\u012f (perskaitykite prie\u0161 pateikdami skund\u0105).<\/a><\/p>\n<p><a class=\"styled-text\" href=\"https:\/\/skatteverket.se\/servicelankar\/otherlanguages\/inenglishengelska\/individualsandemployees\/congestiontax\/requestareconsiderationofcongestiontaxoradditionalfee\" target=\"_blank\" rel=\"noopener\">AD\u0117l gr\u016bs\u010di\u0173 mokes\u010dio galima kreiptis \u012f \u0160vedijos mokes\u010di\u0173 agent\u016br\u0105.<\/a><\/p>\n\t\t\t\t\t\t<\/div>\n\t\t\t\t<\/div>\n\t\t\t\t<div class=\"elementor-element elementor-element-47bbfd63 elementor-widget elementor-widget-text-editor\" data-id=\"47bbfd63\" data-element_type=\"widget\" data-widget_type=\"text-editor.default\">\n\t\t\t\t<div class=\"elementor-widget-container\">\n\t\t\t\t\t\t\t<p class=\"styled-text\">D\u0117l infrastrukt\u016bros mokes\u010di\u0173 (tilt\u0173 rinkliavas) Motaloje, Skuru ir Sundsvalyje.<\/p>\n<p><a class=\"styled-text\" href=\"https:\/\/transportstyrelsen.se\/en\/road\/road-tolls\/Infrastructure-charges\/\" target=\"_blank\" rel=\"noopener\">Da\u017enai u\u017eduodami klausimai apie infrastrukt\u016bros mokes\u010dius (perskaitykite prie\u0161 pateikdami skund\u0105).<\/a><\/p>\n<p><a class=\"styled-text\" href=\"https:\/\/www.transportstyrelsen.se\/en\/road\/vehicles\/taxes-and-fees\/road-tolls\/infrastructure-charges\/appeal\/\" target=\"_blank\" rel=\"noopener\">D\u0117l infrastrukt\u016bros mokes\u010di\u0173 galima kreiptis \u012f \u0160vedijos transporto agent\u016br\u0105.<\/a><\/p>\n\t\t\t\t\t\t<\/div>\n\t\t\t\t<\/div>\n\t\t\t\t\t<\/div>\n\t\t<\/div>\n\t\t\t\t\t\t\t<\/div>\n\t\t<\/section>\n\t\t\t\t\t<\/div>\n\t\t<\/div>\n\t\t\t\t\t\t\t<\/div>\n\t\t<\/section>\n\t\t\t\t\t\t\t<\/div>\n\t\t","protected":false},"excerpt":{"rendered":"<p>Apsk\u0173skite internetu\u0160vedijos mokes\u010di\u0173 agent\u016brai arba Transporto agent\u016brai Jei manote, kad sprendimas d\u0117l gr\u016bs\u010di\u0173 ar infrastrukt\u016bros mokes\u010dio yra neteisingas, galite j\u012f apsk\u0173sti. D\u0117l perkrovos mokes\u010di\u0173 Stokholme ir Geteborge. Da\u017enai u\u017eduodami klausimai apie gr\u016bs\u010di\u0173 mokest\u012f (perskaitykite prie\u0161 pateikdami skund\u0105). AD\u0117l gr\u016bs\u010di\u0173 mokes\u010dio galima kreiptis \u012f \u0160vedijos mokes\u010di\u0173 agent\u016br\u0105. D\u0117l infrastrukt\u016bros mokes\u010di\u0173 (tilt\u0173 rinkliavas) Motaloje, Skuru ir Sundsvalyje. [&hellip;]<\/p>\n","protected":false},"author":4,"featured_media":0,"parent":3649,"menu_order":0,"comment_status":"closed","ping_status":"closed","template":"","meta":{"inline_featured_image":false},"acf":[],"_links":{"self":[{"href":"https:\/\/epass24.com\/lt\/wp-json\/wp\/v2\/pages\/3651"}],"collection":[{"href":"https:\/\/epass24.com\/lt\/wp-json\/wp\/v2\/pages"}],"about":[{"href":"https:\/\/epass24.com\/lt\/wp-json\/wp\/v2\/types\/page"}],"author":[{"embeddable":true,"href":"https:\/\/epass24.com\/lt\/wp-json\/wp\/v2\/users\/4"}],"replies":[{"embeddable":true,"href":"https:\/\/epass24.com\/lt\/wp-json\/wp\/v2\/comments?post=3651"}],"version-history":[{"count":7,"href":"https:\/\/epass24.com\/lt\/wp-json\/wp\/v2\/pages\/3651\/revisions"}],"predecessor-version":[{"id":7022,"href":"https:\/\/epass24.com\/lt\/wp-json\/wp\/v2\/pages\/3651\/revisions\/7022"}],"up":[{"embeddable":true,"href":"https:\/\/epass24.com\/lt\/wp-json\/wp\/v2\/pages\/3649"}],"wp:attachment":[{"href":"https:\/\/epass24.com\/lt\/wp-json\/wp\/v2\/media?parent=3651"}],"curies":[{"name":"wp","href":"https:\/\/api.w.org\/{rel}","templated":true}]}}