{"id":2601,"date":"2021-04-27T10:39:47","date_gmt":"2021-04-27T10:39:47","guid":{"rendered":"http:\/\/epass24.uncleserj.com\/automatinis-mokejimas\/"},"modified":"2024-06-24T13:29:17","modified_gmt":"2024-06-24T13:29:17","slug":"automatinis-mokejimas","status":"publish","type":"page","link":"https:\/\/epass24.com\/lt\/automatinis-mokejimas\/","title":{"rendered":"Automatinis mok\u0117jimas"},"content":{"rendered":"\t\t<div data-elementor-type=\"wp-page\" data-elementor-id=\"2601\" class=\"elementor elementor-2601 elementor-491\">\n\t\t\t\t\t\t\t\t\t<section class=\"elementor-section elementor-top-section elementor-element elementor-element-e2902d8 elementor-section-content-middle elementor-section-boxed elementor-section-height-default elementor-section-height-default\" data-id=\"e2902d8\" data-element_type=\"section\" id=\"hero\" data-settings=\"{&quot;background_background&quot;:&quot;classic&quot;}\">\n\t\t\t\t\t\t<div class=\"elementor-container elementor-column-gap-default\">\n\t\t\t\t\t<div class=\"elementor-column elementor-col-100 elementor-top-column elementor-element elementor-element-6d569b3d hero-wrapper\" data-id=\"6d569b3d\" data-element_type=\"column\">\n\t\t\t<div class=\"elementor-widget-wrap elementor-element-populated\">\n\t\t\t\t\t\t\t\t<div class=\"elementor-element elementor-element-58295d1b elementor-widget elementor-widget-heading\" data-id=\"58295d1b\" data-element_type=\"widget\" data-widget_type=\"heading.default\">\n\t\t\t\t<div class=\"elementor-widget-container\">\n\t\t\t<h1 class=\"elementor-heading-title elementor-size-xl\">Mok\u0117kite u\u017e naudojim\u0105si mokamais keliais su Epass24<\/h1>\t\t<\/div>\n\t\t\t\t<\/div>\n\t\t\t\t\t<\/div>\n\t\t<\/div>\n\t\t\t\t\t\t\t<\/div>\n\t\t<\/section>\n\t\t\t\t<section class=\"elementor-section elementor-top-section elementor-element elementor-element-9c013ac elementor-section-content-middle elementor-section-boxed elementor-section-height-default elementor-section-height-default\" data-id=\"9c013ac\" data-element_type=\"section\" data-settings=\"{&quot;background_background&quot;:&quot;classic&quot;}\">\n\t\t\t\t\t\t<div class=\"elementor-container elementor-column-gap-default\">\n\t\t\t\t\t<div class=\"elementor-column elementor-col-100 elementor-top-column elementor-element elementor-element-529c879\" data-id=\"529c879\" data-element_type=\"column\">\n\t\t\t<div class=\"elementor-widget-wrap elementor-element-populated\">\n\t\t\t\t\t\t\t\t<section class=\"elementor-section elementor-inner-section elementor-element elementor-element-9953b1f entry-content elementor-section-content-middle elementor-section-boxed elementor-section-height-default elementor-section-height-default\" data-id=\"9953b1f\" data-element_type=\"section\" data-settings=\"{&quot;background_background&quot;:&quot;classic&quot;}\">\n\t\t\t\t\t\t<div class=\"elementor-container elementor-column-gap-default\">\n\t\t\t\t\t<div class=\"elementor-column elementor-col-50 elementor-inner-column elementor-element elementor-element-4cb041a\" data-id=\"4cb041a\" data-element_type=\"column\">\n\t\t\t<div class=\"elementor-widget-wrap elementor-element-populated\">\n\t\t\t\t\t\t\t\t<div class=\"elementor-element elementor-element-76a1e55 elementor-widget elementor-widget-heading\" data-id=\"76a1e55\" data-element_type=\"widget\" data-widget_type=\"heading.default\">\n\t\t\t\t<div class=\"elementor-widget-container\">\n\t\t\t<h2 class=\"elementor-heading-title elementor-size-default\">Keli\u0173 mokes\u010diai \u0160vedijoje ir Norvegijoje<\/h2>\t\t<\/div>\n\t\t\t\t<\/div>\n\t\t\t\t<div class=\"elementor-element elementor-element-5704159 elementor-widget elementor-widget-text-editor\" data-id=\"5704159\" data-element_type=\"widget\" data-widget_type=\"text-editor.default\">\n\t\t\t\t<div class=\"elementor-widget-container\">\n\t\t\t\t\t\t\t<p>\u0160vedijoje ir Norvegijoje visoms transporto priemon\u0117ms, \u012fskaitant u\u017esienyje registruotas transporto priemones, privalomas keli\u0173 mokestis. Sistemoje naudojamos ANPR (automatin\u0117 transporto priemoni\u0173 registracijos numerio identifikavimo sistema) kameros, kurios u\u017etikrina skland\u0173 ir visi\u0161kai automatizuot\u0105 pro rinkliavos postus prava\u017eiuojan\u010di\u0173 transporto priemoni\u0173 nustatym\u0105 ir registravim\u0105.<br \/><span style=\"color: var( --e-global-color-secondary );\"><br \/>Visi \u0160vedijos ir Norvegijos keli\u0173 mokes\u010di\u0173 operatoriai pasirinko Epass24, kad \u0161iuos mokes\u010dius mok\u0117ti b\u016bt\u0173 papras\u010diau.<\/span><\/p>\n<p>Jei j\u016bs\u0173 transporto priemon\u0117 registruota \u0160vedijoje, Norvegijoje taikomus keli\u0173 mokes\u010dius galite mok\u0117ti naudodamiesi Epass24 paskyra. Jei j\u016bs\u0173 transporto priemon\u0117 registruota Norvegijoje, per Epass24 paskyr\u0105 galite mok\u0117ti \u0160vedijos keli\u0173 mokes\u010dius. Vis\u0173 kit\u0173 transporto priemoni\u0173 savininkai rinkliavas gali sumok\u0117ti automati\u0161kai \u2013 Epass24 paskyroje.<\/p>\n<p>Naudodamiesi Epass24 paskyra gal\u0117site patikrinti, ar teisingai mokate keli\u0173 mokes\u010dius, ir u\u017etikrinti, kad jie b\u016bt\u0173 sumok\u0117ti laiku. Tokiu b\u016bdu i\u0161vengiama papildom\u0173 mokes\u010di\u0173 u\u017e pav\u0117luotus mok\u0117jimus.<\/p>\n<p>Epass24 paskyroje galite u\u017eregistruoti kelias transporto priemones, o vis\u0173 transporto priemoni\u0173 keli\u0173 mokes\u010dius lengvai per\u017ei\u016br\u0117site internete.<\/span><\/p>\n<p>Epass24 paskyros \u2013 nemokamos, j\u016bs mokate tik keli\u0173 mokes\u010dius.<\/p>\n\t\t\t\t\t\t<\/div>\n\t\t\t\t<\/div>\n\t\t\t\t<div class=\"elementor-element elementor-element-211076e elementor-widget elementor-widget-text-editor\" data-id=\"211076e\" data-element_type=\"widget\" data-widget_type=\"text-editor.default\">\n\t\t\t\t<div class=\"elementor-widget-container\">\n\t\t\t\t\t\t\t<p><a class=\"btn btn-primary\" href=\"https:\/\/account.epass24.com\/lt\/create\/step1\" target=\"_blank\" rel=\"noopener\">Paskyros registravimas<\/a><\/p>\n\t\t\t\t\t\t<\/div>\n\t\t\t\t<\/div>\n\t\t\t\t\t<\/div>\n\t\t<\/div>\n\t\t\t\t<div class=\"elementor-column elementor-col-50 elementor-inner-column elementor-element elementor-element-af7b5bd\" data-id=\"af7b5bd\" data-element_type=\"column\" data-settings=\"{&quot;background_background&quot;:&quot;classic&quot;}\">\n\t\t\t<div class=\"elementor-widget-wrap elementor-element-populated\">\n\t\t\t\t\t\t\t\t<div class=\"elementor-element elementor-element-9001d68 elementor-widget elementor-widget-text-editor\" data-id=\"9001d68\" data-element_type=\"widget\" data-widget_type=\"text-editor.default\">\n\t\t\t\t<div class=\"elementor-widget-container\">\n\t\t\t\t\t\t\t<figure>\n<p><i>\u201d\u0160vedijos vyriausyb\u0117 taiko 500 SEK pav\u0117luoto mok\u0117jimo mokest\u012f visiems, kurie nesumoka per nustatyt\u0105 laikotarp\u012f.<\/i><\/p>\n<p><i> <\/i><\/p>\n<p><i>Naudodamasis Epass24 paskyra reikiamus mokes\u010dius visada sumoku laiku. A\u010di\u016b Epass!\u201d<\/i><\/p><figcaption class=\"blockquote-footer\">Maximilian Herrmann, Dusselsdorf<\/figcaption><\/figure>\n\t\t\t\t\t\t<\/div>\n\t\t\t\t<\/div>\n\t\t\t\t<div class=\"elementor-element elementor-element-1f186f6 elementor-widget elementor-widget-text-editor\" data-id=\"1f186f6\" data-element_type=\"widget\" data-widget_type=\"text-editor.default\">\n\t\t\t\t<div class=\"elementor-widget-container\">\n\t\t\t\t\t\t\t<figure>\n<p><i>\u201dPraleidau nuostabias atostogas Norvegijoje ir va\u017eiavau per \u0160vedij\u0105.<br \/>&nbsp;<br \/>Kelion\u0117s metu u\u017esiregistravau Epass24 ir mano \u0160vedijos bei Norvegijos keli\u0173 mokes\u010diai buvo automati\u0161kai nuskai\u010diuoti i\u0161 mano kredito kortel\u0117s.<\/p>\n<p>Itin sklandus aptarnavimas, joki\u0173 sustojim\u0173 rinkliav\u0173 punktuose, prie kuri\u0173 esame \u012fprat\u0119 Italijoje.&#8221;&nbsp;<\/i><\/p><figcaption class=\"blockquote-footer\">Michaela Ponzio, Milano<\/figcaption><\/figure>\n\t\t\t\t\t\t<\/div>\n\t\t\t\t<\/div>\n\t\t\t\t\t<\/div>\n\t\t<\/div>\n\t\t\t\t\t\t\t<\/div>\n\t\t<\/section>\n\t\t\t\t\t<\/div>\n\t\t<\/div>\n\t\t\t\t\t\t\t<\/div>\n\t\t<\/section>\n\t\t\t\t<section class=\"elementor-section elementor-top-section elementor-element elementor-element-cecc4f2 has-padding elementor-section-content-middle elementor-section-boxed elementor-section-height-default elementor-section-height-default\" data-id=\"cecc4f2\" data-element_type=\"section\" data-settings=\"{&quot;background_background&quot;:&quot;classic&quot;}\">\n\t\t\t\t\t\t<div class=\"elementor-container elementor-column-gap-default\">\n\t\t\t\t\t<div class=\"elementor-column elementor-col-50 elementor-top-column elementor-element elementor-element-1ce27260 min-height border-top-left-radius\" data-id=\"1ce27260\" data-element_type=\"column\" data-settings=\"{&quot;background_background&quot;:&quot;classic&quot;}\">\n\t\t\t<div class=\"elementor-widget-wrap\">\n\t\t\t\t\t\t\t\t\t<\/div>\n\t\t<\/div>\n\t\t\t\t<div class=\"elementor-column elementor-col-50 elementor-top-column elementor-element elementor-element-2060727e border-top-right-radius\" data-id=\"2060727e\" data-element_type=\"column\" data-settings=\"{&quot;background_background&quot;:&quot;classic&quot;}\">\n\t\t\t<div class=\"elementor-widget-wrap elementor-element-populated\">\n\t\t\t\t\t\t\t\t<div class=\"elementor-element elementor-element-164788cb elementor-widget elementor-widget-heading\" data-id=\"164788cb\" data-element_type=\"widget\" data-widget_type=\"heading.default\">\n\t\t\t\t<div class=\"elementor-widget-container\">\n\t\t\t<h3 class=\"elementor-heading-title elementor-size-xl\">Keli\u0173 naudotojo mokes\u010diai<\/h3>\t\t<\/div>\n\t\t\t\t<\/div>\n\t\t\t\t<div class=\"elementor-element elementor-element-6f624989 part elementor-widget elementor-widget-text-editor\" data-id=\"6f624989\" data-element_type=\"widget\" data-widget_type=\"text-editor.default\">\n\t\t\t\t<div class=\"elementor-widget-container\">\n\t\t\t\t\t\t\t<p>U\u017e surinktus keli\u0173 naudotojo mokes\u010dius gerinama infrastrukt\u016bra, visuomen\u0117s sveikata ir aplinka.<\/p>\n\t\t\t\t\t\t<\/div>\n\t\t\t\t<\/div>\n\t\t\t\t<div class=\"elementor-element elementor-element-410c1ab5 bottom elementor-widget elementor-widget-text-editor\" data-id=\"410c1ab5\" data-element_type=\"widget\" data-widget_type=\"text-editor.default\">\n\t\t\t\t<div class=\"elementor-widget-container\">\n\t\t\t\t\t\t\t<p><a class=\"btn btn-primary\" title=\"Skaityti daugiau\" href=\"https:\/\/www.epass24.com\/lt\/keliu-naudotojo-mokesciai\/\">Skaityti daugiau<\/a><\/p>\n\t\t\t\t\t\t<\/div>\n\t\t\t\t<\/div>\n\t\t\t\t\t<\/div>\n\t\t<\/div>\n\t\t\t\t\t\t\t<\/div>\n\t\t<\/section>\n\t\t\t\t<section class=\"elementor-section elementor-top-section elementor-element elementor-element-5af6a7ea has-padding elementor-section-content-middle elementor-section-boxed elementor-section-height-default elementor-section-height-default\" data-id=\"5af6a7ea\" data-element_type=\"section\" data-settings=\"{&quot;background_background&quot;:&quot;classic&quot;}\">\n\t\t\t\t\t\t<div class=\"elementor-container elementor-column-gap-default\">\n\t\t\t\t\t<div class=\"elementor-column elementor-col-50 elementor-top-column elementor-element elementor-element-69a07202 border-bottom-left-radius\" data-id=\"69a07202\" data-element_type=\"column\" data-settings=\"{&quot;background_background&quot;:&quot;classic&quot;}\">\n\t\t\t<div class=\"elementor-widget-wrap elementor-element-populated\">\n\t\t\t\t\t\t\t\t<div class=\"elementor-element elementor-element-45c6c1ee elementor-widget elementor-widget-heading\" data-id=\"45c6c1ee\" data-element_type=\"widget\" data-widget_type=\"heading.default\">\n\t\t\t\t<div class=\"elementor-widget-container\">\n\t\t\t<h3 class=\"elementor-heading-title elementor-size-large\">Keli\u0173 mokes\u010di\u0173 operatoriai<\/h3>\t\t<\/div>\n\t\t\t\t<\/div>\n\t\t\t\t<div class=\"elementor-element elementor-element-49136d06 part elementor-widget elementor-widget-text-editor\" data-id=\"49136d06\" data-element_type=\"widget\" data-widget_type=\"text-editor.default\">\n\t\t\t\t<div class=\"elementor-widget-container\">\n\t\t\t\t\t\t\t<p>Keli\u0173 naudotojo mokes\u010diai yra taikomi daugelyje Europos \u0161ali\u0173, juos tvarko valstybiniai keli\u0173 mokes\u010di\u0173 operatoriai.\u00a0<\/p>\n\t\t\t\t\t\t<\/div>\n\t\t\t\t<\/div>\n\t\t\t\t<div class=\"elementor-element elementor-element-5aaa0691 bottom elementor-widget elementor-widget-text-editor\" data-id=\"5aaa0691\" data-element_type=\"widget\" data-widget_type=\"text-editor.default\">\n\t\t\t\t<div class=\"elementor-widget-container\">\n\t\t\t\t\t\t\t<p><a class=\"btn btn-primary\" title=\"Skaityti daugiau\" href=\"https:\/\/www.epass24.com\/lt\/keliu-mokesciu-operatoriu\/\">Skaityti daugiau<\/a><\/p>\n\t\t\t\t\t\t<\/div>\n\t\t\t\t<\/div>\n\t\t\t\t\t<\/div>\n\t\t<\/div>\n\t\t\t\t<div class=\"elementor-column elementor-col-50 elementor-top-column elementor-element elementor-element-16706438 order min-height border-bottom-right-radius\" data-id=\"16706438\" data-element_type=\"column\" data-settings=\"{&quot;background_background&quot;:&quot;classic&quot;}\">\n\t\t\t<div class=\"elementor-widget-wrap\">\n\t\t\t\t\t\t\t\t\t<\/div>\n\t\t<\/div>\n\t\t\t\t\t\t\t<\/div>\n\t\t<\/section>\n\t\t\t\t\t\t\t<\/div>\n\t\t","protected":false},"excerpt":{"rendered":"<p>Mok\u0117kite u\u017e naudojim\u0105si mokamais keliais su Epass24 Keli\u0173 mokes\u010diai \u0160vedijoje ir Norvegijoje \u0160vedijoje ir Norvegijoje visoms transporto priemon\u0117ms, \u012fskaitant u\u017esienyje registruotas transporto priemones, privalomas keli\u0173 mokestis. Sistemoje naudojamos ANPR (automatin\u0117 transporto priemoni\u0173 registracijos numerio identifikavimo sistema) kameros, kurios u\u017etikrina skland\u0173 ir visi\u0161kai automatizuot\u0105 pro rinkliavos postus prava\u017eiuojan\u010di\u0173 transporto priemoni\u0173 nustatym\u0105 ir registravim\u0105. Visi \u0160vedijos ir [&hellip;]<\/p>\n","protected":false},"author":1,"featured_media":0,"parent":0,"menu_order":0,"comment_status":"closed","ping_status":"closed","template":"","meta":{"inline_featured_image":false},"acf":[],"_links":{"self":[{"href":"https:\/\/epass24.com\/lt\/wp-json\/wp\/v2\/pages\/2601"}],"collection":[{"href":"https:\/\/epass24.com\/lt\/wp-json\/wp\/v2\/pages"}],"about":[{"href":"https:\/\/epass24.com\/lt\/wp-json\/wp\/v2\/types\/page"}],"author":[{"embeddable":true,"href":"https:\/\/epass24.com\/lt\/wp-json\/wp\/v2\/users\/1"}],"replies":[{"embeddable":true,"href":"https:\/\/epass24.com\/lt\/wp-json\/wp\/v2\/comments?post=2601"}],"version-history":[{"count":8,"href":"https:\/\/epass24.com\/lt\/wp-json\/wp\/v2\/pages\/2601\/revisions"}],"predecessor-version":[{"id":6932,"href":"https:\/\/epass24.com\/lt\/wp-json\/wp\/v2\/pages\/2601\/revisions\/6932"}],"wp:attachment":[{"href":"https:\/\/epass24.com\/lt\/wp-json\/wp\/v2\/media?parent=2601"}],"curies":[{"name":"wp","href":"https:\/\/api.w.org\/{rel}","templated":true}]}}