{"id":2527,"date":"2021-04-23T10:18:36","date_gmt":"2021-04-23T10:18:36","guid":{"rendered":"http:\/\/epass24.uncleserj.com\/keliu-mokesciu-operatoriu\/"},"modified":"2023-11-06T09:28:15","modified_gmt":"2023-11-06T09:28:15","slug":"keliu-mokesciu-operatoriu","status":"publish","type":"page","link":"https:\/\/epass24.com\/lt\/keliu-mokesciu-operatoriu\/","title":{"rendered":"Keli\u0173 Mokes\u010di\u0173 Operatori\u0173"},"content":{"rendered":"\t\t<div data-elementor-type=\"wp-page\" data-elementor-id=\"2527\" class=\"elementor elementor-2527 elementor-605\">\n\t\t\t\t\t\t\t\t\t<section class=\"elementor-section elementor-top-section elementor-element elementor-element-117baab8 elementor-section-content-middle elementor-section-boxed elementor-section-height-default elementor-section-height-default\" data-id=\"117baab8\" data-element_type=\"section\" id=\"hero\" data-settings=\"{&quot;background_background&quot;:&quot;classic&quot;}\">\n\t\t\t\t\t\t<div class=\"elementor-container elementor-column-gap-default\">\n\t\t\t\t\t<div class=\"elementor-column elementor-col-100 elementor-top-column elementor-element elementor-element-1c8d4f4f hero-wrapper\" data-id=\"1c8d4f4f\" data-element_type=\"column\">\n\t\t\t<div class=\"elementor-widget-wrap elementor-element-populated\">\n\t\t\t\t\t\t\t\t<div class=\"elementor-element elementor-element-2e153ed elementor-widget elementor-widget-heading\" data-id=\"2e153ed\" data-element_type=\"widget\" data-widget_type=\"heading.default\">\n\t\t\t\t<div class=\"elementor-widget-container\">\n\t\t\t<h1 class=\"elementor-heading-title elementor-size-xl\">Platforma, atliekanti keli\u0173 mokes\u010di\u0173 operatoriaus funkcijas<\/h1>\t\t<\/div>\n\t\t\t\t<\/div>\n\t\t\t\t<div class=\"elementor-element elementor-element-983eb2d elementor-widget elementor-widget-text-editor\" data-id=\"983eb2d\" data-element_type=\"widget\" data-widget_type=\"text-editor.default\">\n\t\t\t\t<div class=\"elementor-widget-container\">\n\t\t\t\t\t\t\t\t\t\t\t\t\t<\/div>\n\t\t\t\t<\/div>\n\t\t\t\t\t<\/div>\n\t\t<\/div>\n\t\t\t\t\t\t\t<\/div>\n\t\t<\/section>\n\t\t\t\t<section class=\"elementor-section elementor-top-section elementor-element elementor-element-2d3a8ad4 elementor-section-boxed elementor-section-height-default elementor-section-height-default\" data-id=\"2d3a8ad4\" data-element_type=\"section\" data-settings=\"{&quot;background_background&quot;:&quot;classic&quot;}\">\n\t\t\t\t\t\t<div class=\"elementor-container elementor-column-gap-default\">\n\t\t\t\t\t<div class=\"elementor-column elementor-col-100 elementor-top-column elementor-element elementor-element-61c804d8\" data-id=\"61c804d8\" data-element_type=\"column\">\n\t\t\t<div class=\"elementor-widget-wrap elementor-element-populated\">\n\t\t\t\t\t\t\t\t<section class=\"elementor-section elementor-inner-section elementor-element elementor-element-1c6a2fac entry-content elementor-section-content-middle elementor-section-boxed elementor-section-height-default elementor-section-height-default\" data-id=\"1c6a2fac\" data-element_type=\"section\" data-settings=\"{&quot;background_background&quot;:&quot;classic&quot;}\">\n\t\t\t\t\t\t<div class=\"elementor-container elementor-column-gap-default\">\n\t\t\t\t\t<div class=\"elementor-column elementor-col-50 elementor-inner-column elementor-element elementor-element-125cbe0d\" data-id=\"125cbe0d\" data-element_type=\"column\">\n\t\t\t<div class=\"elementor-widget-wrap elementor-element-populated\">\n\t\t\t\t\t\t\t\t<div class=\"elementor-element elementor-element-759b6c9 elementor-widget elementor-widget-heading\" data-id=\"759b6c9\" data-element_type=\"widget\" data-widget_type=\"heading.default\">\n\t\t\t\t<div class=\"elementor-widget-container\">\n\t\t\t<h2 class=\"elementor-heading-title elementor-size-large\">Europos keli\u0173 mokes\u010di\u0173 operatori\u0173 tinklas<\/h2>\t\t<\/div>\n\t\t\t\t<\/div>\n\t\t\t\t<div class=\"elementor-element elementor-element-8824335 elementor-widget elementor-widget-text-editor\" data-id=\"8824335\" data-element_type=\"widget\" data-widget_type=\"text-editor.default\">\n\t\t\t\t<div class=\"elementor-widget-container\">\n\t\t\t\t\t\t\t<p><b>\u0160vedija<\/b>&#8211; \u0160vedijos transporto agent\u016bra (The Swedish Transport Agency) yra vyriausybin\u0117 organizacija, atsakinga u\u017e \u0160vedijos keli\u0173 mokes\u010di\u0173 sistem\u0105. Sp\u016bsties mokes\u010diai taikomi Stokholme ir Geteborge, o tilt\u0173 mokes\u010diai \u2013 Skuru, Mutaloje ir Sundsvalyje.<\/p>\n<p><b>Norvegija <\/b>&#8211; Norvegijos keli\u0173 sistema yra padalinta \u012f penkis regionus, kuriuose veikia atskiri keli\u0173 mokes\u010di\u0173 operatoriai: \u201eFjellinjen\u201c, \u201eFerde\u201c, \u201eVegamot\u201c, \u201eVegfinans\u201c ir \u201eBompengeselskap Nord\u201c. J\u0173 veikl\u0105 kontroliuoja ir pri\u017ei\u016bri Norvegijos vie\u0161\u0173j\u0173 keli\u0173 administracija (Statens Vegvesen).<br \/>\n<span style=\"color: var( --e-global-color-secondary );\"><br \/>\nKelt\u0173 paslaugas (autopassferje.no) Norvegijos vie\u0161\u0173j\u0173 keli\u0173 administracijos (Statens Vegvesen) leidimu teikia kelios valstybin\u0117s kelt\u0173 bendrov\u0117s.<\/span><\/p>\n<p><b style=\"color: var( --e-global-color-secondary );\">Danija <\/b><span style=\"color: var( --e-global-color-secondary );\">&#8211;\u00a0\u201eA\/S Storeb\u00e6lt\u201c valdo 18 km ilgio tilt\u0105 per Did\u017eiojo Belto s\u0105siaur\u012f (Storeb\u00e6lt), jungiant\u012f ryt\u0173 ir vakar\u0173 Danij\u0105.\u00a0<\/span><span style=\"color: var( --e-global-color-secondary );\">\u201eFjordforbindelsen Frederikssund\u201c yra atsakinga u\u017e Kronprinces\u0117s Mary tilto su greitkeliu \u012f Roskild\u0117s fiord\u0105 mokes\u010di\u0173 tvarkym\u0105.\u00a0<\/span><\/p>\n<p><b>Pranc\u016bzija <\/b>&#8211; Pranc\u016bzijos vyriausyb\u0117s leidimu \u201eSoci\u00e9t\u00e9 des Autoroutes du Nord et de l\u2019Est de la France\u201c (SANEF) valdo greitkelius \u0160iaur\u0117s ir Ryt\u0173 Pranc\u016bzijoje. Bendras \u0161io tinklo keli\u0173 ilgis sudaro 1 743 km.<\/p>\n<p><b>Portugalija<\/b>&#8211; \u201eAscendi\u201c Portugalijoje yra sudariusi \u0161e\u0161ias keli\u0173 rinkliavos rinkimo koncesijos sutartis ir valdo 672 km \u0161alies greitkeli\u0173.<\/p>\n<p>Visos \u0161ios organizacijos paskyr\u0117 \u201eEpass24\u201c tvarkyti keli\u0173 naudojimo mokes\u010dius, daugiausia skirtus u\u017esienyje registruotoms transporto priemon\u0117ms.<\/p>\n<p>\u0160vedijoje ir Norvegijoje \u201eEpass24\u201c teikia automatinio keli\u0173 mokes\u010di\u0173 mok\u0117jimo paslaug\u0105.<\/p>\n<p>Nor\u0117dami gauti daugiau informacijos apie kiekvien\u0105 operatori\u0173, apsilankykite j\u0173 interneto svetain\u0117se.<\/p>\n<div><\/div>\n\t\t\t\t\t\t<\/div>\n\t\t\t\t<\/div>\n\t\t\t\t\t<\/div>\n\t\t<\/div>\n\t\t\t\t<div class=\"elementor-column elementor-col-50 elementor-inner-column elementor-element elementor-element-c0fe468\" data-id=\"c0fe468\" data-element_type=\"column\">\n\t\t\t<div class=\"elementor-widget-wrap elementor-element-populated\">\n\t\t\t\t\t\t\t\t<div class=\"elementor-element elementor-element-094c087 elementor-widget elementor-widget-shortcode\" data-id=\"094c087\" data-element_type=\"widget\" data-widget_type=\"shortcode.default\">\n\t\t\t\t<div class=\"elementor-widget-container\">\n\t\t\t\t\t<div class=\"elementor-shortcode\">\t<div class=\"operators row no-gutters align-items-center\">\r\n\t\t\t<div class=\"col-md-6\">\r\n\t\t\t<a class=\"operator\" href=\"https:\/\/autopassferje.no\" target=\"_blank\" rel=\"nofollow noreferrer noopener\" title=\"AutoPASS for ferje\">\r\n\t\t\t\t<img src=\"\/wp-content\/uploads\/autopass.svg\" alt=\"AutoPASS for ferje\">\r\n\t\t\t<\/a>\r\n\t\t<\/div>\r\n    \t\t<div class=\"col-md-6\">\r\n\t\t\t<a class=\"operator\" href=\"https:\/\/en.vegfinans.no\/\" target=\"_blank\" rel=\"nofollow noreferrer noopener\" title=\"Vegfinans\">\r\n\t\t\t\t<img src=\"\/wp-content\/uploads\/Vegfinans.png\" alt=\"Vegfinans\">\r\n\t\t\t<\/a>\r\n\t\t<\/div>\r\n    \t\t<div class=\"col-md-6\">\r\n\t\t\t<a class=\"operator\" href=\"https:\/\/www.vegamot.no\/\" target=\"_blank\" rel=\"nofollow noreferrer noopener\" title=\"Vegamot\">\r\n\t\t\t\t<img src=\"\/wp-content\/uploads\/Vegamot.png\" alt=\"Vegamot\">\r\n\t\t\t<\/a>\r\n\t\t<\/div>\r\n    \t\t<div class=\"col-md-6\">\r\n\t\t\t<a class=\"operator\" href=\"https:\/\/transportstyrelsen.se\" target=\"_blank\" rel=\"nofollow noreferrer noopener\" title=\"Transportstyrelsen\">\r\n\t\t\t\t<img src=\"\/wp-content\/uploads\/Transportstyrelsen-300x67.png\" alt=\"Transportstyrelsen\">\r\n\t\t\t<\/a>\r\n\t\t<\/div>\r\n    \t\t<div class=\"col-md-6\">\r\n\t\t\t<a class=\"operator\" href=\"https:\/\/sundogbaelt.dk\/\" target=\"_blank\" rel=\"nofollow noreferrer noopener\" title=\"Sund Baelt\">\r\n\t\t\t\t<img src=\"\/wp-content\/uploads\/Sund-Baelt.png\" alt=\"Sund Baelt\">\r\n\t\t\t<\/a>\r\n\t\t<\/div>\r\n    \t\t<div class=\"col-md-6\">\r\n\t\t\t<a class=\"operator\" href=\"https:\/\/storebaelt.dk\/\" target=\"_blank\" rel=\"nofollow noreferrer noopener\" title=\"Storebaelt\">\r\n\t\t\t\t<img src=\"\/wp-content\/uploads\/Storebaelt-300x76.png\" alt=\"Storebaelt\">\r\n\t\t\t<\/a>\r\n\t\t<\/div>\r\n    \t\t<div class=\"col-md-6\">\r\n\t\t\t<a class=\"operator\" href=\"https:\/\/www.fjellinjen.no\/\" target=\"_blank\" rel=\"nofollow noreferrer noopener\" title=\"Fjellinjen\">\r\n\t\t\t\t<img src=\"\/wp-content\/uploads\/Fjellinjen-300x124.jpg\" alt=\"Fjellinjen\">\r\n\t\t\t<\/a>\r\n\t\t<\/div>\r\n    \t\t<div class=\"col-md-6\">\r\n\t\t\t<a class=\"operator\" href=\"https:\/\/ferde.no\/\" target=\"_blank\" rel=\"nofollow noreferrer noopener\" title=\"Ferde\">\r\n\t\t\t\t<img src=\"\/wp-content\/uploads\/FerdeLogo.svg\" alt=\"Ferde\">\r\n\t\t\t<\/a>\r\n\t\t<\/div>\r\n    \t\t<div class=\"col-md-6\">\r\n\t\t\t<a class=\"operator\" href=\"https:\/\/bomveinord.no\/\" target=\"_blank\" rel=\"nofollow noreferrer noopener\" title=\"Bompengeselskap Nord\">\r\n\t\t\t\t<img src=\"\/wp-content\/uploads\/Nord-300x126.png\" alt=\"Bompengeselskap Nord\">\r\n\t\t\t<\/a>\r\n\t\t<\/div>\r\n    \t\t<div class=\"col-md-6\">\r\n\t\t\t<a class=\"operator\" href=\"https:\/\/www.ascendi.pt\/\" target=\"_blank\" rel=\"nofollow noreferrer noopener\" title=\"Ascendi\">\r\n\t\t\t\t<img src=\"\/wp-content\/uploads\/Ascendi.png\" alt=\"Ascendi\">\r\n\t\t\t<\/a>\r\n\t\t<\/div>\r\n    \t<\/div>\r\n\t<\/div>\n\t\t\t\t<\/div>\n\t\t\t\t<\/div>\n\t\t\t\t\t<\/div>\n\t\t<\/div>\n\t\t\t\t\t\t\t<\/div>\n\t\t<\/section>\n\t\t\t\t\t<\/div>\n\t\t<\/div>\n\t\t\t\t\t\t\t<\/div>\n\t\t<\/section>\n\t\t\t\t\t\t\t<\/div>\n\t\t","protected":false},"excerpt":{"rendered":"<p>Platforma, atliekanti keli\u0173 mokes\u010di\u0173 operatoriaus funkcijas Europos keli\u0173 mokes\u010di\u0173 operatori\u0173 tinklas \u0160vedija&#8211; \u0160vedijos transporto agent\u016bra (The Swedish Transport Agency) yra vyriausybin\u0117 organizacija, atsakinga u\u017e \u0160vedijos keli\u0173 mokes\u010di\u0173 sistem\u0105. Sp\u016bsties mokes\u010diai taikomi Stokholme ir Geteborge, o tilt\u0173 mokes\u010diai \u2013 Skuru, Mutaloje ir Sundsvalyje. Norvegija &#8211; Norvegijos keli\u0173 sistema yra padalinta \u012f penkis regionus, kuriuose veikia atskiri [&hellip;]<\/p>\n","protected":false},"author":1,"featured_media":0,"parent":0,"menu_order":0,"comment_status":"closed","ping_status":"closed","template":"","meta":{"inline_featured_image":false},"acf":[],"_links":{"self":[{"href":"https:\/\/epass24.com\/lt\/wp-json\/wp\/v2\/pages\/2527"}],"collection":[{"href":"https:\/\/epass24.com\/lt\/wp-json\/wp\/v2\/pages"}],"about":[{"href":"https:\/\/epass24.com\/lt\/wp-json\/wp\/v2\/types\/page"}],"author":[{"embeddable":true,"href":"https:\/\/epass24.com\/lt\/wp-json\/wp\/v2\/users\/1"}],"replies":[{"embeddable":true,"href":"https:\/\/epass24.com\/lt\/wp-json\/wp\/v2\/comments?post=2527"}],"version-history":[{"count":5,"href":"https:\/\/epass24.com\/lt\/wp-json\/wp\/v2\/pages\/2527\/revisions"}],"predecessor-version":[{"id":6857,"href":"https:\/\/epass24.com\/lt\/wp-json\/wp\/v2\/pages\/2527\/revisions\/6857"}],"wp:attachment":[{"href":"https:\/\/epass24.com\/lt\/wp-json\/wp\/v2\/media?parent=2527"}],"curies":[{"name":"wp","href":"https:\/\/api.w.org\/{rel}","templated":true}]}}