{"id":2525,"date":"2021-04-23T10:12:57","date_gmt":"2021-04-23T10:12:57","guid":{"rendered":"http:\/\/epass24.uncleserj.com\/keliu-naudotojo-mokesciai\/"},"modified":"2021-04-28T13:16:38","modified_gmt":"2021-04-28T13:16:38","slug":"keliu-naudotojo-mokesciai","status":"publish","type":"page","link":"https:\/\/epass24.com\/lt\/keliu-naudotojo-mokesciai\/","title":{"rendered":"Keli\u0173 naudotojo mokes\u010diai"},"content":{"rendered":"\t\t<div data-elementor-type=\"wp-page\" data-elementor-id=\"2525\" class=\"elementor elementor-2525 elementor-754\">\n\t\t\t\t\t\t\t\t\t<section class=\"elementor-section elementor-top-section elementor-element elementor-element-28c921dc elementor-section-content-middle elementor-section-boxed elementor-section-height-default elementor-section-height-default\" data-id=\"28c921dc\" data-element_type=\"section\" id=\"hero\" data-settings=\"{&quot;background_background&quot;:&quot;classic&quot;}\">\n\t\t\t\t\t\t<div class=\"elementor-container elementor-column-gap-default\">\n\t\t\t\t\t<div class=\"elementor-column elementor-col-100 elementor-top-column elementor-element elementor-element-67173fed hero-wrapper\" data-id=\"67173fed\" data-element_type=\"column\">\n\t\t\t<div class=\"elementor-widget-wrap elementor-element-populated\">\n\t\t\t\t\t\t\t\t<div class=\"elementor-element elementor-element-4ed96da elementor-widget elementor-widget-heading\" data-id=\"4ed96da\" data-element_type=\"widget\" data-widget_type=\"heading.default\">\n\t\t\t\t<div class=\"elementor-widget-container\">\n\t\t\t<h1 class=\"elementor-heading-title elementor-size-default\">Infrastrukt\u016bra, visuomen\u0117s sveikata ir aplinka<\/h1>\t\t<\/div>\n\t\t\t\t<\/div>\n\t\t\t\t<div class=\"elementor-element elementor-element-e795277 elementor-widget elementor-widget-text-editor\" data-id=\"e795277\" data-element_type=\"widget\" data-widget_type=\"text-editor.default\">\n\t\t\t\t<div class=\"elementor-widget-container\">\n\t\t\t\t\t\t\t\t\t\t\t\t\t<\/div>\n\t\t\t\t<\/div>\n\t\t\t\t\t<\/div>\n\t\t<\/div>\n\t\t\t\t\t\t\t<\/div>\n\t\t<\/section>\n\t\t\t\t<section class=\"elementor-section elementor-top-section elementor-element elementor-element-3b2d26c8 elementor-section-boxed elementor-section-height-default elementor-section-height-default\" data-id=\"3b2d26c8\" data-element_type=\"section\" data-settings=\"{&quot;background_background&quot;:&quot;classic&quot;}\">\n\t\t\t\t\t\t<div class=\"elementor-container elementor-column-gap-default\">\n\t\t\t\t\t<div class=\"elementor-column elementor-col-100 elementor-top-column elementor-element elementor-element-718039d3\" data-id=\"718039d3\" data-element_type=\"column\">\n\t\t\t<div class=\"elementor-widget-wrap elementor-element-populated\">\n\t\t\t\t\t\t\t\t<section class=\"elementor-section elementor-inner-section elementor-element elementor-element-750eaf80 entry-content elementor-section-content-top elementor-section-boxed elementor-section-height-default elementor-section-height-default\" data-id=\"750eaf80\" data-element_type=\"section\" data-settings=\"{&quot;background_background&quot;:&quot;classic&quot;}\">\n\t\t\t\t\t\t<div class=\"elementor-container elementor-column-gap-default\">\n\t\t\t\t\t<div class=\"elementor-column elementor-col-50 elementor-inner-column elementor-element elementor-element-8f8ecd0 road\" data-id=\"8f8ecd0\" data-element_type=\"column\">\n\t\t\t<div class=\"elementor-widget-wrap elementor-element-populated\">\n\t\t\t\t\t\t\t\t<div class=\"elementor-element elementor-element-1bacc71 elementor-widget elementor-widget-heading\" data-id=\"1bacc71\" data-element_type=\"widget\" data-widget_type=\"heading.default\">\n\t\t\t\t<div class=\"elementor-widget-container\">\n\t\t\t<h2 class=\"elementor-heading-title elementor-size-default\">Kam reikalingi keli\u0173 naudotojo mokes\u010diai?<\/h2>\t\t<\/div>\n\t\t\t\t<\/div>\n\t\t\t\t<div class=\"elementor-element elementor-element-759a5a8 elementor-widget elementor-widget-text-editor\" data-id=\"759a5a8\" data-element_type=\"widget\" data-widget_type=\"text-editor.default\">\n\t\t\t\t<div class=\"elementor-widget-container\">\n\t\t\t\t\t\t\t<p><span style=\"color: var( --e-global-color-secondary );\">Pagrindinis keli\u0173 naudotojo mokes\u010di\u0173 tikslas yra apmokestinti vairuotojus u\u017e naudojim\u0105si keliais ir infrastrukt\u016bra, kad vietos vald\u017eia tur\u0117t\u0173 l\u0117\u0161\u0173 tiesti ir pri\u017ei\u016br\u0117ti auk\u0161tos kokyb\u0117s kelius, greitkelius ir tiltus.<br \/><\/span><span style=\"color: var( --e-global-color-secondary );\"><br \/>Kai kurie mokes\u010diai, pavyzd\u017eiui, sp\u016bsties ar ma\u017eos tar\u0161os zon\u0173 mokestis, yra renkami siekiant konkre\u010diose vietov\u0117se suma\u017einti tar\u0161\u0105 ir pagerinti oro kokyb\u0119. \u0160i\u0173 mokes\u010di\u0173 tikslas yra pagerinti visuomen\u0117s sveikat\u0105 ir gyvenam\u0105j\u0105 aplink\u0105.<br \/><\/span><span style=\"color: var( --e-global-color-secondary );\"><br \/>Visi keli\u0173 naudotojo mokes\u010diai, kuriuos tvarko \u201eEpass24\u201c, skiriami naudojant automatinio numeri\u0173 atpa\u017einimo (ANPR) kameras. Visi keli\u0173 mokes\u010diai registruojami automati\u0161kai, paskui i\u0161ra\u0161omos s\u0105skaitos.<br \/><\/span><span style=\"color: var( --e-global-color-secondary );\"><br \/>\u017dinome, kad keli\u0173 naudotojo mokes\u010diai ned\u017eiugina, ta\u010diau svarbu prisiminti, kad jie taikomi siekiant pagerinti visuomen\u0117s gyvenimo kokyb\u0119.<\/span><\/p>\n\t\t\t\t\t\t<\/div>\n\t\t\t\t<\/div>\n\t\t\t\t<div class=\"elementor-element elementor-element-9910f75 elementor-widget elementor-widget-text-editor\" data-id=\"9910f75\" data-element_type=\"widget\" data-widget_type=\"text-editor.default\">\n\t\t\t\t<div class=\"elementor-widget-container\">\n\t\t\t\t\t\t\t<ul>\n<li><i class=\"fas fa-chevron-right\"><\/i>Sp\u016bsties mokes\u010diai<\/li>\n<li><i class=\"fas fa-chevron-right\"><\/i>Infrastrukt\u016bros mokes\u010diai<\/li>\n<li><i class=\"fas fa-chevron-right\"><\/i>Keli\u0173 mokes\u010diai<\/li>\n<li><i class=\"fas fa-chevron-right\"><\/i>Tilt\u0173 mokes\u010diai<\/li>\n<li><i class=\"fas fa-chevron-right\"><\/i>Ma\u017eos tar\u0161os zonos<\/li>\n<li><i class=\"fas fa-chevron-right\"><\/i>Vinjet\u0117 (keli\u0173 mokestis)<\/li>\n<li><i class=\"fas fa-chevron-right\"><\/i>Perk\u0117los<\/li>\n<\/ul>\n<p><img loading=\"lazy\" class=\"size-medium wp-image-156 alignright\" src=\"https:\/\/www.epass24.com\/wp-content\/uploads\/part-2-300x200.jpg\" alt=\"\" width=\"250\" height=\"250\" \/><\/p>\n\t\t\t\t\t\t<\/div>\n\t\t\t\t<\/div>\n\t\t\t\t\t<\/div>\n\t\t<\/div>\n\t\t\t\t<div class=\"elementor-column elementor-col-50 elementor-inner-column elementor-element elementor-element-4ce275b\" data-id=\"4ce275b\" data-element_type=\"column\">\n\t\t\t<div class=\"elementor-widget-wrap elementor-element-populated\">\n\t\t\t\t\t\t\t\t<div class=\"elementor-element elementor-element-d3d3bce elementor-widget elementor-widget-image\" data-id=\"d3d3bce\" data-element_type=\"widget\" data-widget_type=\"image.default\">\n\t\t\t\t<div class=\"elementor-widget-container\">\n\t\t\t\t\t\t\t\t\t\t\t\t\t\t\t<img width=\"2500\" height=\"1820\" src=\"\/wp-content\/uploads\/road-1.svg\" class=\"attachment-full size-full wp-image-1583\" alt=\"\" loading=\"lazy\" \/>\t\t\t\t\t\t\t\t\t\t\t\t\t\t\t<\/div>\n\t\t\t\t<\/div>\n\t\t\t\t\t<\/div>\n\t\t<\/div>\n\t\t\t\t\t\t\t<\/div>\n\t\t<\/section>\n\t\t\t\t\t<\/div>\n\t\t<\/div>\n\t\t\t\t\t\t\t<\/div>\n\t\t<\/section>\n\t\t\t\t\t\t\t<\/div>\n\t\t","protected":false},"excerpt":{"rendered":"<p>Infrastrukt\u016bra, visuomen\u0117s sveikata ir aplinka Kam reikalingi keli\u0173 naudotojo mokes\u010diai? Pagrindinis keli\u0173 naudotojo mokes\u010di\u0173 tikslas yra apmokestinti vairuotojus u\u017e naudojim\u0105si keliais ir infrastrukt\u016bra, kad vietos vald\u017eia tur\u0117t\u0173 l\u0117\u0161\u0173 tiesti ir pri\u017ei\u016br\u0117ti auk\u0161tos kokyb\u0117s kelius, greitkelius ir tiltus. Kai kurie mokes\u010diai, pavyzd\u017eiui, sp\u016bsties ar ma\u017eos tar\u0161os zon\u0173 mokestis, yra renkami siekiant konkre\u010diose vietov\u0117se suma\u017einti tar\u0161\u0105 ir [&hellip;]<\/p>\n","protected":false},"author":1,"featured_media":0,"parent":0,"menu_order":0,"comment_status":"closed","ping_status":"closed","template":"","meta":{"inline_featured_image":false},"acf":[],"_links":{"self":[{"href":"https:\/\/epass24.com\/lt\/wp-json\/wp\/v2\/pages\/2525"}],"collection":[{"href":"https:\/\/epass24.com\/lt\/wp-json\/wp\/v2\/pages"}],"about":[{"href":"https:\/\/epass24.com\/lt\/wp-json\/wp\/v2\/types\/page"}],"author":[{"embeddable":true,"href":"https:\/\/epass24.com\/lt\/wp-json\/wp\/v2\/users\/1"}],"replies":[{"embeddable":true,"href":"https:\/\/epass24.com\/lt\/wp-json\/wp\/v2\/comments?post=2525"}],"version-history":[{"count":5,"href":"https:\/\/epass24.com\/lt\/wp-json\/wp\/v2\/pages\/2525\/revisions"}],"predecessor-version":[{"id":2538,"href":"https:\/\/epass24.com\/lt\/wp-json\/wp\/v2\/pages\/2525\/revisions\/2538"}],"wp:attachment":[{"href":"https:\/\/epass24.com\/lt\/wp-json\/wp\/v2\/media?parent=2525"}],"curies":[{"name":"wp","href":"https:\/\/api.w.org\/{rel}","templated":true}]}}