{"id":2523,"date":"2021-04-23T10:09:29","date_gmt":"2021-04-23T10:09:29","guid":{"rendered":"http:\/\/epass24.uncleserj.com\/pie\/"},"modified":"2022-10-17T15:58:18","modified_gmt":"2022-10-17T15:58:18","slug":"pie","status":"publish","type":"page","link":"https:\/\/epass24.com\/lt\/pie\/","title":{"rendered":"Apie"},"content":{"rendered":"\t\t<div data-elementor-type=\"wp-page\" data-elementor-id=\"2523\" class=\"elementor elementor-2523 elementor-597\">\n\t\t\t\t\t\t\t\t\t<section class=\"elementor-section elementor-top-section elementor-element elementor-element-1323e51b elementor-section-content-middle elementor-section-boxed elementor-section-height-default elementor-section-height-default\" data-id=\"1323e51b\" data-element_type=\"section\" id=\"hero\" data-settings=\"{&quot;background_background&quot;:&quot;classic&quot;}\">\n\t\t\t\t\t\t<div class=\"elementor-container elementor-column-gap-default\">\n\t\t\t\t\t<div class=\"elementor-column elementor-col-100 elementor-top-column elementor-element elementor-element-76238f3f hero-wrapper\" data-id=\"76238f3f\" data-element_type=\"column\">\n\t\t\t<div class=\"elementor-widget-wrap elementor-element-populated\">\n\t\t\t\t\t\t\t\t<div class=\"elementor-element elementor-element-c191445 elementor-widget elementor-widget-heading\" data-id=\"c191445\" data-element_type=\"widget\" data-widget_type=\"heading.default\">\n\t\t\t\t<div class=\"elementor-widget-container\">\n\t\t\t<h1 class=\"elementor-heading-title elementor-size-xl\">\u0160vedijos technologij\u0173 \u012fmon\u0117<\/h1>\t\t<\/div>\n\t\t\t\t<\/div>\n\t\t\t\t\t<\/div>\n\t\t<\/div>\n\t\t\t\t\t\t\t<\/div>\n\t\t<\/section>\n\t\t\t\t<section class=\"elementor-section elementor-top-section elementor-element elementor-element-47658c1 elementor-section-boxed elementor-section-height-default elementor-section-height-default\" data-id=\"47658c1\" data-element_type=\"section\" data-settings=\"{&quot;background_background&quot;:&quot;classic&quot;}\">\n\t\t\t\t\t\t<div class=\"elementor-container elementor-column-gap-default\">\n\t\t\t\t\t<div class=\"elementor-column elementor-col-100 elementor-top-column elementor-element elementor-element-5fe55265\" data-id=\"5fe55265\" data-element_type=\"column\">\n\t\t\t<div class=\"elementor-widget-wrap elementor-element-populated\">\n\t\t\t\t\t\t\t\t<section class=\"elementor-section elementor-inner-section elementor-element elementor-element-62ab8fdb entry-content elementor-section-boxed elementor-section-height-default elementor-section-height-default\" data-id=\"62ab8fdb\" data-element_type=\"section\" data-settings=\"{&quot;background_background&quot;:&quot;classic&quot;}\">\n\t\t\t\t\t\t<div class=\"elementor-container elementor-column-gap-default\">\n\t\t\t\t\t<div class=\"elementor-column elementor-col-50 elementor-inner-column elementor-element elementor-element-1907f94f\" data-id=\"1907f94f\" data-element_type=\"column\">\n\t\t\t<div class=\"elementor-widget-wrap elementor-element-populated\">\n\t\t\t\t\t\t\t\t<div class=\"elementor-element elementor-element-b9dff67 elementor-widget elementor-widget-text-editor\" data-id=\"b9dff67\" data-element_type=\"widget\" data-widget_type=\"text-editor.default\">\n\t\t\t\t<div class=\"elementor-widget-container\">\n\t\t\t\t\t\t\t<blockquote><p><b>Apie \u201eEpass24\u201d<\/b><\/p><\/blockquote>\n<p>\u201eEpass24\u201c platforma buvo sukurta 2015 m. glaud\u017eiai bendradarbiaujant su \u0160vedijos transporto agent\u016bra (valstybiniu \u0160vedijos keli\u0173 mokes\u010di\u0173 operatoriumi), siekiant palengvinti \u0160vedijos keli\u0173 mokes\u010di\u0173 mok\u0117jim\u0105 u\u017esienio \u0161ali\u0173 transporto priemoni\u0173 savininkams.<\/p>\n<p>\u0160iandien \u0161ia platforma dalijamasi su kitais operatoriais tvarkant vis\u0173 r\u016b\u0161i\u0173 keli\u0173 naudotojo mokes\u010dius.<\/p>\n<p>M\u016bs\u0173 platformoje automatiniams mok\u0117jimams yra u\u017eregistruota daugiau nei 400 000 transporto priemoni\u0173. Mes kasmet apdorojame per 24 mln. mok\u0117jim\u0173.<\/p>\n<p>\u0160i sistema yra sertifikuota pagal ISO 9001 ir ISO 27001 ir visi\u0161kai atitinka visus taikomus teis\u0117s aktus, tokius kaip Bendrasis duomen\u0173 apsaugos reglamentas 2016\/679 (BDAR).<\/p>\n<p>\u201eEpass24\u201c priklauso ir j\u0105 valdo \u201eParkTrade Europe AB\u201c. Nor\u0117dami gauti daugiau informacijos, apsilankykite www.parktrade.com.<\/p>\n<p>Epass24<br \/>\n<span style=\"color: var( --e-global-color-text );\">ParkTrade Europe AB<br \/>\n<\/span><span style=\"color: var( --e-global-color-text );\">Sturegatan 16<br \/>\n<\/span><span style=\"color: var( --e-global-color-text );\">114 36 Stockholm<br \/>\n<\/span><span style=\"color: var( --e-global-color-text );\">\u0160vedija<\/span><\/p>\n<p>\u201eParkTrade Europe AB\u201c yra \u0160vedijos \u012fmon\u0117, organizacijos numeris 5566730551<\/p>\n<p>&nbsp;<\/p>\n\t\t\t\t\t\t<\/div>\n\t\t\t\t<\/div>\n\t\t\t\t\t<\/div>\n\t\t<\/div>\n\t\t\t\t<div class=\"elementor-column elementor-col-50 elementor-inner-column elementor-element elementor-element-bca3b9a\" data-id=\"bca3b9a\" data-element_type=\"column\">\n\t\t\t<div class=\"elementor-widget-wrap elementor-element-populated\">\n\t\t\t\t\t\t\t\t<div class=\"elementor-element elementor-element-3b092aa elementor-widget elementor-widget-heading\" data-id=\"3b092aa\" data-element_type=\"widget\" data-widget_type=\"heading.default\">\n\t\t\t\t<div class=\"elementor-widget-container\">\n\t\t\t<h5 class=\"elementor-heading-title elementor-size-default\">Daugiau nei 400 000 u\u017eregistruot\u0173 transporto priemoni\u0173<\/h5>\t\t<\/div>\n\t\t\t\t<\/div>\n\t\t\t\t<div class=\"elementor-element elementor-element-48af9ad elementor-widget elementor-widget-shortcode\" data-id=\"48af9ad\" data-element_type=\"widget\" data-widget_type=\"shortcode.default\">\n\t\t\t\t<div class=\"elementor-widget-container\">\n\t\t\t\t\t<div class=\"elementor-shortcode\">\t<div id=\"animation_container\" style=\"background-color:rgba(255, 255, 255, 1.00); width:530px; height:610px;max-width:100%;margin: 0 auto;transform: translateX(30px);\">\r\n\t\t<canvas id=\"canvas\" width=\"530\" height=\"610\" style=\"position: absolute; display: block; background-color:rgba(255, 255, 255, 1.00);max-width:100%\"><\/canvas>\r\n\t\t<div id=\"dom_overlay_container\" style=\"pointer-events:none; overflow:hidden; width:530px; height:610px; position: absolute; left: 0px; top: 0px; display: block;max-width:100%\">\r\n\t\t<\/div>\r\n\t<\/div>\r\n    <\/div>\n\t\t\t\t<\/div>\n\t\t\t\t<\/div>\n\t\t\t\t\t<\/div>\n\t\t<\/div>\n\t\t\t\t\t\t\t<\/div>\n\t\t<\/section>\n\t\t\t\t\t<\/div>\n\t\t<\/div>\n\t\t\t\t\t\t\t<\/div>\n\t\t<\/section>\n\t\t\t\t\t\t\t<\/div>\n\t\t","protected":false},"excerpt":{"rendered":"<p>\u0160vedijos technologij\u0173 \u012fmon\u0117 Apie \u201eEpass24\u201d \u201eEpass24\u201c platforma buvo sukurta 2015 m. glaud\u017eiai bendradarbiaujant su \u0160vedijos transporto agent\u016bra (valstybiniu \u0160vedijos keli\u0173 mokes\u010di\u0173 operatoriumi), siekiant palengvinti \u0160vedijos keli\u0173 mokes\u010di\u0173 mok\u0117jim\u0105 u\u017esienio \u0161ali\u0173 transporto priemoni\u0173 savininkams. \u0160iandien \u0161ia platforma dalijamasi su kitais operatoriais tvarkant vis\u0173 r\u016b\u0161i\u0173 keli\u0173 naudotojo mokes\u010dius. M\u016bs\u0173 platformoje automatiniams mok\u0117jimams yra u\u017eregistruota daugiau nei 400 [&hellip;]<\/p>\n","protected":false},"author":1,"featured_media":0,"parent":0,"menu_order":0,"comment_status":"closed","ping_status":"closed","template":"","meta":{"inline_featured_image":false},"acf":[],"_links":{"self":[{"href":"https:\/\/epass24.com\/lt\/wp-json\/wp\/v2\/pages\/2523"}],"collection":[{"href":"https:\/\/epass24.com\/lt\/wp-json\/wp\/v2\/pages"}],"about":[{"href":"https:\/\/epass24.com\/lt\/wp-json\/wp\/v2\/types\/page"}],"author":[{"embeddable":true,"href":"https:\/\/epass24.com\/lt\/wp-json\/wp\/v2\/users\/1"}],"replies":[{"embeddable":true,"href":"https:\/\/epass24.com\/lt\/wp-json\/wp\/v2\/comments?post=2523"}],"version-history":[{"count":3,"href":"https:\/\/epass24.com\/lt\/wp-json\/wp\/v2\/pages\/2523\/revisions"}],"predecessor-version":[{"id":5196,"href":"https:\/\/epass24.com\/lt\/wp-json\/wp\/v2\/pages\/2523\/revisions\/5196"}],"wp:attachment":[{"href":"https:\/\/epass24.com\/lt\/wp-json\/wp\/v2\/media?parent=2523"}],"curies":[{"name":"wp","href":"https:\/\/api.w.org\/{rel}","templated":true}]}}