{"id":2586,"date":"2021-04-27T09:51:37","date_gmt":"2021-04-27T09:51:37","guid":{"rendered":"http:\/\/epass24.uncleserj.com\/debt-collection\/"},"modified":"2021-04-28T13:00:54","modified_gmt":"2021-04-28T13:00:54","slug":"debt-collection","status":"publish","type":"page","link":"https:\/\/epass24.com\/fr\/debt-collection\/","title":{"rendered":"Debt Collection"},"content":{"rendered":"\t\t<div data-elementor-type=\"wp-page\" data-elementor-id=\"2586\" class=\"elementor elementor-2586 elementor-869\">\n\t\t\t\t\t\t\t\t\t<section class=\"elementor-section elementor-top-section elementor-element elementor-element-38b7d139 elementor-section-content-middle elementor-section-boxed elementor-section-height-default elementor-section-height-default\" data-id=\"38b7d139\" data-element_type=\"section\" id=\"hero\" data-settings=\"{&quot;background_background&quot;:&quot;classic&quot;}\">\n\t\t\t\t\t\t<div class=\"elementor-container elementor-column-gap-default\">\n\t\t\t\t\t<div class=\"elementor-column elementor-col-100 elementor-top-column elementor-element elementor-element-761cd94f hero-wrapper\" data-id=\"761cd94f\" data-element_type=\"column\">\n\t\t\t<div class=\"elementor-widget-wrap elementor-element-populated\">\n\t\t\t\t\t\t\t\t<div class=\"elementor-element elementor-element-7b26849d elementor-widget elementor-widget-heading\" data-id=\"7b26849d\" data-element_type=\"widget\" data-widget_type=\"heading.default\">\n\t\t\t\t<div class=\"elementor-widget-container\">\n\t\t\t<h1 class=\"elementor-heading-title elementor-size-default\">Notre gestion du recouvrement de cr\u00e9ances en Europe<\/h1>\t\t<\/div>\n\t\t\t\t<\/div>\n\t\t\t\t\t<\/div>\n\t\t<\/div>\n\t\t\t\t\t\t\t<\/div>\n\t\t<\/section>\n\t\t\t\t<section class=\"elementor-section elementor-top-section elementor-element elementor-element-76db789a elementor-section-boxed elementor-section-height-default elementor-section-height-default\" data-id=\"76db789a\" data-element_type=\"section\" data-settings=\"{&quot;background_background&quot;:&quot;classic&quot;}\">\n\t\t\t\t\t\t<div class=\"elementor-container elementor-column-gap-default\">\n\t\t\t\t\t<div class=\"elementor-column elementor-col-100 elementor-top-column elementor-element elementor-element-5be0f583\" data-id=\"5be0f583\" data-element_type=\"column\">\n\t\t\t<div class=\"elementor-widget-wrap elementor-element-populated\">\n\t\t\t\t\t\t\t\t<section class=\"elementor-section elementor-inner-section elementor-element elementor-element-41a0c53 entry-content elementor-section-boxed elementor-section-height-default elementor-section-height-default\" data-id=\"41a0c53\" data-element_type=\"section\" data-settings=\"{&quot;background_background&quot;:&quot;classic&quot;}\">\n\t\t\t\t\t\t<div class=\"elementor-container elementor-column-gap-default\">\n\t\t\t\t\t<div class=\"elementor-column elementor-col-50 elementor-inner-column elementor-element elementor-element-732d823c\" data-id=\"732d823c\" data-element_type=\"column\">\n\t\t\t<div class=\"elementor-widget-wrap elementor-element-populated\">\n\t\t\t\t\t\t\t\t<div class=\"elementor-element elementor-element-73fc0214 elementor-widget elementor-widget-heading\" data-id=\"73fc0214\" data-element_type=\"widget\" data-widget_type=\"heading.default\">\n\t\t\t\t<div class=\"elementor-widget-container\">\n\t\t\t<h2 class=\"elementor-heading-title elementor-size-default\">Le principe d\u2019\u00e9galit\u00e9 s\u2019applique<\/h2>\t\t<\/div>\n\t\t\t\t<\/div>\n\t\t\t\t<div class=\"elementor-element elementor-element-b132dcd elementor-widget elementor-widget-text-editor\" data-id=\"b132dcd\" data-element_type=\"widget\" data-widget_type=\"text-editor.default\">\n\t\t\t\t<div class=\"elementor-widget-container\">\n\t\t\t\t\t\t\t<p>L\u2019id\u00e9e avec les redevances routi\u00e8res est que celui qui utilise une route, un pont ou une place de stationnement est celui qui paie pour l\u2019utilisation.<\/p>\n<p>Presque tout le monde est d\u2019accord sur ce principe et paie ainsi pour son utilisation. Mais malheureusement une petite partie de gens ne paient pas.<\/p>\n<p>Par mesure d\u2019\u00e9quit\u00e9 envers tous ceux qui paient, des mesures de recouvrement sont mises en place envers ceux qui choisissent de ne pas payer malgr\u00e9 les notifications et les rappels.<\/p>\n<p>Si une redevance reste sans paiement, elle peut \u00eatre transmise \u00e0 des mesures de recouvrement dans le pays o\u00f9 le propri\u00e9taire du v\u00e9hicule est domicili\u00e9.<\/p>\n<p>C\u2019est pourquoi le tarif final de celui qui ne paie pas ses redevances \u00e0 temps peut augmenter consid\u00e9rablement. Veuillez noter aussi que lorsqu\u2019un dossier est transmis au recouvrement de cr\u00e9ances, le propri\u00e9taire du v\u00e9hicule doit payer des frais directement \u00e0 la soci\u00e9t\u00e9 charg\u00e9e du recouvrement.<\/p>\n<p>Epass24 a d\u00e9velopp\u00e9 un r\u00e9seau de partenaires de recouvrement avec des mandataires dans tous les pays europ\u00e9ens. Si vous recevez une demande de paiement d\u2019un de nos partenaires et que vous avez des questions, vous devez le contacter directement.<\/p>\n\t\t\t\t\t\t<\/div>\n\t\t\t\t<\/div>\n\t\t\t\t\t<\/div>\n\t\t<\/div>\n\t\t\t\t<div class=\"elementor-column elementor-col-50 elementor-inner-column elementor-element elementor-element-34760ff\" data-id=\"34760ff\" data-element_type=\"column\">\n\t\t\t<div class=\"elementor-widget-wrap elementor-element-populated\">\n\t\t\t\t\t\t\t\t<div class=\"elementor-element elementor-element-022cf7f elementor-widget elementor-widget-image\" data-id=\"022cf7f\" data-element_type=\"widget\" data-widget_type=\"image.default\">\n\t\t\t\t<div class=\"elementor-widget-container\">\n\t\t\t\t\t\t\t\t\t\t\t\t\t\t\t<img width=\"868\" height=\"748\" src=\"\/wp-content\/uploads\/map.png\" class=\"attachment-large size-large wp-image-1949\" alt=\"\" loading=\"lazy\" srcset=\"\/wp-content\/uploads\/map.png 868w, \/wp-content\/uploads\/map-300x259.png 300w, \/wp-content\/uploads\/map-768x662.png 768w\" sizes=\"(max-width: 868px) 100vw, 868px\" \/>\t\t\t\t\t\t\t\t\t\t\t\t\t\t\t<\/div>\n\t\t\t\t<\/div>\n\t\t\t\t\t<\/div>\n\t\t<\/div>\n\t\t\t\t\t\t\t<\/div>\n\t\t<\/section>\n\t\t\t\t\t<\/div>\n\t\t<\/div>\n\t\t\t\t\t\t\t<\/div>\n\t\t<\/section>\n\t\t\t\t\t\t\t<\/div>\n\t\t","protected":false},"excerpt":{"rendered":"<p>Notre gestion du recouvrement de cr\u00e9ances en Europe Le principe d\u2019\u00e9galit\u00e9 s\u2019applique L\u2019id\u00e9e avec les redevances routi\u00e8res est que celui qui utilise une route, un pont ou une place de stationnement est celui qui paie pour l\u2019utilisation. Presque tout le monde est d\u2019accord sur ce principe et paie ainsi pour son utilisation. Mais malheureusement une [&hellip;]<\/p>\n","protected":false},"author":1,"featured_media":0,"parent":0,"menu_order":0,"comment_status":"closed","ping_status":"closed","template":"","meta":{"inline_featured_image":false},"acf":[],"_links":{"self":[{"href":"https:\/\/epass24.com\/fr\/wp-json\/wp\/v2\/pages\/2586"}],"collection":[{"href":"https:\/\/epass24.com\/fr\/wp-json\/wp\/v2\/pages"}],"about":[{"href":"https:\/\/epass24.com\/fr\/wp-json\/wp\/v2\/types\/page"}],"author":[{"embeddable":true,"href":"https:\/\/epass24.com\/fr\/wp-json\/wp\/v2\/users\/1"}],"replies":[{"embeddable":true,"href":"https:\/\/epass24.com\/fr\/wp-json\/wp\/v2\/comments?post=2586"}],"version-history":[{"count":1,"href":"https:\/\/epass24.com\/fr\/wp-json\/wp\/v2\/pages\/2586\/revisions"}],"predecessor-version":[{"id":2587,"href":"https:\/\/epass24.com\/fr\/wp-json\/wp\/v2\/pages\/2586\/revisions\/2587"}],"wp:attachment":[{"href":"https:\/\/epass24.com\/fr\/wp-json\/wp\/v2\/media?parent=2586"}],"curies":[{"name":"wp","href":"https:\/\/api.w.org\/{rel}","templated":true}]}}