{"id":3627,"date":"2021-07-11T13:20:07","date_gmt":"2021-07-11T13:20:07","guid":{"rendered":"https:\/\/www.epass24.com\/appeal\/appeal-online\/"},"modified":"2025-06-02T14:34:01","modified_gmt":"2025-06-02T14:34:01","slug":"appeal-online","status":"publish","type":"page","link":"https:\/\/epass24.com\/fi\/appeal\/appeal-online\/","title":{"rendered":"Appeal Online"},"content":{"rendered":"\t\t<div data-elementor-type=\"wp-page\" data-elementor-id=\"3627\" class=\"elementor elementor-3627 elementor-3565\">\n\t\t\t\t\t\t\t\t\t<section class=\"elementor-section elementor-top-section elementor-element elementor-element-68e50377 elementor-section-content-middle elementor-section-boxed elementor-section-height-default elementor-section-height-default\" data-id=\"68e50377\" data-element_type=\"section\" id=\"hero\" data-settings=\"{&quot;background_background&quot;:&quot;classic&quot;}\">\n\t\t\t\t\t\t<div class=\"elementor-container elementor-column-gap-default\">\n\t\t\t\t\t<div class=\"elementor-column elementor-col-100 elementor-top-column elementor-element elementor-element-26b419cd hero-wrapper\" data-id=\"26b419cd\" data-element_type=\"column\">\n\t\t\t<div class=\"elementor-widget-wrap elementor-element-populated\">\n\t\t\t\t\t\t\t\t<div class=\"elementor-element elementor-element-1f759e8b elementor-widget elementor-widget-heading\" data-id=\"1f759e8b\" data-element_type=\"widget\" data-widget_type=\"heading.default\">\n\t\t\t\t<div class=\"elementor-widget-container\">\n\t\t\t<h1 class=\"elementor-heading-title elementor-size-default\">Pyyd\u00e4 uudelleenk\u00e4sittely\u00e4<br><small>veroviranomaiselta tai Ruotsin liikennevirastolta<\/small><\/h1>\t\t<\/div>\n\t\t\t\t<\/div>\n\t\t\t\t\t<\/div>\n\t\t<\/div>\n\t\t\t\t\t\t\t<\/div>\n\t\t<\/section>\n\t\t\t\t<section class=\"elementor-section elementor-top-section elementor-element elementor-element-d6b775d elementor-section-boxed elementor-section-height-default elementor-section-height-default\" data-id=\"d6b775d\" data-element_type=\"section\" data-settings=\"{&quot;background_background&quot;:&quot;classic&quot;}\">\n\t\t\t\t\t\t<div class=\"elementor-container elementor-column-gap-default\">\n\t\t\t\t\t<div class=\"elementor-column elementor-col-100 elementor-top-column elementor-element elementor-element-1877fe90\" data-id=\"1877fe90\" data-element_type=\"column\">\n\t\t\t<div class=\"elementor-widget-wrap elementor-element-populated\">\n\t\t\t\t\t\t\t\t<section class=\"elementor-section elementor-inner-section elementor-element elementor-element-6d057dd3 entry-content elementor-section-boxed elementor-section-height-default elementor-section-height-default\" data-id=\"6d057dd3\" data-element_type=\"section\" data-settings=\"{&quot;background_background&quot;:&quot;classic&quot;}\">\n\t\t\t\t\t\t<div class=\"elementor-container elementor-column-gap-default\">\n\t\t\t\t\t<div class=\"elementor-column elementor-col-100 elementor-inner-column elementor-element elementor-element-44469099\" data-id=\"44469099\" data-element_type=\"column\">\n\t\t\t<div class=\"elementor-widget-wrap elementor-element-populated\">\n\t\t\t\t\t\t\t\t<div class=\"elementor-element elementor-element-72253ba6 elementor-widget elementor-widget-text-editor\" data-id=\"72253ba6\" data-element_type=\"widget\" data-widget_type=\"text-editor.default\">\n\t\t\t\t<div class=\"elementor-widget-container\">\n\t\t\t\t\t\t\t<p>Jos olet saanut mielest\u00e4si virheellisen p\u00e4\u00e4t\u00f6ksen ruuhkamaksusta tai infrastruktuurimaksusta, sinulla on oikeus pyyt\u00e4\u00e4 uudellenk\u00e4sittely\u00e4.<\/p>\n\t\t\t\t\t\t<\/div>\n\t\t\t\t<\/div>\n\t\t\t\t<div class=\"elementor-element elementor-element-72baad28 elementor-widget elementor-widget-text-editor\" data-id=\"72baad28\" data-element_type=\"widget\" data-widget_type=\"text-editor.default\">\n\t\t\t\t<div class=\"elementor-widget-container\">\n\t\t\t\t\t\t\t<p>Tukholman ja G\u00f6teborgin ruuhkamaksut<\/p>\n<p><a class=\"styled-text\" href=\"https:\/\/transportstyrelsen.se\/en\/road\/road-tolls\/Congestion-taxes-in-Stockholm-and-Goteborg\/\" target=\"_blank\" rel=\"noopener\">Usein esitetyt kysymykset ja vastaukset niihin (lue ennen kuin pyyd\u00e4t uudelleenk\u00e4sittely\u00e4).<\/a><\/p>\n<p><a class=\"styled-text\" href=\"https:\/\/skatteverket.se\/servicelankar\/otherlanguages\/inenglishengelska\/individualsandemployees\/congestiontax\/requestareconsiderationofcongestiontaxoradditionalfee\" target=\"_blank\" rel=\"noopener\">Hae muutosta ruuhkamaksua koskevaan p\u00e4\u00e4t\u00f6kseen suoraan veroviranomaiselta.<\/a><\/p>\n\t\t\t\t\t\t<\/div>\n\t\t\t\t<\/div>\n\t\t\t\t<div class=\"elementor-element elementor-element-47bbfd63 elementor-widget elementor-widget-text-editor\" data-id=\"47bbfd63\" data-element_type=\"widget\" data-widget_type=\"text-editor.default\">\n\t\t\t\t<div class=\"elementor-widget-container\">\n\t\t\t\t\t\t\t<p class=\"styled-text\">Motalan, Skuru ja Sundsvallin infrastruktuurimaksut (siltamaksut).<\/p>\n<p><a class=\"styled-text\" href=\"https:\/\/transportstyrelsen.se\/en\/road\/road-tolls\/Infrastructure-charges\/\" target=\"_blank\" rel=\"noopener\">Usein esitetyt kysymykset ja vastaukset niihin (lue ennen kuin pyyd\u00e4t uudelleenk\u00e4sittely\u00e4).<\/a><\/p>\n<p><a class=\"styled-text\" href=\"https:\/\/www.transportstyrelsen.se\/en\/road\/vehicles\/taxes-and-fees\/road-tolls\/infrastructure-charges\/appeal\/\" target=\"_blank\" rel=\"noopener\">Hae muutosta infrastruktuurimaksua koskevaan p\u00e4\u00e4t\u00f6kseen suoraan Ruotsin liikennevirastolta.<\/a><\/p>\n\t\t\t\t\t\t<\/div>\n\t\t\t\t<\/div>\n\t\t\t\t\t<\/div>\n\t\t<\/div>\n\t\t\t\t\t\t\t<\/div>\n\t\t<\/section>\n\t\t\t\t\t<\/div>\n\t\t<\/div>\n\t\t\t\t\t\t\t<\/div>\n\t\t<\/section>\n\t\t\t\t\t\t\t<\/div>\n\t\t","protected":false},"excerpt":{"rendered":"<p>Pyyd\u00e4 uudelleenk\u00e4sittely\u00e4veroviranomaiselta tai Ruotsin liikennevirastolta Jos olet saanut mielest\u00e4si virheellisen p\u00e4\u00e4t\u00f6ksen ruuhkamaksusta tai infrastruktuurimaksusta, sinulla on oikeus pyyt\u00e4\u00e4 uudellenk\u00e4sittely\u00e4. Tukholman ja G\u00f6teborgin ruuhkamaksut Usein esitetyt kysymykset ja vastaukset niihin (lue ennen kuin pyyd\u00e4t uudelleenk\u00e4sittely\u00e4). Hae muutosta ruuhkamaksua koskevaan p\u00e4\u00e4t\u00f6kseen suoraan veroviranomaiselta. Motalan, Skuru ja Sundsvallin infrastruktuurimaksut (siltamaksut). Usein esitetyt kysymykset ja vastaukset niihin (lue ennen [&hellip;]<\/p>\n","protected":false},"author":4,"featured_media":0,"parent":3625,"menu_order":0,"comment_status":"closed","ping_status":"closed","template":"","meta":{"inline_featured_image":false},"acf":[],"_links":{"self":[{"href":"https:\/\/epass24.com\/fi\/wp-json\/wp\/v2\/pages\/3627"}],"collection":[{"href":"https:\/\/epass24.com\/fi\/wp-json\/wp\/v2\/pages"}],"about":[{"href":"https:\/\/epass24.com\/fi\/wp-json\/wp\/v2\/types\/page"}],"author":[{"embeddable":true,"href":"https:\/\/epass24.com\/fi\/wp-json\/wp\/v2\/users\/4"}],"replies":[{"embeddable":true,"href":"https:\/\/epass24.com\/fi\/wp-json\/wp\/v2\/comments?post=3627"}],"version-history":[{"count":7,"href":"https:\/\/epass24.com\/fi\/wp-json\/wp\/v2\/pages\/3627\/revisions"}],"predecessor-version":[{"id":7015,"href":"https:\/\/epass24.com\/fi\/wp-json\/wp\/v2\/pages\/3627\/revisions\/7015"}],"up":[{"embeddable":true,"href":"https:\/\/epass24.com\/fi\/wp-json\/wp\/v2\/pages\/3625"}],"wp:attachment":[{"href":"https:\/\/epass24.com\/fi\/wp-json\/wp\/v2\/media?parent=3627"}],"curies":[{"name":"wp","href":"https:\/\/api.w.org\/{rel}","templated":true}]}}