{"id":2677,"date":"2021-04-28T21:05:48","date_gmt":"2021-04-28T21:05:48","guid":{"rendered":"http:\/\/epass24.uncleserj.com\/debt-collection\/"},"modified":"2021-05-01T11:23:09","modified_gmt":"2021-05-01T11:23:09","slug":"debt-collection","status":"publish","type":"page","link":"https:\/\/epass24.com\/fi\/debt-collection\/","title":{"rendered":"Debt Collection"},"content":{"rendered":"\t\t<div data-elementor-type=\"wp-page\" data-elementor-id=\"2677\" class=\"elementor elementor-2677 elementor-869\">\n\t\t\t\t\t\t\t\t\t<section class=\"elementor-section elementor-top-section elementor-element elementor-element-38b7d139 elementor-section-content-middle elementor-section-boxed elementor-section-height-default elementor-section-height-default\" data-id=\"38b7d139\" data-element_type=\"section\" id=\"hero\" data-settings=\"{&quot;background_background&quot;:&quot;classic&quot;}\">\n\t\t\t\t\t\t<div class=\"elementor-container elementor-column-gap-default\">\n\t\t\t\t\t<div class=\"elementor-column elementor-col-100 elementor-top-column elementor-element elementor-element-761cd94f hero-wrapper\" data-id=\"761cd94f\" data-element_type=\"column\">\n\t\t\t<div class=\"elementor-widget-wrap elementor-element-populated\">\n\t\t\t\t\t\t\t\t<div class=\"elementor-element elementor-element-7b26849d elementor-widget elementor-widget-heading\" data-id=\"7b26849d\" data-element_type=\"widget\" data-widget_type=\"heading.default\">\n\t\t\t\t<div class=\"elementor-widget-container\">\n\t\t\t<h1 class=\"elementor-heading-title elementor-size-default\">Velkojen perint\u00e4 Euroopassa<\/h1>\t\t<\/div>\n\t\t\t\t<\/div>\n\t\t\t\t\t<\/div>\n\t\t<\/div>\n\t\t\t\t\t\t\t<\/div>\n\t\t<\/section>\n\t\t\t\t<section class=\"elementor-section elementor-top-section elementor-element elementor-element-76db789a elementor-section-boxed elementor-section-height-default elementor-section-height-default\" data-id=\"76db789a\" data-element_type=\"section\" data-settings=\"{&quot;background_background&quot;:&quot;classic&quot;}\">\n\t\t\t\t\t\t<div class=\"elementor-container elementor-column-gap-default\">\n\t\t\t\t\t<div class=\"elementor-column elementor-col-100 elementor-top-column elementor-element elementor-element-5be0f583\" data-id=\"5be0f583\" data-element_type=\"column\">\n\t\t\t<div class=\"elementor-widget-wrap elementor-element-populated\">\n\t\t\t\t\t\t\t\t<section class=\"elementor-section elementor-inner-section elementor-element elementor-element-41a0c53 entry-content elementor-section-boxed elementor-section-height-default elementor-section-height-default\" data-id=\"41a0c53\" data-element_type=\"section\" data-settings=\"{&quot;background_background&quot;:&quot;classic&quot;}\">\n\t\t\t\t\t\t<div class=\"elementor-container elementor-column-gap-default\">\n\t\t\t\t\t<div class=\"elementor-column elementor-col-50 elementor-inner-column elementor-element elementor-element-732d823c\" data-id=\"732d823c\" data-element_type=\"column\">\n\t\t\t<div class=\"elementor-widget-wrap elementor-element-populated\">\n\t\t\t\t\t\t\t\t<div class=\"elementor-element elementor-element-73fc0214 elementor-widget elementor-widget-heading\" data-id=\"73fc0214\" data-element_type=\"widget\" data-widget_type=\"heading.default\">\n\t\t\t\t<div class=\"elementor-widget-container\">\n\t\t\t<h2 class=\"elementor-heading-title elementor-size-default\">Sovellamme yhdenvertaisuus<\/h2>\t\t<\/div>\n\t\t\t\t<\/div>\n\t\t\t\t<div class=\"elementor-element elementor-element-b132dcd elementor-widget elementor-widget-text-editor\" data-id=\"b132dcd\" data-element_type=\"widget\" data-widget_type=\"text-editor.default\">\n\t\t\t\t<div class=\"elementor-widget-container\">\n\t\t\t\t\t\t\t<p>Tiemaksun ajatuksena on, ett\u00e4 tiet\u00e4, siltaa tai pys\u00e4k\u00f6intialuetta k\u00e4ytt\u00e4v\u00e4 maksaa k\u00e4yt\u00f6st\u00e4.<\/p>\n<p>UMelkein kaikki noudattavat t\u00e4t\u00e4 periaatetta ja maksavat omasta k\u00e4yt\u00f6st\u00e4\u00e4n. Mutta valitettavasti pieni osa ihmisi\u00e4 rikkoo t\u00e4t\u00e4 periaatetta.<\/p>\n<p>Kaikkia maksavia kohtaan on reilua, ett\u00e4 ryhdymme perimistoimenpiteisiin, jos maksuvelvollinen j\u00e4tt\u00e4\u00e4 maksamatta maksulomakkeesta ja -muistutuksesta huolimatta.<\/p>\n<p>Jos maksu j\u00e4tet\u00e4\u00e4n maksamatta, se voidaan siirt\u00e4\u00e4 perint\u00e4\u00e4n siin\u00e4 maassa, jossa ajoneuvon omistaja asuu.<\/p>\n<p>Siksi lopullinen hinta sille, joka ei maksa ajoissa, saattaa olla huomattavasti korkeampi. Huomaa my\u00f6s, ett\u00e4 jos maksu on siirretty perint\u00e4\u00e4n, ajoneuvon omistajan on maksettava suoraan perint\u00e4kumppanille.<\/p>\n<p>Epass24 on luonut perint\u00e4kumppaniverkoston, joka sis\u00e4lt\u00e4\u00e4 kumppaneita kaikissa Euroopan maissa. Jos olet saanut maksukehotuksen joltakin kumppaniltamme ja sinulla on kysymyksi\u00e4, sinun tulee ottaa suoraan yhteytt\u00e4 kyseiseen tahoon.<\/p>\n\t\t\t\t\t\t<\/div>\n\t\t\t\t<\/div>\n\t\t\t\t\t<\/div>\n\t\t<\/div>\n\t\t\t\t<div class=\"elementor-column elementor-col-50 elementor-inner-column elementor-element elementor-element-34760ff\" data-id=\"34760ff\" data-element_type=\"column\">\n\t\t\t<div class=\"elementor-widget-wrap elementor-element-populated\">\n\t\t\t\t\t\t\t\t<div class=\"elementor-element elementor-element-022cf7f elementor-widget elementor-widget-image\" data-id=\"022cf7f\" data-element_type=\"widget\" data-widget_type=\"image.default\">\n\t\t\t\t<div class=\"elementor-widget-container\">\n\t\t\t\t\t\t\t\t\t\t\t\t\t\t\t<img width=\"868\" height=\"748\" src=\"\/wp-content\/uploads\/map.png\" class=\"attachment-large size-large wp-image-1949\" alt=\"\" loading=\"lazy\" srcset=\"\/wp-content\/uploads\/map.png 868w, \/wp-content\/uploads\/map-300x259.png 300w, \/wp-content\/uploads\/map-768x662.png 768w\" sizes=\"(max-width: 868px) 100vw, 868px\" \/>\t\t\t\t\t\t\t\t\t\t\t\t\t\t\t<\/div>\n\t\t\t\t<\/div>\n\t\t\t\t\t<\/div>\n\t\t<\/div>\n\t\t\t\t\t\t\t<\/div>\n\t\t<\/section>\n\t\t\t\t\t<\/div>\n\t\t<\/div>\n\t\t\t\t\t\t\t<\/div>\n\t\t<\/section>\n\t\t\t\t\t\t\t<\/div>\n\t\t","protected":false},"excerpt":{"rendered":"<p>Velkojen perint\u00e4 Euroopassa Sovellamme yhdenvertaisuus Tiemaksun ajatuksena on, ett\u00e4 tiet\u00e4, siltaa tai pys\u00e4k\u00f6intialuetta k\u00e4ytt\u00e4v\u00e4 maksaa k\u00e4yt\u00f6st\u00e4. UMelkein kaikki noudattavat t\u00e4t\u00e4 periaatetta ja maksavat omasta k\u00e4yt\u00f6st\u00e4\u00e4n. Mutta valitettavasti pieni osa ihmisi\u00e4 rikkoo t\u00e4t\u00e4 periaatetta. Kaikkia maksavia kohtaan on reilua, ett\u00e4 ryhdymme perimistoimenpiteisiin, jos maksuvelvollinen j\u00e4tt\u00e4\u00e4 maksamatta maksulomakkeesta ja -muistutuksesta huolimatta. Jos maksu j\u00e4tet\u00e4\u00e4n maksamatta, se voidaan [&hellip;]<\/p>\n","protected":false},"author":1,"featured_media":0,"parent":0,"menu_order":0,"comment_status":"closed","ping_status":"closed","template":"","meta":{"inline_featured_image":false},"acf":[],"_links":{"self":[{"href":"https:\/\/epass24.com\/fi\/wp-json\/wp\/v2\/pages\/2677"}],"collection":[{"href":"https:\/\/epass24.com\/fi\/wp-json\/wp\/v2\/pages"}],"about":[{"href":"https:\/\/epass24.com\/fi\/wp-json\/wp\/v2\/types\/page"}],"author":[{"embeddable":true,"href":"https:\/\/epass24.com\/fi\/wp-json\/wp\/v2\/users\/1"}],"replies":[{"embeddable":true,"href":"https:\/\/epass24.com\/fi\/wp-json\/wp\/v2\/comments?post=2677"}],"version-history":[{"count":3,"href":"https:\/\/epass24.com\/fi\/wp-json\/wp\/v2\/pages\/2677\/revisions"}],"predecessor-version":[{"id":3337,"href":"https:\/\/epass24.com\/fi\/wp-json\/wp\/v2\/pages\/2677\/revisions\/3337"}],"wp:attachment":[{"href":"https:\/\/epass24.com\/fi\/wp-json\/wp\/v2\/media?parent=2677"}],"curies":[{"name":"wp","href":"https:\/\/api.w.org\/{rel}","templated":true}]}}