{"id":2664,"date":"2021-04-28T20:50:28","date_gmt":"2021-04-28T20:50:28","guid":{"rendered":"http:\/\/epass24.uncleserj.com\/about\/"},"modified":"2022-10-17T15:55:25","modified_gmt":"2022-10-17T15:55:25","slug":"about","status":"publish","type":"page","link":"https:\/\/epass24.com\/fi\/about\/","title":{"rendered":"Tietoa Meist\u00e4"},"content":{"rendered":"\t\t<div data-elementor-type=\"wp-page\" data-elementor-id=\"2664\" class=\"elementor elementor-2664 elementor-597\">\n\t\t\t\t\t\t\t\t\t<section class=\"elementor-section elementor-top-section elementor-element elementor-element-1323e51b elementor-section-content-middle elementor-section-boxed elementor-section-height-default elementor-section-height-default\" data-id=\"1323e51b\" data-element_type=\"section\" id=\"hero\" data-settings=\"{&quot;background_background&quot;:&quot;classic&quot;}\">\n\t\t\t\t\t\t<div class=\"elementor-container elementor-column-gap-default\">\n\t\t\t\t\t<div class=\"elementor-column elementor-col-100 elementor-top-column elementor-element elementor-element-76238f3f hero-wrapper\" data-id=\"76238f3f\" data-element_type=\"column\">\n\t\t\t<div class=\"elementor-widget-wrap elementor-element-populated\">\n\t\t\t\t\t\t\t\t<div class=\"elementor-element elementor-element-c191445 elementor-widget elementor-widget-heading\" data-id=\"c191445\" data-element_type=\"widget\" data-widget_type=\"heading.default\">\n\t\t\t\t<div class=\"elementor-widget-container\">\n\t\t\t<h1 class=\"elementor-heading-title elementor-size-xl\">Epass24 on ruotsalainen teknologiayritys, joka toimii yksityisten ja julkisten tienpit\u00e4jien puolesta<\/h1>\t\t<\/div>\n\t\t\t\t<\/div>\n\t\t\t\t\t<\/div>\n\t\t<\/div>\n\t\t\t\t\t\t\t<\/div>\n\t\t<\/section>\n\t\t\t\t<section class=\"elementor-section elementor-top-section elementor-element elementor-element-47658c1 elementor-section-boxed elementor-section-height-default elementor-section-height-default\" data-id=\"47658c1\" data-element_type=\"section\" data-settings=\"{&quot;background_background&quot;:&quot;classic&quot;}\">\n\t\t\t\t\t\t<div class=\"elementor-container elementor-column-gap-default\">\n\t\t\t\t\t<div class=\"elementor-column elementor-col-100 elementor-top-column elementor-element elementor-element-5fe55265\" data-id=\"5fe55265\" data-element_type=\"column\">\n\t\t\t<div class=\"elementor-widget-wrap elementor-element-populated\">\n\t\t\t\t\t\t\t\t<section class=\"elementor-section elementor-inner-section elementor-element elementor-element-62ab8fdb entry-content elementor-section-boxed elementor-section-height-default elementor-section-height-default\" data-id=\"62ab8fdb\" data-element_type=\"section\" data-settings=\"{&quot;background_background&quot;:&quot;classic&quot;}\">\n\t\t\t\t\t\t<div class=\"elementor-container elementor-column-gap-default\">\n\t\t\t\t\t<div class=\"elementor-column elementor-col-50 elementor-inner-column elementor-element elementor-element-1907f94f\" data-id=\"1907f94f\" data-element_type=\"column\">\n\t\t\t<div class=\"elementor-widget-wrap elementor-element-populated\">\n\t\t\t\t\t\t\t\t<div class=\"elementor-element elementor-element-b9dff67 elementor-widget elementor-widget-text-editor\" data-id=\"b9dff67\" data-element_type=\"widget\" data-widget_type=\"text-editor.default\">\n\t\t\t\t<div class=\"elementor-widget-container\">\n\t\t\t\t\t\t\t<blockquote><p><b>Tietoa Epass24 -j\u00e4rjestelm\u00e4st\u00e4<\/b><\/p><\/blockquote>\n<p>Epass 24 perustettiin vuonna 2015 l\u00e4heisess\u00e4 yhteisty\u00f6ss\u00e4 Ruotsin liikenneviraston kanssa. Tarkoituksena oli auttaa ulkomaalaisia ajoneuvon omistajia maksamaan Ruotsin tiemaksuja (ruuhkamaksu ja infrastruktuurimaksu).<\/p>\n<p>J\u00e4rjestelm\u00e4\u00e4 k\u00e4ytt\u00e4v\u00e4t nyky\u00e4\u00e4n sek\u00e4 yksityiset ett\u00e4 julkiset eurooppalaiset tienpit\u00e4j\u00e4t, ja se kattaa kaikentyyppiset tiemaksut.<\/p>\n<p>Yli 400 000 ajoneuvoa on rekister\u00f6ity automaattiseen maksuj\u00e4rjestelm\u00e4\u00e4n ja Epass24 k\u00e4sittelee yli 24 miljoonaa tienk\u00e4ytt\u00f6maksua vuosittain.<\/p>\n<p>J\u00e4rjestelm\u00e4 on sertifioitu ISO 27001 -standardin ja ISO 9001 -standardin mukaisesti ja se on kehitetty sovellettavan lains\u00e4\u00e4d\u00e4nn\u00f6n kuten GDPR-asetuksen (General Data Protection Regulation 2016\/679) mukaan.<\/p>\n<p>Epass24:n omistaa ParkTrade Europe AB.<\/p>\n<p>Epass24<br \/>\n<span style=\"color: var( --e-global-color-text );\">ParkTrade Europe AB<br \/>\n<\/span><span style=\"color: var( --e-global-color-text );\">Sturegatan 16<br \/>\n<\/span><span style=\"color: var( --e-global-color-text );\">114 36 Stockholm<br \/>\n<\/span><span style=\"color: var( --e-global-color-text );\">Sweden<\/span><\/p>\n<p>ParkTrade Europe AB on ruotsalainen yritys, jonka yritysrekisterinumero on 5566730551.<\/p>\n<p>&nbsp;<\/p>\n\t\t\t\t\t\t<\/div>\n\t\t\t\t<\/div>\n\t\t\t\t\t<\/div>\n\t\t<\/div>\n\t\t\t\t<div class=\"elementor-column elementor-col-50 elementor-inner-column elementor-element elementor-element-bca3b9a\" data-id=\"bca3b9a\" data-element_type=\"column\">\n\t\t\t<div class=\"elementor-widget-wrap elementor-element-populated\">\n\t\t\t\t\t\t\t\t<div class=\"elementor-element elementor-element-3b092aa elementor-widget elementor-widget-heading\" data-id=\"3b092aa\" data-element_type=\"widget\" data-widget_type=\"heading.default\">\n\t\t\t\t<div class=\"elementor-widget-container\">\n\t\t\t<h5 class=\"elementor-heading-title elementor-size-default\">J\u00e4rjestelm\u00e4 kattaa jo yli 400 000 ajoneuvoa<\/h5>\t\t<\/div>\n\t\t\t\t<\/div>\n\t\t\t\t<div class=\"elementor-element elementor-element-48af9ad elementor-widget elementor-widget-shortcode\" data-id=\"48af9ad\" data-element_type=\"widget\" data-widget_type=\"shortcode.default\">\n\t\t\t\t<div class=\"elementor-widget-container\">\n\t\t\t\t\t<div class=\"elementor-shortcode\">\t<div id=\"animation_container\" style=\"background-color:rgba(255, 255, 255, 1.00); width:530px; height:610px;max-width:100%;margin: 0 auto;transform: translateX(30px);\">\r\n\t\t<canvas id=\"canvas\" width=\"530\" height=\"610\" style=\"position: absolute; display: block; background-color:rgba(255, 255, 255, 1.00);max-width:100%\"><\/canvas>\r\n\t\t<div id=\"dom_overlay_container\" style=\"pointer-events:none; overflow:hidden; width:530px; height:610px; position: absolute; left: 0px; top: 0px; display: block;max-width:100%\">\r\n\t\t<\/div>\r\n\t<\/div>\r\n    <\/div>\n\t\t\t\t<\/div>\n\t\t\t\t<\/div>\n\t\t\t\t\t<\/div>\n\t\t<\/div>\n\t\t\t\t\t\t\t<\/div>\n\t\t<\/section>\n\t\t\t\t\t<\/div>\n\t\t<\/div>\n\t\t\t\t\t\t\t<\/div>\n\t\t<\/section>\n\t\t\t\t\t\t\t<\/div>\n\t\t","protected":false},"excerpt":{"rendered":"<p>Epass24 on ruotsalainen teknologiayritys, joka toimii yksityisten ja julkisten tienpit\u00e4jien puolesta Tietoa Epass24 -j\u00e4rjestelm\u00e4st\u00e4 Epass 24 perustettiin vuonna 2015 l\u00e4heisess\u00e4 yhteisty\u00f6ss\u00e4 Ruotsin liikenneviraston kanssa. Tarkoituksena oli auttaa ulkomaalaisia ajoneuvon omistajia maksamaan Ruotsin tiemaksuja (ruuhkamaksu ja infrastruktuurimaksu). J\u00e4rjestelm\u00e4\u00e4 k\u00e4ytt\u00e4v\u00e4t nyky\u00e4\u00e4n sek\u00e4 yksityiset ett\u00e4 julkiset eurooppalaiset tienpit\u00e4j\u00e4t, ja se kattaa kaikentyyppiset tiemaksut. Yli 400 000 ajoneuvoa on [&hellip;]<\/p>\n","protected":false},"author":1,"featured_media":0,"parent":0,"menu_order":0,"comment_status":"closed","ping_status":"closed","template":"","meta":{"inline_featured_image":false},"acf":[],"_links":{"self":[{"href":"https:\/\/epass24.com\/fi\/wp-json\/wp\/v2\/pages\/2664"}],"collection":[{"href":"https:\/\/epass24.com\/fi\/wp-json\/wp\/v2\/pages"}],"about":[{"href":"https:\/\/epass24.com\/fi\/wp-json\/wp\/v2\/types\/page"}],"author":[{"embeddable":true,"href":"https:\/\/epass24.com\/fi\/wp-json\/wp\/v2\/users\/1"}],"replies":[{"embeddable":true,"href":"https:\/\/epass24.com\/fi\/wp-json\/wp\/v2\/comments?post=2664"}],"version-history":[{"count":4,"href":"https:\/\/epass24.com\/fi\/wp-json\/wp\/v2\/pages\/2664\/revisions"}],"predecessor-version":[{"id":5191,"href":"https:\/\/epass24.com\/fi\/wp-json\/wp\/v2\/pages\/2664\/revisions\/5191"}],"wp:attachment":[{"href":"https:\/\/epass24.com\/fi\/wp-json\/wp\/v2\/media?parent=2664"}],"curies":[{"name":"wp","href":"https:\/\/api.w.org\/{rel}","templated":true}]}}