{"id":3645,"date":"2021-07-11T20:12:09","date_gmt":"2021-07-11T20:12:09","guid":{"rendered":"https:\/\/www.epass24.com\/appeal\/"},"modified":"2022-09-19T15:37:47","modified_gmt":"2022-09-19T15:37:47","slug":"appeal","status":"publish","type":"page","link":"https:\/\/epass24.com\/et\/appeal\/","title":{"rendered":"Appeal"},"content":{"rendered":"\t\t<div data-elementor-type=\"wp-page\" data-elementor-id=\"3645\" class=\"elementor elementor-3645 elementor-3447\">\n\t\t\t\t\t\t\t\t\t<section class=\"elementor-section elementor-top-section elementor-element elementor-element-5f957791 elementor-section-content-middle elementor-section-boxed elementor-section-height-default elementor-section-height-default\" data-id=\"5f957791\" data-element_type=\"section\" id=\"hero\" data-settings=\"{&quot;background_background&quot;:&quot;classic&quot;}\">\n\t\t\t\t\t\t<div class=\"elementor-container elementor-column-gap-default\">\n\t\t\t\t\t<div class=\"elementor-column elementor-col-100 elementor-top-column elementor-element elementor-element-6fc5cf25 hero-wrapper\" data-id=\"6fc5cf25\" data-element_type=\"column\">\n\t\t\t<div class=\"elementor-widget-wrap elementor-element-populated\">\n\t\t\t\t\t\t\t\t<div class=\"elementor-element elementor-element-4d27bcbf elementor-widget elementor-widget-heading\" data-id=\"4d27bcbf\" data-element_type=\"widget\" data-widget_type=\"heading.default\">\n\t\t\t\t<div class=\"elementor-widget-container\">\n\t\t\t<h1 class=\"elementor-heading-title elementor-size-default\">Vaidlustage oma teekasutusmaks<\/h1>\t\t<\/div>\n\t\t\t\t<\/div>\n\t\t\t\t\t<\/div>\n\t\t<\/div>\n\t\t\t\t\t\t\t<\/div>\n\t\t<\/section>\n\t\t\t\t<section class=\"elementor-section elementor-top-section elementor-element elementor-element-6eb94052 elementor-section-boxed elementor-section-height-default elementor-section-height-default\" data-id=\"6eb94052\" data-element_type=\"section\" data-settings=\"{&quot;background_background&quot;:&quot;classic&quot;}\">\n\t\t\t\t\t\t<div class=\"elementor-container elementor-column-gap-default\">\n\t\t\t\t\t<div class=\"elementor-column elementor-col-50 elementor-top-column elementor-element elementor-element-43d57e2 inner\" data-id=\"43d57e2\" data-element_type=\"column\">\n\t\t\t<div class=\"elementor-widget-wrap elementor-element-populated\">\n\t\t\t\t\t\t\t\t<div class=\"elementor-element elementor-element-294094e3 elementor-widget elementor-widget-heading\" data-id=\"294094e3\" data-element_type=\"widget\" data-widget_type=\"heading.default\">\n\t\t\t\t<div class=\"elementor-widget-container\">\n\t\t\t<h2 class=\"elementor-heading-title elementor-size-xl\">Rootsi teekasutusmaksud<\/h2>\t\t<\/div>\n\t\t\t\t<\/div>\n\t\t\t\t<div class=\"elementor-element elementor-element-5f7419a7 elementor-widget elementor-widget-text-editor\" data-id=\"5f7419a7\" data-element_type=\"widget\" data-widget_type=\"text-editor.default\">\n\t\t\t\t<div class=\"elementor-widget-container\">\n\t\t\t\t\t\t\t<p>Kui teile on <strong>Rootsis <\/strong> m\u00e4\u00e4ratud teekasutusmaksud ja arvate, et need on valesti v\u00e4lja antud.<\/p>\n\t\t\t\t\t\t<\/div>\n\t\t\t\t<\/div>\n\t\t\t\t<div class=\"elementor-element elementor-element-7a3813b bottom elementor-widget elementor-widget-text-editor\" data-id=\"7a3813b\" data-element_type=\"widget\" data-widget_type=\"text-editor.default\">\n\t\t\t\t<div class=\"elementor-widget-container\">\n\t\t\t\t\t\t\t<p><a class=\"btn btn-primary\" title=\"Kl\u00f5psake siin\" href=\"https:\/\/www.epass24.com\/et\/appeal\/appeal-online\/\" data-wplink-edit=\"true\">Kl\u00f5psake siin<\/a><\/p>\n\t\t\t\t\t\t<\/div>\n\t\t\t\t<\/div>\n\t\t\t\t\t<\/div>\n\t\t<\/div>\n\t\t\t\t<div class=\"elementor-column elementor-col-50 elementor-top-column elementor-element elementor-element-1a5df1c inner\" data-id=\"1a5df1c\" data-element_type=\"column\">\n\t\t\t<div class=\"elementor-widget-wrap elementor-element-populated\">\n\t\t\t\t\t\t\t\t<div class=\"elementor-element elementor-element-306f2c41 elementor-widget elementor-widget-heading\" data-id=\"306f2c41\" data-element_type=\"widget\" data-widget_type=\"heading.default\">\n\t\t\t\t<div class=\"elementor-widget-container\">\n\t\t\t<h2 class=\"elementor-heading-title elementor-size-xl\">Norra teekasutusmaksud<\/h2>\t\t<\/div>\n\t\t\t\t<\/div>\n\t\t\t\t<div class=\"elementor-element elementor-element-2543ce1 elementor-widget elementor-widget-text-editor\" data-id=\"2543ce1\" data-element_type=\"widget\" data-widget_type=\"text-editor.default\">\n\t\t\t\t<div class=\"elementor-widget-container\">\n\t\t\t\t\t\t\t<p>Kui teile on <strong>Norras <\/strong> m\u00e4\u00e4ratud teekasutusmaksud ja arvate, et need on valesti v\u00e4lja antud.<\/p>\n\t\t\t\t\t\t<\/div>\n\t\t\t\t<\/div>\n\t\t\t\t<div class=\"elementor-element elementor-element-3471a913 bottom elementor-widget elementor-widget-text-editor\" data-id=\"3471a913\" data-element_type=\"widget\" data-widget_type=\"text-editor.default\">\n\t\t\t\t<div class=\"elementor-widget-container\">\n\t\t\t\t\t\t\t<p><a class=\"btn btn-primary\" title=\"Kl\u00f5psake siin\" href=\"https:\/\/account.epass24.com\/et\/rep\/step1\" target=\"_blank\" rel=\"nofollow noopener noreferrer\">Kl\u00f5psake siin<\/a><\/p>\n\t\t\t\t\t\t<\/div>\n\t\t\t\t<\/div>\n\t\t\t\t\t<\/div>\n\t\t<\/div>\n\t\t\t\t\t\t\t<\/div>\n\t\t<\/section>\n\t\t\t\t<section class=\"elementor-section elementor-top-section elementor-element elementor-element-a60543c elementor-section-boxed elementor-section-height-default elementor-section-height-default\" data-id=\"a60543c\" data-element_type=\"section\" data-settings=\"{&quot;background_background&quot;:&quot;classic&quot;}\">\n\t\t\t\t\t\t<div class=\"elementor-container elementor-column-gap-default\">\n\t\t\t\t\t<div class=\"elementor-column elementor-col-50 elementor-top-column elementor-element elementor-element-bbf51d4 inner\" data-id=\"bbf51d4\" data-element_type=\"column\">\n\t\t\t<div class=\"elementor-widget-wrap elementor-element-populated\">\n\t\t\t\t\t\t\t\t<div class=\"elementor-element elementor-element-769ef8a elementor-widget elementor-widget-heading\" data-id=\"769ef8a\" data-element_type=\"widget\" data-widget_type=\"heading.default\">\n\t\t\t\t<div class=\"elementor-widget-container\">\n\t\t\t<h2 class=\"elementor-heading-title elementor-size-xl\">Prantsuse teemaksud<\/h2>\t\t<\/div>\n\t\t\t\t<\/div>\n\t\t\t\t<div class=\"elementor-element elementor-element-70066b6 elementor-widget elementor-widget-text-editor\" data-id=\"70066b6\" data-element_type=\"widget\" data-widget_type=\"text-editor.default\">\n\t\t\t\t<div class=\"elementor-widget-container\">\n\t\t\t\t\t\t\t<p>Kui olete saanud <strong>Prantsusmaa maanteekasutuse<\/strong>lt teemaksu ja arvate, et need on valesti v\u00e4lja antud.<\/p>\n\t\t\t\t\t\t<\/div>\n\t\t\t\t<\/div>\n\t\t\t\t<div class=\"elementor-element elementor-element-cbe1785 bottom elementor-widget elementor-widget-text-editor\" data-id=\"cbe1785\" data-element_type=\"widget\" data-widget_type=\"text-editor.default\">\n\t\t\t\t<div class=\"elementor-widget-container\">\n\t\t\t\t\t\t\t<p><a class=\"btn btn-primary\" title=\"Read More\" href=\"https:\/\/account.epass24.com\/et\/rep\/step1\">Kl\u00f5psake siin<\/a><\/p>\n\t\t\t\t\t\t<\/div>\n\t\t\t\t<\/div>\n\t\t\t\t\t<\/div>\n\t\t<\/div>\n\t\t\t\t<div class=\"elementor-column elementor-col-50 elementor-top-column elementor-element elementor-element-4c7b282 inner\" data-id=\"4c7b282\" data-element_type=\"column\">\n\t\t\t<div class=\"elementor-widget-wrap elementor-element-populated\">\n\t\t\t\t\t\t\t\t<div class=\"elementor-element elementor-element-7d88f16 elementor-widget elementor-widget-heading\" data-id=\"7d88f16\" data-element_type=\"widget\" data-widget_type=\"heading.default\">\n\t\t\t\t<div class=\"elementor-widget-container\">\n\t\t\t<h2 class=\"elementor-heading-title elementor-size-xl\">Portugali teemaksud<\/h2>\t\t<\/div>\n\t\t\t\t<\/div>\n\t\t\t\t<div class=\"elementor-element elementor-element-42d5b40 elementor-widget elementor-widget-text-editor\" data-id=\"42d5b40\" data-element_type=\"widget\" data-widget_type=\"text-editor.default\">\n\t\t\t\t<div class=\"elementor-widget-container\">\n\t\t\t\t\t\t\t<p>Kui olete saanud teekasutustasusid <strong>Portugali maanteekasutuselt<\/strong> ja arvate, et need on v\u00e4lja antud valesti.<\/p>\n\t\t\t\t\t\t<\/div>\n\t\t\t\t<\/div>\n\t\t\t\t<div class=\"elementor-element elementor-element-7f85022 bottom elementor-widget elementor-widget-text-editor\" data-id=\"7f85022\" data-element_type=\"widget\" data-widget_type=\"text-editor.default\">\n\t\t\t\t<div class=\"elementor-widget-container\">\n\t\t\t\t\t\t\t<p><a class=\"btn btn-primary\" title=\"Read More\" href=\"https:\/\/account.epass24.com\/et\/rep\/step1\" target=\"_blank\" rel=\"nofollow noopener noreferrer\">Kl\u00f5psake siin<\/a><\/p>\n\t\t\t\t\t\t<\/div>\n\t\t\t\t<\/div>\n\t\t\t\t\t<\/div>\n\t\t<\/div>\n\t\t\t\t\t\t\t<\/div>\n\t\t<\/section>\n\t\t\t\t\t\t\t<\/div>\n\t\t","protected":false},"excerpt":{"rendered":"<p>Vaidlustage oma teekasutusmaks Rootsi teekasutusmaksud Kui teile on Rootsis m\u00e4\u00e4ratud teekasutusmaksud ja arvate, et need on valesti v\u00e4lja antud. Kl\u00f5psake siin Norra teekasutusmaksud Kui teile on Norras m\u00e4\u00e4ratud teekasutusmaksud ja arvate, et need on valesti v\u00e4lja antud. Kl\u00f5psake siin Prantsuse teemaksud Kui olete saanud Prantsusmaa maanteekasutuselt teemaksu ja arvate, et need on valesti v\u00e4lja antud. [&hellip;]<\/p>\n","protected":false},"author":4,"featured_media":0,"parent":0,"menu_order":0,"comment_status":"closed","ping_status":"closed","template":"","meta":{"inline_featured_image":false},"acf":[],"_links":{"self":[{"href":"https:\/\/epass24.com\/et\/wp-json\/wp\/v2\/pages\/3645"}],"collection":[{"href":"https:\/\/epass24.com\/et\/wp-json\/wp\/v2\/pages"}],"about":[{"href":"https:\/\/epass24.com\/et\/wp-json\/wp\/v2\/types\/page"}],"author":[{"embeddable":true,"href":"https:\/\/epass24.com\/et\/wp-json\/wp\/v2\/users\/4"}],"replies":[{"embeddable":true,"href":"https:\/\/epass24.com\/et\/wp-json\/wp\/v2\/comments?post=3645"}],"version-history":[{"count":6,"href":"https:\/\/epass24.com\/et\/wp-json\/wp\/v2\/pages\/3645\/revisions"}],"predecessor-version":[{"id":5138,"href":"https:\/\/epass24.com\/et\/wp-json\/wp\/v2\/pages\/3645\/revisions\/5138"}],"wp:attachment":[{"href":"https:\/\/epass24.com\/et\/wp-json\/wp\/v2\/media?parent=3645"}],"curies":[{"name":"wp","href":"https:\/\/api.w.org\/{rel}","templated":true}]}}