{"id":2438,"date":"2021-04-22T08:59:15","date_gmt":"2021-04-22T08:59:15","guid":{"rendered":"http:\/\/epass24.uncleserj.com\/teemaksususteemi-haldurite\/"},"modified":"2023-11-06T09:26:05","modified_gmt":"2023-11-06T09:26:05","slug":"teemaksususteemi-haldurite","status":"publish","type":"page","link":"https:\/\/epass24.com\/et\/teemaksususteemi-haldurite\/","title":{"rendered":"Teemaksus\u00fcsteemi haldurite"},"content":{"rendered":"\t\t<div data-elementor-type=\"wp-page\" data-elementor-id=\"2438\" class=\"elementor elementor-2438 elementor-605\">\n\t\t\t\t\t\t\t\t\t<section class=\"elementor-section elementor-top-section elementor-element elementor-element-117baab8 elementor-section-content-middle elementor-section-boxed elementor-section-height-default elementor-section-height-default\" data-id=\"117baab8\" data-element_type=\"section\" id=\"hero\" data-settings=\"{&quot;background_background&quot;:&quot;classic&quot;}\">\n\t\t\t\t\t\t<div class=\"elementor-container elementor-column-gap-default\">\n\t\t\t\t\t<div class=\"elementor-column elementor-col-100 elementor-top-column elementor-element elementor-element-1c8d4f4f hero-wrapper\" data-id=\"1c8d4f4f\" data-element_type=\"column\">\n\t\t\t<div class=\"elementor-widget-wrap elementor-element-populated\">\n\t\t\t\t\t\t\t\t<div class=\"elementor-element elementor-element-2e153ed elementor-widget elementor-widget-heading\" data-id=\"2e153ed\" data-element_type=\"widget\" data-widget_type=\"heading.default\">\n\t\t\t\t<div class=\"elementor-widget-container\">\n\t\t\t<h1 class=\"elementor-heading-title elementor-size-xl\">M\u00e4\u00e4ratud teehaldurite poolt<\/h1>\t\t<\/div>\n\t\t\t\t<\/div>\n\t\t\t\t<div class=\"elementor-element elementor-element-983eb2d elementor-widget elementor-widget-text-editor\" data-id=\"983eb2d\" data-element_type=\"widget\" data-widget_type=\"text-editor.default\">\n\t\t\t\t<div class=\"elementor-widget-container\">\n\t\t\t\t\t\t\t\t\t\t\t\t\t<\/div>\n\t\t\t\t<\/div>\n\t\t\t\t\t<\/div>\n\t\t<\/div>\n\t\t\t\t\t\t\t<\/div>\n\t\t<\/section>\n\t\t\t\t<section class=\"elementor-section elementor-top-section elementor-element elementor-element-2d3a8ad4 elementor-section-boxed elementor-section-height-default elementor-section-height-default\" data-id=\"2d3a8ad4\" data-element_type=\"section\" data-settings=\"{&quot;background_background&quot;:&quot;classic&quot;}\">\n\t\t\t\t\t\t<div class=\"elementor-container elementor-column-gap-default\">\n\t\t\t\t\t<div class=\"elementor-column elementor-col-100 elementor-top-column elementor-element elementor-element-61c804d8\" data-id=\"61c804d8\" data-element_type=\"column\">\n\t\t\t<div class=\"elementor-widget-wrap elementor-element-populated\">\n\t\t\t\t\t\t\t\t<section class=\"elementor-section elementor-inner-section elementor-element elementor-element-1c6a2fac entry-content elementor-section-content-middle elementor-section-boxed elementor-section-height-default elementor-section-height-default\" data-id=\"1c6a2fac\" data-element_type=\"section\" data-settings=\"{&quot;background_background&quot;:&quot;classic&quot;}\">\n\t\t\t\t\t\t<div class=\"elementor-container elementor-column-gap-default\">\n\t\t\t\t\t<div class=\"elementor-column elementor-col-50 elementor-inner-column elementor-element elementor-element-125cbe0d\" data-id=\"125cbe0d\" data-element_type=\"column\">\n\t\t\t<div class=\"elementor-widget-wrap elementor-element-populated\">\n\t\t\t\t\t\t\t\t<div class=\"elementor-element elementor-element-759b6c9 elementor-widget elementor-widget-heading\" data-id=\"759b6c9\" data-element_type=\"widget\" data-widget_type=\"heading.default\">\n\t\t\t\t<div class=\"elementor-widget-container\">\n\t\t\t<h2 class=\"elementor-heading-title elementor-size-large\">\u00dchendatud Euroopa teemaksus\u00fcsteemide haldurid<\/h2>\t\t<\/div>\n\t\t\t\t<\/div>\n\t\t\t\t<div class=\"elementor-element elementor-element-8824335 elementor-widget elementor-widget-text-editor\" data-id=\"8824335\" data-element_type=\"widget\" data-widget_type=\"text-editor.default\">\n\t\t\t\t<div class=\"elementor-widget-container\">\n\t\t\t\t\t\t\t<p><b>Rootsi <\/b>&#8211; Rootsi transpordiamet (The Swedish Transport Agency) on Rootsi teemaksude s\u00fcsteemi haldav riigiasutus. Ummikumaksu rakendatakse Stockholmis ja G\u00f6teborgis ning sillamaksu v\u00f5etakse Skuru, Motalas ja Sundsvallis.<\/p>\n<p><b>Norra <\/b>&#8211;\u00a0Norra teemaksude s\u00fcsteem on jagatud erinevate teemaksuhalduritega piirkonnaks: Fjellinjen, Ferde, Vegamot, Vegfinans ja Bompengeselskap Nord. Need tegutsevad Norra riikliku maanteeameti (Statens Vegvesen) kontrolli ja j\u00e4relevalve all.<br \/>\n<span style=\"color: var( --e-global-color-secondary );\"><br \/>\nPraami\u00fchendusi (autopassferje.no) opereerivad Norra riikliku maanteeameti (Statens Vegvesen) kontsessiooni alusel mitmed riiklikud praamiettev\u00f5tted.<\/span><\/p>\n<p><b style=\"color: var( --e-global-color-secondary );\">Taani <\/b><span style=\"color: var( --e-global-color-secondary );\">&#8211;\u00a0A\/S Storeb\u00e6lt opereerib 18 km pikkust Suure-Belti (Storeb\u00e6lt) silda, mis \u00fchendab Taani ida- ja l\u00e4\u00e4neosa.\u00a0<\/span><span style=\"color: var( --e-global-color-secondary );\">Fjordforbindelsen Frederikssund vastutab sillamaksude kogumise eest kiirteel, mis kroonprintsess Mary silla kaudu \u00fcletab Roskilde fjordi.\u00a0<\/span><\/p>\n<p><b>Prantsusmaa <\/b>&#8211; SANEF, Soci\u00e9t\u00e9 des Autoroutes du Nord et de l\u2019Est de la France opereerib Prantsuse valitsuse kontsessiooni alusel P\u00f5hja- ja Ida-Prantsusmaa maanteid. Selle v\u00f5rgustiku pikkus on 1743 km.<\/p>\n<p><b>Portugal <\/b>&#8211; Ettev\u00f5ttel Ascendi on kuus Portugali teekontsessiooni ja see opereerib riigi piires 672 km maanteid.<\/p>\n<p>Need ettev\u00f5tted on valinud Epass24 v\u00e4ljastatud maanteemaksude k\u00e4itlemise partneriks, eelk\u00f5ige v\u00e4lismaal registreeritud s\u00f5idukite osas.<\/p>\n<p>Rootsis ja Norras pakub Epass24 ka teekasutusmaksude automaatse tasumise lahendust.<\/p>\n<p>T\u00e4psema teabe saamiseks konkreetse operaatori kohta k\u00fclastage nende veebilehti.<\/p>\n<div><\/div>\n\t\t\t\t\t\t<\/div>\n\t\t\t\t<\/div>\n\t\t\t\t\t<\/div>\n\t\t<\/div>\n\t\t\t\t<div class=\"elementor-column elementor-col-50 elementor-inner-column elementor-element elementor-element-c0fe468\" data-id=\"c0fe468\" data-element_type=\"column\">\n\t\t\t<div class=\"elementor-widget-wrap elementor-element-populated\">\n\t\t\t\t\t\t\t\t<div class=\"elementor-element elementor-element-094c087 elementor-widget elementor-widget-shortcode\" data-id=\"094c087\" data-element_type=\"widget\" data-widget_type=\"shortcode.default\">\n\t\t\t\t<div class=\"elementor-widget-container\">\n\t\t\t\t\t<div class=\"elementor-shortcode\">\t<div class=\"operators row no-gutters align-items-center\">\r\n\t\t\t<div class=\"col-md-6\">\r\n\t\t\t<a class=\"operator\" href=\"https:\/\/autopassferje.no\" target=\"_blank\" rel=\"nofollow noreferrer noopener\" title=\"AutoPASS for ferje\">\r\n\t\t\t\t<img src=\"\/wp-content\/uploads\/autopass.svg\" alt=\"AutoPASS for ferje\">\r\n\t\t\t<\/a>\r\n\t\t<\/div>\r\n    \t\t<div class=\"col-md-6\">\r\n\t\t\t<a class=\"operator\" href=\"https:\/\/en.vegfinans.no\/\" target=\"_blank\" rel=\"nofollow noreferrer noopener\" title=\"Vegfinans\">\r\n\t\t\t\t<img src=\"\/wp-content\/uploads\/Vegfinans.png\" alt=\"Vegfinans\">\r\n\t\t\t<\/a>\r\n\t\t<\/div>\r\n    \t\t<div class=\"col-md-6\">\r\n\t\t\t<a class=\"operator\" href=\"https:\/\/www.vegamot.no\/\" target=\"_blank\" rel=\"nofollow noreferrer noopener\" title=\"Vegamot\">\r\n\t\t\t\t<img src=\"\/wp-content\/uploads\/Vegamot.png\" alt=\"Vegamot\">\r\n\t\t\t<\/a>\r\n\t\t<\/div>\r\n    \t\t<div class=\"col-md-6\">\r\n\t\t\t<a class=\"operator\" href=\"https:\/\/transportstyrelsen.se\" target=\"_blank\" rel=\"nofollow noreferrer noopener\" title=\"Transportstyrelsen\">\r\n\t\t\t\t<img src=\"\/wp-content\/uploads\/Transportstyrelsen-300x67.png\" alt=\"Transportstyrelsen\">\r\n\t\t\t<\/a>\r\n\t\t<\/div>\r\n    \t\t<div class=\"col-md-6\">\r\n\t\t\t<a class=\"operator\" href=\"https:\/\/sundogbaelt.dk\/\" target=\"_blank\" rel=\"nofollow noreferrer noopener\" title=\"Sund Baelt\">\r\n\t\t\t\t<img src=\"\/wp-content\/uploads\/Sund-Baelt.png\" alt=\"Sund Baelt\">\r\n\t\t\t<\/a>\r\n\t\t<\/div>\r\n    \t\t<div class=\"col-md-6\">\r\n\t\t\t<a class=\"operator\" href=\"https:\/\/storebaelt.dk\/\" target=\"_blank\" rel=\"nofollow noreferrer noopener\" title=\"Storebaelt\">\r\n\t\t\t\t<img src=\"\/wp-content\/uploads\/Storebaelt-300x76.png\" alt=\"Storebaelt\">\r\n\t\t\t<\/a>\r\n\t\t<\/div>\r\n    \t\t<div class=\"col-md-6\">\r\n\t\t\t<a class=\"operator\" href=\"https:\/\/www.fjellinjen.no\/\" target=\"_blank\" rel=\"nofollow noreferrer noopener\" title=\"Fjellinjen\">\r\n\t\t\t\t<img src=\"\/wp-content\/uploads\/Fjellinjen-300x124.jpg\" alt=\"Fjellinjen\">\r\n\t\t\t<\/a>\r\n\t\t<\/div>\r\n    \t\t<div class=\"col-md-6\">\r\n\t\t\t<a class=\"operator\" href=\"https:\/\/ferde.no\/\" target=\"_blank\" rel=\"nofollow noreferrer noopener\" title=\"Ferde\">\r\n\t\t\t\t<img src=\"\/wp-content\/uploads\/FerdeLogo.svg\" alt=\"Ferde\">\r\n\t\t\t<\/a>\r\n\t\t<\/div>\r\n    \t\t<div class=\"col-md-6\">\r\n\t\t\t<a class=\"operator\" href=\"https:\/\/bomveinord.no\/\" target=\"_blank\" rel=\"nofollow noreferrer noopener\" title=\"Bompengeselskap Nord\">\r\n\t\t\t\t<img src=\"\/wp-content\/uploads\/Nord-300x126.png\" alt=\"Bompengeselskap Nord\">\r\n\t\t\t<\/a>\r\n\t\t<\/div>\r\n    \t\t<div class=\"col-md-6\">\r\n\t\t\t<a class=\"operator\" href=\"https:\/\/www.ascendi.pt\/\" target=\"_blank\" rel=\"nofollow noreferrer noopener\" title=\"Ascendi\">\r\n\t\t\t\t<img src=\"\/wp-content\/uploads\/Ascendi.png\" alt=\"Ascendi\">\r\n\t\t\t<\/a>\r\n\t\t<\/div>\r\n    \t<\/div>\r\n\t<\/div>\n\t\t\t\t<\/div>\n\t\t\t\t<\/div>\n\t\t\t\t\t<\/div>\n\t\t<\/div>\n\t\t\t\t\t\t\t<\/div>\n\t\t<\/section>\n\t\t\t\t\t<\/div>\n\t\t<\/div>\n\t\t\t\t\t\t\t<\/div>\n\t\t<\/section>\n\t\t\t\t\t\t\t<\/div>\n\t\t","protected":false},"excerpt":{"rendered":"<p>M\u00e4\u00e4ratud teehaldurite poolt \u00dchendatud Euroopa teemaksus\u00fcsteemide haldurid Rootsi &#8211; Rootsi transpordiamet (The Swedish Transport Agency) on Rootsi teemaksude s\u00fcsteemi haldav riigiasutus. Ummikumaksu rakendatakse Stockholmis ja G\u00f6teborgis ning sillamaksu v\u00f5etakse Skuru, Motalas ja Sundsvallis. Norra &#8211;\u00a0Norra teemaksude s\u00fcsteem on jagatud erinevate teemaksuhalduritega piirkonnaks: Fjellinjen, Ferde, Vegamot, Vegfinans ja Bompengeselskap Nord. Need tegutsevad Norra riikliku maanteeameti (Statens [&hellip;]<\/p>\n","protected":false},"author":1,"featured_media":0,"parent":0,"menu_order":0,"comment_status":"closed","ping_status":"closed","template":"","meta":{"inline_featured_image":false},"acf":[],"_links":{"self":[{"href":"https:\/\/epass24.com\/et\/wp-json\/wp\/v2\/pages\/2438"}],"collection":[{"href":"https:\/\/epass24.com\/et\/wp-json\/wp\/v2\/pages"}],"about":[{"href":"https:\/\/epass24.com\/et\/wp-json\/wp\/v2\/types\/page"}],"author":[{"embeddable":true,"href":"https:\/\/epass24.com\/et\/wp-json\/wp\/v2\/users\/1"}],"replies":[{"embeddable":true,"href":"https:\/\/epass24.com\/et\/wp-json\/wp\/v2\/comments?post=2438"}],"version-history":[{"count":10,"href":"https:\/\/epass24.com\/et\/wp-json\/wp\/v2\/pages\/2438\/revisions"}],"predecessor-version":[{"id":6851,"href":"https:\/\/epass24.com\/et\/wp-json\/wp\/v2\/pages\/2438\/revisions\/6851"}],"wp:attachment":[{"href":"https:\/\/epass24.com\/et\/wp-json\/wp\/v2\/media?parent=2438"}],"curies":[{"name":"wp","href":"https:\/\/api.w.org\/{rel}","templated":true}]}}