{"id":2436,"date":"2021-04-22T08:50:12","date_gmt":"2021-04-22T08:50:12","guid":{"rendered":"http:\/\/epass24.uncleserj.com\/teekasutusmaksud\/"},"modified":"2021-04-28T13:19:04","modified_gmt":"2021-04-28T13:19:04","slug":"teekasutusmaksud","status":"publish","type":"page","link":"https:\/\/epass24.com\/et\/teekasutusmaksud\/","title":{"rendered":"Teekasutusmaksud"},"content":{"rendered":"\t\t<div data-elementor-type=\"wp-page\" data-elementor-id=\"2436\" class=\"elementor elementor-2436 elementor-754\">\n\t\t\t\t\t\t\t\t\t<section class=\"elementor-section elementor-top-section elementor-element elementor-element-28c921dc elementor-section-content-middle elementor-section-boxed elementor-section-height-default elementor-section-height-default\" data-id=\"28c921dc\" data-element_type=\"section\" id=\"hero\" data-settings=\"{&quot;background_background&quot;:&quot;classic&quot;}\">\n\t\t\t\t\t\t<div class=\"elementor-container elementor-column-gap-default\">\n\t\t\t\t\t<div class=\"elementor-column elementor-col-100 elementor-top-column elementor-element elementor-element-67173fed hero-wrapper\" data-id=\"67173fed\" data-element_type=\"column\">\n\t\t\t<div class=\"elementor-widget-wrap elementor-element-populated\">\n\t\t\t\t\t\t\t\t<div class=\"elementor-element elementor-element-4ed96da elementor-widget elementor-widget-heading\" data-id=\"4ed96da\" data-element_type=\"widget\" data-widget_type=\"heading.default\">\n\t\t\t\t<div class=\"elementor-widget-container\">\n\t\t\t<h1 class=\"elementor-heading-title elementor-size-default\">Infrastruktuur, rahvatervis ja keskkond<\/h1>\t\t<\/div>\n\t\t\t\t<\/div>\n\t\t\t\t<div class=\"elementor-element elementor-element-e795277 elementor-widget elementor-widget-text-editor\" data-id=\"e795277\" data-element_type=\"widget\" data-widget_type=\"text-editor.default\">\n\t\t\t\t<div class=\"elementor-widget-container\">\n\t\t\t\t\t\t\t\t\t\t\t\t\t<\/div>\n\t\t\t\t<\/div>\n\t\t\t\t\t<\/div>\n\t\t<\/div>\n\t\t\t\t\t\t\t<\/div>\n\t\t<\/section>\n\t\t\t\t<section class=\"elementor-section elementor-top-section elementor-element elementor-element-3b2d26c8 elementor-section-boxed elementor-section-height-default elementor-section-height-default\" data-id=\"3b2d26c8\" data-element_type=\"section\" data-settings=\"{&quot;background_background&quot;:&quot;classic&quot;}\">\n\t\t\t\t\t\t<div class=\"elementor-container elementor-column-gap-default\">\n\t\t\t\t\t<div class=\"elementor-column elementor-col-100 elementor-top-column elementor-element elementor-element-718039d3\" data-id=\"718039d3\" data-element_type=\"column\">\n\t\t\t<div class=\"elementor-widget-wrap elementor-element-populated\">\n\t\t\t\t\t\t\t\t<section class=\"elementor-section elementor-inner-section elementor-element elementor-element-750eaf80 entry-content elementor-section-content-top elementor-section-boxed elementor-section-height-default elementor-section-height-default\" data-id=\"750eaf80\" data-element_type=\"section\" data-settings=\"{&quot;background_background&quot;:&quot;classic&quot;}\">\n\t\t\t\t\t\t<div class=\"elementor-container elementor-column-gap-default\">\n\t\t\t\t\t<div class=\"elementor-column elementor-col-50 elementor-inner-column elementor-element elementor-element-8f8ecd0 road\" data-id=\"8f8ecd0\" data-element_type=\"column\">\n\t\t\t<div class=\"elementor-widget-wrap elementor-element-populated\">\n\t\t\t\t\t\t\t\t<div class=\"elementor-element elementor-element-1bacc71 elementor-widget elementor-widget-heading\" data-id=\"1bacc71\" data-element_type=\"widget\" data-widget_type=\"heading.default\">\n\t\t\t\t<div class=\"elementor-widget-container\">\n\t\t\t<h2 class=\"elementor-heading-title elementor-size-default\">Milleks on vaja teekasutusmakse?<\/h2>\t\t<\/div>\n\t\t\t\t<\/div>\n\t\t\t\t<div class=\"elementor-element elementor-element-759a5a8 elementor-widget elementor-widget-text-editor\" data-id=\"759a5a8\" data-element_type=\"widget\" data-widget_type=\"text-editor.default\">\n\t\t\t\t<div class=\"elementor-widget-container\">\n\t\t\t\t\t\t\t<p><span style=\"color: var( --e-global-color-secondary );\">Teekasutusmaksude peamine eesm\u00e4rk on maksustada s\u00f5idukijuhte teede ja infrastruktuuri kasutamise eest, nii saavad kohalikud omavalitsused j\u00e4tkata kvaliteetsete teede, sildade ja kiirteede rajamist ning hooldamist.\u00a0<br \/><\/span><span style=\"color: var( --e-global-color-secondary );\"><br \/>M\u00f5nede maksude, n\u00e4iteks ummikute ja v\u00e4hese saastega piirkondadega seotud maksude, eesm\u00e4rk on v\u00e4hendada teatud piirkondades saastet, et parandada \u00f5hu kvaliteeti. Sel viisil toetatakse rahvatervist ja parandatakse elukeskkonda. <br \/><\/span><span style=\"color: var( --e-global-color-secondary );\"><br \/>K\u00f5ik Epass24 poolt hallatavad teekasutusmaksud p\u00f5hinevad ANPR (numbrim\u00e4rgi automaatse tuvastamise) kaameras\u00fcsteemidel. K\u00f5ik teemaksud registreeritakse automaatselt ja hiljem v\u00e4ljastatakse arve.<br \/><\/span><span style=\"color: var( --e-global-color-secondary );\"><br \/>M\u00f5nedele ei meeldi teekasutustasud, kuid on oluline arvestada, et neid rakendatakse kogu \u00fchiskonna elu paremaks muutmiseks.<\/span><\/p>\n<p>\u00a0<\/p>\n\t\t\t\t\t\t<\/div>\n\t\t\t\t<\/div>\n\t\t\t\t<div class=\"elementor-element elementor-element-9910f75 elementor-widget elementor-widget-text-editor\" data-id=\"9910f75\" data-element_type=\"widget\" data-widget_type=\"text-editor.default\">\n\t\t\t\t<div class=\"elementor-widget-container\">\n\t\t\t\t\t\t\t<ul>\n<li><i class=\"fas fa-chevron-right\"><\/i>Ummikumaksud<\/li>\n<li><i class=\"fas fa-chevron-right\"><\/i>Infrastruktuuri tasud<\/li>\n<li><i class=\"fas fa-chevron-right\"><\/i>Teemaksud<\/li>\n<li><i class=\"fas fa-chevron-right\"><\/i>Sillamaksud<\/li>\n<li><i class=\"fas fa-chevron-right\"><\/i>V\u00e4hese saastega piirkonnad<\/li>\n<li><i class=\"fas fa-chevron-right\"><\/i>Teemaksukleebis (teemaks)<\/li>\n<li><i class=\"fas fa-chevron-right\"><\/i>Praami\u00fcletused<\/li>\n<\/ul>\n<p><img loading=\"lazy\" class=\"size-medium wp-image-156 alignright\" src=\"https:\/\/www.epass24.com\/wp-content\/uploads\/part-2-300x200.jpg\" alt=\"\" width=\"250\" height=\"250\" \/><\/p>\n\t\t\t\t\t\t<\/div>\n\t\t\t\t<\/div>\n\t\t\t\t\t<\/div>\n\t\t<\/div>\n\t\t\t\t<div class=\"elementor-column elementor-col-50 elementor-inner-column elementor-element elementor-element-4ce275b\" data-id=\"4ce275b\" data-element_type=\"column\">\n\t\t\t<div class=\"elementor-widget-wrap elementor-element-populated\">\n\t\t\t\t\t\t\t\t<div class=\"elementor-element elementor-element-d3d3bce elementor-widget elementor-widget-image\" data-id=\"d3d3bce\" data-element_type=\"widget\" data-widget_type=\"image.default\">\n\t\t\t\t<div class=\"elementor-widget-container\">\n\t\t\t\t\t\t\t\t\t\t\t\t\t\t\t<img width=\"2500\" height=\"1820\" src=\"\/wp-content\/uploads\/road-1.svg\" class=\"attachment-full size-full wp-image-1583\" alt=\"\" loading=\"lazy\" \/>\t\t\t\t\t\t\t\t\t\t\t\t\t\t\t<\/div>\n\t\t\t\t<\/div>\n\t\t\t\t\t<\/div>\n\t\t<\/div>\n\t\t\t\t\t\t\t<\/div>\n\t\t<\/section>\n\t\t\t\t\t<\/div>\n\t\t<\/div>\n\t\t\t\t\t\t\t<\/div>\n\t\t<\/section>\n\t\t\t\t\t\t\t<\/div>\n\t\t","protected":false},"excerpt":{"rendered":"<p>Infrastruktuur, rahvatervis ja keskkond Milleks on vaja teekasutusmakse? Teekasutusmaksude peamine eesm\u00e4rk on maksustada s\u00f5idukijuhte teede ja infrastruktuuri kasutamise eest, nii saavad kohalikud omavalitsused j\u00e4tkata kvaliteetsete teede, sildade ja kiirteede rajamist ning hooldamist.\u00a0 M\u00f5nede maksude, n\u00e4iteks ummikute ja v\u00e4hese saastega piirkondadega seotud maksude, eesm\u00e4rk on v\u00e4hendada teatud piirkondades saastet, et parandada \u00f5hu kvaliteeti. Sel viisil toetatakse [&hellip;]<\/p>\n","protected":false},"author":1,"featured_media":0,"parent":0,"menu_order":0,"comment_status":"closed","ping_status":"closed","template":"","meta":{"inline_featured_image":false},"acf":[],"_links":{"self":[{"href":"https:\/\/epass24.com\/et\/wp-json\/wp\/v2\/pages\/2436"}],"collection":[{"href":"https:\/\/epass24.com\/et\/wp-json\/wp\/v2\/pages"}],"about":[{"href":"https:\/\/epass24.com\/et\/wp-json\/wp\/v2\/types\/page"}],"author":[{"embeddable":true,"href":"https:\/\/epass24.com\/et\/wp-json\/wp\/v2\/users\/1"}],"replies":[{"embeddable":true,"href":"https:\/\/epass24.com\/et\/wp-json\/wp\/v2\/comments?post=2436"}],"version-history":[{"count":1,"href":"https:\/\/epass24.com\/et\/wp-json\/wp\/v2\/pages\/2436\/revisions"}],"predecessor-version":[{"id":2437,"href":"https:\/\/epass24.com\/et\/wp-json\/wp\/v2\/pages\/2436\/revisions\/2437"}],"wp:attachment":[{"href":"https:\/\/epass24.com\/et\/wp-json\/wp\/v2\/media?parent=2436"}],"curies":[{"name":"wp","href":"https:\/\/api.w.org\/{rel}","templated":true}]}}