{"id":400,"date":"2021-03-09T23:40:16","date_gmt":"2021-03-09T23:40:16","guid":{"rendered":"http:\/\/epass24.uncleserj.com\/?page_id=400"},"modified":"2025-03-27T09:26:15","modified_gmt":"2025-03-27T09:26:15","slug":"home","status":"publish","type":"page","link":"https:\/\/epass24.com\/de\/","title":{"rendered":"Home"},"content":{"rendered":"\t\t<div data-elementor-type=\"wp-page\" data-elementor-id=\"400\" class=\"elementor elementor-400 elementor-19\">\n\t\t\t\t\t\t\t\t\t<section class=\"elementor-section elementor-top-section elementor-element elementor-element-a337813 elementor-section-content-middle elementor-section-boxed elementor-section-height-default elementor-section-height-default\" data-id=\"a337813\" data-element_type=\"section\" id=\"hero\" data-settings=\"{&quot;background_background&quot;:&quot;classic&quot;}\">\n\t\t\t\t\t\t<div class=\"elementor-container elementor-column-gap-default\">\n\t\t\t\t\t<div class=\"elementor-column elementor-col-100 elementor-top-column elementor-element elementor-element-3665ea2 hero-wrapper\" data-id=\"3665ea2\" data-element_type=\"column\">\n\t\t\t<div class=\"elementor-widget-wrap elementor-element-populated\">\n\t\t\t\t\t\t\t\t<div class=\"elementor-element elementor-element-54356bb elementor-widget elementor-widget-heading\" data-id=\"54356bb\" data-element_type=\"widget\" data-widget_type=\"heading.default\">\n\t\t\t\t<div class=\"elementor-widget-container\">\n\t\t\t<h1 class=\"elementor-heading-title elementor-size-xl\">Einfache Zahlung Mautgeb\u00fchren<\/h1>\t\t<\/div>\n\t\t\t\t<\/div>\n\t\t\t\t<div class=\"elementor-element elementor-element-0f46632 elementor-widget elementor-widget-text-editor\" data-id=\"0f46632\" data-element_type=\"widget\" data-widget_type=\"text-editor.default\">\n\t\t\t\t<div class=\"elementor-widget-container\">\n\t\t\t\t\t\t\t<p>Epass24 wurde mit der Benachrichtigung und Zahlungsabwicklung f\u00fcr alle Arten von Stra\u00dfenbenutzungsgeb\u00fchren beauftragt &#8211; wie z.B. Stra\u00dfenmaut, Br\u00fcckenmaut und Staugeb\u00fchren.&nbsp;<\/p>\n\t\t\t\t\t\t<\/div>\n\t\t\t\t<\/div>\n\t\t\t\t\t<\/div>\n\t\t<\/div>\n\t\t\t\t\t\t\t<\/div>\n\t\t<\/section>\n\t\t\t\t<section class=\"elementor-section elementor-top-section elementor-element elementor-element-9be4b6f elementor-section-boxed elementor-section-height-default elementor-section-height-default\" data-id=\"9be4b6f\" data-element_type=\"section\" data-settings=\"{&quot;background_background&quot;:&quot;classic&quot;}\">\n\t\t\t\t\t\t<div class=\"elementor-container elementor-column-gap-default\">\n\t\t\t\t\t<div class=\"elementor-column elementor-col-50 elementor-top-column elementor-element elementor-element-62031c3 inner\" data-id=\"62031c3\" data-element_type=\"column\">\n\t\t\t<div class=\"elementor-widget-wrap elementor-element-populated\">\n\t\t\t\t\t\t\t\t<div class=\"elementor-element elementor-element-dcf4a20 elementor-widget elementor-widget-heading\" data-id=\"dcf4a20\" data-element_type=\"widget\" data-widget_type=\"heading.default\">\n\t\t\t\t<div class=\"elementor-widget-container\">\n\t\t\t<h2 class=\"elementor-heading-title elementor-size-xl\">Automatische Zahlung<\/h2>\t\t<\/div>\n\t\t\t\t<\/div>\n\t\t\t\t<div class=\"elementor-element elementor-element-0b81c35 elementor-widget elementor-widget-text-editor\" data-id=\"0b81c35\" data-element_type=\"widget\" data-widget_type=\"text-editor.default\">\n\t\t\t\t<div class=\"elementor-widget-container\">\n\t\t\t\t\t\t\t<p>Alle Fahrzeuge, die in Schweden und Norwegen fahren, m\u00fcssen Stra\u00dfenmautgeb\u00fchren bezahlen. Ihre Mautgeb\u00fchren werden automatisch registriert und eine Rechnung wird an Ihre registrierte Adresse gesendet. <\/p>\n<p>Um diesen Prozess zu vereinfachen, k\u00f6nnen Sie Ihre Mautgeb\u00fchren automatisch bezahlen, indem Sie sich f\u00fcr ein Epass24-Konto registrieren.<\/p>\n\t\t\t\t\t\t<\/div>\n\t\t\t\t<\/div>\n\t\t\t\t<div class=\"elementor-element elementor-element-2543124 bottom elementor-widget elementor-widget-text-editor\" data-id=\"2543124\" data-element_type=\"widget\" data-widget_type=\"text-editor.default\">\n\t\t\t\t<div class=\"elementor-widget-container\">\n\t\t\t\t\t\t\t<p><a class=\"btn btn-primary mr-3\" title=\"Registrieren\" href=\"https:\/\/account.epass24.com\/de\/create\/step1\" rel=\"noopener\">Registrieren<\/a><a class=\"btn btn-outline-primary\" title=\"Mehr erfahren\" href=\"automatic-payment\">Mehr Info<\/a><\/p>\n\t\t\t\t\t\t<\/div>\n\t\t\t\t<\/div>\n\t\t\t\t\t<\/div>\n\t\t<\/div>\n\t\t\t\t<div class=\"elementor-column elementor-col-50 elementor-top-column elementor-element elementor-element-03975bc inner\" data-id=\"03975bc\" data-element_type=\"column\">\n\t\t\t<div class=\"elementor-widget-wrap elementor-element-populated\">\n\t\t\t\t\t\t\t\t<div class=\"elementor-element elementor-element-9f40c68 elementor-widget elementor-widget-heading\" data-id=\"9f40c68\" data-element_type=\"widget\" data-widget_type=\"heading.default\">\n\t\t\t\t<div class=\"elementor-widget-container\">\n\t\t\t<h2 class=\"elementor-heading-title elementor-size-xl\">Rechnung bezahlen<\/h2>\t\t<\/div>\n\t\t\t\t<\/div>\n\t\t\t\t<div class=\"elementor-element elementor-element-3938455 elementor-widget elementor-widget-text-editor\" data-id=\"3938455\" data-element_type=\"widget\" data-widget_type=\"text-editor.default\">\n\t\t\t\t<div class=\"elementor-widget-container\">\n\t\t\t\t\t\t\t<p>Epass24 wurde von mehreren Mautbetreibern in ganz Europa beauftragt, Fahrzeughalter \u00fcber unbezahlte Stra\u00dfenbenutzungsgeb\u00fchren zu informieren.<\/p>\n<p>Die Details aller Mautgeb\u00fchren sind auf der Rechnung aufgef\u00fchrt, die an Ihre registrierte Adresse gesendet wird und alle notwendigen Zahlungsanweisungen enth\u00e4lt.<\/p>\n<p>Sie k\u00f6nnen auch mit Visa oder Mastercard bezahlen.<\/p>\n<p>\u00a0<\/p>\n\t\t\t\t\t\t<\/div>\n\t\t\t\t<\/div>\n\t\t\t\t<div class=\"elementor-element elementor-element-ff55ef3 bottom elementor-widget elementor-widget-text-editor\" data-id=\"ff55ef3\" data-element_type=\"widget\" data-widget_type=\"text-editor.default\">\n\t\t\t\t<div class=\"elementor-widget-container\">\n\t\t\t\t\t\t\t<p><a class=\"btn btn-primary\" title=\"Hier bezahlen\" href=\"https:\/\/account.epass24.com\/de\/pay\/step1\"  rel=\"noopener\">Hier bezahlen<\/a><\/p>\n\t\t\t\t\t\t<\/div>\n\t\t\t\t<\/div>\n\t\t\t\t\t<\/div>\n\t\t<\/div>\n\t\t\t\t\t\t\t<\/div>\n\t\t<\/section>\n\t\t\t\t<section class=\"elementor-section elementor-top-section elementor-element elementor-element-c871e8c elementor-section-boxed elementor-section-height-default elementor-section-height-default\" data-id=\"c871e8c\" data-element_type=\"section\" id=\"banner\" data-settings=\"{&quot;background_background&quot;:&quot;classic&quot;}\">\n\t\t\t\t\t\t<div class=\"elementor-container elementor-column-gap-default\">\n\t\t\t\t\t<div class=\"elementor-column elementor-col-100 elementor-top-column elementor-element elementor-element-a5a9109\" data-id=\"a5a9109\" data-element_type=\"column\">\n\t\t\t<div class=\"elementor-widget-wrap elementor-element-populated\">\n\t\t\t\t\t\t\t\t<div class=\"elementor-element elementor-element-8e61139 counter-title elementor-widget elementor-widget-text-editor\" data-id=\"8e61139\" data-element_type=\"widget\" data-widget_type=\"text-editor.default\">\n\t\t\t\t<div class=\"elementor-widget-container\">\n\t\t\t\t\t\t\t\t\t\t\t\t\t<\/div>\n\t\t\t\t<\/div>\n\t\t\t\t<div class=\"elementor-element elementor-element-f23862a elementor-widget elementor-widget-heading\" data-id=\"f23862a\" data-element_type=\"widget\" data-widget_type=\"heading.default\">\n\t\t\t\t<div class=\"elementor-widget-container\">\n\t\t\t<h2 class=\"elementor-heading-title elementor-size-xxl\">Epass24 in Zahlen<\/h2>\t\t<\/div>\n\t\t\t\t<\/div>\n\t\t\t\t<section class=\"elementor-section elementor-inner-section elementor-element elementor-element-c52ccc6 elementor-section-boxed elementor-section-height-default elementor-section-height-default\" data-id=\"c52ccc6\" data-element_type=\"section\">\n\t\t\t\t\t\t<div class=\"elementor-container elementor-column-gap-default\">\n\t\t\t\t\t<div class=\"elementor-column elementor-col-25 elementor-inner-column elementor-element elementor-element-0d949e5\" data-id=\"0d949e5\" data-element_type=\"column\">\n\t\t\t<div class=\"elementor-widget-wrap elementor-element-populated\">\n\t\t\t\t\t\t\t\t<div class=\"elementor-element elementor-element-eec1db4 elementor-widget elementor-widget-counter\" data-id=\"eec1db4\" data-element_type=\"widget\" data-widget_type=\"counter.default\">\n\t\t\t\t<div class=\"elementor-widget-container\">\n\t\t\t\t\t<div class=\"elementor-counter\">\n\t\t\t<div class=\"elementor-counter-number-wrapper\">\n\t\t\t\t<span class=\"elementor-counter-number-prefix\"><\/span>\n\t\t\t\t<span class=\"elementor-counter-number\" data-duration=\"1000\" data-to-value=\"11\" data-from-value=\"0\">0<\/span>\n\t\t\t\t<span class=\"elementor-counter-number-suffix\"><\/span>\n\t\t\t<\/div>\n\t\t\t\t\t\t\t<div class=\"elementor-counter-title\">stra\u00dfenbetreiber<\/div>\n\t\t\t\t\t<\/div>\n\t\t\t\t<\/div>\n\t\t\t\t<\/div>\n\t\t\t\t\t<\/div>\n\t\t<\/div>\n\t\t\t\t<div class=\"elementor-column elementor-col-25 elementor-inner-column elementor-element elementor-element-e4676d1\" data-id=\"e4676d1\" data-element_type=\"column\">\n\t\t\t<div class=\"elementor-widget-wrap elementor-element-populated\">\n\t\t\t\t\t\t\t\t<div class=\"elementor-element elementor-element-db385a0 elementor-widget elementor-widget-counter\" data-id=\"db385a0\" data-element_type=\"widget\" data-widget_type=\"counter.default\">\n\t\t\t\t<div class=\"elementor-widget-container\">\n\t\t\t\t\t<div class=\"elementor-counter\">\n\t\t\t<div class=\"elementor-counter-number-wrapper\">\n\t\t\t\t<span class=\"elementor-counter-number-prefix\"><\/span>\n\t\t\t\t<span class=\"elementor-counter-number\" data-duration=\"1000\" data-to-value=\"18\" data-from-value=\"0\">0<\/span>\n\t\t\t\t<span class=\"elementor-counter-number-suffix\">M<\/span>\n\t\t\t<\/div>\n\t\t\t\t\t\t\t<div class=\"elementor-counter-title\">mautgeb\u00fchren j\u00e4hrlich<\/div>\n\t\t\t\t\t<\/div>\n\t\t\t\t<\/div>\n\t\t\t\t<\/div>\n\t\t\t\t\t<\/div>\n\t\t<\/div>\n\t\t\t\t<div class=\"elementor-column elementor-col-25 elementor-inner-column elementor-element elementor-element-0a2d544\" data-id=\"0a2d544\" data-element_type=\"column\">\n\t\t\t<div class=\"elementor-widget-wrap elementor-element-populated\">\n\t\t\t\t\t\t\t\t<div class=\"elementor-element elementor-element-dc4d6de elementor-widget elementor-widget-counter\" data-id=\"dc4d6de\" data-element_type=\"widget\" data-widget_type=\"counter.default\">\n\t\t\t\t<div class=\"elementor-widget-container\">\n\t\t\t\t\t<div class=\"elementor-counter\">\n\t\t\t<div class=\"elementor-counter-number-wrapper\">\n\t\t\t\t<span class=\"elementor-counter-number-prefix\">+<\/span>\n\t\t\t\t<span class=\"elementor-counter-number\" data-duration=\"1000\" data-to-value=\"630\" data-from-value=\"0\">0<\/span>\n\t\t\t\t<span class=\"elementor-counter-number-suffix\">K<\/span>\n\t\t\t<\/div>\n\t\t\t\t\t\t\t<div class=\"elementor-counter-title\">registrierte Fahrzeuge<\/div>\n\t\t\t\t\t<\/div>\n\t\t\t\t<\/div>\n\t\t\t\t<\/div>\n\t\t\t\t\t<\/div>\n\t\t<\/div>\n\t\t\t\t<div class=\"elementor-column elementor-col-25 elementor-inner-column elementor-element elementor-element-95c202e\" data-id=\"95c202e\" data-element_type=\"column\">\n\t\t\t<div class=\"elementor-widget-wrap elementor-element-populated\">\n\t\t\t\t\t\t\t\t<div class=\"elementor-element elementor-element-510c379 elementor-widget elementor-widget-counter\" data-id=\"510c379\" data-element_type=\"widget\" data-widget_type=\"counter.default\">\n\t\t\t\t<div class=\"elementor-widget-container\">\n\t\t\t\t\t<div class=\"elementor-counter\">\n\t\t\t<div class=\"elementor-counter-number-wrapper\">\n\t\t\t\t<span class=\"elementor-counter-number-prefix\">><\/span>\n\t\t\t\t<span class=\"elementor-counter-number\" data-duration=\"1000\" data-to-value=\"95\" data-from-value=\"0\">0<\/span>\n\t\t\t\t<span class=\"elementor-counter-number-suffix\">%<\/span>\n\t\t\t<\/div>\n\t\t\t\t\t\t\t<div class=\"elementor-counter-title\">zufriedene Kunden<\/div>\n\t\t\t\t\t<\/div>\n\t\t\t\t<\/div>\n\t\t\t\t<\/div>\n\t\t\t\t\t<\/div>\n\t\t<\/div>\n\t\t\t\t\t\t\t<\/div>\n\t\t<\/section>\n\t\t\t\t\t<\/div>\n\t\t<\/div>\n\t\t\t\t\t\t\t<\/div>\n\t\t<\/section>\n\t\t\t\t<section class=\"elementor-section elementor-top-section elementor-element elementor-element-75bb401 has-padding elementor-section-content-middle elementor-section-boxed elementor-section-height-default elementor-section-height-default\" data-id=\"75bb401\" data-element_type=\"section\" data-settings=\"{&quot;background_background&quot;:&quot;classic&quot;}\">\n\t\t\t\t\t\t<div class=\"elementor-container elementor-column-gap-default\">\n\t\t\t\t\t<div class=\"elementor-column elementor-col-100 elementor-top-column elementor-element elementor-element-53c4b76\" data-id=\"53c4b76\" data-element_type=\"column\">\n\t\t\t<div class=\"elementor-widget-wrap elementor-element-populated\">\n\t\t\t\t\t\t\t\t<div class=\"elementor-element elementor-element-8c70252 elementor-widget elementor-widget-image\" data-id=\"8c70252\" data-element_type=\"widget\" data-widget_type=\"image.default\">\n\t\t\t\t<div class=\"elementor-widget-container\">\n\t\t\t\t\t\t\t\t\t\t\t\t\t\t\t<img width=\"1536\" height=\"985\" src=\"\/wp-content\/uploads\/Epass24-in-App-Store_clean-1536x985.jpg\" class=\"attachment-1536x1536 size-1536x1536 wp-image-5288\" alt=\"\" loading=\"lazy\" srcset=\"\/wp-content\/uploads\/Epass24-in-App-Store_clean-1536x985.jpg 1536w, \/wp-content\/uploads\/Epass24-in-App-Store_clean-300x192.jpg 300w, \/wp-content\/uploads\/Epass24-in-App-Store_clean-1024x657.jpg 1024w, \/wp-content\/uploads\/Epass24-in-App-Store_clean-768x493.jpg 768w, \/wp-content\/uploads\/Epass24-in-App-Store_clean-2048x1314.jpg 2048w\" sizes=\"(max-width: 1536px) 100vw, 1536px\" \/>\t\t\t\t\t\t\t\t\t\t\t\t\t\t\t<\/div>\n\t\t\t\t<\/div>\n\t\t\t\t\t<\/div>\n\t\t<\/div>\n\t\t\t\t\t\t\t<\/div>\n\t\t<\/section>\n\t\t\t\t<section class=\"elementor-section elementor-top-section elementor-element elementor-element-24959ef elementor-section-boxed elementor-section-height-default elementor-section-height-default\" data-id=\"24959ef\" data-element_type=\"section\">\n\t\t\t\t\t\t<div class=\"elementor-container elementor-column-gap-default\">\n\t\t\t\t\t<div class=\"elementor-column elementor-col-50 elementor-top-column elementor-element elementor-element-208a878\" data-id=\"208a878\" data-element_type=\"column\">\n\t\t\t<div class=\"elementor-widget-wrap elementor-element-populated\">\n\t\t\t\t\t\t\t\t<div class=\"elementor-element elementor-element-0c738d4 elementor-widget elementor-widget-image\" data-id=\"0c738d4\" data-element_type=\"widget\" data-widget_type=\"image.default\">\n\t\t\t\t<div class=\"elementor-widget-container\">\n\t\t\t\t\t\t\t\t\t\t\t\t\t\t\t\t<a href=\"https:\/\/apps.apple.com\/us\/app\/epass24\/id1202898735?itsct=apps_box_link&#038;itscg=30200\">\n\t\t\t\t\t\t\t<img width=\"800\" height=\"267\" src=\"\/wp-content\/uploads\/Download_App_Store_Badge.png\" class=\"attachment-large size-large wp-image-5305\" alt=\"\" loading=\"lazy\" srcset=\"\/wp-content\/uploads\/Download_App_Store_Badge.png 800w, \/wp-content\/uploads\/Download_App_Store_Badge-300x100.png 300w, \/wp-content\/uploads\/Download_App_Store_Badge-768x256.png 768w\" sizes=\"(max-width: 800px) 100vw, 800px\" \/>\t\t\t\t\t\t\t\t<\/a>\n\t\t\t\t\t\t\t\t\t\t\t\t\t\t\t<\/div>\n\t\t\t\t<\/div>\n\t\t\t\t\t<\/div>\n\t\t<\/div>\n\t\t\t\t<div class=\"elementor-column elementor-col-50 elementor-top-column elementor-element elementor-element-9ceb08a\" data-id=\"9ceb08a\" data-element_type=\"column\">\n\t\t\t<div class=\"elementor-widget-wrap elementor-element-populated\">\n\t\t\t\t\t\t\t\t<div class=\"elementor-element elementor-element-ac6e836 elementor-widget elementor-widget-image\" data-id=\"ac6e836\" data-element_type=\"widget\" data-widget_type=\"image.default\">\n\t\t\t\t<div class=\"elementor-widget-container\">\n\t\t\t\t\t\t\t\t\t\t\t\t\t\t\t\t<a href=\"https:\/\/play.google.com\/store\/apps\/details?id=com.epass24.app\">\n\t\t\t\t\t\t\t<img width=\"1536\" height=\"455\" src=\"\/wp-content\/uploads\/image_2022_10_17T13_24_33_462Z-1536x455.png\" class=\"attachment-1536x1536 size-1536x1536 wp-image-5339\" alt=\"\" loading=\"lazy\" srcset=\"\/wp-content\/uploads\/image_2022_10_17T13_24_33_462Z-1536x455.png 1536w, \/wp-content\/uploads\/image_2022_10_17T13_24_33_462Z-300x89.png 300w, \/wp-content\/uploads\/image_2022_10_17T13_24_33_462Z-1024x304.png 1024w, \/wp-content\/uploads\/image_2022_10_17T13_24_33_462Z-768x228.png 768w, \/wp-content\/uploads\/image_2022_10_17T13_24_33_462Z-2048x607.png 2048w\" sizes=\"(max-width: 1536px) 100vw, 1536px\" \/>\t\t\t\t\t\t\t\t<\/a>\n\t\t\t\t\t\t\t\t\t\t\t\t\t\t\t<\/div>\n\t\t\t\t<\/div>\n\t\t\t\t\t<\/div>\n\t\t<\/div>\n\t\t\t\t\t\t\t<\/div>\n\t\t<\/section>\n\t\t\t\t<section class=\"elementor-section elementor-top-section elementor-element elementor-element-06047ca has-padding elementor-section-content-middle elementor-section-boxed elementor-section-height-default elementor-section-height-default\" data-id=\"06047ca\" data-element_type=\"section\" data-settings=\"{&quot;background_background&quot;:&quot;classic&quot;}\">\n\t\t\t\t\t\t<div class=\"elementor-container elementor-column-gap-default\">\n\t\t\t\t\t<div class=\"elementor-column elementor-col-50 elementor-top-column elementor-element elementor-element-11b5a63 min-height border-top-left-radius\" data-id=\"11b5a63\" data-element_type=\"column\" data-settings=\"{&quot;background_background&quot;:&quot;classic&quot;}\">\n\t\t\t<div class=\"elementor-widget-wrap\">\n\t\t\t\t\t\t\t\t\t<\/div>\n\t\t<\/div>\n\t\t\t\t<div class=\"elementor-column elementor-col-50 elementor-top-column elementor-element elementor-element-9bfbb96 border-top-right-radius\" data-id=\"9bfbb96\" data-element_type=\"column\" data-settings=\"{&quot;background_background&quot;:&quot;classic&quot;}\">\n\t\t\t<div class=\"elementor-widget-wrap elementor-element-populated\">\n\t\t\t\t\t\t\t\t<div class=\"elementor-element elementor-element-432ac32 elementor-widget elementor-widget-heading\" data-id=\"432ac32\" data-element_type=\"widget\" data-widget_type=\"heading.default\">\n\t\t\t\t<div class=\"elementor-widget-container\">\n\t\t\t<h3 class=\"elementor-heading-title elementor-size-xl\">Mautgeb\u00fchren<\/h3>\t\t<\/div>\n\t\t\t\t<\/div>\n\t\t\t\t<div class=\"elementor-element elementor-element-7aac08a part elementor-widget elementor-widget-text-editor\" data-id=\"7aac08a\" data-element_type=\"widget\" data-widget_type=\"text-editor.default\">\n\t\t\t\t<div class=\"elementor-widget-container\">\n\t\t\t\t\t\t\t<p>Geb\u00fchren f\u00fcr die Nutzung von Stra\u00dfen werden verwendet, um die Infrastruktur, die \u00f6ffentliche Gesundheit und die Umwelt zu verbessern.<\/p>\n\t\t\t\t\t\t<\/div>\n\t\t\t\t<\/div>\n\t\t\t\t<div class=\"elementor-element elementor-element-cb23a55 bottom elementor-widget elementor-widget-text-editor\" data-id=\"cb23a55\" data-element_type=\"widget\" data-widget_type=\"text-editor.default\">\n\t\t\t\t<div class=\"elementor-widget-container\">\n\t\t\t\t\t\t\t<p><a class=\"btn btn-primary\" title=\"Read More\" href=\"road-user-charges\">Mehr erfahren<\/a><\/p>\n\t\t\t\t\t\t<\/div>\n\t\t\t\t<\/div>\n\t\t\t\t\t<\/div>\n\t\t<\/div>\n\t\t\t\t\t\t\t<\/div>\n\t\t<\/section>\n\t\t\t\t<section class=\"elementor-section elementor-top-section elementor-element elementor-element-77f23d1 has-padding elementor-section-content-middle elementor-section-boxed elementor-section-height-default elementor-section-height-default\" data-id=\"77f23d1\" data-element_type=\"section\" data-settings=\"{&quot;background_background&quot;:&quot;classic&quot;}\">\n\t\t\t\t\t\t<div class=\"elementor-container elementor-column-gap-default\">\n\t\t\t\t\t<div class=\"elementor-column elementor-col-50 elementor-top-column elementor-element elementor-element-fd06ce5 border-bottom-left-radius\" data-id=\"fd06ce5\" data-element_type=\"column\" data-settings=\"{&quot;background_background&quot;:&quot;classic&quot;}\">\n\t\t\t<div class=\"elementor-widget-wrap elementor-element-populated\">\n\t\t\t\t\t\t\t\t<div class=\"elementor-element elementor-element-1a9a5d1 elementor-widget elementor-widget-heading\" data-id=\"1a9a5d1\" data-element_type=\"widget\" data-widget_type=\"heading.default\">\n\t\t\t\t<div class=\"elementor-widget-container\">\n\t\t\t<h3 class=\"elementor-heading-title elementor-size-xl\">Mautbetreiber<\/h3>\t\t<\/div>\n\t\t\t\t<\/div>\n\t\t\t\t<div class=\"elementor-element elementor-element-9f0b45e part elementor-widget elementor-widget-text-editor\" data-id=\"9f0b45e\" data-element_type=\"widget\" data-widget_type=\"text-editor.default\">\n\t\t\t\t<div class=\"elementor-widget-container\">\n\t\t\t\t\t\t\t<p>Mautgeb\u00fchren sind in den meisten europ\u00e4ischen L\u00e4ndern eingef\u00fchrt worden und werden von nationalen Mautbetreibern verwaltet.&nbsp;<\/p>\n\t\t\t\t\t\t<\/div>\n\t\t\t\t<\/div>\n\t\t\t\t<div class=\"elementor-element elementor-element-f65d3c9 bottom elementor-widget elementor-widget-text-editor\" data-id=\"f65d3c9\" data-element_type=\"widget\" data-widget_type=\"text-editor.default\">\n\t\t\t\t<div class=\"elementor-widget-container\">\n\t\t\t\t\t\t\t<p><a class=\"btn btn-primary\" title=\"Mehr erfahren\" href=\"the-toll-operators\">Mehr erfahren<\/a><\/p>\n\t\t\t\t\t\t<\/div>\n\t\t\t\t<\/div>\n\t\t\t\t\t<\/div>\n\t\t<\/div>\n\t\t\t\t<div class=\"elementor-column elementor-col-50 elementor-top-column elementor-element elementor-element-748ca33 order min-height border-bottom-right-radius\" data-id=\"748ca33\" data-element_type=\"column\" data-settings=\"{&quot;background_background&quot;:&quot;classic&quot;}\">\n\t\t\t<div class=\"elementor-widget-wrap\">\n\t\t\t\t\t\t\t\t\t<\/div>\n\t\t<\/div>\n\t\t\t\t\t\t\t<\/div>\n\t\t<\/section>\n\t\t\t\t\t\t\t<\/div>\n\t\t","protected":false},"excerpt":{"rendered":"<p>Einfache Zahlung Mautgeb\u00fchren Epass24 wurde mit der Benachrichtigung und Zahlungsabwicklung f\u00fcr alle Arten von Stra\u00dfenbenutzungsgeb\u00fchren beauftragt &#8211; wie z.B. Stra\u00dfenmaut, Br\u00fcckenmaut und Staugeb\u00fchren.&nbsp; Automatische Zahlung Alle Fahrzeuge, die in Schweden und Norwegen fahren, m\u00fcssen Stra\u00dfenmautgeb\u00fchren bezahlen. Ihre Mautgeb\u00fchren werden automatisch registriert und eine Rechnung wird an Ihre registrierte Adresse gesendet. Um diesen Prozess zu vereinfachen, [&hellip;]<\/p>\n","protected":false},"author":1,"featured_media":0,"parent":0,"menu_order":0,"comment_status":"closed","ping_status":"closed","template":"","meta":{"inline_featured_image":false},"acf":[],"_links":{"self":[{"href":"https:\/\/epass24.com\/de\/wp-json\/wp\/v2\/pages\/400"}],"collection":[{"href":"https:\/\/epass24.com\/de\/wp-json\/wp\/v2\/pages"}],"about":[{"href":"https:\/\/epass24.com\/de\/wp-json\/wp\/v2\/types\/page"}],"author":[{"embeddable":true,"href":"https:\/\/epass24.com\/de\/wp-json\/wp\/v2\/users\/1"}],"replies":[{"embeddable":true,"href":"https:\/\/epass24.com\/de\/wp-json\/wp\/v2\/comments?post=400"}],"version-history":[{"count":62,"href":"https:\/\/epass24.com\/de\/wp-json\/wp\/v2\/pages\/400\/revisions"}],"predecessor-version":[{"id":6997,"href":"https:\/\/epass24.com\/de\/wp-json\/wp\/v2\/pages\/400\/revisions\/6997"}],"wp:attachment":[{"href":"https:\/\/epass24.com\/de\/wp-json\/wp\/v2\/media?parent=400"}],"curies":[{"name":"wp","href":"https:\/\/api.w.org\/{rel}","templated":true}]}}