{"id":2751,"date":"2021-04-29T09:07:06","date_gmt":"2021-04-29T09:07:06","guid":{"rendered":"http:\/\/epass24.uncleserj.com\/customer-support\/"},"modified":"2024-09-11T08:41:17","modified_gmt":"2024-09-11T08:41:17","slug":"customer-support","status":"publish","type":"page","link":"https:\/\/epass24.com\/de\/customer-support\/","title":{"rendered":"Kundenservice"},"content":{"rendered":"\t\t<div data-elementor-type=\"wp-page\" data-elementor-id=\"2751\" class=\"elementor elementor-2751 elementor-618\">\n\t\t\t\t\t\t\t\t\t<section class=\"elementor-section elementor-top-section elementor-element elementor-element-66aaa548 elementor-section-content-middle elementor-section-boxed elementor-section-height-default elementor-section-height-default\" data-id=\"66aaa548\" data-element_type=\"section\" id=\"hero\" data-settings=\"{&quot;background_background&quot;:&quot;classic&quot;}\">\n\t\t\t\t\t\t<div class=\"elementor-container elementor-column-gap-default\">\n\t\t\t\t\t<div class=\"elementor-column elementor-col-100 elementor-top-column elementor-element elementor-element-7ca94152 hero-wrapper\" data-id=\"7ca94152\" data-element_type=\"column\">\n\t\t\t<div class=\"elementor-widget-wrap elementor-element-populated\">\n\t\t\t\t\t\t\t\t<div class=\"elementor-element elementor-element-4619b79 elementor-widget elementor-widget-heading\" data-id=\"4619b79\" data-element_type=\"widget\" data-widget_type=\"heading.default\">\n\t\t\t\t<div class=\"elementor-widget-container\">\n\t\t\t<h1 class=\"elementor-heading-title elementor-size-xl\">Willkommen auf der Seite unseres Kundenservices, wie k\u00f6nnen wir helfen?<\/h1>\t\t<\/div>\n\t\t\t\t<\/div>\n\t\t\t\t\t<\/div>\n\t\t<\/div>\n\t\t\t\t\t\t\t<\/div>\n\t\t<\/section>\n\t\t\t\t<section class=\"elementor-section elementor-top-section elementor-element elementor-element-5e2a19b8 elementor-section-boxed elementor-section-height-default elementor-section-height-default\" data-id=\"5e2a19b8\" data-element_type=\"section\" data-settings=\"{&quot;background_background&quot;:&quot;classic&quot;}\">\n\t\t\t\t\t\t<div class=\"elementor-container elementor-column-gap-default\">\n\t\t\t\t\t<div class=\"elementor-column elementor-col-50 elementor-top-column elementor-element elementor-element-e4dab77 inner\" data-id=\"e4dab77\" data-element_type=\"column\">\n\t\t\t<div class=\"elementor-widget-wrap elementor-element-populated\">\n\t\t\t\t\t\t\t\t<div class=\"elementor-element elementor-element-7e57681a elementor-widget elementor-widget-heading\" data-id=\"7e57681a\" data-element_type=\"widget\" data-widget_type=\"heading.default\">\n\t\t\t\t<div class=\"elementor-widget-container\">\n\t\t\t<h2 class=\"elementor-heading-title elementor-size-large\">Details zu den Mautgeb\u00fchren?<\/h2>\t\t<\/div>\n\t\t\t\t<\/div>\n\t\t\t\t<div class=\"elementor-element elementor-element-1b61642d elementor-widget elementor-widget-text-editor\" data-id=\"1b61642d\" data-element_type=\"widget\" data-widget_type=\"text-editor.default\">\n\t\t\t\t<div class=\"elementor-widget-container\">\n\t\t\t\t\t\t\t<p><span style=\"color: var( --e-global-color-secondary );\">Da das System vollst\u00e4ndig automatisiert ist, kann es zu einer fehlerhaften Erkennung und Registrierung von den einen Mautstation passierenden Fahrzeugen.<\/span><\/p>\n<p>Wenn Sie eine Rechnung \u00fcber eine Mautgeb\u00fchr erhalten haben, die sich auf eine Fahrt bezieht, die Sie nicht gemacht haben, k\u00f6nnen Sie eine manuelle \u00dcberpr\u00fcfung beantragen. Die Mautgeb\u00fchren werden dann anhand der verf\u00fcgbaren Fotos \u00fcberpr\u00fcft.<\/p>\n\t\t\t\t\t\t<\/div>\n\t\t\t\t<\/div>\n\t\t\t\t<div class=\"elementor-element elementor-element-167ee89 bottom elementor-widget elementor-widget-text-editor\" data-id=\"167ee89\" data-element_type=\"widget\" data-widget_type=\"text-editor.default\">\n\t\t\t\t<div class=\"elementor-widget-container\">\n\t\t\t\t\t\t\t<p><a class=\"btn btn-primary\" title=\"Manuelle \u00dcberpr\u00fcfung beantragen\" href=\"https:\/\/www.epass24.com\/de\/appeal\/\" data-wplink-edit=\"true\">\u00dcberpr\u00fcfung anfordern<\/a><\/p>\n\t\t\t\t\t\t<\/div>\n\t\t\t\t<\/div>\n\t\t\t\t\t<\/div>\n\t\t<\/div>\n\t\t\t\t<div class=\"elementor-column elementor-col-50 elementor-top-column elementor-element elementor-element-1c8a9eed inner\" data-id=\"1c8a9eed\" data-element_type=\"column\">\n\t\t\t<div class=\"elementor-widget-wrap elementor-element-populated\">\n\t\t\t\t\t\t\t\t<div class=\"elementor-element elementor-element-224670dd elementor-widget elementor-widget-heading\" data-id=\"224670dd\" data-element_type=\"widget\" data-widget_type=\"heading.default\">\n\t\t\t\t<div class=\"elementor-widget-container\">\n\t\t\t<h2 class=\"elementor-heading-title elementor-size-large\">Sind Sie nicht Fahrzeughalter?<\/h2>\t\t<\/div>\n\t\t\t\t<\/div>\n\t\t\t\t<div class=\"elementor-element elementor-element-12ca1e9e elementor-widget elementor-widget-text-editor\" data-id=\"12ca1e9e\" data-element_type=\"widget\" data-widget_type=\"text-editor.default\">\n\t\t\t\t<div class=\"elementor-widget-container\">\n\t\t\t\t\t\t\t<p>Epass24 bezieht die Angaben zum Fahrzeughalter automatisch aus dem lokalen nationalen Fahrzeugregister. Manchmal ist dieses Register nicht vollst\u00e4ndig aktualisiert und wir m\u00fcssen den Fall manuell bearbeiten.<\/p>\n\t\t\t\t\t\t<\/div>\n\t\t\t\t<\/div>\n\t\t\t\t<div class=\"elementor-element elementor-element-d930991 bottom elementor-widget elementor-widget-text-editor\" data-id=\"d930991\" data-element_type=\"widget\" data-widget_type=\"text-editor.default\">\n\t\t\t\t<div class=\"elementor-widget-container\">\n\t\t\t\t\t\t\t<p><a class=\"btn btn-primary\" title=\"Angaben zum Fahrzeughalter bereitstellen\" href=\"https:\/\/www.epass24.com\/de\/appeal\/\">\u00dcberpr\u00fcfung anfordern<\/a><\/p>\n\t\t\t\t\t\t<\/div>\n\t\t\t\t<\/div>\n\t\t\t\t\t<\/div>\n\t\t<\/div>\n\t\t\t\t\t\t\t<\/div>\n\t\t<\/section>\n\t\t\t\t<section class=\"elementor-section elementor-top-section elementor-element elementor-element-5e9b67c2 has-padding elementor-section-content-middle elementor-section-boxed elementor-section-height-default elementor-section-height-default\" data-id=\"5e9b67c2\" data-element_type=\"section\" data-settings=\"{&quot;background_background&quot;:&quot;classic&quot;}\">\n\t\t\t\t\t\t<div class=\"elementor-container elementor-column-gap-default\">\n\t\t\t\t\t<div class=\"elementor-column elementor-col-50 elementor-top-column elementor-element elementor-element-6c778942 min-height border-top-left-radius\" data-id=\"6c778942\" data-element_type=\"column\" data-settings=\"{&quot;background_background&quot;:&quot;classic&quot;}\">\n\t\t\t<div class=\"elementor-widget-wrap elementor-element-populated\">\n\t\t\t\t\t\t\t\t<div class=\"elementor-element elementor-element-7d10b57 overlinkfull elementor-widget elementor-widget-html\" data-id=\"7d10b57\" data-element_type=\"widget\" data-widget_type=\"html.default\">\n\t\t\t\t<div class=\"elementor-widget-container\">\n\t\t\t<a href=\"https:\/\/www.epass24.com\/de\/inkasso\/\"><\/a>\t\t<\/div>\n\t\t\t\t<\/div>\n\t\t\t\t\t<\/div>\n\t\t<\/div>\n\t\t\t\t<div class=\"elementor-column elementor-col-50 elementor-top-column elementor-element elementor-element-1725b0b5 border-top-right-radius\" data-id=\"1725b0b5\" data-element_type=\"column\" data-settings=\"{&quot;background_background&quot;:&quot;classic&quot;}\">\n\t\t\t<div class=\"elementor-widget-wrap elementor-element-populated\">\n\t\t\t\t\t\t\t\t<div class=\"elementor-element elementor-element-2e697547 overlink elementor-widget elementor-widget-heading\" data-id=\"2e697547\" data-element_type=\"widget\" data-widget_type=\"heading.default\">\n\t\t\t\t<div class=\"elementor-widget-container\">\n\t\t\t<h3 class=\"elementor-heading-title elementor-size-xl\"><a href=\"https:\/\/www.epass24.com\/de\/inkasso\/\">Unsere Vorgehensweise beim Inkasso<\/a><\/h3>\t\t<\/div>\n\t\t\t\t<\/div>\n\t\t\t\t\t<\/div>\n\t\t<\/div>\n\t\t\t\t\t\t\t<\/div>\n\t\t<\/section>\n\t\t\t\t<section class=\"elementor-section elementor-top-section elementor-element elementor-element-6e8a4d09 has-padding elementor-section-content-middle elementor-section-boxed elementor-section-height-default elementor-section-height-default\" data-id=\"6e8a4d09\" data-element_type=\"section\" data-settings=\"{&quot;background_background&quot;:&quot;classic&quot;}\">\n\t\t\t\t\t\t<div class=\"elementor-container elementor-column-gap-default\">\n\t\t\t\t\t<div class=\"elementor-column elementor-col-50 elementor-top-column elementor-element elementor-element-54506f64 border-bottom-left-radius\" data-id=\"54506f64\" data-element_type=\"column\" data-settings=\"{&quot;background_background&quot;:&quot;classic&quot;}\">\n\t\t\t<div class=\"elementor-widget-wrap elementor-element-populated\">\n\t\t\t\t\t\t\t\t<div class=\"elementor-element elementor-element-2ca92c4c overlink elementor-widget elementor-widget-heading\" data-id=\"2ca92c4c\" data-element_type=\"widget\" data-widget_type=\"heading.default\">\n\t\t\t\t<div class=\"elementor-widget-container\">\n\t\t\t<h3 class=\"elementor-heading-title elementor-size-xl\"><a href=\"https:\/\/www.epass24.com\/de\/handling-of-personal-data\/\">Wie wir mit Ihren pers\u00f6nlichen Daten umgehen<\/a><\/h3>\t\t<\/div>\n\t\t\t\t<\/div>\n\t\t\t\t\t<\/div>\n\t\t<\/div>\n\t\t\t\t<div class=\"elementor-column elementor-col-50 elementor-top-column elementor-element elementor-element-783563c8 order min-height border-bottom-right-radius\" data-id=\"783563c8\" data-element_type=\"column\" data-settings=\"{&quot;background_background&quot;:&quot;classic&quot;}\">\n\t\t\t<div class=\"elementor-widget-wrap elementor-element-populated\">\n\t\t\t\t\t\t\t\t<div class=\"elementor-element elementor-element-5f5c76f overlinkfull elementor-widget elementor-widget-html\" data-id=\"5f5c76f\" data-element_type=\"widget\" data-widget_type=\"html.default\">\n\t\t\t\t<div class=\"elementor-widget-container\">\n\t\t\t<a href=\"https:\/\/www.epass24.com\/de\/handling-of-personal-data\/\"><\/a>\t\t<\/div>\n\t\t\t\t<\/div>\n\t\t\t\t\t<\/div>\n\t\t<\/div>\n\t\t\t\t\t\t\t<\/div>\n\t\t<\/section>\n\t\t\t\t<section class=\"elementor-section elementor-top-section elementor-element elementor-element-3695199 elementor-section-boxed elementor-section-height-default elementor-section-height-default\" data-id=\"3695199\" data-element_type=\"section\" data-settings=\"{&quot;background_background&quot;:&quot;classic&quot;}\">\n\t\t\t\t\t\t<div class=\"elementor-container elementor-column-gap-default\">\n\t\t\t\t\t<div class=\"elementor-column elementor-col-50 elementor-top-column elementor-element elementor-element-c6190b1 inner\" data-id=\"c6190b1\" data-element_type=\"column\">\n\t\t\t<div class=\"elementor-widget-wrap elementor-element-populated\">\n\t\t\t\t\t\t\t\t<div class=\"elementor-element elementor-element-3eb0e59 elementor-widget elementor-widget-heading\" data-id=\"3eb0e59\" data-element_type=\"widget\" data-widget_type=\"heading.default\">\n\t\t\t\t<div class=\"elementor-widget-container\">\n\t\t\t<h2 class=\"elementor-heading-title elementor-size-large\">Sind Sie immer noch der Meinung, dass die Mautgeb\u00fchr f\u00e4lschlicherweise erkannt und registriert wurde?<\/h2>\t\t<\/div>\n\t\t\t\t<\/div>\n\t\t\t\t<div class=\"elementor-element elementor-element-e885b92 mb-0 elementor-widget elementor-widget-text-editor\" data-id=\"e885b92\" data-element_type=\"widget\" data-widget_type=\"text-editor.default\">\n\t\t\t\t<div class=\"elementor-widget-container\">\n\t\t\t\t\t\t\t\t\t\t\t\t\t<\/div>\n\t\t\t\t<\/div>\n\t\t\t\t<div class=\"elementor-element elementor-element-263b0f7 bottom elementor-widget elementor-widget-text-editor\" data-id=\"263b0f7\" data-element_type=\"widget\" data-widget_type=\"text-editor.default\">\n\t\t\t\t<div class=\"elementor-widget-container\">\n\t\t\t\t\t\t\t<p><a class=\"btn btn-primary\" href=\"https:\/\/www.epass24.com\/de\/appeal\/\"><strong>\u00dcberpr\u00fcfung anfordern<\/strong><\/a><\/p>\n\t\t\t\t\t\t<\/div>\n\t\t\t\t<\/div>\n\t\t\t\t\t<\/div>\n\t\t<\/div>\n\t\t\t\t<div class=\"elementor-column elementor-col-50 elementor-top-column elementor-element elementor-element-8ca24ce inner\" data-id=\"8ca24ce\" data-element_type=\"column\">\n\t\t\t<div class=\"elementor-widget-wrap elementor-element-populated\">\n\t\t\t\t\t\t\t\t<div class=\"elementor-element elementor-element-0075f70 elementor-widget elementor-widget-heading\" data-id=\"0075f70\" data-element_type=\"widget\" data-widget_type=\"heading.default\">\n\t\t\t\t<div class=\"elementor-widget-container\">\n\t\t\t<h2 class=\"elementor-heading-title elementor-size-large\">Kundenservice<\/h2>\t\t<\/div>\n\t\t\t\t<\/div>\n\t\t\t\t<div class=\"elementor-element elementor-element-7ea3dca elementor-widget elementor-widget-text-editor\" data-id=\"7ea3dca\" data-element_type=\"widget\" data-widget_type=\"text-editor.default\">\n\t\t\t\t<div class=\"elementor-widget-container\">\n\t\t\t\t\t\t\t<div class=\"d-md-flex justify-content-between\">\n<div class=\"flex-grow-1\">\n<p class=\"d-flex justify-content-between\" style=\"max-width: 350px;\">Montag &#8211; Donnerstag<strong>9:00 &#8211; 17:00<\/strong><\/p>\n<p class=\"d-flex justify-content-between\" style=\"max-width: 350px;\">Fritag<strong>9:00 &#8211; 16:00<\/strong><\/p>\n<p class=\"d-flex justify-content-between\" style=\"max-width: 350px;\">Samstag und Sonntag<strong>GESCHLOSSEN<\/strong><\/p>\n<p class=\"d-flex justify-content-between\" style=\"max-width: 350px;\">Bankfeiertage<strong>GESCHLOSSEN<\/strong><\/p>\n<\/div>\n<div class=\"flex-grow-1 text-md-center\">\n<h5 class=\"mb-0\"><a style=\"color: var(--e-global-color-primary);\" href=\"+4902118687296\"><strong>+49 (0) 211 8687-296<br \/>\n<\/strong><\/a><\/h5>\n<h5 class=\"mb-3\"><a style=\"color: var(--e-global-color-primary);\" href=\"mailto:de@epass24.com\"><strong>de@epass24.com<\/strong><\/a><\/h5>\n<\/div>\n<\/div>\n\t\t\t\t\t\t<\/div>\n\t\t\t\t<\/div>\n\t\t\t\t\t<\/div>\n\t\t<\/div>\n\t\t\t\t\t\t\t<\/div>\n\t\t<\/section>\n\t\t\t\t\t\t\t<\/div>\n\t\t","protected":false},"excerpt":{"rendered":"<p>Willkommen auf der Seite unseres Kundenservices, wie k\u00f6nnen wir helfen? Details zu den Mautgeb\u00fchren? Da das System vollst\u00e4ndig automatisiert ist, kann es zu einer fehlerhaften Erkennung und Registrierung von den einen Mautstation passierenden Fahrzeugen. Wenn Sie eine Rechnung \u00fcber eine Mautgeb\u00fchr erhalten haben, die sich auf eine Fahrt bezieht, die Sie nicht gemacht haben, k\u00f6nnen [&hellip;]<\/p>\n","protected":false},"author":1,"featured_media":0,"parent":0,"menu_order":0,"comment_status":"closed","ping_status":"closed","template":"","meta":{"inline_featured_image":false},"acf":[],"_links":{"self":[{"href":"https:\/\/epass24.com\/de\/wp-json\/wp\/v2\/pages\/2751"}],"collection":[{"href":"https:\/\/epass24.com\/de\/wp-json\/wp\/v2\/pages"}],"about":[{"href":"https:\/\/epass24.com\/de\/wp-json\/wp\/v2\/types\/page"}],"author":[{"embeddable":true,"href":"https:\/\/epass24.com\/de\/wp-json\/wp\/v2\/users\/1"}],"replies":[{"embeddable":true,"href":"https:\/\/epass24.com\/de\/wp-json\/wp\/v2\/comments?post=2751"}],"version-history":[{"count":19,"href":"https:\/\/epass24.com\/de\/wp-json\/wp\/v2\/pages\/2751\/revisions"}],"predecessor-version":[{"id":6947,"href":"https:\/\/epass24.com\/de\/wp-json\/wp\/v2\/pages\/2751\/revisions\/6947"}],"wp:attachment":[{"href":"https:\/\/epass24.com\/de\/wp-json\/wp\/v2\/media?parent=2751"}],"curies":[{"name":"wp","href":"https:\/\/api.w.org\/{rel}","templated":true}]}}