{"id":2749,"date":"2021-04-29T09:01:29","date_gmt":"2021-04-29T09:01:29","guid":{"rendered":"http:\/\/epass24.uncleserj.com\/the-toll-operators\/"},"modified":"2023-11-06T09:27:15","modified_gmt":"2023-11-06T09:27:15","slug":"the-toll-operators","status":"publish","type":"page","link":"https:\/\/epass24.com\/de\/the-toll-operators\/","title":{"rendered":"Mautbetreiber"},"content":{"rendered":"\t\t<div data-elementor-type=\"wp-page\" data-elementor-id=\"2749\" class=\"elementor elementor-2749 elementor-605\">\n\t\t\t\t\t\t\t\t\t<section class=\"elementor-section elementor-top-section elementor-element elementor-element-117baab8 elementor-section-content-middle elementor-section-boxed elementor-section-height-default elementor-section-height-default\" data-id=\"117baab8\" data-element_type=\"section\" id=\"hero\" data-settings=\"{&quot;background_background&quot;:&quot;classic&quot;}\">\n\t\t\t\t\t\t<div class=\"elementor-container elementor-column-gap-default\">\n\t\t\t\t\t<div class=\"elementor-column elementor-col-100 elementor-top-column elementor-element elementor-element-1c8d4f4f hero-wrapper\" data-id=\"1c8d4f4f\" data-element_type=\"column\">\n\t\t\t<div class=\"elementor-widget-wrap elementor-element-populated\">\n\t\t\t\t\t\t\t\t<div class=\"elementor-element elementor-element-2e153ed elementor-widget elementor-widget-heading\" data-id=\"2e153ed\" data-element_type=\"widget\" data-widget_type=\"heading.default\">\n\t\t\t\t<div class=\"elementor-widget-container\">\n\t\t\t<h1 class=\"elementor-heading-title elementor-size-xl\">Beauftragt von Mautbetreibern<\/h1>\t\t<\/div>\n\t\t\t\t<\/div>\n\t\t\t\t<div class=\"elementor-element elementor-element-983eb2d elementor-widget elementor-widget-text-editor\" data-id=\"983eb2d\" data-element_type=\"widget\" data-widget_type=\"text-editor.default\">\n\t\t\t\t<div class=\"elementor-widget-container\">\n\t\t\t\t\t\t\t\t\t\t\t\t\t<\/div>\n\t\t\t\t<\/div>\n\t\t\t\t\t<\/div>\n\t\t<\/div>\n\t\t\t\t\t\t\t<\/div>\n\t\t<\/section>\n\t\t\t\t<section class=\"elementor-section elementor-top-section elementor-element elementor-element-2d3a8ad4 elementor-section-boxed elementor-section-height-default elementor-section-height-default\" data-id=\"2d3a8ad4\" data-element_type=\"section\" data-settings=\"{&quot;background_background&quot;:&quot;classic&quot;}\">\n\t\t\t\t\t\t<div class=\"elementor-container elementor-column-gap-default\">\n\t\t\t\t\t<div class=\"elementor-column elementor-col-100 elementor-top-column elementor-element elementor-element-61c804d8\" data-id=\"61c804d8\" data-element_type=\"column\">\n\t\t\t<div class=\"elementor-widget-wrap elementor-element-populated\">\n\t\t\t\t\t\t\t\t<section class=\"elementor-section elementor-inner-section elementor-element elementor-element-1c6a2fac entry-content elementor-section-content-middle elementor-section-boxed elementor-section-height-default elementor-section-height-default\" data-id=\"1c6a2fac\" data-element_type=\"section\" data-settings=\"{&quot;background_background&quot;:&quot;classic&quot;}\">\n\t\t\t\t\t\t<div class=\"elementor-container elementor-column-gap-default\">\n\t\t\t\t\t<div class=\"elementor-column elementor-col-50 elementor-inner-column elementor-element elementor-element-125cbe0d\" data-id=\"125cbe0d\" data-element_type=\"column\">\n\t\t\t<div class=\"elementor-widget-wrap elementor-element-populated\">\n\t\t\t\t\t\t\t\t<div class=\"elementor-element elementor-element-759b6c9 elementor-widget elementor-widget-heading\" data-id=\"759b6c9\" data-element_type=\"widget\" data-widget_type=\"heading.default\">\n\t\t\t\t<div class=\"elementor-widget-container\">\n\t\t\t<h2 class=\"elementor-heading-title elementor-size-large\">Verbundene europ\u00e4ische Mautbetreiber<\/h2>\t\t<\/div>\n\t\t\t\t<\/div>\n\t\t\t\t<div class=\"elementor-element elementor-element-8824335 elementor-widget elementor-widget-text-editor\" data-id=\"8824335\" data-element_type=\"widget\" data-widget_type=\"text-editor.default\">\n\t\t\t\t<div class=\"elementor-widget-container\">\n\t\t\t\t\t\t\t<p><b>Schweden <\/b>&#8211; Die schwedische Transportbeh\u00f6rde ist die Regierungsorganisation, die f\u00fcr das schwedische Stra\u00dfenmautsystem verantwortlich ist. Staugeb\u00fchren werden in Stockholm und G\u00f6teborg erhoben und Br\u00fcckenmaut in Skuru, Motala und Sundsvall.<\/p>\n<p><b>Norwegen <\/b>&#8211; Das Stra\u00dfenmautsystem in Norwegen ist in f\u00fcnf Regionen mit einzelnen Mautbetreibern unterteilt; Fjellinjen, Ferde, Vegamot, Vegfinans und Bompengeselskap Nord. Sie agieren unter der Kontrolle und Aufsicht der norwegischen Stra\u00dfenverwaltung (Statens Vegvesen).<br \/>\n<span style=\"color: var( --e-global-color-secondary );\"><br \/>\nF\u00e4hrverbindungen (autopassferje.no) werden von einer Reihe von nationalen F\u00e4hrgesellschaften im Auftrag der norwegischen Stra\u00dfenverwaltung (Statens Vegvesen) betrieben.<\/span><\/p>\n<p><b style=\"color: var( --e-global-color-secondary );\">D\u00e4nemark <\/b><span style=\"color: var( --e-global-color-secondary );\">&#8211;\u00a0A\/S Storeb\u00e6lt betreibt die 18 km lange Br\u00fccke \u00fcber den Gro\u00dfen Belt (Storeb\u00e6lt), die den \u00f6stlichen und westlichen Teil D\u00e4nemarks miteinander verbindet. \u00a0<\/span><span style=\"color: var( --e-global-color-secondary );\">Fjordforbindelsen Frederikssund ist verantwortlich f\u00fcr die Verwaltung der Br\u00fcckenmaut auf der Schnellstra\u00dfe, die den Roskilde Fjord \u00fcber die Kronprinzessin Marys Br\u00fccke \u00fcberquert. \u00a0<\/span><\/p>\n<p><b>Frankreich <\/b>&#8211; SANEF, Soci\u00e9t\u00e9 des Autoroutes du Nord et de l&#8217;Est de la France betreibt Autobahnen im Norden und Osten Frankreichs aufgrund von Konzessionen der franz\u00f6sischen Regierung. Ihr Netz ist 1743 km lang.<\/p>\n<p><b>Portugal <\/b>&#8211; Ascendi besitzt sechs portugiesische Stra\u00dfenkonzessionen und betreibt landesweit 672 km Autobahnen.<\/p>\n<p>Diese Organisationen haben alle Epass24 mit der Abwicklung der Mautgeb\u00fchren beauftragt, die haupts\u00e4chlich f\u00fcr im Ausland zugelassene Fahrzeuge erhoben werden.<\/p>\n<p>In Schweden und Norwegen bietet Epass24 auch eine automatische Zahlungsl\u00f6sung f\u00fcr Stra\u00dfenbenutzungsgeb\u00fchren an.<\/p>\n<p>Weitere Einzelheiten zu den einzelnen Betreibern finden Sie auf deren jeweiligen Internetseiten.<\/p>\n<div><\/div>\n\t\t\t\t\t\t<\/div>\n\t\t\t\t<\/div>\n\t\t\t\t\t<\/div>\n\t\t<\/div>\n\t\t\t\t<div class=\"elementor-column elementor-col-50 elementor-inner-column elementor-element elementor-element-c0fe468\" data-id=\"c0fe468\" data-element_type=\"column\">\n\t\t\t<div class=\"elementor-widget-wrap elementor-element-populated\">\n\t\t\t\t\t\t\t\t<div class=\"elementor-element elementor-element-094c087 elementor-widget elementor-widget-shortcode\" data-id=\"094c087\" data-element_type=\"widget\" data-widget_type=\"shortcode.default\">\n\t\t\t\t<div class=\"elementor-widget-container\">\n\t\t\t\t\t<div class=\"elementor-shortcode\">\t<div class=\"operators row no-gutters align-items-center\">\r\n\t\t\t<div class=\"col-md-6\">\r\n\t\t\t<a class=\"operator\" href=\"https:\/\/autopassferje.no\" target=\"_blank\" rel=\"nofollow noreferrer noopener\" title=\"AutoPASS for ferje\">\r\n\t\t\t\t<img src=\"\/wp-content\/uploads\/autopass.svg\" alt=\"AutoPASS for ferje\">\r\n\t\t\t<\/a>\r\n\t\t<\/div>\r\n    \t\t<div class=\"col-md-6\">\r\n\t\t\t<a class=\"operator\" href=\"https:\/\/en.vegfinans.no\/\" target=\"_blank\" rel=\"nofollow noreferrer noopener\" title=\"Vegfinans\">\r\n\t\t\t\t<img src=\"\/wp-content\/uploads\/Vegfinans.png\" alt=\"Vegfinans\">\r\n\t\t\t<\/a>\r\n\t\t<\/div>\r\n    \t\t<div class=\"col-md-6\">\r\n\t\t\t<a class=\"operator\" href=\"https:\/\/www.vegamot.no\/\" target=\"_blank\" rel=\"nofollow noreferrer noopener\" title=\"Vegamot\">\r\n\t\t\t\t<img src=\"\/wp-content\/uploads\/Vegamot.png\" alt=\"Vegamot\">\r\n\t\t\t<\/a>\r\n\t\t<\/div>\r\n    \t\t<div class=\"col-md-6\">\r\n\t\t\t<a class=\"operator\" href=\"https:\/\/transportstyrelsen.se\" target=\"_blank\" rel=\"nofollow noreferrer noopener\" title=\"Transportstyrelsen\">\r\n\t\t\t\t<img src=\"\/wp-content\/uploads\/Transportstyrelsen-300x67.png\" alt=\"Transportstyrelsen\">\r\n\t\t\t<\/a>\r\n\t\t<\/div>\r\n    \t\t<div class=\"col-md-6\">\r\n\t\t\t<a class=\"operator\" href=\"https:\/\/sundogbaelt.dk\/\" target=\"_blank\" rel=\"nofollow noreferrer noopener\" title=\"Sund Baelt\">\r\n\t\t\t\t<img src=\"\/wp-content\/uploads\/Sund-Baelt.png\" alt=\"Sund Baelt\">\r\n\t\t\t<\/a>\r\n\t\t<\/div>\r\n    \t\t<div class=\"col-md-6\">\r\n\t\t\t<a class=\"operator\" href=\"https:\/\/storebaelt.dk\/\" target=\"_blank\" rel=\"nofollow noreferrer noopener\" title=\"Storebaelt\">\r\n\t\t\t\t<img src=\"\/wp-content\/uploads\/Storebaelt-300x76.png\" alt=\"Storebaelt\">\r\n\t\t\t<\/a>\r\n\t\t<\/div>\r\n    \t\t<div class=\"col-md-6\">\r\n\t\t\t<a class=\"operator\" href=\"https:\/\/www.fjellinjen.no\/\" target=\"_blank\" rel=\"nofollow noreferrer noopener\" title=\"Fjellinjen\">\r\n\t\t\t\t<img src=\"\/wp-content\/uploads\/Fjellinjen-300x124.jpg\" alt=\"Fjellinjen\">\r\n\t\t\t<\/a>\r\n\t\t<\/div>\r\n    \t\t<div class=\"col-md-6\">\r\n\t\t\t<a class=\"operator\" href=\"https:\/\/ferde.no\/\" target=\"_blank\" rel=\"nofollow noreferrer noopener\" title=\"Ferde\">\r\n\t\t\t\t<img src=\"\/wp-content\/uploads\/FerdeLogo.svg\" alt=\"Ferde\">\r\n\t\t\t<\/a>\r\n\t\t<\/div>\r\n    \t\t<div class=\"col-md-6\">\r\n\t\t\t<a class=\"operator\" href=\"https:\/\/bomveinord.no\/\" target=\"_blank\" rel=\"nofollow noreferrer noopener\" title=\"Bompengeselskap Nord\">\r\n\t\t\t\t<img src=\"\/wp-content\/uploads\/Nord-300x126.png\" alt=\"Bompengeselskap Nord\">\r\n\t\t\t<\/a>\r\n\t\t<\/div>\r\n    \t\t<div class=\"col-md-6\">\r\n\t\t\t<a class=\"operator\" href=\"https:\/\/www.ascendi.pt\/\" target=\"_blank\" rel=\"nofollow noreferrer noopener\" title=\"Ascendi\">\r\n\t\t\t\t<img src=\"\/wp-content\/uploads\/Ascendi.png\" alt=\"Ascendi\">\r\n\t\t\t<\/a>\r\n\t\t<\/div>\r\n    \t<\/div>\r\n\t<\/div>\n\t\t\t\t<\/div>\n\t\t\t\t<\/div>\n\t\t\t\t\t<\/div>\n\t\t<\/div>\n\t\t\t\t\t\t\t<\/div>\n\t\t<\/section>\n\t\t\t\t\t<\/div>\n\t\t<\/div>\n\t\t\t\t\t\t\t<\/div>\n\t\t<\/section>\n\t\t\t\t\t\t\t<\/div>\n\t\t","protected":false},"excerpt":{"rendered":"<p>Beauftragt von Mautbetreibern Verbundene europ\u00e4ische Mautbetreiber Schweden &#8211; Die schwedische Transportbeh\u00f6rde ist die Regierungsorganisation, die f\u00fcr das schwedische Stra\u00dfenmautsystem verantwortlich ist. Staugeb\u00fchren werden in Stockholm und G\u00f6teborg erhoben und Br\u00fcckenmaut in Skuru, Motala und Sundsvall. Norwegen &#8211; Das Stra\u00dfenmautsystem in Norwegen ist in f\u00fcnf Regionen mit einzelnen Mautbetreibern unterteilt; Fjellinjen, Ferde, Vegamot, Vegfinans und Bompengeselskap [&hellip;]<\/p>\n","protected":false},"author":1,"featured_media":0,"parent":0,"menu_order":0,"comment_status":"closed","ping_status":"closed","template":"","meta":{"inline_featured_image":false},"acf":[],"_links":{"self":[{"href":"https:\/\/epass24.com\/de\/wp-json\/wp\/v2\/pages\/2749"}],"collection":[{"href":"https:\/\/epass24.com\/de\/wp-json\/wp\/v2\/pages"}],"about":[{"href":"https:\/\/epass24.com\/de\/wp-json\/wp\/v2\/types\/page"}],"author":[{"embeddable":true,"href":"https:\/\/epass24.com\/de\/wp-json\/wp\/v2\/users\/1"}],"replies":[{"embeddable":true,"href":"https:\/\/epass24.com\/de\/wp-json\/wp\/v2\/comments?post=2749"}],"version-history":[{"count":7,"href":"https:\/\/epass24.com\/de\/wp-json\/wp\/v2\/pages\/2749\/revisions"}],"predecessor-version":[{"id":6854,"href":"https:\/\/epass24.com\/de\/wp-json\/wp\/v2\/pages\/2749\/revisions\/6854"}],"wp:attachment":[{"href":"https:\/\/epass24.com\/de\/wp-json\/wp\/v2\/media?parent=2749"}],"curies":[{"name":"wp","href":"https:\/\/api.w.org\/{rel}","templated":true}]}}