{"id":2747,"date":"2021-04-29T08:57:46","date_gmt":"2021-04-29T08:57:46","guid":{"rendered":"http:\/\/epass24.uncleserj.com\/mautgebuehren\/"},"modified":"2022-09-01T14:04:08","modified_gmt":"2022-09-01T14:04:08","slug":"mautgebuehren","status":"publish","type":"page","link":"https:\/\/epass24.com\/de\/mautgebuehren\/","title":{"rendered":"Mautgeb\u00fchren"},"content":{"rendered":"\t\t<div data-elementor-type=\"wp-page\" data-elementor-id=\"2747\" class=\"elementor elementor-2747 elementor-754\">\n\t\t\t\t\t\t\t\t\t<section class=\"elementor-section elementor-top-section elementor-element elementor-element-28c921dc elementor-section-content-middle elementor-section-boxed elementor-section-height-default elementor-section-height-default\" data-id=\"28c921dc\" data-element_type=\"section\" id=\"hero\" data-settings=\"{&quot;background_background&quot;:&quot;classic&quot;}\">\n\t\t\t\t\t\t<div class=\"elementor-container elementor-column-gap-default\">\n\t\t\t\t\t<div class=\"elementor-column elementor-col-100 elementor-top-column elementor-element elementor-element-67173fed hero-wrapper\" data-id=\"67173fed\" data-element_type=\"column\">\n\t\t\t<div class=\"elementor-widget-wrap elementor-element-populated\">\n\t\t\t\t\t\t\t\t<div class=\"elementor-element elementor-element-4ed96da elementor-widget elementor-widget-heading\" data-id=\"4ed96da\" data-element_type=\"widget\" data-widget_type=\"heading.default\">\n\t\t\t\t<div class=\"elementor-widget-container\">\n\t\t\t<h1 class=\"elementor-heading-title elementor-size-default\">Infrastruktur, \u00f6ffentliche Gesundheit und die Umwelt<\/h1>\t\t<\/div>\n\t\t\t\t<\/div>\n\t\t\t\t<div class=\"elementor-element elementor-element-e795277 elementor-widget elementor-widget-text-editor\" data-id=\"e795277\" data-element_type=\"widget\" data-widget_type=\"text-editor.default\">\n\t\t\t\t<div class=\"elementor-widget-container\">\n\t\t\t\t\t\t\t\t\t\t\t\t\t<\/div>\n\t\t\t\t<\/div>\n\t\t\t\t\t<\/div>\n\t\t<\/div>\n\t\t\t\t\t\t\t<\/div>\n\t\t<\/section>\n\t\t\t\t<section class=\"elementor-section elementor-top-section elementor-element elementor-element-3b2d26c8 elementor-section-boxed elementor-section-height-default elementor-section-height-default\" data-id=\"3b2d26c8\" data-element_type=\"section\" data-settings=\"{&quot;background_background&quot;:&quot;classic&quot;}\">\n\t\t\t\t\t\t<div class=\"elementor-container elementor-column-gap-default\">\n\t\t\t\t\t<div class=\"elementor-column elementor-col-100 elementor-top-column elementor-element elementor-element-718039d3\" data-id=\"718039d3\" data-element_type=\"column\">\n\t\t\t<div class=\"elementor-widget-wrap elementor-element-populated\">\n\t\t\t\t\t\t\t\t<section class=\"elementor-section elementor-inner-section elementor-element elementor-element-750eaf80 entry-content elementor-section-content-top elementor-section-boxed elementor-section-height-default elementor-section-height-default\" data-id=\"750eaf80\" data-element_type=\"section\" data-settings=\"{&quot;background_background&quot;:&quot;classic&quot;}\">\n\t\t\t\t\t\t<div class=\"elementor-container elementor-column-gap-default\">\n\t\t\t\t\t<div class=\"elementor-column elementor-col-50 elementor-inner-column elementor-element elementor-element-8f8ecd0 road\" data-id=\"8f8ecd0\" data-element_type=\"column\">\n\t\t\t<div class=\"elementor-widget-wrap elementor-element-populated\">\n\t\t\t\t\t\t\t\t<div class=\"elementor-element elementor-element-1bacc71 elementor-widget elementor-widget-heading\" data-id=\"1bacc71\" data-element_type=\"widget\" data-widget_type=\"heading.default\">\n\t\t\t\t<div class=\"elementor-widget-container\">\n\t\t\t<h2 class=\"elementor-heading-title elementor-size-default\">Warum Mautgeb\u00fchren?<\/h2>\t\t<\/div>\n\t\t\t\t<\/div>\n\t\t\t\t<div class=\"elementor-element elementor-element-759a5a8 elementor-widget elementor-widget-text-editor\" data-id=\"759a5a8\" data-element_type=\"widget\" data-widget_type=\"text-editor.default\">\n\t\t\t\t<div class=\"elementor-widget-container\">\n\t\t\t\t\t\t\t<p><span style=\"color: var( --e-global-color-secondary );\">Der Hauptzweck von  Stra\u00dfenbenutzungsgeb\u00fchren besteht darin, Autofahrer f\u00fcr die Nutzung von Stra\u00dfen und Infrastrukturen zu belasten, damit die lokalen Regierungen weiterhin qualitativ hochwertige Stra\u00dfen, Br\u00fccken und Autobahnen bauen und instand halten k\u00f6nnen. \u00a0<br \/><\/span><span style=\"color: var( --e-global-color-secondary );\"><br \/>Einige Geb\u00fchren, wie z. B. Staugeb\u00fchren und Geb\u00fchren in Verbindung mit Umweltzonen, werden auch dazu verwendet, die Verschmutzung in bestimmten Gebieten zu reduzieren, um die Luftqualit\u00e4t zu verbessern. Das Ziel ist es, die \u00f6ffentliche Gesundheit zu f\u00f6rdern und die Umwelt zu verbessern.\u00a0<br \/><\/span><span style=\"color: var( --e-global-color-secondary );\"><br \/>Alle \u00fcber Epass24 abgewickelten Stra\u00dfenbenutzungsgeb\u00fchren werden \u00fcber ANPR-Kameras (Automatic Number Plate Recognition) erhoben. Alle Mautgeb\u00fchren werden automatisch registriert und anschlie\u00dfend in Rechnung gestellt.<br \/><\/span><span style=\"color: var( --e-global-color-secondary );\"><br \/>Stra\u00dfennutzungsgeb\u00fchren werden nicht von jedem begr\u00fc\u00dft, aber es ist wichtig zu bedenken, dass sie eingef\u00fchrt werden, um das Leben f\u00fcr die Gesellschaft als Ganzes besser zu machen.<\/span><\/p>\n<p>\u00a0<\/p>\n\t\t\t\t\t\t<\/div>\n\t\t\t\t<\/div>\n\t\t\t\t<div class=\"elementor-element elementor-element-9910f75 elementor-widget elementor-widget-text-editor\" data-id=\"9910f75\" data-element_type=\"widget\" data-widget_type=\"text-editor.default\">\n\t\t\t\t<div class=\"elementor-widget-container\">\n\t\t\t\t\t\t\t<ul><li><i class=\"fas fa-chevron-right\"><\/i>Staugeb\u00fchren<\/li><li><i class=\"fas fa-chevron-right\"><\/i>Infrastrukturabgaben<\/li><li><i class=\"fas fa-chevron-right\"><\/i>Mautgeb\u00fchren<\/li><li><i class=\"fas fa-chevron-right\"><\/i>Br\u00fcckenmaut<\/li><li><i class=\"fas fa-chevron-right\"><\/i>Umweltzonen<\/li><li><i class=\"fas fa-chevron-right\"><\/i>Vignette<\/li><li><i class=\"fas fa-chevron-right\"><\/i>F\u00e4hrverbindungen<\/li><\/ul><p><img loading=\"lazy\" class=\"alignnone wp-image-374 size-medium\" src=\"\/wp-content\/uploads\/part-2-300x200.jpg\" alt=\"\" width=\"300\" height=\"200\" srcset=\"\/wp-content\/uploads\/part-2-300x200.jpg 300w, \/wp-content\/uploads\/part-2.jpg 720w\" sizes=\"(max-width: 300px) 100vw, 300px\" \/><\/p>\t\t\t\t\t\t<\/div>\n\t\t\t\t<\/div>\n\t\t\t\t\t<\/div>\n\t\t<\/div>\n\t\t\t\t<div class=\"elementor-column elementor-col-50 elementor-inner-column elementor-element elementor-element-4ce275b\" data-id=\"4ce275b\" data-element_type=\"column\">\n\t\t\t<div class=\"elementor-widget-wrap elementor-element-populated\">\n\t\t\t\t\t\t\t\t<div class=\"elementor-element elementor-element-d3d3bce elementor-widget elementor-widget-image\" data-id=\"d3d3bce\" data-element_type=\"widget\" data-widget_type=\"image.default\">\n\t\t\t\t<div class=\"elementor-widget-container\">\n\t\t\t\t\t\t\t\t\t\t\t\t\t\t\t<img width=\"2500\" height=\"1820\" src=\"\/wp-content\/uploads\/road-1.svg\" class=\"attachment-full size-full wp-image-1583\" alt=\"\" loading=\"lazy\" \/>\t\t\t\t\t\t\t\t\t\t\t\t\t\t\t<\/div>\n\t\t\t\t<\/div>\n\t\t\t\t\t<\/div>\n\t\t<\/div>\n\t\t\t\t\t\t\t<\/div>\n\t\t<\/section>\n\t\t\t\t\t<\/div>\n\t\t<\/div>\n\t\t\t\t\t\t\t<\/div>\n\t\t<\/section>\n\t\t\t\t\t\t\t<\/div>\n\t\t","protected":false},"excerpt":{"rendered":"<p>Infrastruktur, \u00f6ffentliche Gesundheit und die Umwelt Warum Mautgeb\u00fchren? Der Hauptzweck von Stra\u00dfenbenutzungsgeb\u00fchren besteht darin, Autofahrer f\u00fcr die Nutzung von Stra\u00dfen und Infrastrukturen zu belasten, damit die lokalen Regierungen weiterhin qualitativ hochwertige Stra\u00dfen, Br\u00fccken und Autobahnen bauen und instand halten k\u00f6nnen. \u00a0 Einige Geb\u00fchren, wie z. B. Staugeb\u00fchren und Geb\u00fchren in Verbindung mit Umweltzonen, werden auch [&hellip;]<\/p>\n","protected":false},"author":1,"featured_media":0,"parent":0,"menu_order":0,"comment_status":"closed","ping_status":"closed","template":"","meta":{"inline_featured_image":false},"acf":[],"_links":{"self":[{"href":"https:\/\/epass24.com\/de\/wp-json\/wp\/v2\/pages\/2747"}],"collection":[{"href":"https:\/\/epass24.com\/de\/wp-json\/wp\/v2\/pages"}],"about":[{"href":"https:\/\/epass24.com\/de\/wp-json\/wp\/v2\/types\/page"}],"author":[{"embeddable":true,"href":"https:\/\/epass24.com\/de\/wp-json\/wp\/v2\/users\/1"}],"replies":[{"embeddable":true,"href":"https:\/\/epass24.com\/de\/wp-json\/wp\/v2\/comments?post=2747"}],"version-history":[{"count":6,"href":"https:\/\/epass24.com\/de\/wp-json\/wp\/v2\/pages\/2747\/revisions"}],"predecessor-version":[{"id":5002,"href":"https:\/\/epass24.com\/de\/wp-json\/wp\/v2\/pages\/2747\/revisions\/5002"}],"wp:attachment":[{"href":"https:\/\/epass24.com\/de\/wp-json\/wp\/v2\/media?parent=2747"}],"curies":[{"name":"wp","href":"https:\/\/api.w.org\/{rel}","templated":true}]}}