{"id":2745,"date":"2021-04-29T08:55:25","date_gmt":"2021-04-29T08:55:25","guid":{"rendered":"http:\/\/epass24.uncleserj.com\/about\/"},"modified":"2022-10-17T15:56:28","modified_gmt":"2022-10-17T15:56:28","slug":"about","status":"publish","type":"page","link":"https:\/\/epass24.com\/de\/about\/","title":{"rendered":"\u00dcber Uns"},"content":{"rendered":"\t\t<div data-elementor-type=\"wp-page\" data-elementor-id=\"2745\" class=\"elementor elementor-2745 elementor-597\">\n\t\t\t\t\t\t\t\t\t<section class=\"elementor-section elementor-top-section elementor-element elementor-element-1323e51b elementor-section-content-middle elementor-section-boxed elementor-section-height-default elementor-section-height-default\" data-id=\"1323e51b\" data-element_type=\"section\" id=\"hero\" data-settings=\"{&quot;background_background&quot;:&quot;classic&quot;}\">\n\t\t\t\t\t\t<div class=\"elementor-container elementor-column-gap-default\">\n\t\t\t\t\t<div class=\"elementor-column elementor-col-100 elementor-top-column elementor-element elementor-element-76238f3f hero-wrapper\" data-id=\"76238f3f\" data-element_type=\"column\">\n\t\t\t<div class=\"elementor-widget-wrap elementor-element-populated\">\n\t\t\t\t\t\t\t\t<div class=\"elementor-element elementor-element-c191445 elementor-widget elementor-widget-heading\" data-id=\"c191445\" data-element_type=\"widget\" data-widget_type=\"heading.default\">\n\t\t\t\t<div class=\"elementor-widget-container\">\n\t\t\t<h1 class=\"elementor-heading-title elementor-size-xl\">Ein in Schweden ans\u00e4ssiges Technologie-Unternehmen<\/h1>\t\t<\/div>\n\t\t\t\t<\/div>\n\t\t\t\t\t<\/div>\n\t\t<\/div>\n\t\t\t\t\t\t\t<\/div>\n\t\t<\/section>\n\t\t\t\t<section class=\"elementor-section elementor-top-section elementor-element elementor-element-47658c1 elementor-section-boxed elementor-section-height-default elementor-section-height-default\" data-id=\"47658c1\" data-element_type=\"section\" data-settings=\"{&quot;background_background&quot;:&quot;classic&quot;}\">\n\t\t\t\t\t\t<div class=\"elementor-container elementor-column-gap-default\">\n\t\t\t\t\t<div class=\"elementor-column elementor-col-100 elementor-top-column elementor-element elementor-element-5fe55265\" data-id=\"5fe55265\" data-element_type=\"column\">\n\t\t\t<div class=\"elementor-widget-wrap elementor-element-populated\">\n\t\t\t\t\t\t\t\t<section class=\"elementor-section elementor-inner-section elementor-element elementor-element-62ab8fdb entry-content elementor-section-boxed elementor-section-height-default elementor-section-height-default\" data-id=\"62ab8fdb\" data-element_type=\"section\" data-settings=\"{&quot;background_background&quot;:&quot;classic&quot;}\">\n\t\t\t\t\t\t<div class=\"elementor-container elementor-column-gap-default\">\n\t\t\t\t\t<div class=\"elementor-column elementor-col-50 elementor-inner-column elementor-element elementor-element-1907f94f\" data-id=\"1907f94f\" data-element_type=\"column\">\n\t\t\t<div class=\"elementor-widget-wrap elementor-element-populated\">\n\t\t\t\t\t\t\t\t<div class=\"elementor-element elementor-element-b9dff67 elementor-widget elementor-widget-text-editor\" data-id=\"b9dff67\" data-element_type=\"widget\" data-widget_type=\"text-editor.default\">\n\t\t\t\t<div class=\"elementor-widget-container\">\n\t\t\t\t\t\t\t<blockquote><p><b>\u00dcber Epass24<\/b><\/p><\/blockquote>\n<p>Epass24 wurde 2015 in enger Zusammenarbeit mit der schwedischen Swedish Transport Agency (nationaler schwedischer Mautbetreiber) eingef\u00fchrt. Das Ziel war es, die Zahlung der schwedischen Mautgeb\u00fchren, die f\u00fcr Fahrzeughalter aus anderen L\u00e4ndern anfallen, zu erleichtern.<\/p>\n<p>Heute wird die Plattform mit anderen Betreibern geteilt und wickelt alle Arten von Stra\u00dfenbenutzungsgeb\u00fchren ab.<\/p>\n<p>\u00dcber 400 000 Fahrzeuge sind f\u00fcr automatische Zahlungen registriert, und wir wickeln jedes Jahr mehr als 24 Millionen Mautgeb\u00fchren ab.<\/p>\n<p>Das System ist nach ISO 9001 und ISO 27001 zertifiziert und vollst\u00e4ndig konform mit allen relevanten Gesetzen wie der Allgemeinen Datenschutzverordnung 2016\/679 (\u201dDSGVO\u201d).<\/p>\n<p>Epass24 geh\u00f6rt und wird betrieben von ParkTrade Europe AB. F\u00fcr weitere Informationen besuchen Sie bitte www.parktrade.com.<\/p>\n<p>Epass24<br \/>\n<span style=\"color: var( --e-global-color-text );\">ParkTrade Europe AB<br \/>\n<\/span><span style=\"color: var( --e-global-color-text );\">Sturegatan 16<br \/>\n<\/span><span style=\"color: var( --e-global-color-text );\">114 36 Stockholm<br \/>\n<\/span><span style=\"color: var( --e-global-color-text );\">Schweden<\/span><\/p>\n<p>ParkTrade Europe AB ist ein schwedisches Unternehmen \u2013 Firmennummer 5566730551<\/p>\n<p>&nbsp;<\/p>\n\t\t\t\t\t\t<\/div>\n\t\t\t\t<\/div>\n\t\t\t\t\t<\/div>\n\t\t<\/div>\n\t\t\t\t<div class=\"elementor-column elementor-col-50 elementor-inner-column elementor-element elementor-element-bca3b9a\" data-id=\"bca3b9a\" data-element_type=\"column\">\n\t\t\t<div class=\"elementor-widget-wrap elementor-element-populated\">\n\t\t\t\t\t\t\t\t<div class=\"elementor-element elementor-element-3b092aa elementor-widget elementor-widget-heading\" data-id=\"3b092aa\" data-element_type=\"widget\" data-widget_type=\"heading.default\">\n\t\t\t\t<div class=\"elementor-widget-container\">\n\t\t\t<h5 class=\"elementor-heading-title elementor-size-default\">Mehr als 400.000 Fahrzeuge sind bereits in dem System erfasst<\/h5>\t\t<\/div>\n\t\t\t\t<\/div>\n\t\t\t\t<div class=\"elementor-element elementor-element-48af9ad elementor-widget elementor-widget-shortcode\" data-id=\"48af9ad\" data-element_type=\"widget\" data-widget_type=\"shortcode.default\">\n\t\t\t\t<div class=\"elementor-widget-container\">\n\t\t\t\t\t<div class=\"elementor-shortcode\">\t<div id=\"animation_container\" style=\"background-color:rgba(255, 255, 255, 1.00); width:530px; height:610px;max-width:100%;margin: 0 auto;transform: translateX(30px);\">\r\n\t\t<canvas id=\"canvas\" width=\"530\" height=\"610\" style=\"position: absolute; display: block; background-color:rgba(255, 255, 255, 1.00);max-width:100%\"><\/canvas>\r\n\t\t<div id=\"dom_overlay_container\" style=\"pointer-events:none; overflow:hidden; width:530px; height:610px; position: absolute; left: 0px; top: 0px; display: block;max-width:100%\">\r\n\t\t<\/div>\r\n\t<\/div>\r\n    <\/div>\n\t\t\t\t<\/div>\n\t\t\t\t<\/div>\n\t\t\t\t\t<\/div>\n\t\t<\/div>\n\t\t\t\t\t\t\t<\/div>\n\t\t<\/section>\n\t\t\t\t\t<\/div>\n\t\t<\/div>\n\t\t\t\t\t\t\t<\/div>\n\t\t<\/section>\n\t\t\t\t\t\t\t<\/div>\n\t\t","protected":false},"excerpt":{"rendered":"<p>Ein in Schweden ans\u00e4ssiges Technologie-Unternehmen \u00dcber Epass24 Epass24 wurde 2015 in enger Zusammenarbeit mit der schwedischen Swedish Transport Agency (nationaler schwedischer Mautbetreiber) eingef\u00fchrt. Das Ziel war es, die Zahlung der schwedischen Mautgeb\u00fchren, die f\u00fcr Fahrzeughalter aus anderen L\u00e4ndern anfallen, zu erleichtern. Heute wird die Plattform mit anderen Betreibern geteilt und wickelt alle Arten von Stra\u00dfenbenutzungsgeb\u00fchren [&hellip;]<\/p>\n","protected":false},"author":1,"featured_media":0,"parent":0,"menu_order":0,"comment_status":"closed","ping_status":"closed","template":"","meta":{"inline_featured_image":false},"acf":[],"_links":{"self":[{"href":"https:\/\/epass24.com\/de\/wp-json\/wp\/v2\/pages\/2745"}],"collection":[{"href":"https:\/\/epass24.com\/de\/wp-json\/wp\/v2\/pages"}],"about":[{"href":"https:\/\/epass24.com\/de\/wp-json\/wp\/v2\/types\/page"}],"author":[{"embeddable":true,"href":"https:\/\/epass24.com\/de\/wp-json\/wp\/v2\/users\/1"}],"replies":[{"embeddable":true,"href":"https:\/\/epass24.com\/de\/wp-json\/wp\/v2\/comments?post=2745"}],"version-history":[{"count":4,"href":"https:\/\/epass24.com\/de\/wp-json\/wp\/v2\/pages\/2745\/revisions"}],"predecessor-version":[{"id":5193,"href":"https:\/\/epass24.com\/de\/wp-json\/wp\/v2\/pages\/2745\/revisions\/5193"}],"wp:attachment":[{"href":"https:\/\/epass24.com\/de\/wp-json\/wp\/v2\/media?parent=2745"}],"curies":[{"name":"wp","href":"https:\/\/api.w.org\/{rel}","templated":true}]}}